{"id":3745,"date":"2026-04-20T19:56:39","date_gmt":"2026-04-20T17:56:39","guid":{"rendered":"https:\/\/topsmart.store\/product\/dvieju-kanalu-raumenu-masazuoklis-nesiojamas-ems-25-rezimai-50-intensyvumo-lygiu-daugiafunkcis-tens-masazo-irenginys-nugarai-peciams-keliui-viso-kuno-raumenu-atpalaidavimui-raumenu-stimuliator\/"},"modified":"2026-04-20T20:45:12","modified_gmt":"2026-04-20T18:45:12","slug":"dvieju-kanalu-raumenu-masazuoklis-nesiojamas-ems-25-rezimai-50-intensyvumo-lygiu-daugiafunkcis-tens-masazo-irenginys-nugarai-peciams-keliui-viso-kuno-raumenu-atpalaidavimui-raumenu-stimuliator","status":"publish","type":"product","link":"https:\/\/topsmart.store\/en\/product\/dvieju-kanalu-raumenu-masazuoklis-nesiojamas-ems-25-rezimai-50-intensyvumo-lygiu-daugiafunkcis-tens-masazo-irenginys-nugarai-peciams-keliui-viso-kuno-raumenu-atpalaidavimui-raumenu-stimuliator\/","title":{"rendered":"Dviej\u0173 kanal\u0173 raumen\u0173 masa\u017euoklis, ne\u0161iojamas EMS, 25 re\u017eimai, 50 intensyvumo lygi\u0173, daugiafunkcis TENS masa\u017eo \u012frenginys nugarai, pe\u010diams, keliui, viso k\u016bno raumen\u0173 atpalaidavimui, raumen\u0173 stimuliatorius su 4 elektrod\u0173 pleistrais, 2 jungiamosios linijos, \u012fkrovimo kabelis, \u012fkraunama baterija"},"content":{"rendered":"<p>EMS gerina raumen\u0173 veikl\u0105. RELAX padeda nuraminti j\u016bs\u0173 k\u016bn\u0105. De\u0161imties kanal\u0173 raumen\u0173 stimuliatorius su A\/B dvigubu kanalu leid\u017eia reguliuoti skirting\u0105 intensyvum\u0105 ir trukm\u0119 kiekvienam kanalui, kad gal\u0117tum\u0117te atsipalaiduoti. Taip pat galite j\u012f naudoti patys arba dalytis su \u0161eima ir draugais. M\u016bs\u0173 raumen\u0173 stimuliatorius turi 50 reguliuojam\u0173 intensyvumo lygi\u0173, leid\u017eian\u010di\u0173 pritaikyti elektrini\u0173 impuls\u0173 da\u017en\u012f pagal j\u016bs\u0173 poreikius. TENS prietaisas su 25 masa\u017eo re\u017eimais, suteikiantis jums kalimo,<\/p>\n<p><img decoding=\"async\" src=\"https:\/\/img.kwcdn.com\/product\/fancy\/296dd9d0-282a-4aab-a262-b4717ef79be7.jpg\" alt=\"Dviej\u0173 kanal\u0173 raumen\u0173 masa\u017euoklis, ne\u0161iojamas EMS, 25 re\u017eimai, 50 intensyvumo lygi\u0173, daugiafunkcis TENS masa\u017eo \u012frenginys nugarai, pe\u010diams, keliui, viso k\u016bno raumen\u0173 atpalaidavimui, raumen\u0173 stimuliatorius su 4 elektrod\u0173 pleistrais, 2 jungiamosios linijos, \u012fkrovimo kabelis, \u012fkraunama baterija\"><\/p>","protected":false},"excerpt":{"rendered":"<p>EMS gerina raumen\u0173 veikl\u0105. RELAX padeda nuraminti j\u016bs\u0173 k\u016bn\u0105. De\u0161imties kanal\u0173 raumen\u0173 stimuliatorius su A\/B dvigubu kanalu leid\u017eia reguliuoti skirting\u0105 intensyvum\u0105 ir trukm\u0119 kiekvienam kanalui, kad gal\u0117tum\u0117te atsipalaiduoti. Taip pat galite j\u012f naudoti patys arba dalytis su \u0161eima ir draugais. M\u016bs\u0173 raumen\u0173 stimuliatorius turi 50 reguliuojam\u0173 intensyvumo lygi\u0173, leid\u017eian\u010di\u0173 pritaikyti elektrini\u0173 impuls\u0173 da\u017en\u012f pagal j\u016bs\u0173 [&hellip;]<\/p>\n","protected":false},"featured_media":3747,"comment_status":"open","ping_status":"closed","template":"","meta":[],"product_brand":[],"product_cat":[25],"product_tag":[],"class_list":{"0":"post-3745","1":"product","2":"type-product","3":"status-publish","4":"has-post-thumbnail","6":"product_cat-grozis-ir-sveikata","8":"first","9":"instock","10":"sale","11":"shipping-taxable","12":"purchasable","13":"product-type-simple"},"_links":{"self":[{"href":"https:\/\/topsmart.store\/en\/wp-json\/wp\/v2\/product\/3745","targetHints":{"allow":["GET"]}}],"collection":[{"href":"https:\/\/topsmart.store\/en\/wp-json\/wp\/v2\/product"}],"about":[{"href":"https:\/\/topsmart.store\/en\/wp-json\/wp\/v2\/types\/product"}],"replies":[{"embeddable":true,"href":"https:\/\/topsmart.store\/en\/wp-json\/wp\/v2\/comments?post=3745"}],"wp:featuredmedia":[{"embeddable":true,"href":"https:\/\/topsmart.store\/en\/wp-json\/wp\/v2\/media\/3747"}],"wp:attachment":[{"href":"https:\/\/topsmart.store\/en\/wp-json\/wp\/v2\/media?parent=3745"}],"wp:term":[{"taxonomy":"product_brand","embeddable":true,"href":"https:\/\/topsmart.store\/en\/wp-json\/wp\/v2\/product_brand?post=3745"},{"taxonomy":"product_cat","embeddable":true,"href":"https:\/\/topsmart.store\/en\/wp-json\/wp\/v2\/product_cat?post=3745"},{"taxonomy":"product_tag","embeddable":true,"href":"https:\/\/topsmart.store\/en\/wp-json\/wp\/v2\/product_tag?post=3745"}],"curies":[{"name":"wp","href":"https:\/\/api.w.org\/{rel}","templated":true}]}}