{"id":3761,"date":"2026-04-20T19:56:49","date_gmt":"2026-04-20T17:56:49","guid":{"rendered":"https:\/\/topsmart.store\/product\/elektrinis-saliko-masazuoklis-kaklo-ir-peciu-masazuoklis-nesiojamas-masazuoklis-kaklo-stuburo-masazuoklis-biuro-masazuoklis-namu-masazuoklis-tinkamas-peciams-kaklui-juosmeniui-nugarai-ir-kojo\/"},"modified":"2026-04-20T20:45:21","modified_gmt":"2026-04-20T18:45:21","slug":"elektrinis-saliko-masazuoklis-kaklo-ir-peciu-masazuoklis-nesiojamas-masazuoklis-kaklo-stuburo-masazuoklis-biuro-masazuoklis-namu-masazuoklis-tinkamas-peciams-kaklui-juosmeniui-nugarai-ir-kojo","status":"publish","type":"product","link":"https:\/\/topsmart.store\/en\/product\/elektrinis-saliko-masazuoklis-kaklo-ir-peciu-masazuoklis-nesiojamas-masazuoklis-kaklo-stuburo-masazuoklis-biuro-masazuoklis-namu-masazuoklis-tinkamas-peciams-kaklui-juosmeniui-nugarai-ir-kojo\/","title":{"rendered":"Elektrinis \u0161aliko masa\u017euoklis, kaklo ir pe\u010di\u0173 masa\u017euoklis, ne\u0161iojamas masa\u017euoklis, kaklo stuburo masa\u017euoklis, biuro masa\u017euoklis, nam\u0173 masa\u017euoklis, tinkamas pe\u010diams, kaklui, juosmeniui, nugarai ir kojoms, tod\u0117l tai puiki dovana"},"content":{"rendered":"<p><img decoding=\"async\" src=\"https:\/\/img.kwcdn.com\/product\/fancy\/9c75c9d4-7054-4781-80d1-4a0bf30b276d.jpg\" alt=\"Elektrinis \u0161aliko masa\u017euoklis, kaklo ir pe\u010di\u0173 masa\u017euoklis, ne\u0161iojamas masa\u017euoklis, kaklo stuburo masa\u017euoklis, biuro masa\u017euoklis, nam\u0173 masa\u017euoklis, tinkamas pe\u010diams, kaklui, juosmeniui, nugarai ir kojoms, tod\u0117l tai puiki dovana\"><img decoding=\"async\" src=\"https:\/\/img.kwcdn.com\/product\/fancy\/2582c3c6-bc7d-48b0-9f6e-6bb8d75b9844.jpg\" alt=\"Elektrinis \u0161aliko masa\u017euoklis, kaklo ir pe\u010di\u0173 masa\u017euoklis, ne\u0161iojamas masa\u017euoklis, kaklo stuburo masa\u017euoklis, biuro masa\u017euoklis, nam\u0173 masa\u017euoklis, tinkamas pe\u010diams, kaklui, juosmeniui, nugarai ir kojoms, tod\u0117l tai puiki dovana\"><img decoding=\"async\" src=\"https:\/\/img.kwcdn.com\/product\/fancy\/41bfd868-f8a0-4038-8405-23032c8ec700.jpg\" alt=\"Elektrinis \u0161aliko masa\u017euoklis, kaklo ir pe\u010di\u0173 masa\u017euoklis, ne\u0161iojamas masa\u017euoklis, kaklo stuburo masa\u017euoklis, biuro masa\u017euoklis, nam\u0173 masa\u017euoklis, tinkamas pe\u010diams, kaklui, juosmeniui, nugarai ir kojoms, tod\u0117l tai puiki dovana\"><img decoding=\"async\" src=\"https:\/\/img.kwcdn.com\/product\/fancy\/46458ebb-c779-418d-8bd7-46ab20cc6ba9.jpg\" alt=\"Elektrinis \u0161aliko masa\u017euoklis, kaklo ir pe\u010di\u0173 masa\u017euoklis, ne\u0161iojamas masa\u017euoklis, kaklo stuburo masa\u017euoklis, biuro masa\u017euoklis, nam\u0173 masa\u017euoklis, tinkamas pe\u010diams, kaklui, juosmeniui, nugarai ir kojoms, tod\u0117l tai puiki dovana\"><\/p>","protected":false},"excerpt":{"rendered":"","protected":false},"featured_media":3762,"comment_status":"open","ping_status":"closed","template":"","meta":[],"product_brand":[],"product_cat":[25],"product_tag":[],"class_list":{"0":"post-3761","1":"product","2":"type-product","3":"status-publish","4":"has-post-thumbnail","6":"product_cat-grozis-ir-sveikata","8":"first","9":"instock","10":"sale","11":"shipping-taxable","12":"purchasable","13":"product-type-simple"},"_links":{"self":[{"href":"https:\/\/topsmart.store\/en\/wp-json\/wp\/v2\/product\/3761","targetHints":{"allow":["GET"]}}],"collection":[{"href":"https:\/\/topsmart.store\/en\/wp-json\/wp\/v2\/product"}],"about":[{"href":"https:\/\/topsmart.store\/en\/wp-json\/wp\/v2\/types\/product"}],"replies":[{"embeddable":true,"href":"https:\/\/topsmart.store\/en\/wp-json\/wp\/v2\/comments?post=3761"}],"wp:featuredmedia":[{"embeddable":true,"href":"https:\/\/topsmart.store\/en\/wp-json\/wp\/v2\/media\/3762"}],"wp:attachment":[{"href":"https:\/\/topsmart.store\/en\/wp-json\/wp\/v2\/media?parent=3761"}],"wp:term":[{"taxonomy":"product_brand","embeddable":true,"href":"https:\/\/topsmart.store\/en\/wp-json\/wp\/v2\/product_brand?post=3761"},{"taxonomy":"product_cat","embeddable":true,"href":"https:\/\/topsmart.store\/en\/wp-json\/wp\/v2\/product_cat?post=3761"},{"taxonomy":"product_tag","embeddable":true,"href":"https:\/\/topsmart.store\/en\/wp-json\/wp\/v2\/product_tag?post=3761"}],"curies":[{"name":"wp","href":"https:\/\/api.w.org\/{rel}","templated":true}]}}