{"id":3769,"date":"2026-04-20T19:56:55","date_gmt":"2026-04-20T17:56:55","guid":{"rendered":"https:\/\/topsmart.store\/product\/yunshaw-viso-kuno-masazo-kilimelis-su-shiatsu-kaklo-masazuokliu-3d-juosmens-trakcija-ir-10-varikliu-viso-kuno-masazas-nugarai-juosmeniui-klubams-ir-kojoms-masazo-kedes-kilimelis\/"},"modified":"2026-04-20T20:45:59","modified_gmt":"2026-04-20T18:45:59","slug":"yunshaw-viso-kuno-masazo-kilimelis-su-shiatsu-kaklo-masazuokliu-3d-juosmens-trakcija-ir-10-varikliu-viso-kuno-masazas-nugarai-juosmeniui-klubams-ir-kojoms-masazo-kedes-kilimelis","status":"publish","type":"product","link":"https:\/\/topsmart.store\/en\/product\/yunshaw-viso-kuno-masazo-kilimelis-su-shiatsu-kaklo-masazuokliu-3d-juosmens-trakcija-ir-10-varikliu-viso-kuno-masazas-nugarai-juosmeniui-klubams-ir-kojoms-masazo-kedes-kilimelis\/","title":{"rendered":"YUNSHAW Full Body Massage Mat with Shiatsu Neck Massager, 3D Lumbar Traction and 10 Motors - Full Body Massage for Back, Waist, Hips and Legs - Massage Chair Mat, Suitable for Women\/Men"},"content":{"rendered":"<p><img decoding=\"async\" src=\"https:\/\/img.kwcdn.com\/product\/fancy\/7fac83f5-2fbb-4f10-b27b-f47ed4c4540b.jpg\" alt=\"YUNSHAW Viso k\u016bno masa\u017eo kilim\u0117lis su Shiatsu kaklo masa\u017euokliu, 3D juosmens trakcija ir 10 varikli\u0173 \u2013 viso k\u016bno masa\u017eas nugarai, juosmeniui, klubams ir kojoms \u2013 masa\u017eo k\u0117d\u0117s kilim\u0117lis, tinkamas moterims\/vyrams\"><img decoding=\"async\" src=\"https:\/\/img.kwcdn.com\/product\/fancy\/42e9691d-503f-452b-83b1-d5ac5679ee17.jpg\" alt=\"YUNSHAW Viso k\u016bno masa\u017eo kilim\u0117lis su Shiatsu kaklo masa\u017euokliu, 3D juosmens trakcija ir 10 varikli\u0173 \u2013 viso k\u016bno masa\u017eas nugarai, juosmeniui, klubams ir kojoms \u2013 masa\u017eo k\u0117d\u0117s kilim\u0117lis, tinkamas moterims\/vyrams\"><img decoding=\"async\" src=\"https:\/\/img.kwcdn.com\/product\/fancy\/e7a788bd-b84a-4094-ade0-250b936fe77f.jpg\" alt=\"YUNSHAW Viso k\u016bno masa\u017eo kilim\u0117lis su Shiatsu kaklo masa\u017euokliu, 3D juosmens trakcija ir 10 varikli\u0173 \u2013 viso k\u016bno masa\u017eas nugarai, juosmeniui, klubams ir kojoms \u2013 masa\u017eo k\u0117d\u0117s kilim\u0117lis, tinkamas moterims\/vyrams\"><img decoding=\"async\" src=\"https:\/\/img.kwcdn.com\/product\/fancy\/ba5ed63c-7e48-4b4b-9a8e-4f4fd38ced0d.jpg\" alt=\"YUNSHAW Viso k\u016bno masa\u017eo kilim\u0117lis su Shiatsu kaklo masa\u017euokliu, 3D juosmens trakcija ir 10 varikli\u0173 \u2013 viso k\u016bno masa\u017eas nugarai, juosmeniui, klubams ir kojoms \u2013 masa\u017eo k\u0117d\u0117s kilim\u0117lis, tinkamas moterims\/vyrams\"><img decoding=\"async\" src=\"https:\/\/img.kwcdn.com\/product\/fancy\/e79e9355-6a29-4c8e-bcb7-b6b23e89a32f.jpg\" alt=\"YUNSHAW Viso k\u016bno masa\u017eo kilim\u0117lis su Shiatsu kaklo masa\u017euokliu, 3D juosmens trakcija ir 10 varikli\u0173 \u2013 viso k\u016bno masa\u017eas nugarai, juosmeniui, klubams ir kojoms \u2013 masa\u017eo k\u0117d\u0117s kilim\u0117lis, tinkamas moterims\/vyrams\"><\/p>","protected":false},"excerpt":{"rendered":"","protected":false},"featured_media":3771,"comment_status":"open","ping_status":"closed","template":"","meta":[],"product_brand":[],"product_cat":[25],"product_tag":[],"class_list":{"0":"post-3769","1":"product","2":"type-product","3":"status-publish","4":"has-post-thumbnail","6":"product_cat-grozis-ir-sveikata","8":"first","9":"instock","10":"sale","11":"shipping-taxable","12":"purchasable","13":"product-type-simple"},"_links":{"self":[{"href":"https:\/\/topsmart.store\/en\/wp-json\/wp\/v2\/product\/3769","targetHints":{"allow":["GET"]}}],"collection":[{"href":"https:\/\/topsmart.store\/en\/wp-json\/wp\/v2\/product"}],"about":[{"href":"https:\/\/topsmart.store\/en\/wp-json\/wp\/v2\/types\/product"}],"replies":[{"embeddable":true,"href":"https:\/\/topsmart.store\/en\/wp-json\/wp\/v2\/comments?post=3769"}],"wp:featuredmedia":[{"embeddable":true,"href":"https:\/\/topsmart.store\/en\/wp-json\/wp\/v2\/media\/3771"}],"wp:attachment":[{"href":"https:\/\/topsmart.store\/en\/wp-json\/wp\/v2\/media?parent=3769"}],"wp:term":[{"taxonomy":"product_brand","embeddable":true,"href":"https:\/\/topsmart.store\/en\/wp-json\/wp\/v2\/product_brand?post=3769"},{"taxonomy":"product_cat","embeddable":true,"href":"https:\/\/topsmart.store\/en\/wp-json\/wp\/v2\/product_cat?post=3769"},{"taxonomy":"product_tag","embeddable":true,"href":"https:\/\/topsmart.store\/en\/wp-json\/wp\/v2\/product_tag?post=3769"}],"curies":[{"name":"wp","href":"https:\/\/api.w.org\/{rel}","templated":true}]}}