{"id":4229,"date":"2026-04-20T20:47:54","date_gmt":"2026-04-20T18:47:54","guid":{"rendered":"https:\/\/topsmart.store\/product\/relaksacinis-tens-irenginys-ems-masazuokliai-tens-raumenu-stimuliatoriai-komplektas-su-8-rezimais-ir-50-intensyvumo-lygiais-laiko-funkcija-rezimo-reguliavimu-jegos-reguliavimu-ir-dvieju-kanalu-r\/"},"modified":"2026-04-20T20:49:18","modified_gmt":"2026-04-20T18:49:18","slug":"relaksacinis-tens-irenginys-ems-masazuokliai-tens-raumenu-stimuliatoriai-komplektas-su-8-rezimais-ir-50-intensyvumo-lygiais-laiko-funkcija-rezimo-reguliavimu-jegos-reguliavimu-ir-dvieju-kanalu-r","status":"publish","type":"product","link":"https:\/\/topsmart.store\/en\/product\/relaksacinis-tens-irenginys-ems-masazuokliai-tens-raumenu-stimuliatoriai-komplektas-su-8-rezimais-ir-50-intensyvumo-lygiais-laiko-funkcija-rezimo-reguliavimu-jegos-reguliavimu-ir-dvieju-kanalu-r\/","title":{"rendered":"Relaksacinis TENS \u012frenginys, EMS masa\u017euokliai, TENS raumen\u0173 stimuliatoriai, komplektas su 8 re\u017eimais ir 50 intensyvumo lygiais, laiko funkcija, re\u017eimo reguliavimu, j\u0117gos reguliavimu ir dviej\u0173 kanal\u0173 relaksacijos prietaisas, tinkamas namams ir poilsiui"},"content":{"rendered":"<p>Maitinimo re\u017eimas: \u012fkrovimas per USB<\/p>\n<p>Darbin\u0117 \u012ftampa: \u226436 V<\/p>\n<p>Baterijos savyb\u0117s: \u012ekraunama baterija<\/p>\n<p>\u012ekraunama baterija: Li\u010dio-polimerin\u0117 baterija<\/p>\n<p>Akumuliatoriaus talpa (mAh): 240<\/p>\n<p>Prek\u0117s \u017eenklas: WOFLEND<\/p>\n<p>Ar turi EMS funkcij\u0105?: Taip<\/p>\n<p>Prek\u0117s kodas: TY2511157<\/p>\n<p>Kilm\u0117: Guangdong, Kinija<\/p>\n<p><img decoding=\"async\" src=\"https:\/\/img.kwcdn.com\/product\/fancy\/c47fa166-a58d-426f-9a8f-2179cb9040bc.jpg\" alt=\"Relaksacinis TENS \u012frenginys, EMS masa\u017euokliai, TENS raumen\u0173 stimuliatoriai, komplektas su 8 re\u017eimais ir 50 intensyvumo lygiais, laiko funkcija, re\u017eimo reguliavimu, j\u0117gos reguliavimu ir dviej\u0173 kanal\u0173 relaksacijos prietaisas, tinkamas namams ir poilsiui\"><img decoding=\"async\" src=\"https:\/\/img.kwcdn.com\/product\/fancy\/06c29a02-1c96-4364-a9e8-c887f54cb384.jpg\" alt=\"Relaksacinis TENS \u012frenginys, EMS masa\u017euokliai, TENS raumen\u0173 stimuliatoriai, komplektas su 8 re\u017eimais ir 50 intensyvumo lygiais, laiko funkcija, re\u017eimo reguliavimu, j\u0117gos reguliavimu ir dviej\u0173 kanal\u0173 relaksacijos prietaisas, tinkamas namams ir poilsiui\"><img decoding=\"async\" src=\"https:\/\/img.kwcdn.com\/product\/fancy\/05e98347-6298-4eeb-91e2-5fa0fff17d23.jpg\" alt=\"Relaksacinis TENS \u012frenginys, EMS masa\u017euokliai, TENS raumen\u0173 stimuliatoriai, komplektas su 8 re\u017eimais ir 50 intensyvumo lygiais, laiko funkcija, re\u017eimo reguliavimu, j\u0117gos reguliavimu ir dviej\u0173 kanal\u0173 relaksacijos prietaisas, tinkamas namams ir poilsiui\"><img decoding=\"async\" src=\"https:\/\/img.kwcdn.com\/product\/fancy\/71ff0d84-dec3-458d-8226-94807ddce321.jpg\" alt=\"Relaksacinis TENS \u012frenginys, EMS masa\u017euokliai, TENS raumen\u0173 stimuliatoriai, komplektas su 8 re\u017eimais ir 50 intensyvumo lygiais, laiko funkcija, re\u017eimo reguliavimu, j\u0117gos reguliavimu ir dviej\u0173 kanal\u0173 relaksacijos prietaisas, tinkamas namams ir poilsiui\"><img decoding=\"async\" src=\"https:\/\/img.kwcdn.com\/product\/fancy\/50ca7290-7fb4-400c-af57-ab6fa8c76e9e.jpg\" alt=\"Relaksacinis TENS \u012frenginys, EMS masa\u017euokliai, TENS raumen\u0173 stimuliatoriai, komplektas su 8 re\u017eimais ir 50 intensyvumo lygiais, laiko funkcija, re\u017eimo reguliavimu, j\u0117gos reguliavimu ir dviej\u0173 kanal\u0173 relaksacijos prietaisas, tinkamas namams ir poilsiui\"><img decoding=\"async\" src=\"https:\/\/img.kwcdn.com\/product\/fancy\/cb3ac6b7-d3bb-45c9-bbb5-e6c862f23fa5.jpg\" alt=\"Relaksacinis TENS \u012frenginys, EMS masa\u017euokliai, TENS raumen\u0173 stimuliatoriai, komplektas su 8 re\u017eimais ir 50 intensyvumo lygiais, laiko funkcija, re\u017eimo reguliavimu, j\u0117gos reguliavimu ir dviej\u0173 kanal\u0173 relaksacijos prietaisas, tinkamas namams ir poilsiui\"><img decoding=\"async\" src=\"https:\/\/img.kwcdn.com\/product\/fancy\/e8149949-14d6-46a4-930e-1e2905a4a79f.jpg\" alt=\"Relaksacinis TENS \u012frenginys, EMS masa\u017euokliai, TENS raumen\u0173 stimuliatoriai, komplektas su 8 re\u017eimais ir 50 intensyvumo lygiais, laiko funkcija, re\u017eimo reguliavimu, j\u0117gos reguliavimu ir dviej\u0173 kanal\u0173 relaksacijos prietaisas, tinkamas namams ir poilsiui\"><\/p>","protected":false},"excerpt":{"rendered":"<p>Maitinimo re\u017eimas: \u012fkrovimas per USB Darbin\u0117 \u012ftampa: \u226436 V Baterijos savyb\u0117s: \u012ekraunama baterija \u012ekraunama baterija: Li\u010dio-polimerin\u0117 baterija Akumuliatoriaus talpa (mAh): 240 Prek\u0117s \u017eenklas: WOFLEND Ar turi EMS funkcij\u0105?: Taip Prek\u0117s kodas: TY2511157 Kilm\u0117: Guangdong, Kinija<\/p>","protected":false},"featured_media":4231,"comment_status":"open","ping_status":"closed","template":"","meta":[],"product_brand":[],"product_cat":[25],"product_tag":[],"class_list":{"0":"post-4229","1":"product","2":"type-product","3":"status-publish","4":"has-post-thumbnail","6":"product_cat-grozis-ir-sveikata","8":"first","9":"instock","10":"sale","11":"shipping-taxable","12":"purchasable","13":"product-type-simple"},"_links":{"self":[{"href":"https:\/\/topsmart.store\/en\/wp-json\/wp\/v2\/product\/4229","targetHints":{"allow":["GET"]}}],"collection":[{"href":"https:\/\/topsmart.store\/en\/wp-json\/wp\/v2\/product"}],"about":[{"href":"https:\/\/topsmart.store\/en\/wp-json\/wp\/v2\/types\/product"}],"replies":[{"embeddable":true,"href":"https:\/\/topsmart.store\/en\/wp-json\/wp\/v2\/comments?post=4229"}],"wp:featuredmedia":[{"embeddable":true,"href":"https:\/\/topsmart.store\/en\/wp-json\/wp\/v2\/media\/4231"}],"wp:attachment":[{"href":"https:\/\/topsmart.store\/en\/wp-json\/wp\/v2\/media?parent=4229"}],"wp:term":[{"taxonomy":"product_brand","embeddable":true,"href":"https:\/\/topsmart.store\/en\/wp-json\/wp\/v2\/product_brand?post=4229"},{"taxonomy":"product_cat","embeddable":true,"href":"https:\/\/topsmart.store\/en\/wp-json\/wp\/v2\/product_cat?post=4229"},{"taxonomy":"product_tag","embeddable":true,"href":"https:\/\/topsmart.store\/en\/wp-json\/wp\/v2\/product_tag?post=4229"}],"curies":[{"name":"wp","href":"https:\/\/api.w.org\/{rel}","templated":true}]}}