{"id":4233,"date":"2026-04-20T20:47:57","date_gmt":"2026-04-20T18:47:57","guid":{"rendered":"https:\/\/topsmart.store\/product\/nesiojamas-raumenu-stimuliatorius-ir-zemu-dazniu-masazuoklis-su-5-rezimais-16-reguliuojamu-intensyvumo-lygiu-automatiniu-laikmaciu-skirtas-raumenu-treniravimui-ir-kelioms-sritims-puikiai-tinka-na\/"},"modified":"2026-04-22T13:46:13","modified_gmt":"2026-04-22T11:46:13","slug":"nesiojamas-raumenu-stimuliatorius-ir-zemu-dazniu-masazuoklis-su-5-rezimais-16-reguliuojamu-intensyvumo-lygiu-automatiniu-laikmaciu-skirtas-raumenu-treniravimui-ir-kelioms-sritims-puikiai-tinka-na","status":"publish","type":"product","link":"https:\/\/topsmart.store\/en\/product\/nesiojamas-raumenu-stimuliatorius-ir-zemu-dazniu-masazuoklis-su-5-rezimais-16-reguliuojamu-intensyvumo-lygiu-automatiniu-laikmaciu-skirtas-raumenu-treniravimui-ir-kelioms-sritims-puikiai-tinka-na\/","title":{"rendered":"Ne\u0161iojamas raumen\u0173 stimuliatorius ir \u017eem\u0173 da\u017eni\u0173 masa\u017euoklis: su 5 re\u017eimais, 16 reguliuojam\u0173 intensyvumo lygi\u0173, automatiniu laikma\u010diu. skirtas raumen\u0173 treniravimui ir kelioms sritims. Puikiai tinka namams, kelion\u0117ms, treniruot\u0117ms."},"content":{"rendered":"<p>Maitinimo re\u017eimas: Maitinimas i\u0161 baterij\u0173<\/p>\n<p>Darbin\u0117 \u012ftampa: \u226436 V<\/p>\n<p>Baterijos savyb\u0117s: Ne\u012fkraunama baterija<\/p>\n<p>Ne\u012fkraunama baterija: AAA baterija<\/p>\n<p>Prek\u0117s \u017eenklas: SUMOT<\/p>\n<p>Ar turi EMS funkcij\u0105?: Taip<\/p>\n<p>Prek\u0117s kodas: 45MK353GV3<\/p>\n<p>Kilm\u0117: Guangdong, Kinija<\/p>\n<p><img decoding=\"async\" src=\"https:\/\/img.kwcdn.com\/product\/fancy\/6908e8dd-56bc-43f4-b573-c1397cdd1a62.jpg\" alt=\"Ne\u0161iojamas raumen\u0173 stimuliatorius ir \u017eem\u0173 da\u017eni\u0173 masa\u017euoklis: su 5 re\u017eimais, 16 reguliuojam\u0173 intensyvumo lygi\u0173, automatiniu laikma\u010diu. skirtas raumen\u0173 treniravimui ir kelioms sritims. Puikiai tinka namams, kelion\u0117ms, treniruot\u0117ms.\"><img decoding=\"async\" src=\"https:\/\/img.kwcdn.com\/product\/fancy\/21d93501-4d72-41c3-b048-2c6466f35c29.jpg\" alt=\"Ne\u0161iojamas raumen\u0173 stimuliatorius ir \u017eem\u0173 da\u017eni\u0173 masa\u017euoklis: su 5 re\u017eimais, 16 reguliuojam\u0173 intensyvumo lygi\u0173, automatiniu laikma\u010diu. skirtas raumen\u0173 treniravimui ir kelioms sritims. Puikiai tinka namams, kelion\u0117ms, treniruot\u0117ms.\"><img decoding=\"async\" src=\"https:\/\/img.kwcdn.com\/product\/fancy\/8c7829b7-55ce-460c-81ed-08d2f328da03.jpg\" alt=\"Ne\u0161iojamas raumen\u0173 stimuliatorius ir \u017eem\u0173 da\u017eni\u0173 masa\u017euoklis: su 5 re\u017eimais, 16 reguliuojam\u0173 intensyvumo lygi\u0173, automatiniu laikma\u010diu. skirtas raumen\u0173 treniravimui ir kelioms sritims. Puikiai tinka namams, kelion\u0117ms, treniruot\u0117ms.\"><img decoding=\"async\" src=\"https:\/\/img.kwcdn.com\/product\/fancy\/bad2d532-daa4-4ea4-812d-4d5a8b636f02.jpg\" alt=\"Ne\u0161iojamas raumen\u0173 stimuliatorius ir \u017eem\u0173 da\u017eni\u0173 masa\u017euoklis: su 5 re\u017eimais, 16 reguliuojam\u0173 intensyvumo lygi\u0173, automatiniu laikma\u010diu. skirtas raumen\u0173 treniravimui ir kelioms sritims. Puikiai tinka namams, kelion\u0117ms, treniruot\u0117ms.\"><img decoding=\"async\" src=\"https:\/\/img.kwcdn.com\/product\/fancy\/f0f09499-383c-4010-8f62-cf3067d0a78c.jpg\" alt=\"Ne\u0161iojamas raumen\u0173 stimuliatorius ir \u017eem\u0173 da\u017eni\u0173 masa\u017euoklis: su 5 re\u017eimais, 16 reguliuojam\u0173 intensyvumo lygi\u0173, automatiniu laikma\u010diu. skirtas raumen\u0173 treniravimui ir kelioms sritims. Puikiai tinka namams, kelion\u0117ms, treniruot\u0117ms.\"><img decoding=\"async\" src=\"https:\/\/img.kwcdn.com\/product\/fancy\/53d4c498-4420-4f67-a98e-a6d2a1bd8deb.jpg\" alt=\"Ne\u0161iojamas raumen\u0173 stimuliatorius ir \u017eem\u0173 da\u017eni\u0173 masa\u017euoklis: su 5 re\u017eimais, 16 reguliuojam\u0173 intensyvumo lygi\u0173, automatiniu laikma\u010diu. skirtas raumen\u0173 treniravimui ir kelioms sritims. Puikiai tinka namams, kelion\u0117ms, treniruot\u0117ms.\"><img decoding=\"async\" src=\"https:\/\/img.kwcdn.com\/product\/fancy\/59be7824-f3f8-4fb0-93ef-31920a60fda3.jpg\" alt=\"Ne\u0161iojamas raumen\u0173 stimuliatorius ir \u017eem\u0173 da\u017eni\u0173 masa\u017euoklis: su 5 re\u017eimais, 16 reguliuojam\u0173 intensyvumo lygi\u0173, automatiniu laikma\u010diu. skirtas raumen\u0173 treniravimui ir kelioms sritims. Puikiai tinka namams, kelion\u0117ms, treniruot\u0117ms.\"><img decoding=\"async\" src=\"https:\/\/img.kwcdn.com\/product\/fancy\/20dba14f-3bf5-40ae-ad06-1999a8c23879.jpg\" alt=\"Ne\u0161iojamas raumen\u0173 stimuliatorius ir \u017eem\u0173 da\u017eni\u0173 masa\u017euoklis: su 5 re\u017eimais, 16 reguliuojam\u0173 intensyvumo lygi\u0173, automatiniu laikma\u010diu. skirtas raumen\u0173 treniravimui ir kelioms sritims. Puikiai tinka namams, kelion\u0117ms, treniruot\u0117ms.\"><\/p>","protected":false},"excerpt":{"rendered":"<p>Maitinimo re\u017eimas: Maitinimas i\u0161 baterij\u0173 Darbin\u0117 \u012ftampa: \u226436 V Baterijos savyb\u0117s: Ne\u012fkraunama baterija Ne\u012fkraunama baterija: AAA baterija Prek\u0117s \u017eenklas: SUMOT Ar turi EMS funkcij\u0105?: Taip Prek\u0117s kodas: 45MK353GV3 Kilm\u0117: Guangdong, Kinija<\/p>","protected":false},"featured_media":4235,"comment_status":"open","ping_status":"closed","template":"","meta":[],"product_brand":[],"product_cat":[25],"product_tag":[],"class_list":{"0":"post-4233","1":"product","2":"type-product","3":"status-publish","4":"has-post-thumbnail","6":"product_cat-grozis-ir-sveikata","8":"first","9":"instock","10":"sale","11":"shipping-taxable","12":"purchasable","13":"product-type-simple"},"_links":{"self":[{"href":"https:\/\/topsmart.store\/en\/wp-json\/wp\/v2\/product\/4233","targetHints":{"allow":["GET"]}}],"collection":[{"href":"https:\/\/topsmart.store\/en\/wp-json\/wp\/v2\/product"}],"about":[{"href":"https:\/\/topsmart.store\/en\/wp-json\/wp\/v2\/types\/product"}],"replies":[{"embeddable":true,"href":"https:\/\/topsmart.store\/en\/wp-json\/wp\/v2\/comments?post=4233"}],"wp:featuredmedia":[{"embeddable":true,"href":"https:\/\/topsmart.store\/en\/wp-json\/wp\/v2\/media\/4235"}],"wp:attachment":[{"href":"https:\/\/topsmart.store\/en\/wp-json\/wp\/v2\/media?parent=4233"}],"wp:term":[{"taxonomy":"product_brand","embeddable":true,"href":"https:\/\/topsmart.store\/en\/wp-json\/wp\/v2\/product_brand?post=4233"},{"taxonomy":"product_cat","embeddable":true,"href":"https:\/\/topsmart.store\/en\/wp-json\/wp\/v2\/product_cat?post=4233"},{"taxonomy":"product_tag","embeddable":true,"href":"https:\/\/topsmart.store\/en\/wp-json\/wp\/v2\/product_tag?post=4233"}],"curies":[{"name":"wp","href":"https:\/\/api.w.org\/{rel}","templated":true}]}}