{"id":4238,"date":"2026-04-20T20:48:01","date_gmt":"2026-04-20T18:48:01","guid":{"rendered":"https:\/\/topsmart.store\/product\/dvieju-kanalu-terapijos-prietaisas-nesiojamas-ikraunamas-masazuoklis-raumenu-stimuliatorius-skirtas-masazui-tokiuose-vietose-kaip-nugaros-peciu-keliu-zonos-tinkamas-naudoti-namuose-biure-ir-lau\/"},"modified":"2026-04-20T20:48:39","modified_gmt":"2026-04-20T18:48:39","slug":"dvieju-kanalu-terapijos-prietaisas-nesiojamas-ikraunamas-masazuoklis-raumenu-stimuliatorius-skirtas-masazui-tokiuose-vietose-kaip-nugaros-peciu-keliu-zonos-tinkamas-naudoti-namuose-biure-ir-lau","status":"publish","type":"product","link":"https:\/\/topsmart.store\/en\/product\/dvieju-kanalu-terapijos-prietaisas-nesiojamas-ikraunamas-masazuoklis-raumenu-stimuliatorius-skirtas-masazui-tokiuose-vietose-kaip-nugaros-peciu-keliu-zonos-tinkamas-naudoti-namuose-biure-ir-lau\/","title":{"rendered":"Dviej\u0173 kanal\u0173 terapijos prietaisas, ne\u0161iojamas \u012fkraunamas masa\u017euoklis, raumen\u0173 stimuliatorius, skirtas masa\u017eui tokiuose vietose kaip nugaros, pe\u010di\u0173, keli\u0173 zonos, tinkamas naudoti namuose, biure ir lauko sportuose, puiki dovana bet kokiai progai"},"content":{"rendered":"<p>Maitinimo re\u017eimas: \u012fkrovimas per USB<\/p>\n<p>Darbin\u0117 \u012ftampa: \u226436 V<\/p>\n<p>Baterijos savyb\u0117s: Be baterijos<\/p>\n<p>Prek\u0117s \u017eenklas: WOFLEND<\/p>\n<p>Ar turi EMS funkcij\u0105?: Taip<\/p>\n<p>Prek\u0117s kodas: 5GMG3511K3<\/p>\n<p>Kilm\u0117: Guangdong, Kinija<\/p>\n<p><img decoding=\"async\" src=\"https:\/\/img.kwcdn.com\/product\/fancy\/025a54e4-0c7d-48c4-8d47-f95f9f161d8c.jpg\" alt=\"Dviej\u0173 kanal\u0173 terapijos prietaisas, ne\u0161iojamas \u012fkraunamas masa\u017euoklis, raumen\u0173 stimuliatorius, skirtas masa\u017eui tokiuose vietose kaip nugaros, pe\u010di\u0173, keli\u0173 zonos, tinkamas naudoti namuose, biure ir lauko sportuose, puiki dovana bet kokiai progai\"><img decoding=\"async\" src=\"https:\/\/img.kwcdn.com\/product\/fancy\/16a50f0f-20ba-4191-ae2f-d975bb57d2c3.jpg\" alt=\"Dviej\u0173 kanal\u0173 terapijos prietaisas, ne\u0161iojamas \u012fkraunamas masa\u017euoklis, raumen\u0173 stimuliatorius, skirtas masa\u017eui tokiuose vietose kaip nugaros, pe\u010di\u0173, keli\u0173 zonos, tinkamas naudoti namuose, biure ir lauko sportuose, puiki dovana bet kokiai progai\"><img decoding=\"async\" src=\"https:\/\/img.kwcdn.com\/product\/fancy\/28fe06f0-90f1-4b27-8f0e-19bd03bf9422.jpg\" alt=\"Dviej\u0173 kanal\u0173 terapijos prietaisas, ne\u0161iojamas \u012fkraunamas masa\u017euoklis, raumen\u0173 stimuliatorius, skirtas masa\u017eui tokiuose vietose kaip nugaros, pe\u010di\u0173, keli\u0173 zonos, tinkamas naudoti namuose, biure ir lauko sportuose, puiki dovana bet kokiai progai\"><img decoding=\"async\" src=\"https:\/\/img.kwcdn.com\/product\/fancy\/557a011f-24f7-4029-81e0-c17a76c54386.jpg\" alt=\"Dviej\u0173 kanal\u0173 terapijos prietaisas, ne\u0161iojamas \u012fkraunamas masa\u017euoklis, raumen\u0173 stimuliatorius, skirtas masa\u017eui tokiuose vietose kaip nugaros, pe\u010di\u0173, keli\u0173 zonos, tinkamas naudoti namuose, biure ir lauko sportuose, puiki dovana bet kokiai progai\"><img decoding=\"async\" src=\"https:\/\/img.kwcdn.com\/product\/fancy\/1e005227-049d-4329-a010-cdfaa0675557.jpg\" alt=\"Dviej\u0173 kanal\u0173 terapijos prietaisas, ne\u0161iojamas \u012fkraunamas masa\u017euoklis, raumen\u0173 stimuliatorius, skirtas masa\u017eui tokiuose vietose kaip nugaros, pe\u010di\u0173, keli\u0173 zonos, tinkamas naudoti namuose, biure ir lauko sportuose, puiki dovana bet kokiai progai\"><img decoding=\"async\" src=\"https:\/\/img.kwcdn.com\/product\/fancy\/d18ae1eb-abe2-4fd9-8828-85c32f3ce95f.jpg\" alt=\"Dviej\u0173 kanal\u0173 terapijos prietaisas, ne\u0161iojamas \u012fkraunamas masa\u017euoklis, raumen\u0173 stimuliatorius, skirtas masa\u017eui tokiuose vietose kaip nugaros, pe\u010di\u0173, keli\u0173 zonos, tinkamas naudoti namuose, biure ir lauko sportuose, puiki dovana bet kokiai progai\"><img decoding=\"async\" src=\"https:\/\/img.kwcdn.com\/product\/fancy\/96889df9-b5c3-47a7-af52-d74d97530e17.jpg\" alt=\"Dviej\u0173 kanal\u0173 terapijos prietaisas, ne\u0161iojamas \u012fkraunamas masa\u017euoklis, raumen\u0173 stimuliatorius, skirtas masa\u017eui tokiuose vietose kaip nugaros, pe\u010di\u0173, keli\u0173 zonos, tinkamas naudoti namuose, biure ir lauko sportuose, puiki dovana bet kokiai progai\"><\/p>","protected":false},"excerpt":{"rendered":"<p>Maitinimo re\u017eimas: \u012fkrovimas per USB Darbin\u0117 \u012ftampa: \u226436 V Baterijos savyb\u0117s: Be baterijos Prek\u0117s \u017eenklas: WOFLEND Ar turi EMS funkcij\u0105?: Taip Prek\u0117s kodas: 5GMG3511K3 Kilm\u0117: Guangdong, Kinija<\/p>","protected":false},"featured_media":4239,"comment_status":"open","ping_status":"closed","template":"","meta":[],"product_brand":[],"product_cat":[25],"product_tag":[],"class_list":{"0":"post-4238","1":"product","2":"type-product","3":"status-publish","4":"has-post-thumbnail","6":"product_cat-grozis-ir-sveikata","8":"first","9":"instock","10":"sale","11":"shipping-taxable","12":"purchasable","13":"product-type-simple"},"_links":{"self":[{"href":"https:\/\/topsmart.store\/en\/wp-json\/wp\/v2\/product\/4238","targetHints":{"allow":["GET"]}}],"collection":[{"href":"https:\/\/topsmart.store\/en\/wp-json\/wp\/v2\/product"}],"about":[{"href":"https:\/\/topsmart.store\/en\/wp-json\/wp\/v2\/types\/product"}],"replies":[{"embeddable":true,"href":"https:\/\/topsmart.store\/en\/wp-json\/wp\/v2\/comments?post=4238"}],"wp:featuredmedia":[{"embeddable":true,"href":"https:\/\/topsmart.store\/en\/wp-json\/wp\/v2\/media\/4239"}],"wp:attachment":[{"href":"https:\/\/topsmart.store\/en\/wp-json\/wp\/v2\/media?parent=4238"}],"wp:term":[{"taxonomy":"product_brand","embeddable":true,"href":"https:\/\/topsmart.store\/en\/wp-json\/wp\/v2\/product_brand?post=4238"},{"taxonomy":"product_cat","embeddable":true,"href":"https:\/\/topsmart.store\/en\/wp-json\/wp\/v2\/product_cat?post=4238"},{"taxonomy":"product_tag","embeddable":true,"href":"https:\/\/topsmart.store\/en\/wp-json\/wp\/v2\/product_tag?post=4238"}],"curies":[{"name":"wp","href":"https:\/\/api.w.org\/{rel}","templated":true}]}}