{"id":4364,"date":"2026-04-21T09:10:16","date_gmt":"2026-04-21T07:10:16","guid":{"rendered":"https:\/\/topsmart.store\/product\/xiaomi-mijia-electric-hair-clipper-with-digital-display-ipx7-waterproof-rating-intelligent-anti-pinch-hair\/"},"modified":"2026-04-21T09:14:06","modified_gmt":"2026-04-21T07:14:06","slug":"xiaomi-mijia-electric-hair-clipper-with-digital-display-ipx7-waterproof-rating-intelligent-anti-pinch-hair","status":"publish","type":"product","link":"https:\/\/topsmart.store\/en\/product\/xiaomi-mijia-electric-hair-clipper-with-digital-display-ipx7-waterproof-rating-intelligent-anti-pinch-hair\/","title":{"rendered":"Xiaomi Mijia Electric Hair Clipper With Digital Display IPX7 Waterproof Rating Intelligent Anti-pinch Hair"},"content":{"rendered":"<p>Specifikacija:Gamintojas: Xiaomi MijiaPrek\u0117s pavadinimas: Elektrin\u0117 plauk\u0173 kirpimo ma\u0161in\u0117l\u0117\u012ekrovimo trukm\u0117: 2,5 val.Nominali \u012ftampa: 3,7 VNominali galia: 3 W\u012ekrovimo \u012ftampa: 5 V\u012ekrovimo srov\u0117: 1 AAtsparumo vandeniui klas\u0117: IPX7Pagrindinio korpuso matmenys: 47\u00d748\u00d7182 mm be \u0161uk\u0173Peiliuko galvut\u0117s med\u017eiaga: Judamasis peilis: Keraminis peilisFiksuotas peilis: Metalo milteliai + vakuuminiu b\u016bdu padengtas DLC ir grafitu dvigubai padengtas visi\u0161kai metalinis peilis, a\u0161trus ir atsparus nusid\u0117v\u0117jimui, malonus odai Peilio reguliavimo tikslumas: 0,3 mm Peilio reguliavimo padalos: 5 padalos: 0,5 mm, 0,8 mm, 1,1 mm, 1,4 mm, 1,7 mm \u0160uk\u0173 suderinimo tikslumas: 2 mm didesnis tikslumas \u0160uk\u0173 pad\u0117tys: 14 padal\u0173: Su vienu \u0161ukeliu: 2 mm, 4 mm, 6 mm, 8 mm, 10 mm, 12 mm, 14 mm; Naudojant antr\u0105j\u012f \u0161uk\u0105: 16 mm, 18 mm, 20 mm, 22 mm, 24 mm, 26 mm, 28 mm; Ekranas: skaitmeninis ekranas; Baterijos veikimo laikas: apie 3 valandas; Priedai: 2 \u0161ukai, \u0161uk\u0173 valymo \u0161epet\u0117lis, tepalin\u0117 alyva, \u012fkrovimo kabelis, audinys, kempin\u0117; Savyb\u0117s: 1. Atsparumas vandeniui: Elektrin\u0117 plauk\u0173 kirpimo ma\u0161in\u0117l\u0117 atitinka IPX7 atsparumo vandeniui klas\u0119, tod\u0117l j\u0105 galima naudoti dr\u0117gnose aplinkose, pvz., du\u0161e arba su \u0161lapiais plaukais. \u0160i funkcija suteikia produktui patogumo ir universalumo, leid\u017eia vartotojams lengvai kirpti plaukus, taupant laik\u0105 ir pastangas. 2. 2 grei\u010dio reguliavimas: Plauk\u0173 kirpimo ma\u0161in\u0117l\u0117 si\u016blo du grei\u010dio variantus \u2013 ma\u017e\u0105 ir didel\u012f greit\u012f. \u0160i funkcija leid\u017eia vartotojams rinktis tarp l\u0117tesnio grei\u010dio, skirto tiksliam kirpimui, ir greitesnio grei\u010dio, skirto efektyvesniam plauk\u0173 kirpimui. Grei\u010dio reguliavimo lankstumas u\u017etikrina patogi\u0105 ir individualizuot\u0105 patirt\u012f kiekvienam vartotojui. 3. Skaitmeninis ekranas: Plauk\u0173 kirpimo ma\u0161in\u0117l\u0117 yra \u012frengta skaitmeniniu ekranu. \u0160i funkcija leid\u017eia vartotojams lengvai steb\u0117ti akumuliatoriaus \u012fkrovos lyg\u012f, nurodant, ar reikia \u012fkrauti, ar yra pakankamai energijos visam kirpimui. Ekrane taip pat pateikiama papildoma informacija, pvz., pasirinktas grei\u010dio nustatymas ar bet kokie technin\u0117s prie\u017ei\u016bros \u012fsp\u0117jimai. 4. C tipo \u012fkrovimas: Elektrin\u0117 plauk\u0173 kirpimo ma\u0161in\u0117l\u0117 suprojektuota su C tipo \u012fkrovimo jungtimi. \u0160i funkcija leid\u017eia \u012fkrauti grei\u010diau, palyginti su tradiciniais \u012fkrovimo b\u016bdais. C tipo \u012fkrovimas taip pat yra patogesnis, nes yra apver\u010diamas, tai rei\u0161kia, kad j\u012f galima prijungti bet kuria puse, suma\u017einant \u012fkrovimo lizdo sugadinimo rizik\u0105. 5. 180 minu\u010di\u0173 baterijos veikimo laikas: Plauk\u0173 kirpimo ma\u0161in\u0117l\u0117 turi ilgai veikian\u010di\u0105 baterij\u0105, kurios veikimo laikas siekia 180 minu\u010di\u0173. \u0160i funkcija u\u017etikrina, kad vartotojai gal\u0117s m\u0117gautis keliais kirpimo seansais be da\u017eno \u012fkrovimo. Ilgas baterijos veikimo laikas taip pat daro j\u012f idealiu kelion\u0117ms, nes pa\u0161alina varg\u0105 ne\u0161iotis \u012fkroviklius ar ie\u0161koti elektros lizd\u0173 kelion\u0117je. Komplekt\u0105 sudaro: 1 x elektrin\u0117 plauk\u0173 kirpimo ma\u0161in\u0117l\u0117, 2 x \u0161ukos, 1 x valymo \u0161epet\u0117lis, 1 x tepalin\u0117 alyva, 1 x \u012fkrovimo kabelis, 1 x audinys, 1 x kempin\u0117<\/p>\n<\/p>\n<p><img decoding=\"async\" src=\"https:\/\/img.sellercube.com\/hwyimg\/39ab6c00-ffb6-41c0-8468-15ee1a53217d.jpg\" style=\"width:1000px\"><img decoding=\"async\" src=\"https:\/\/img.sellercube.com\/hwyimg\/c9da3f75-f995-493e-a44e-a5c9058f61b1.jpg\" style=\"width:1000px\"><img decoding=\"async\" src=\"https:\/\/img.sellercube.com\/hwyimg\/c06384d7-0e0d-419d-aa7e-7e5c1a2d19ac.jpg\" style=\"width:1000px\"><img decoding=\"async\" src=\"https:\/\/img.sellercube.com\/hwyimg\/f2701d09-d828-44c4-8ea5-caecd1904e80.jpg\" style=\"width:1000px\"><img decoding=\"async\" src=\"https:\/\/img.sellercube.com\/hwyimg\/48e57cee-4595-44c2-b754-c40c39bef4fc.jpg\" style=\"width:1000px\"><img decoding=\"async\" src=\"https:\/\/img.sellercube.com\/hwyimg\/3f63bd5e-2c9d-42db-a85e-a25517c30c2c.jpg\" style=\"width:1000px\"><img decoding=\"async\" src=\"https:\/\/img.sellercube.com\/hwyimg\/a7e39088-3343-4c5d-a070-695530400bd0.jpg\" style=\"width:1000px\"><img decoding=\"async\" src=\"https:\/\/img.sellercube.com\/hwyimg\/f9d2f831-8a72-4067-939c-ab3cd16c1266.jpg\" style=\"width:1000px\"><img decoding=\"async\" src=\"https:\/\/img.sellercube.com\/hwyimg\/fcb9b950-5931-4038-8db3-61b6de125087.jpg\" style=\"width:1000px\"><img decoding=\"async\" src=\"https:\/\/img.sellercube.com\/hwyimg\/d6e708f0-f960-4061-9d83-ae39a27e325b.jpg\" style=\"width:1000px\"><img decoding=\"async\" src=\"https:\/\/img.sellercube.com\/hwyimg\/1d2eef16-c4f0-4383-a78b-80653c2e4aa8.jpg\" style=\"width:1000px\"><img decoding=\"async\" src=\"https:\/\/img.sellercube.com\/hwyimg\/6fadd09a-5ca5-4c5a-8529-cd6d10d67a67.jpg\" style=\"width:1000px\"><img decoding=\"async\" src=\"https:\/\/img.sellercube.com\/hwyimg\/5202613b-b1f2-4ef4-bcbd-4b3f069dede2.jpg\" style=\"width:1000px\"><img decoding=\"async\" src=\"https:\/\/img.sellercube.com\/hwyimg\/f78c1d74-dd0a-40e2-8b78-35e257f2c722.jpg\" style=\"width:1000px\"><img decoding=\"async\" src=\"https:\/\/img.sellercube.com\/hwyimg\/2c80f960-1c3e-475f-b8b0-408b2718ed6f.jpg\" style=\"width:1000px\"><img decoding=\"async\" src=\"https:\/\/img.sellercube.com\/hwyimg\/633f43e3-84c8-4bc4-8a4a-3ada40fe7144.jpg\" style=\"width:1000px\"><\/p>","protected":false},"excerpt":{"rendered":"<p>Specifikacija:Gamintojas: Xiaomi MijiaPrek\u0117s pavadinimas: Elektrin\u0117 plauk\u0173 kirpimo ma\u0161in\u0117l\u0117\u012ekrovimo trukm\u0117: 2,5 val.Nominali \u012ftampa: 3,7 VNominali galia: 3 W\u012ekrovimo \u012ftampa: 5 V\u012ekrovimo srov\u0117: 1 AAtsparumo vandeniui klas\u0117: IPX7Pagrindinio korpuso matmenys: 47\u00d748\u00d7182 mm be \u0161uk\u0173Peiliuko galvut\u0117s med\u017eiaga: Judamasis peilis: Keraminis peilisFiksuotas peilis: Metalo milteliai + vakuuminiu b\u016bdu padengtas DLC ir grafitu dvigubai padengtas visi\u0161kai metalinis peilis, a\u0161trus ir [&hellip;]<\/p>\n","protected":false},"featured_media":4363,"comment_status":"open","ping_status":"closed","template":"","meta":[],"product_brand":[],"product_cat":[25],"product_tag":[354,351,353,352,165],"class_list":{"0":"post-4364","1":"product","2":"type-product","3":"status-publish","4":"has-post-thumbnail","6":"product_cat-grozis-ir-sveikata","7":"product_tag-electric-shaver-2","8":"product_tag-beauty-hair-2","9":"product_tag-razors-shaving-accessories-2","10":"product_tag-shavers-and-hair-removal-2","11":"product_tag-health","13":"first","14":"instock","15":"shipping-taxable","16":"purchasable","17":"product-type-simple"},"_links":{"self":[{"href":"https:\/\/topsmart.store\/en\/wp-json\/wp\/v2\/product\/4364","targetHints":{"allow":["GET"]}}],"collection":[{"href":"https:\/\/topsmart.store\/en\/wp-json\/wp\/v2\/product"}],"about":[{"href":"https:\/\/topsmart.store\/en\/wp-json\/wp\/v2\/types\/product"}],"replies":[{"embeddable":true,"href":"https:\/\/topsmart.store\/en\/wp-json\/wp\/v2\/comments?post=4364"}],"wp:featuredmedia":[{"embeddable":true,"href":"https:\/\/topsmart.store\/en\/wp-json\/wp\/v2\/media\/4363"}],"wp:attachment":[{"href":"https:\/\/topsmart.store\/en\/wp-json\/wp\/v2\/media?parent=4364"}],"wp:term":[{"taxonomy":"product_brand","embeddable":true,"href":"https:\/\/topsmart.store\/en\/wp-json\/wp\/v2\/product_brand?post=4364"},{"taxonomy":"product_cat","embeddable":true,"href":"https:\/\/topsmart.store\/en\/wp-json\/wp\/v2\/product_cat?post=4364"},{"taxonomy":"product_tag","embeddable":true,"href":"https:\/\/topsmart.store\/en\/wp-json\/wp\/v2\/product_tag?post=4364"}],"curies":[{"name":"wp","href":"https:\/\/api.w.org\/{rel}","templated":true}]}}