{"id":4366,"date":"2026-04-21T09:10:40","date_gmt":"2026-04-21T07:10:40","guid":{"rendered":"https:\/\/topsmart.store\/product\/5-in-1-electric-shaver-razor-rechargeable-shaver-washable-5-blade-bald-head-4d-floating-cutting-ipx7-waterproof-for-men\/"},"modified":"2026-04-21T09:13:45","modified_gmt":"2026-04-21T07:13:45","slug":"5-in-1-electric-shaver-razor-rechargeable-shaver-washable-5-blade-bald-head-4d-floating-cutting-ipx7-waterproof-for-men","status":"publish","type":"product","link":"https:\/\/topsmart.store\/en\/product\/5-in-1-electric-shaver-razor-rechargeable-shaver-washable-5-blade-bald-head-4d-floating-cutting-ipx7-waterproof-for-men\/","title":{"rendered":"5-in-1 Electric Shaver Razor Rechargeable Shaver Washable 5 Blade Bald Head 4D Floating Cutting IPX7 Waterproof for Men"},"content":{"rendered":"<p>Techniniai duomenys:Modelis: LK-1800Skutimo b\u016bdas: 4D plaukiojantis pjovimasPeiliuko tipas: Importuotas lydinio peiliuko tinklelisGalia: 3 W<\/p>\n<p>Atsparumas vandeniui: IPX7 Valymo b\u016bdas: Galima plauti vis\u0105 prietais\u0105 Indikatorius: Raudona lemput\u0117 Baterija: \u012ekraunama ir prijungiama prie elektros tinklo, dvigubo naudojimo \u012etampa: Universali \u012ftampa 100\u2013240 V \u012ekrovimo laikas: 5 valandos Naudojimo laikas: 50 minu\u010di\u0173 \ufeff Savyb\u0117s: &#8212; 5-in-1 daugiafunkcinis rinkinys: \u0160is skustuvas komplektuojamas su penkiomis kei\u010diamomis galvut\u0117mis skirtingiems gro\u017eio prie\u017ei\u016bros poreikiams, \u012fskaitant nosies plauk\u0173 kirpikl\u012f, veido valymo \u0161epet\u0117l\u012f ir tiksl\u0173j\u012f kirpikl\u012f. Galvutes keisti galima greitai ir lengvai, tod\u0117l j\u016bs\u0173 gro\u017eio prie\u017ei\u016bros rutina tampa patogi ir efektyvi.\ufeff&#8211; Nepriklausomos plaukiojan\u010dios trigubos skustuvo galvut\u0117s: Pa\u017eangi kont\u016bro sekimo sistema prisitaiko prie j\u016bs\u0173 veido kont\u016br\u0173, u\u017etikrindama skland\u0173 skutim\u0105si net sunkiai pasiekiamose vietose. \u0160i funkcija suma\u017eina praleist\u0173 viet\u0173 skai\u010di\u0173 ir leid\u017eia skustis efektyviai bei patogiai.\ufeff&#8211;  IPX7 atsparumas vandeniui: Skustuv\u0105 galima visi\u0161kai nuplauti, tod\u0117l jis puikiai tinka naudoti tiek dr\u0117gnuoju, tiek sausuoju b\u016bdu. Galvut\u0119 galite lengvai nuimti ir nuplauti po tekan\u010diu vandeniu, kad ji b\u016bt\u0173 giliai i\u0161valyta, u\u017etikrinant optimali\u0105 higien\u0105 ir veikim\u0105.\ufeff&#8211; Dvigubo takelio peili\u0173 tinklelis: Dvigubo takelio peili\u0173 konstrukcija padidina skutimosi pavir\u0161iaus plot\u0105 50 %, leid\u017eiant grei\u010diau nusiskusti su ma\u017eiau judesi\u0173. Tai u\u017etikrina efektyvesn\u012f ir veiksmingesn\u012f skutim\u0105si, sutrumpindamas prie\u017ei\u016brai skiriam\u0105 laik\u0105.\ufeff&#8211; Lengvai naudojamas mygtukas: Mygtukinis jungiklis leid\u017eia lengvai \u012fjungti ir i\u0161jungti skustuv\u0105. Jo intuityvus dizainas u\u017etikrina, kad net pirm\u0105 kart\u0105 j\u012f naudojantys vartotojai gal\u0117t\u0173 juo naudotis be vargo, derindami patogum\u0105 su pa\u017eangiomis funkcijomis.\ufeffKomplektacija:<\/p>\n<p>Vienas skustuvas: 1 x elektrinis skustuvas, 1 x USB laidas, 1 x vartotojo vadovas arba<\/p>\n<p>Komplektas: 1 x elektrinis skustuvas, 1 x nosies plauk\u0173 kirpimo galvut\u0117, 1 x veido valymo \u0161epet\u0117lio galvut\u0117, 1 x valymo \u0161epet\u0117lis, 1 x tiksliojo kirpimo galvut\u0117, 1 x USB laidas, 1 x vartotojo vadovas<\/p>\n<\/p>\n<p><img decoding=\"async\" src=\"https:\/\/img.sellercube.com\/hwyimg\/bcab5788-2234-42b0-b700-d4f1a72a4a72.jpg\" style=\"width:1000px\"><img decoding=\"async\" src=\"https:\/\/img.sellercube.com\/hwyimg\/49fc9b84-9192-438a-a750-d9a9d9c72c70.jpg\" style=\"width:1000px\"><img decoding=\"async\" src=\"https:\/\/img.sellercube.com\/hwyimg\/609d1076-13bb-4a4f-acbd-22a6291392af.jpg\" style=\"width:1000px\"><img decoding=\"async\" src=\"https:\/\/img.sellercube.com\/hwyimg\/25c3ab4a-cca0-41a7-b515-11ec9cec6d85.jpg\" style=\"width:1000px\"><img decoding=\"async\" src=\"https:\/\/img.sellercube.com\/hwyimg\/beb20396-8d0b-4750-b1a0-b6c6ebcb88c6.jpg\" style=\"width:1000px\"><img decoding=\"async\" src=\"https:\/\/img.sellercube.com\/hwyimg\/e0aaf728-5c8d-492c-a73b-49d4f73d6e64.jpg\" style=\"width:1000px\"><img decoding=\"async\" src=\"https:\/\/img.sellercube.com\/hwyimg\/2a5b4dc2-31f9-4ee8-bd4e-0f9fb694bfb7.jpg\" style=\"width:1000px\"><img decoding=\"async\" src=\"https:\/\/img.sellercube.com\/hwyimg\/8ce224ed-3cc0-402a-8cb4-d4ee8faf71f3.jpg\" style=\"width:1000px\"><\/p>","protected":false},"excerpt":{"rendered":"<p>Techniniai duomenys:Modelis: LK-1800Skutimo b\u016bdas: 4D plaukiojantis pjovimasPeiliuko tipas: Importuotas lydinio peiliuko tinklelisGalia: 3 W Atsparumas vandeniui: IPX7 Valymo b\u016bdas: Galima plauti vis\u0105 prietais\u0105 Indikatorius: Raudona lemput\u0117 Baterija: \u012ekraunama ir prijungiama prie elektros tinklo, dvigubo naudojimo \u012etampa: Universali \u012ftampa 100\u2013240 V \u012ekrovimo laikas: 5 valandos Naudojimo laikas: 50 minu\u010di\u0173 \ufeff Savyb\u0117s: &#8212; 5-in-1 daugiafunkcinis rinkinys: \u0160is [&hellip;]<\/p>\n","protected":false},"featured_media":4365,"comment_status":"open","ping_status":"closed","template":"","meta":[],"product_brand":[],"product_cat":[25],"product_tag":[354,351,353,352,165],"class_list":{"0":"post-4366","1":"product","2":"type-product","3":"status-publish","4":"has-post-thumbnail","6":"product_cat-grozis-ir-sveikata","7":"product_tag-electric-shaver-2","8":"product_tag-beauty-hair-2","9":"product_tag-razors-shaving-accessories-2","10":"product_tag-shavers-and-hair-removal-2","11":"product_tag-health","13":"first","14":"instock","15":"shipping-taxable","16":"purchasable","17":"product-type-variable"},"_links":{"self":[{"href":"https:\/\/topsmart.store\/en\/wp-json\/wp\/v2\/product\/4366","targetHints":{"allow":["GET"]}}],"collection":[{"href":"https:\/\/topsmart.store\/en\/wp-json\/wp\/v2\/product"}],"about":[{"href":"https:\/\/topsmart.store\/en\/wp-json\/wp\/v2\/types\/product"}],"replies":[{"embeddable":true,"href":"https:\/\/topsmart.store\/en\/wp-json\/wp\/v2\/comments?post=4366"}],"wp:featuredmedia":[{"embeddable":true,"href":"https:\/\/topsmart.store\/en\/wp-json\/wp\/v2\/media\/4365"}],"wp:attachment":[{"href":"https:\/\/topsmart.store\/en\/wp-json\/wp\/v2\/media?parent=4366"}],"wp:term":[{"taxonomy":"product_brand","embeddable":true,"href":"https:\/\/topsmart.store\/en\/wp-json\/wp\/v2\/product_brand?post=4366"},{"taxonomy":"product_cat","embeddable":true,"href":"https:\/\/topsmart.store\/en\/wp-json\/wp\/v2\/product_cat?post=4366"},{"taxonomy":"product_tag","embeddable":true,"href":"https:\/\/topsmart.store\/en\/wp-json\/wp\/v2\/product_tag?post=4366"}],"curies":[{"name":"wp","href":"https:\/\/api.w.org\/{rel}","templated":true}]}}