{"id":4370,"date":"2026-04-21T09:10:54","date_gmt":"2026-04-21T07:10:54","guid":{"rendered":"https:\/\/topsmart.store\/product\/vtt-ra4-electric-shaver-with-digital-display-high-speed-motor-men-shaver-multi-dimensional-floating-shaving-ipx7-waterproof\/"},"modified":"2026-04-21T09:14:01","modified_gmt":"2026-04-21T07:14:01","slug":"vtt-ra4-electric-shaver-with-digital-display-high-speed-motor-men-shaver-multi-dimensional-floating-shaving-ipx7-waterproof","status":"publish","type":"product","link":"https:\/\/topsmart.store\/en\/product\/vtt-ra4-electric-shaver-with-digital-display-high-speed-motor-men-shaver-multi-dimensional-floating-shaving-ipx7-waterproof\/","title":{"rendered":"VTT RA4 Electric Shaver with Digital Display High-Speed Motor Men Shaver Multi-Dimensional Floating Shaving IPX7 Waterproof"},"content":{"rendered":"<p>Specifikacija:Gamintojas: VTTModelis: RA4Nominali \u012ftampa: 3,7 V\u012ekrovimo b\u016bdas: Type-CNominali galia: 5 WAkumuliatoriaus talpa: 600 mAhAkumuliatoriaus modelis: 14600 akumuliatoriusNominali \u012ftampa: 3,7 VNominali srov\u0117: 1 ANetinis svoris \/ Bruto svoris: 450,2 g \/ 470,6 g Produkto matmenys: 163 \u00d7 60 \u00d7 58 mm Pakuot\u0117s matmenys: 220 \u00d7 120 \u00d7 78 mm \ufeffSavyb\u0117s: &#8211; Aviacinis greitaeigis variklis: \u012erengtas naujausios kartos greitaeigis variklis, pasitelkiantis aviacijos technologijas, kuris veikia pastoviu 45 000 apsisukim\u0173 per minut\u0119 grei\u010diu, u\u017etikrinant efektyv\u0173 ir tiksl\u0173 skutim\u0105 be traukimo.- Pa\u017eangus sl\u0117gio jutiklis: \u012erengtas pa\u017eangus sl\u0117gio jutiklis, kuris automati\u0161kai reguliuoja skutimosi gali\u0105, suma\u017eindamas odos sudirginim\u0105 ir u\u017etikrindamas patog\u0173 skutim\u0105si su minimaliu skausmu. &#8211; Pa\u017eangus peiliuk\u0173 dizainas: Skutimosi peiliukai sukurti naudojant auk\u0161to tikslumo ECM proces\u0105 su importuotu voki\u0161ku plienu, kuris u\u017etikrina \u0161var\u0173 skutim\u0105si, kuris yra tris kartus efektyvesnis, nepaliekant joki\u0173 barzdos liku\u010di\u0173.- Daugiama\u010dio pl\u016bduriavimo skutimosi sistema: Skutimosi galvut\u0117s lankstosi ir pasisuka, prisitaikydamos prie veido kont\u016br\u0173, padidindamos skutimosi plot\u0105 ir u\u017etikrindamos gladesn\u012f, kruop\u0161tesn\u012f skutim\u0105si su maksimaliu komfortu.- Atsparus vandeniui ir dvigubo naudojimo: visas skustuvas yra lengvas ir atsparus vandeniui, tod\u0117l j\u012f lengva valyti po tekan\u010diu vandeniu, o skustuv\u0105 galima pritaikyti tiek sausam, tiek \u0161lapiam skutimuisi, tod\u0117l jis tinka bet kokioms skutimosi s\u0105lygoms.\ufeffKomplekt\u0105 sudaro: 1 x elektrinis skustuvas, 1 x papildoma skutimo galvut\u0117, 1 x C tipo kabelis, 1 x valymo \u0161epet\u0117lis, 1 x vartotojo vadovas<\/p>\n<\/p>\n<p><img decoding=\"async\" alt=\"\" src=\"https:\/\/img.sellercube.com\/hwyimg\/a5c3d08f-26cb-4177-a431-86ff0b2f354d.jpg\"><img decoding=\"async\" alt=\"\" src=\"https:\/\/img.sellercube.com\/hwyimg\/c2f749e1-0c34-4aeb-8702-7ad619674834.jpg\"><img decoding=\"async\" alt=\"\" src=\"https:\/\/img.sellercube.com\/hwyimg\/72a2fd46-416d-429d-879f-3f29b58dae29.jpg\"><img decoding=\"async\" alt=\"\" src=\"https:\/\/img.sellercube.com\/hwyimg\/9e42b698-7c5e-41fa-953d-7c6748d1fc61.jpg\"><img decoding=\"async\" alt=\"\" src=\"https:\/\/img.sellercube.com\/hwyimg\/5efc0252-3d27-44a0-9972-5abea81c7b88.jpg\"><img decoding=\"async\" alt=\"\" src=\"https:\/\/img.sellercube.com\/hwyimg\/477c5f7d-521d-4afa-bec9-cf23061906ec.jpg\"><img decoding=\"async\" alt=\"\" src=\"https:\/\/img.sellercube.com\/hwyimg\/d0acf115-f1d9-46fb-b061-9aef0d41dbef.jpg\"><\/p>","protected":false},"excerpt":{"rendered":"<p>Specifikacija:Gamintojas: VTTModelis: RA4Nominali \u012ftampa: 3,7 V\u012ekrovimo b\u016bdas: Type-CNominali galia: 5 WAkumuliatoriaus talpa: 600 mAhAkumuliatoriaus modelis: 14600 akumuliatoriusNominali \u012ftampa: 3,7 VNominali srov\u0117: 1 ANetinis svoris \/ Bruto svoris: 450,2 g \/ 470,6 g Produkto matmenys: 163 \u00d7 60 \u00d7 58 mm Pakuot\u0117s matmenys: 220 \u00d7 120 \u00d7 78 mm \ufeffSavyb\u0117s: &#8211; Aviacinis greitaeigis variklis: \u012erengtas naujausios [&hellip;]<\/p>\n","protected":false},"featured_media":4369,"comment_status":"open","ping_status":"closed","template":"","meta":[],"product_brand":[],"product_cat":[25],"product_tag":[354,351,353,352,165],"class_list":{"0":"post-4370","1":"product","2":"type-product","3":"status-publish","4":"has-post-thumbnail","6":"product_cat-grozis-ir-sveikata","7":"product_tag-electric-shaver-2","8":"product_tag-beauty-hair-2","9":"product_tag-razors-shaving-accessories-2","10":"product_tag-shavers-and-hair-removal-2","11":"product_tag-health","13":"first","14":"instock","15":"shipping-taxable","16":"purchasable","17":"product-type-variable"},"_links":{"self":[{"href":"https:\/\/topsmart.store\/en\/wp-json\/wp\/v2\/product\/4370","targetHints":{"allow":["GET"]}}],"collection":[{"href":"https:\/\/topsmart.store\/en\/wp-json\/wp\/v2\/product"}],"about":[{"href":"https:\/\/topsmart.store\/en\/wp-json\/wp\/v2\/types\/product"}],"replies":[{"embeddable":true,"href":"https:\/\/topsmart.store\/en\/wp-json\/wp\/v2\/comments?post=4370"}],"wp:featuredmedia":[{"embeddable":true,"href":"https:\/\/topsmart.store\/en\/wp-json\/wp\/v2\/media\/4369"}],"wp:attachment":[{"href":"https:\/\/topsmart.store\/en\/wp-json\/wp\/v2\/media?parent=4370"}],"wp:term":[{"taxonomy":"product_brand","embeddable":true,"href":"https:\/\/topsmart.store\/en\/wp-json\/wp\/v2\/product_brand?post=4370"},{"taxonomy":"product_cat","embeddable":true,"href":"https:\/\/topsmart.store\/en\/wp-json\/wp\/v2\/product_cat?post=4370"},{"taxonomy":"product_tag","embeddable":true,"href":"https:\/\/topsmart.store\/en\/wp-json\/wp\/v2\/product_tag?post=4370"}],"curies":[{"name":"wp","href":"https:\/\/api.w.org\/{rel}","templated":true}]}}