{"id":4381,"date":"2026-04-21T09:11:11","date_gmt":"2026-04-21T07:11:11","guid":{"rendered":"https:\/\/topsmart.store\/product\/5-in-1-electric-shaver-mens-grooming-kit-cordless-bald-shaver-wet-and-dry-smart-multifunctional-electric-bald-head-shaver-washable-shaver\/"},"modified":"2026-04-21T09:13:39","modified_gmt":"2026-04-21T07:13:39","slug":"5-in-1-electric-shaver-mens-grooming-kit-cordless-bald-shaver-wet-and-dry-smart-multifunctional-electric-bald-head-shaver-washable-shaver","status":"publish","type":"product","link":"https:\/\/topsmart.store\/en\/product\/5-in-1-electric-shaver-mens-grooming-kit-cordless-bald-shaver-wet-and-dry-smart-multifunctional-electric-bald-head-shaver-washable-shaver\/","title":{"rendered":"5 in 1 Electric Shaver Men&#039;s Grooming Kit Cordless Bald Shaver Wet and Dry Smart Multifunctional Electric Bald Head Shaver Washable Shaver"},"content":{"rendered":"<p>Techniniai duomenys: Funkcijos: skutimasis, plauk\u0173 kirpimas, barzdos kirpimas Med\u017eiaga: ner\u016bdijantis plienas Nominali \u012ftampa: 5 V USB Nominali galia: 5 W<\/p>\n<p>Atsparumas vandeniui: IPX6<\/p>\n<p>Valymo b\u016bdas: plovimas vis\u0105 korpus\u0105 \u012ekrovimo b\u016bdas: \u012fkrovimas per USB Naudojimo laikas: 90 minu\u010di\u0173 \u012ekrovimo laikas: 2 valandos \ufeff Savyb\u0117s: &#8211; Patobulinta 9D plaukiojanti galvut\u0117: \u0160is elektrinis skustuvas yra \u012frengtas 9 a\u0161triais plaukiojan\u010diais galvut\u0117mis ir dvigubo \u017eiedo peiliais, kurie prisitaiko prie j\u016bs\u0173 veido, galvos, kaklo ir \u017eandikaulio linijos kont\u016br\u0173. Tai u\u017etikrina \u0161veln\u0173 ir efektyv\u0173 skutim\u0105, netraukiant plauk\u0173, ma\u017einant odos sudirginim\u0105 ir didinant komfort\u0105 bei skutimo kokyb\u0119. &#8211; 6-in-1 prie\u017ei\u016bros rinkinys: \u0160is universalus skustuvas komplektuojamas su 5 nuimamais priedais: k\u016bno plauk\u0173 skustuvu, nosies\/aus\u0173 plauk\u0173 kirpikliu, masa\u017euokliu, \u016bs\u0173 kirpikliu ir veido valymo \u0161epet\u0117liu. \u0160ie komponentai patenkins visus j\u016bs\u0173 asmenin\u0117s prie\u017ei\u016bros poreikius, tod\u0117l tai puiki dovana vyrams j\u016bs\u0173 gyvenime.- IPX6 atsparumas vandeniui, skirtas naudoti ant dr\u0117gnos ir sausos odos: Naudodamas IPX6 atsparumo vandeniui technologij\u0105, \u0161is skustuvas gali b\u016bti naudojamas ant dr\u0117gnos ir sausos odos, o vis\u0105 korpus\u0105 galima plauti, tod\u0117l j\u012f lengva valyti. Jis puikiai tinka naudoti du\u0161e ir gerai veikia su geliu ar putomis, u\u017etikrindamas maksimal\u0173 lankstum\u0105 ir patogum\u0105. &#8211; LED ekranas: Skustuvas turi LED ekran\u0105, kuris rodo baterijos \u012fkrovos lyg\u012f ir automati\u0161kai fiksuoja naudojimo laik\u0105. Ilgai paspaudus \u012fjungimo\/i\u0161jungimo mygtuk\u0105 aktyvuojama saugos u\u017eraktas, kuris apsaugo nuo atsitiktinio palietimo ir energijos \u0161vaistymo. Be to, po greito 2 valand\u0173 \u012fkrovimo per USB, skustuvas gali veikti 90 minu\u010di\u0173. &#8211; Dvigubi peiliai ir dvigubi apsauginiai tinkleliai: Skustuvas turi dvigubus peilius ir 9 lanks\u010dias galvutes, kurios u\u017etikrina didesn\u012f skutimo plot\u0105 ir veiksmingai surenka tiek trumpus, tiek ilgus plaukus. Dvigubi odai draugi\u0161ki apsauginiai tinkleliai u\u017etikrina saug\u0173 naudojim\u0105, ma\u017eina odos sudirginim\u0105, o i\u0161manioji jutikli\u0173 sistema apsaugo nuo suspaudimo, u\u017etikrindama skland\u0173 skutim\u0105si.\ufeffKomplektacija: 1 x elektrinis plauk\u0173 kirpimo aparatas 5 x nuimamos galvut\u0117s 1 x \u012fkrovimo kabelis 1 x valymo \u0161epet\u0117lis 1 x naudojimo instrukcija<\/p>\n<\/p>\n<p><img decoding=\"async\" alt=\"\" src=\"https:\/\/img.sellercube.com\/hwyimg\/d72e9bcb-a523-4210-9d93-5e04fac49170.jpg\"><img decoding=\"async\" alt=\"\" src=\"https:\/\/img.sellercube.com\/hwyimg\/ab593c68-0e04-48e4-8d1b-c7640e129987.jpg\"><img decoding=\"async\" alt=\"\" src=\"https:\/\/img.sellercube.com\/hwyimg\/d59f06fe-6631-47ca-a362-3db228556216.jpg\"><img decoding=\"async\" alt=\"\" src=\"https:\/\/img.sellercube.com\/hwyimg\/a43b0617-3175-4ae2-8ea1-1f88a7617246.jpg\"><img decoding=\"async\" alt=\"\" src=\"https:\/\/img.sellercube.com\/hwyimg\/2781eac6-3673-4ba1-a270-f10fa7c32f03.jpg\"><img decoding=\"async\" alt=\"\" src=\"https:\/\/img.sellercube.com\/hwyimg\/4c8b47fd-40e0-44b4-91d8-95b12baf02ac.jpg\"><img decoding=\"async\" alt=\"\" src=\"https:\/\/img.sellercube.com\/hwyimg\/4fb4bb35-908a-48ce-92d5-e5ecb0cc27a7.jpg\"><img decoding=\"async\" alt=\"\" src=\"https:\/\/img.sellercube.com\/hwyimg\/c0762521-f912-4553-b215-2bc88a93047e.jpg\"><img decoding=\"async\" alt=\"\" src=\"https:\/\/img.sellercube.com\/hwyimg\/b4331374-b5e0-46e0-9561-0840507d8326.jpg\"><img decoding=\"async\" alt=\"\" src=\"https:\/\/img.sellercube.com\/hwyimg\/0093b0a0-3358-484b-9db6-025198368fa2.jpg\"><img decoding=\"async\" alt=\"\" src=\"https:\/\/img.sellercube.com\/hwyimg\/ab08a9d2-3880-420b-913d-7c06289424eb.jpg\"><img decoding=\"async\" alt=\"\" src=\"https:\/\/img.sellercube.com\/hwyimg\/c18d010e-54a7-4035-a033-53d0b8ae14f6.jpg\"><\/p>","protected":false},"excerpt":{"rendered":"<p>Techniniai duomenys: Funkcijos: skutimasis, plauk\u0173 kirpimas, barzdos kirpimas Med\u017eiaga: ner\u016bdijantis plienas Nominali \u012ftampa: 5 V USB Nominali galia: 5 W Atsparumas vandeniui: IPX6 Valymo b\u016bdas: plovimas vis\u0105 korpus\u0105 \u012ekrovimo b\u016bdas: \u012fkrovimas per USB Naudojimo laikas: 90 minu\u010di\u0173 \u012ekrovimo laikas: 2 valandos \ufeff Savyb\u0117s: &#8211; Patobulinta 9D plaukiojanti galvut\u0117: \u0160is elektrinis skustuvas yra \u012frengtas 9 a\u0161triais [&hellip;]<\/p>\n","protected":false},"featured_media":4379,"comment_status":"open","ping_status":"closed","template":"","meta":[],"product_brand":[],"product_cat":[25],"product_tag":[354,351,353,352,165],"class_list":{"0":"post-4381","1":"product","2":"type-product","3":"status-publish","4":"has-post-thumbnail","6":"product_cat-grozis-ir-sveikata","7":"product_tag-electric-shaver-2","8":"product_tag-beauty-hair-2","9":"product_tag-razors-shaving-accessories-2","10":"product_tag-shavers-and-hair-removal-2","11":"product_tag-health","13":"first","14":"instock","15":"shipping-taxable","16":"purchasable","17":"product-type-variable"},"_links":{"self":[{"href":"https:\/\/topsmart.store\/en\/wp-json\/wp\/v2\/product\/4381","targetHints":{"allow":["GET"]}}],"collection":[{"href":"https:\/\/topsmart.store\/en\/wp-json\/wp\/v2\/product"}],"about":[{"href":"https:\/\/topsmart.store\/en\/wp-json\/wp\/v2\/types\/product"}],"replies":[{"embeddable":true,"href":"https:\/\/topsmart.store\/en\/wp-json\/wp\/v2\/comments?post=4381"}],"wp:featuredmedia":[{"embeddable":true,"href":"https:\/\/topsmart.store\/en\/wp-json\/wp\/v2\/media\/4379"}],"wp:attachment":[{"href":"https:\/\/topsmart.store\/en\/wp-json\/wp\/v2\/media?parent=4381"}],"wp:term":[{"taxonomy":"product_brand","embeddable":true,"href":"https:\/\/topsmart.store\/en\/wp-json\/wp\/v2\/product_brand?post=4381"},{"taxonomy":"product_cat","embeddable":true,"href":"https:\/\/topsmart.store\/en\/wp-json\/wp\/v2\/product_cat?post=4381"},{"taxonomy":"product_tag","embeddable":true,"href":"https:\/\/topsmart.store\/en\/wp-json\/wp\/v2\/product_tag?post=4381"}],"curies":[{"name":"wp","href":"https:\/\/api.w.org\/{rel}","templated":true}]}}