{"id":4400,"date":"2026-04-21T09:11:47","date_gmt":"2026-04-21T07:11:47","guid":{"rendered":"https:\/\/topsmart.store\/product\/xiaomi-mijia-s301-mens-electric-shaver-beard-trimmer-machine-shaving-portable-flex-razor-ipx7-washable-trimer-ceramic-blade\/"},"modified":"2026-04-21T09:14:14","modified_gmt":"2026-04-21T07:14:14","slug":"xiaomi-mijia-s301-mens-electric-shaver-beard-trimmer-machine-shaving-portable-flex-razor-ipx7-washable-trimer-ceramic-blade","status":"publish","type":"product","link":"https:\/\/topsmart.store\/en\/product\/xiaomi-mijia-s301-mens-electric-shaver-beard-trimmer-machine-shaving-portable-flex-razor-ipx7-washable-trimer-ceramic-blade\/","title":{"rendered":"XIAOMI MIJIA S301 Men&#039;s Electric Shaver Beard Trimmer Machine Shaving Portable Flex Razor IPX7 Washable Trimer Ceramic Blade"},"content":{"rendered":"<p>Prane\u0161imas apie skustuvo apsauginio gaubtelio atnaujinim\u0105: Apsauginio gaubtelio forma buvo atnaujinta. Gali b\u016bti, kad gausite atsitiktinai pasirinkt\u0105 sen\u0105j\u0105 arba nauj\u0105j\u0105 versij\u0105 \u2013 veikimas i\u0161lieka toks pat.   Specifikacijos:Gamintojas: XIAOMIModelis: S301Prek\u0117s pavadinimas: Elektrinis skustuvas\u012ekrovimo b\u016bdas: \u012ekrovimas per Type-C jungt\u012fNominali \u012f\u0117jimo \u012ftampa: 5 V, 1 A\u012ekrovimo trukm\u0117: Apie 2 val. Darbin\u0117 \u012ftampa: 3,7 V Galingumas: 3 W Atsparumas vandeniui: IPX7 Kilm\u0117s \u0161alis: Kinija \ufeff\ufeffSavyb\u0117s: &#8211; Dvigubo \u017eiedo peili\u0173 tinklelio technologija: pa\u017eangus dvigubo \u017eiedo peili\u0173 tinklelis padidina barzdos plauk\u0173 \u012f\u0117jimo plot\u0105, tod\u0117l skutimosi efektyvumas padid\u0117ja 50 %, palyginti su vieno \u017eiedo peili\u0173 tinklelio konstrukcijomis. Tai u\u017etikrina greitesn\u012f ir \u0161varesn\u012f skutim\u0105si, sutaupydamas j\u016bs\u0173 laik\u0105 ir neprarandant tikslumo.- Prisitaikantis plaukiojantis peili\u0173 r\u0117mas: Sukurtas pagal la\u0161i\u0161os \u017euvies strukt\u016br\u0105, prisitaikantis plaukiojantis peili\u0173 r\u0117mas geriau prisitaiko prie j\u016bs\u0173 veido kont\u016br\u0173. \u0160is i\u0161manus dizainas leid\u017eia skustis patogiau ir efektyviau, kiekvien\u0105 kart\u0105 u\u017etikrinant glotn\u0173 rezultat\u0105. &#8211; I\u0161manusis LED baterijos ekranas: \u012erengtas LED ekranu, \u0161is skustuvas visada informuoja jus apie baterijos b\u016bkl\u0119. Svarbi informacija matoma i\u0161 pirmo \u017evilgsnio, tod\u0117l tiksliai \u017einosite, kada at\u0117jo laikas \u012fkrauti \u012frengin\u012f. &#8211; Danga nuo pir\u0161t\u0173 atspaud\u0173: Skutiklis turi i\u0161tobulint\u0105 dang\u0105 nuo pir\u0161t\u0173 atspaud\u0173, kuri suteikia patog\u0173, odai draugi\u0161k\u0105 poj\u016bt\u012f. Ji suma\u017eina pir\u0161t\u0173 atspaud\u0173 ir ne\u0161varum\u0173 susidarym\u0105, be vargo i\u0161laikydama glotn\u0173 ir eleganti\u0161k\u0105 i\u0161vaizd\u0105.- IPX7 atsparus vandeniui dizainas: Tur\u0117damas IPX7 atsparumo vandeniui reiting\u0105, \u0161is skustuvas yra visi\u0161kai plaunamas ir tinka tiek \u0161lapiam, tiek sausam skutimuisi. Vis\u0105 prietais\u0105 galima nuplauti tiesiogiai po vandeniu, o nuimama peili\u0173 galvut\u0117 leid\u017eia lengvai ir kruop\u0161\u010diai i\u0161valyti, nepaliekant joki\u0173 pasl\u0117pt\u0173 kampeli\u0173.\ufeffKomplektacijoje: 1 x elektrinis skustuvas 1 x \u012fkrovimo kabelis 1 x valymo \u0161epet\u0117lis<\/p>\n<\/p>\n<p><img decoding=\"async\" class=\"bg_lazy\" title=\"XIAOMI MIJIA S301 Men's Electric Shaver Beard Trimmer Machine Shaving Portable Flex Razor IPX7 Washable Trimer Ceramic Blade\" src=\"https:\/\/imgaz.staticbg.com\/images\/oaupload\/banggood\/images\/1D\/5E\/84929cca-cf0b-4ca9-bf43-24b2c217fdad.jpg.webp\" data-original=\"https:\/\/imgaz.staticbg.com\/images\/oaupload\/banggood\/images\/1D\/5E\/84929cca-cf0b-4ca9-bf43-24b2c217fdad.jpg\" style=\"width:1000px\"><img decoding=\"async\" src=\"https:\/\/img.sellercube.com\/hwyimg\/958dd389-040e-4a34-a60c-8f0c40b722ad.jpg\" style=\"width:1000px\"><img decoding=\"async\" src=\"https:\/\/img.sellercube.com\/hwyimg\/4722e055-9bdc-46a4-bc1a-f38768b2ae29.jpg\" style=\"width:1000px\"><img decoding=\"async\" src=\"https:\/\/img.sellercube.com\/hwyimg\/e34040ec-100a-44d1-ac08-63268636b502.jpg\" style=\"width:1000px\"><img decoding=\"async\" src=\"https:\/\/img.sellercube.com\/hwyimg\/823de73f-2924-446a-aa7d-f8c4ea3e1a78.jpg\" style=\"width:1000px\"><img decoding=\"async\" src=\"https:\/\/img.sellercube.com\/hwyimg\/634b2fd7-474b-4b60-87f5-1281692fee05.jpg\" style=\"width:1000px\"><img decoding=\"async\" src=\"https:\/\/img.sellercube.com\/hwyimg\/da659bed-0be6-4594-8a91-61c7d640f157.jpg\" style=\"width:1000px\"><img decoding=\"async\" src=\"https:\/\/img.sellercube.com\/hwyimg\/2a2c8fb3-09e2-43df-90cf-abec3ee8a1a7.jpg\" style=\"width:1000px\"><img decoding=\"async\" src=\"https:\/\/img.sellercube.com\/hwyimg\/42577646-798b-492d-9f05-f520a6c6bc03.jpg\" style=\"width:1000px\"><img decoding=\"async\" src=\"https:\/\/img.sellercube.com\/hwyimg\/53daf76f-409a-4dc7-82b0-a17aec0ecfe5.jpg\" style=\"width:1000px\"><img decoding=\"async\" src=\"https:\/\/img.sellercube.com\/hwyimg\/37cd26f2-be2f-4eb6-8cb2-9a9963cb5795.jpg\" style=\"width:1000px\"><img decoding=\"async\" src=\"https:\/\/img.sellercube.com\/hwyimg\/6ab59a01-5093-4c8b-ac67-374940985361.jpg\" style=\"width:1000px\"><img decoding=\"async\" src=\"https:\/\/img.sellercube.com\/hwyimg\/57a698ba-84d8-4dc1-b329-ff7206a47ec5.jpg\" style=\"width:1000px\"><img decoding=\"async\" src=\"https:\/\/img.sellercube.com\/hwyimg\/0abf37dd-688e-472a-b54b-1a1974fb6031.jpg\" style=\"width:1000px\"><img decoding=\"async\" src=\"https:\/\/img.sellercube.com\/hwyimg\/fdbe9bcf-3ce1-40f3-af3a-df6b6c42fac4.jpg\" style=\"width:1000px\"><img decoding=\"async\" src=\"https:\/\/img.sellercube.com\/hwyimg\/97d0c05e-8afb-489e-a34d-ac121b7b9e5a.jpg\" style=\"width:1000px\"><img decoding=\"async\" src=\"https:\/\/img.sellercube.com\/hwyimg\/700087ef-13ac-46aa-b37c-3c216301a76e.jpg\" style=\"width:1000px\"><img decoding=\"async\" src=\"https:\/\/img.sellercube.com\/hwyimg\/1ff1b0e5-da9f-41c1-82f4-b0ff7318a296.jpg\" style=\"width:1000px\"><img decoding=\"async\" src=\"https:\/\/img.sellercube.com\/hwyimg\/149d4194-e3fc-45e9-96c3-5e08fb9c55cb.jpg\" style=\"width:1000px\"><img decoding=\"async\" src=\"https:\/\/img.sellercube.com\/hwyimg\/6b63d90d-092e-46d0-b904-c36543932249.jpg\" style=\"width:1000px\"><img decoding=\"async\" src=\"https:\/\/img.sellercube.com\/hwyimg\/ecc3713d-2756-4a57-9cee-f1798a4c1b90.jpg\" style=\"width:1000px\"><\/p>","protected":false},"excerpt":{"rendered":"<p>Prane\u0161imas apie skustuvo apsauginio gaubtelio atnaujinim\u0105: Apsauginio gaubtelio forma buvo atnaujinta. Gali b\u016bti, kad gausite atsitiktinai pasirinkt\u0105 sen\u0105j\u0105 arba nauj\u0105j\u0105 versij\u0105 \u2013 veikimas i\u0161lieka toks pat. Specifikacijos:Gamintojas: XIAOMIModelis: S301Prek\u0117s pavadinimas: Elektrinis skustuvas\u012ekrovimo b\u016bdas: \u012ekrovimas per Type-C jungt\u012fNominali \u012f\u0117jimo \u012ftampa: 5 V, 1 A\u012ekrovimo trukm\u0117: Apie 2 val. Darbin\u0117 \u012ftampa: 3,7 V Galingumas: 3 W Atsparumas [&hellip;]<\/p>\n","protected":false},"featured_media":4399,"comment_status":"open","ping_status":"closed","template":"","meta":[],"product_brand":[],"product_cat":[25],"product_tag":[354,351,353,352,165],"class_list":{"0":"post-4400","1":"product","2":"type-product","3":"status-publish","4":"has-post-thumbnail","6":"product_cat-grozis-ir-sveikata","7":"product_tag-electric-shaver-2","8":"product_tag-beauty-hair-2","9":"product_tag-razors-shaving-accessories-2","10":"product_tag-shavers-and-hair-removal-2","11":"product_tag-health","13":"first","14":"instock","15":"shipping-taxable","16":"purchasable","17":"product-type-variable"},"_links":{"self":[{"href":"https:\/\/topsmart.store\/en\/wp-json\/wp\/v2\/product\/4400","targetHints":{"allow":["GET"]}}],"collection":[{"href":"https:\/\/topsmart.store\/en\/wp-json\/wp\/v2\/product"}],"about":[{"href":"https:\/\/topsmart.store\/en\/wp-json\/wp\/v2\/types\/product"}],"replies":[{"embeddable":true,"href":"https:\/\/topsmart.store\/en\/wp-json\/wp\/v2\/comments?post=4400"}],"wp:featuredmedia":[{"embeddable":true,"href":"https:\/\/topsmart.store\/en\/wp-json\/wp\/v2\/media\/4399"}],"wp:attachment":[{"href":"https:\/\/topsmart.store\/en\/wp-json\/wp\/v2\/media?parent=4400"}],"wp:term":[{"taxonomy":"product_brand","embeddable":true,"href":"https:\/\/topsmart.store\/en\/wp-json\/wp\/v2\/product_brand?post=4400"},{"taxonomy":"product_cat","embeddable":true,"href":"https:\/\/topsmart.store\/en\/wp-json\/wp\/v2\/product_cat?post=4400"},{"taxonomy":"product_tag","embeddable":true,"href":"https:\/\/topsmart.store\/en\/wp-json\/wp\/v2\/product_tag?post=4400"}],"curies":[{"name":"wp","href":"https:\/\/api.w.org\/{rel}","templated":true}]}}