{"id":4435,"date":"2026-04-21T09:12:37","date_gmt":"2026-04-21T07:12:37","guid":{"rendered":"https:\/\/topsmart.store\/product\/eu-direct-moosoo-rs726-rechargeable-electric-foil-shaver-beard-trimmer-electric-razor-for-men-shaving-machine-facial-trimer\/"},"modified":"2026-04-21T09:13:33","modified_gmt":"2026-04-21T07:13:33","slug":"eu-direct-moosoo-rs726-rechargeable-electric-foil-shaver-beard-trimmer-electric-razor-for-men-shaving-machine-facial-trimer","status":"publish","type":"product","link":"https:\/\/topsmart.store\/en\/product\/eu-direct-moosoo-rs726-rechargeable-electric-foil-shaver-beard-trimmer-electric-razor-for-men-shaving-machine-facial-trimer\/","title":{"rendered":"[EU Direct] MOOSOO RS726 Rechargeable Electric Foil Shaver Beard Trimmer Electric Razor For Men Shaving Machine Facial Trimer"},"content":{"rendered":"<p>Techniniai duomenys: Gamintojas: MOOSOO Modelis: RS726 Akumuliatorius: 600 mAh Ni-MH akumuliatorius \u012ekrovimo trukm\u0117: 8 valandos Veikimo trukm\u0117: 50 min. Matmenys: 14 \u00d7 5 cm Spalva: Juoda Atsparumas vandeniui: IPX7<\/p>\n<\/p>\n<p>Savyb\u0117s:<\/p>\n<p>&#8211; Plaukiojanti galvut\u0117 skland\u017eiam skutimui: Skutiklio galvut\u0117 \u0161velniai seka veido kont\u016brus, prisitaikydama taip, kad peiliukai b\u016bt\u0173 arti odos. Tai padeda u\u017etikrinti patog\u0173 skutim\u0105 ir skland\u0173 rezultat\u0105.\u00a0\u00a0<\/p>\n<p>&#8211; 2 skutimosi re\u017eimai su \u201eTurbo\u201c grei\u010diu: Perjunkite tarp standartinio re\u017eimo kasdieniam naudojimui ir \u201eTurbo\u201c re\u017eimo greitesniam, efektyvesniam skutimuisi. Tai puikiai tinka greitai susidoroti su storesniais plaukeliais, suteikdama lankstum\u0105 pagal j\u016bs\u0173 poreikius.\u00a0\u00a0<\/p>\n<p>&#8211; Ilgas 50 minu\u010di\u0173 baterijos veikimo laikas: kai skustuvas visi\u0161kai \u012fkrautas, j\u012f galima naudoti be laido iki 50 minu\u010di\u0173. Patogus USB \u012fkrovimas rei\u0161kia, kad j\u012f galite \u012fkrauti i\u0161 i\u0161orinio akumuliatoriaus ar ne\u0161iojamojo kompiuterio, tod\u0117l jis idealiai tinka kelion\u0117ms ar naudojimui namuose.\u00a0\u00a0<\/p>\n<p>&#8211; \u201eEasyClean\u201c sistema paprastam skalavimui: valymas yra greitas ir nesud\u0117tingas. IPX7 atsparus vandeniui dizainas leid\u017eia skalauti skustuv\u0105 po tekan\u010diu vandeniu, kad po naudojimo lengvai nuplautum\u0117te plaukus ir ne\u0161varumus.\u00a0\u00a0<\/p>\n<p>&#8211; Naudojimas dr\u0117gnuoju ir sausuoju b\u016bdu su i\u0161\u0161okan\u010diu trimmeriu: Naudokite su skutimosi putomis du\u0161e arba sausai, nor\u0117dami greitai apkirpti. \u012emontuotas i\u0161\u0161okantis trimmeris suteikia universalumo, puikiai tinka \u0161onini\u0173 \u016bs\u0173 apkirpimui ir veido plauk\u0173 formavimui.<\/p>\n<p>Komplektacija: 1 x elektrinis skustuvas  1 x \u012fkrovimo kabelis  1 x valymo \u0161epet\u0117lis  1 x apsauginis dangtelis<\/p>\n<\/p>\n<p><img decoding=\"async\" alt=\"\" src=\"https:\/\/img.sellercube.com\/hwyimg\/513c7198-f282-4370-a7bd-4519f7a975b8.jpg\"><img decoding=\"async\" alt=\"\" src=\"https:\/\/img.sellercube.com\/hwyimg\/e0c76d28-b272-4af4-9629-77fc665819e4.jpg\"><img decoding=\"async\" alt=\"\" src=\"https:\/\/img.sellercube.com\/hwyimg\/96c08d42-97e1-491b-b8f8-857b72c6afe4.jpg\"><img decoding=\"async\" alt=\"\" src=\"https:\/\/img.sellercube.com\/hwyimg\/7461c586-8432-430b-8dbf-07072a093da3.jpg\"><img decoding=\"async\" alt=\"\" src=\"https:\/\/img.sellercube.com\/hwyimg\/bcecc3d9-62c9-46b5-815e-a01511adf638.jpg\"><img decoding=\"async\" alt=\"\" src=\"https:\/\/img.sellercube.com\/hwyimg\/57198ec0-f6e6-466c-a3eb-e438e55a2054.jpg\"><img decoding=\"async\" alt=\"\" src=\"https:\/\/img.sellercube.com\/hwyimg\/0ed33b1f-61ac-4ec9-b117-cde25411d31c.jpg\"><img decoding=\"async\" alt=\"\" src=\"https:\/\/img.sellercube.com\/hwyimg\/39348994-a926-4e09-9841-1c12fa41a0ad.jpg\"><\/p>","protected":false},"excerpt":{"rendered":"<p>Techniniai duomenys: Gamintojas: MOOSOO Modelis: RS726 Akumuliatorius: 600 mAh Ni-MH akumuliatorius \u012ekrovimo trukm\u0117: 8 valandos Veikimo trukm\u0117: 50 min. Matmenys: 14 \u00d7 5 cm Spalva: Juoda Atsparumas vandeniui: IPX7 Savyb\u0117s: &#8211; Plaukiojanti galvut\u0117 skland\u017eiam skutimui: Skutiklio galvut\u0117 \u0161velniai seka veido kont\u016brus, prisitaikydama taip, kad peiliukai b\u016bt\u0173 arti odos. Tai padeda u\u017etikrinti patog\u0173 skutim\u0105 ir skland\u0173 [&hellip;]<\/p>\n","protected":false},"featured_media":4434,"comment_status":"open","ping_status":"closed","template":"","meta":[],"product_brand":[],"product_cat":[25],"product_tag":[354,351,353,352,165],"class_list":{"0":"post-4435","1":"product","2":"type-product","3":"status-publish","4":"has-post-thumbnail","6":"product_cat-grozis-ir-sveikata","7":"product_tag-electric-shaver-2","8":"product_tag-beauty-hair-2","9":"product_tag-razors-shaving-accessories-2","10":"product_tag-shavers-and-hair-removal-2","11":"product_tag-health","13":"first","14":"instock","15":"shipping-taxable","16":"purchasable","17":"product-type-variable"},"_links":{"self":[{"href":"https:\/\/topsmart.store\/en\/wp-json\/wp\/v2\/product\/4435","targetHints":{"allow":["GET"]}}],"collection":[{"href":"https:\/\/topsmart.store\/en\/wp-json\/wp\/v2\/product"}],"about":[{"href":"https:\/\/topsmart.store\/en\/wp-json\/wp\/v2\/types\/product"}],"replies":[{"embeddable":true,"href":"https:\/\/topsmart.store\/en\/wp-json\/wp\/v2\/comments?post=4435"}],"wp:featuredmedia":[{"embeddable":true,"href":"https:\/\/topsmart.store\/en\/wp-json\/wp\/v2\/media\/4434"}],"wp:attachment":[{"href":"https:\/\/topsmart.store\/en\/wp-json\/wp\/v2\/media?parent=4435"}],"wp:term":[{"taxonomy":"product_brand","embeddable":true,"href":"https:\/\/topsmart.store\/en\/wp-json\/wp\/v2\/product_brand?post=4435"},{"taxonomy":"product_cat","embeddable":true,"href":"https:\/\/topsmart.store\/en\/wp-json\/wp\/v2\/product_cat?post=4435"},{"taxonomy":"product_tag","embeddable":true,"href":"https:\/\/topsmart.store\/en\/wp-json\/wp\/v2\/product_tag?post=4435"}],"curies":[{"name":"wp","href":"https:\/\/api.w.org\/{rel}","templated":true}]}}