{"id":4444,"date":"2026-04-21T09:12:53","date_gmt":"2026-04-21T07:12:53","guid":{"rendered":"https:\/\/topsmart.store\/product\/eu-direct-moosoo-rs1901-6-in-1-multi-grooming-kit-for-men-electric-shaver-hair-trimmer-beard-trimmer-nose-hair-trimmer-body-groomer-ipx7-waterproof-lcd-display\/"},"modified":"2026-04-21T09:13:29","modified_gmt":"2026-04-21T07:13:29","slug":"eu-direct-moosoo-rs1901-6-in-1-multi-grooming-kit-for-men-electric-shaver-hair-trimmer-beard-trimmer-nose-hair-trimmer-body-groomer-ipx7-waterproof-lcd-display","status":"publish","type":"product","link":"https:\/\/topsmart.store\/en\/product\/eu-direct-moosoo-rs1901-6-in-1-multi-grooming-kit-for-men-electric-shaver-hair-trimmer-beard-trimmer-nose-hair-trimmer-body-groomer-ipx7-waterproof-lcd-display\/","title":{"rendered":"[EU Direct] MOOSOO RS1901 6-in-1 Multi-Grooming Kit for Men Electric Shaver Hair Trimmer Beard Trimmer &amp; Nose Hair Trimmer Body Groomer IPX7 Waterproof LCD Display"},"content":{"rendered":"<p>Specifikacija: Prek\u0117s \u017eenklas: MOOSO Modelis: RS1901 Tipas: 6-in-1 daugiafunkcinis prie\u017ei\u016bros rinkinys Baterija: 800 mAh li\u010dio baterija Atsparumas vandeniui: IPX7<\/p>\n<p>Savyb\u0117s: &#8211; 6-in-1 pilnas prie\u017ei\u016bros rinkinys: \u0160is visk\u0105 apimantis prie\u017ei\u016bros rinkinys komplektuojamas su 5 specializuotais priedais: tiksliuoju trimmeriu, k\u016bno prie\u017ei\u016bros prietaisu, nosies ir aus\u0173 trimmeriu, mikro skustuvu ir dizaino trimmeriu. Vienu patogiu rinkiniu patenkinkite visus savo prie\u017ei\u016bros poreikius \u2013 nuo veido plauk\u0173 iki k\u016bno kirpimo.\u00a0\u00a0<\/p>\n<p>&#8211; Tiksli kirpimo ilgis su reguliuojamais ilgiais: Pasiekite norim\u0105 i\u0161vaizd\u0105 su 4 kreipiamaisiais \u0161ukais 3\/6\/9\/12 mm ir atskiru 4 lygi\u0173 \u0161uku 1\/2\/3\/4 mm. U-formos ir T-formos peiliukai dirba kartu, kad kiekvien\u0105 kart\u0105 u\u017etikrint\u0173 tikslius kirpimo ilgius ir tobulai suformuotus veido plaukus.\u00a0\u00a0<\/p>\n<p>&#8211; Pa\u017eangus skaitmeninis ekranas ir greitas USB \u012fkrovimas: ai\u0161kus LCD ekranas leid\u017eia i\u0161 pirmo \u017evilgsnio pamatyti akumuliatoriaus b\u016bsen\u0105 ir nustatymus. Naudodami greit\u0105 USB \u012fkrovim\u0105, vos per 1 valand\u0105 \u012fkrovimo gausite 2 valandas veikimo laiko \u2013 tai puikiai tinka kelion\u0117ms ir aktyviam gyvenimo b\u016bdui.\u00a0\u00a0<\/p>\n<p>&#8211; Visi\u0161ka IPX7 atsparumo vandeniui apsauga: Sukurtas visi\u0161kai atsparus vandeniui, tod\u0117l vis\u0105 \u012frengin\u012f galite saugiai nuplauti po tekan\u010diu vandeniu. M\u0117gaukit\u0117s patogumu naudoti dr\u0117gnuoju ir sausuoju b\u016bdu bei lengvu valymu po kiekvienos prie\u017ei\u016bros sesijos.\u00a0\u00a0<\/p>\n<p>&#8211; Auk\u0161tos kokyb\u0117s peiliai skland\u017eiems rezultatams: \u012erengtas a\u0161triais, atspariais korozijai peiliais, kurie ilgai i\u0161laiko savo a\u0161trum\u0105. Ergonomi\u0161kas dizainas ir lengvai \u012fjungiamas\/i\u0161jungiamas jungiklis u\u017etikrina patog\u0173 naudojim\u0105 ir tiksl\u0173 valdym\u0105 naudojimo metu.<\/p>\n<p>Komplektacijoje: 1 x daugiafunkcinis prie\u017ei\u016bros rinkinys<\/p>\n<\/p>\n<p><img decoding=\"async\" alt=\"\" src=\"https:\/\/img.sellercube.com\/hwyimg\/2a45ae3b-c49c-49ec-9ab4-002b6ca42a10.jpg\"><img decoding=\"async\" alt=\"\" src=\"https:\/\/img.sellercube.com\/hwyimg\/2dab4314-0605-4893-bd3a-8873da8eca06.jpg\"><img decoding=\"async\" alt=\"\" src=\"https:\/\/img.sellercube.com\/hwyimg\/4293cbaf-2a08-495c-8909-22c2649d2da5.jpg\"><img decoding=\"async\" alt=\"\" src=\"https:\/\/img.sellercube.com\/hwyimg\/d408a667-84ad-4978-9895-ffe4de9c540c.jpg\"><img decoding=\"async\" alt=\"\" src=\"https:\/\/img.sellercube.com\/hwyimg\/5b130910-4b75-4e82-8879-39bfff4df220.jpg\"><img decoding=\"async\" alt=\"\" src=\"https:\/\/img.sellercube.com\/hwyimg\/07af42fb-26ca-4850-80c6-dd2b18c56de3.jpg\"><img decoding=\"async\" alt=\"\" src=\"https:\/\/img.sellercube.com\/hwyimg\/26e5e513-71f5-41d6-a659-10a175f8afc7.jpg\"><\/p>","protected":false},"excerpt":{"rendered":"<p>\ufeffSpecifikacija: Prek\u0117s \u017eenklas: MOOSO Modelis: RS1901 Tipas: 6-in-1 daugiafunkcinis prie\u017ei\u016bros rinkinys Baterija: 800 mAh li\u010dio baterija Atsparumas vandeniui: IPX7 Savyb\u0117s: &#8211; 6-in-1 pilnas prie\u017ei\u016bros rinkinys: \u0160is visk\u0105 apimantis prie\u017ei\u016bros rinkinys komplektuojamas su 5 specializuotais priedais: tiksliuoju trimmeriu, k\u016bno prie\u017ei\u016bros prietaisu, nosies ir aus\u0173 trimmeriu, mikro skustuvu ir dizaino trimmeriu. Vienu patogiu rinkiniu patenkinkite visus savo [&hellip;]<\/p>\n","protected":false},"featured_media":4443,"comment_status":"open","ping_status":"closed","template":"","meta":[],"product_brand":[],"product_cat":[25],"product_tag":[354,351,353,352,165],"class_list":{"0":"post-4444","1":"product","2":"type-product","3":"status-publish","4":"has-post-thumbnail","6":"product_cat-grozis-ir-sveikata","7":"product_tag-electric-shaver-2","8":"product_tag-beauty-hair-2","9":"product_tag-razors-shaving-accessories-2","10":"product_tag-shavers-and-hair-removal-2","11":"product_tag-health","13":"first","14":"instock","15":"shipping-taxable","16":"purchasable","17":"product-type-variable"},"_links":{"self":[{"href":"https:\/\/topsmart.store\/en\/wp-json\/wp\/v2\/product\/4444","targetHints":{"allow":["GET"]}}],"collection":[{"href":"https:\/\/topsmart.store\/en\/wp-json\/wp\/v2\/product"}],"about":[{"href":"https:\/\/topsmart.store\/en\/wp-json\/wp\/v2\/types\/product"}],"replies":[{"embeddable":true,"href":"https:\/\/topsmart.store\/en\/wp-json\/wp\/v2\/comments?post=4444"}],"wp:featuredmedia":[{"embeddable":true,"href":"https:\/\/topsmart.store\/en\/wp-json\/wp\/v2\/media\/4443"}],"wp:attachment":[{"href":"https:\/\/topsmart.store\/en\/wp-json\/wp\/v2\/media?parent=4444"}],"wp:term":[{"taxonomy":"product_brand","embeddable":true,"href":"https:\/\/topsmart.store\/en\/wp-json\/wp\/v2\/product_brand?post=4444"},{"taxonomy":"product_cat","embeddable":true,"href":"https:\/\/topsmart.store\/en\/wp-json\/wp\/v2\/product_cat?post=4444"},{"taxonomy":"product_tag","embeddable":true,"href":"https:\/\/topsmart.store\/en\/wp-json\/wp\/v2\/product_tag?post=4444"}],"curies":[{"name":"wp","href":"https:\/\/api.w.org\/{rel}","templated":true}]}}