{"id":4464,"date":"2026-04-21T11:27:18","date_gmt":"2026-04-21T09:27:18","guid":{"rendered":"https:\/\/topsmart.store\/product\/4-5-heads-red-light-lamp-with-stand-and-timer-for-relaxing-body-promotes-blood-circulation-relieves-fatigue-and-face-skin-care\/"},"modified":"2026-04-21T11:43:56","modified_gmt":"2026-04-21T09:43:56","slug":"4-5-heads-red-light-lamp-with-stand-and-timer-for-relaxing-body-promotes-blood-circulation-relieves-fatigue-and-face-skin-care","status":"publish","type":"product","link":"https:\/\/topsmart.store\/en\/product\/4-5-heads-red-light-lamp-with-stand-and-timer-for-relaxing-body-promotes-blood-circulation-relieves-fatigue-and-face-skin-care\/","title":{"rendered":"4\/5 Heads Red Light Lamp with Stand and Timer for Relaxing Body Promotes Blood Circulation Relieves Fatigue and Face Skin Care"},"content":{"rendered":"<ul>\n<li><strong>Prek\u0117s \u017eenklas:<\/strong> ZONGKUNG<\/li>\n<li><strong>Maitinimo \u0161altinis:<\/strong> USB \u012fkroviklis<\/li>\n<li><strong>Med\u017eiaga:<\/strong> plastikas<\/li>\n<li><strong>Pavojingos chemin\u0117s med\u017eiagos:<\/strong> n\u0117ra<\/li>\n<li><strong>Kilm\u0117s \u0161alis:<\/strong> Kinijos \u017eemynin\u0117 dalis<\/li>\n<li><strong>Ar baterijos \u012ftrauktos:<\/strong> Ne<\/li>\n<li><strong>Reikalinga medicinin\u0117 prie\u017ei\u016bra? :<\/strong> N<\/li>\n<li><strong>Veikimo principas:<\/strong> Kiti<\/li>\n<li><strong>Gamybos procesas:<\/strong> pagaminta ma\u0161ina<\/li>\n<li><strong>Sertifikavimas:<\/strong> UL<\/li>\n<li><strong>Sertifikatas:<\/strong> RoHS<\/li>\n<li><strong>Sertifikatas:<\/strong> pse<\/li>\n<li><strong>Sertifikatas:<\/strong> PSB<\/li>\n<li><strong>Sertifikatas:<\/strong> KC<\/li>\n<li><strong>Sertifikatas:<\/strong> GS<\/li>\n<li><strong>Sertifikatas:<\/strong> FCC<\/li>\n<li><strong>Sertifikatas:<\/strong> ETL<\/li>\n<li><strong>Sertifikatas:<\/strong> CE<\/li>\n<li><strong>Sertifikatas:<\/strong> CCC<\/li>\n<li><strong>Funkcija:<\/strong> veido valymas<\/li>\n<li><strong>Funkcija:<\/strong> odos stangrinimas<\/li>\n<li><strong>Funkcija:<\/strong> odos atjauninimas<\/li>\n<li><strong>Funkcija:<\/strong> Odos dr\u0117kinimas<\/li>\n<li><strong>Funkcija:<\/strong> Negyvos odos pa\u0161alinimas<\/li>\n<li><strong>Funkcija:<\/strong> kovai su spuogais<\/li>\n<li><strong>Funkcija:<\/strong> d\u0117mi\u0173 pa\u0161alinimas<\/li>\n<li><strong>Funkcija:<\/strong> rauk\u0161li\u0173 ma\u017einimas<\/li>\n<li><strong>Funkcija:<\/strong> Balinimas<\/li>\n<li><strong>Funkcija:<\/strong> odos stangrinimas<\/li>\n<li><strong>Vienet\u0173 skai\u010dius:<\/strong> Komplektas<\/li>\n<li><strong>Prek\u0117s kokyb\u0117s sertifikatas:<\/strong> CE<\/li>\n<li><strong>Standartin\u0117 \u012ftampa:<\/strong> 110 V<\/li>\n<li><strong>Standartin\u0117 \u012ftampa:<\/strong> 240 V<\/li>\n<li><strong>Maitinimo \u0161altinis:<\/strong> ES<\/li>\n<li><strong>Maitinimo \u0161altinis:<\/strong> JK<\/li>\n<li><strong>Maitinimo \u0161altinis:<\/strong> JAV<\/li>\n<li><strong>Maitinimo \u0161altinis:<\/strong> AU<\/li>\n<li><strong>660 nm + 850 nm:<\/strong> 5 grei\u010dio reguliavimas<\/li>\n<li><strong>12 V, 2 A:<\/strong> 50\u201360 Hz<\/li>\n<li><strong>Raudona LED \u0161viesa:<\/strong> raudonos \u0161viesos terapijos prietaisas k\u016bnui<\/li>\n<li><strong>K\u016bno nuovargiui mal\u0161inti:<\/strong> infraraudon\u0173j\u0173 spinduli\u0173 lempa fizioterapijai<\/li>\n<li><strong>Prie\u0161 rauk\u0161les:<\/strong> gro\u017eio prietaisas<\/li>\n<\/ul>","protected":false},"excerpt":{"rendered":"<p>Prek\u0117s \u017eenklas: ZONGKUNG Maitinimo \u0161altinis: USB \u012fkroviklis Med\u017eiaga: plastikas Pavojingos chemin\u0117s med\u017eiagos: n\u0117ra Kilm\u0117s \u0161alis: Kinijos \u017eemynin\u0117 dalis Ar baterijos \u012ftrauktos: Ne Reikalinga medicinin\u0117 prie\u017ei\u016bra? : N Veikimo principas: Kiti Gamybos procesas: pagaminta ma\u0161ina Sertifikavimas: UL Sertifikatas: RoHS Sertifikatas: pse Sertifikatas: PSB Sertifikatas: KC Sertifikatas: GS Sertifikatas: FCC Sertifikatas: ETL Sertifikatas: CE Sertifikatas: CCC Funkcija: [&hellip;]<\/p>\n","protected":false},"featured_media":4463,"comment_status":"open","ping_status":"closed","template":"","meta":[],"product_brand":[],"product_cat":[25],"product_tag":[],"class_list":{"0":"post-4464","1":"product","2":"type-product","3":"status-publish","4":"has-post-thumbnail","6":"product_cat-grozis-ir-sveikata","8":"first","9":"instock","10":"shipping-taxable","11":"purchasable","12":"product-type-variable"},"_links":{"self":[{"href":"https:\/\/topsmart.store\/en\/wp-json\/wp\/v2\/product\/4464","targetHints":{"allow":["GET"]}}],"collection":[{"href":"https:\/\/topsmart.store\/en\/wp-json\/wp\/v2\/product"}],"about":[{"href":"https:\/\/topsmart.store\/en\/wp-json\/wp\/v2\/types\/product"}],"replies":[{"embeddable":true,"href":"https:\/\/topsmart.store\/en\/wp-json\/wp\/v2\/comments?post=4464"}],"wp:featuredmedia":[{"embeddable":true,"href":"https:\/\/topsmart.store\/en\/wp-json\/wp\/v2\/media\/4463"}],"wp:attachment":[{"href":"https:\/\/topsmart.store\/en\/wp-json\/wp\/v2\/media?parent=4464"}],"wp:term":[{"taxonomy":"product_brand","embeddable":true,"href":"https:\/\/topsmart.store\/en\/wp-json\/wp\/v2\/product_brand?post=4464"},{"taxonomy":"product_cat","embeddable":true,"href":"https:\/\/topsmart.store\/en\/wp-json\/wp\/v2\/product_cat?post=4464"},{"taxonomy":"product_tag","embeddable":true,"href":"https:\/\/topsmart.store\/en\/wp-json\/wp\/v2\/product_tag?post=4464"}],"curies":[{"name":"wp","href":"https:\/\/api.w.org\/{rel}","templated":true}]}}