{"id":4473,"date":"2026-04-21T11:28:58","date_gmt":"2026-04-21T09:28:58","guid":{"rendered":"https:\/\/topsmart.store\/product\/30-level-massage-gun-fascia-deep-muscle-relax-body-neck-massager-electric-fitness-equipment-noise-reduction-male-female\/"},"modified":"2026-04-21T11:43:50","modified_gmt":"2026-04-21T09:43:50","slug":"30-level-massage-gun-fascia-deep-muscle-relax-body-neck-massager-electric-fitness-equipment-noise-reduction-male-female","status":"publish","type":"product","link":"https:\/\/topsmart.store\/en\/product\/30-level-massage-gun-fascia-deep-muscle-relax-body-neck-massager-electric-fitness-equipment-noise-reduction-male-female\/","title":{"rendered":"30 Level Massage Gun Fascia Deep Muscle Relax Body Neck Massager Electric Fitness Equipment Noise Reduction Male Female"},"content":{"rendered":"<ul>\n<li><strong>Prek\u0117s \u017eenklas:<\/strong> N\u0116RA<\/li>\n<li><strong>Naudojimo b\u016bdas:<\/strong> elektrinis<\/li>\n<li><strong>Pavojingos chemin\u0117s med\u017eiagos:<\/strong> n\u0117ra<\/li>\n<li><strong>Kilm\u0117s \u0161alis:<\/strong> Kinijos \u017eemynin\u0117 dalis<\/li>\n<li><strong>Med\u017eiaga:<\/strong> ABS<\/li>\n<li><strong>Prek\u0117s \u017eenklas:<\/strong> FODRK<\/li>\n<\/ul>","protected":false},"excerpt":{"rendered":"<p>Prek\u0117s \u017eenklas: N\u0116RA Naudojimo b\u016bdas: elektrinis Pavojingos chemin\u0117s med\u017eiagos: n\u0117ra Kilm\u0117s \u0161alis: Kinijos \u017eemynin\u0117 dalis Med\u017eiaga: ABS Prek\u0117s \u017eenklas: FODRK<\/p>","protected":false},"featured_media":4472,"comment_status":"open","ping_status":"closed","template":"","meta":[],"product_brand":[],"product_cat":[25],"product_tag":[],"class_list":{"0":"post-4473","1":"product","2":"type-product","3":"status-publish","4":"has-post-thumbnail","6":"product_cat-grozis-ir-sveikata","8":"first","9":"instock","10":"shipping-taxable","11":"purchasable","12":"product-type-variable"},"_links":{"self":[{"href":"https:\/\/topsmart.store\/en\/wp-json\/wp\/v2\/product\/4473","targetHints":{"allow":["GET"]}}],"collection":[{"href":"https:\/\/topsmart.store\/en\/wp-json\/wp\/v2\/product"}],"about":[{"href":"https:\/\/topsmart.store\/en\/wp-json\/wp\/v2\/types\/product"}],"replies":[{"embeddable":true,"href":"https:\/\/topsmart.store\/en\/wp-json\/wp\/v2\/comments?post=4473"}],"wp:featuredmedia":[{"embeddable":true,"href":"https:\/\/topsmart.store\/en\/wp-json\/wp\/v2\/media\/4472"}],"wp:attachment":[{"href":"https:\/\/topsmart.store\/en\/wp-json\/wp\/v2\/media?parent=4473"}],"wp:term":[{"taxonomy":"product_brand","embeddable":true,"href":"https:\/\/topsmart.store\/en\/wp-json\/wp\/v2\/product_brand?post=4473"},{"taxonomy":"product_cat","embeddable":true,"href":"https:\/\/topsmart.store\/en\/wp-json\/wp\/v2\/product_cat?post=4473"},{"taxonomy":"product_tag","embeddable":true,"href":"https:\/\/topsmart.store\/en\/wp-json\/wp\/v2\/product_tag?post=4473"}],"curies":[{"name":"wp","href":"https:\/\/api.w.org\/{rel}","templated":true}]}}