{"id":4618,"date":"2026-04-21T11:35:39","date_gmt":"2026-04-21T09:35:39","guid":{"rendered":"https:\/\/topsmart.store\/?post_type=product&#038;p=4618"},"modified":"2026-05-11T19:14:32","modified_gmt":"2026-05-11T17:14:32","slug":"200kg-vibration-plate-9-muscle-stimulation-programs-built-in-bluetooth-speaker-home-body-workout-machine","status":"publish","type":"product","link":"https:\/\/topsmart.store\/en\/product\/200kg-vibration-plate-9-muscle-stimulation-programs-built-in-bluetooth-speaker-home-body-workout-machine\/","title":{"rendered":"200KG Vibration Plate, 9 Muscle Stimulation Programs, Built-in Bluetooth Speaker - Home Body Workout Machine"},"content":{"rendered":"<p>\n<div class=\"detailmodule_html\">\n<div class=\"detail-desc-decorate-richtext\">\n<p style=\"text-align:center\" align=\"center\"><strong><span style=\"font-size:18px\">200 kg svorio vibracin\u0117 treniruoklio plok\u0161t\u0117 \u2013 9 raumen\u0173 stimuliacijos program\u0173 re\u017eimai \u2013 1 \u012fmontuotas \u201eBluetooth\u201c garsiakalbis, skirtas viso k\u016bno treniruot\u0117ms<\/span><\/strong><\/p>\n<p><strong><span style=\"font-size:18px\">Techniniai parametrai:<\/span><\/strong><\/p>\n<p><span style=\"font-size:16px\">Rankinis re\u017eimas: reguliuojamas laikas + j\u0117gos pakopa<\/span><\/p>\n<p><span style=\"font-size:16px\">Fiksuotas re\u017eimas: sportinis re\u017eimas su 9 pasirenkamais grei\u010diais<\/span><\/p>\n<p><span style=\"font-size:16px\">Krovumas: 200 kg<\/span><\/p>\n<p><span style=\"font-size:16px\">Garsiakalbis: 1 didelis garsiakalbis<\/span><\/p>\n<p><span style=\"font-size:16px\">\u201eBluetooth\u201c: taip<\/span><\/p>\n<p><span style=\"font-size:16px\">Nuotolinis valdymas: Taip (pateikiamas su 2 Nr. 7 baterijomis maitinimui)<\/span><\/p>\n<p><span style=\"font-size:16px\">Nominali maitinimo \u012ftampa: AC 220 V \/ 50 Hz<\/span><\/p>\n<p><span style=\"font-size:16px\">Maitinimo laido ilgis: 1 metras<\/span><\/p>\n<p><span style=\"font-size:16px\">Ap\u0161vietimas: spalvotos RGB lemput\u0117s abiejose pus\u0117se<\/span><\/p>\n<p><span style=\"font-size:16px\">Pakuot\u0117s matmenys: 68 \u00d7 39 \u00d7 17 cm<\/span><\/p>\n<p><span style=\"font-size:16px\">Pakuot\u0117: popierin\u0117 d\u0117\u017eut\u0117 su u\u017era\u0161ais angl\u0173 kalba<\/span><\/p>\n<p><span style=\"font-size:16px\">Svoris su pakuote: 8700 g<\/span><\/p>\n<p><span style=\"font-size:16px\">Med\u017eiaga: ABS<\/span><\/p>\n<p><span style=\"font-size:16px\">Produkto matmenys: 62 * 36 * 12 cm<\/span><\/p>\n<p><span style=\"font-size:16px\">Grynasis svoris: 7,2 kg<\/span><\/p>\n<p><span style=\"font-size:16px\">Sportin\u0117 pavara: 9 pavaros (laisvai perjungiamos)<\/span><\/p>\n<p><span style=\"font-size:16px\">J\u0117gos pavaros: 200 pavar\u0173 (laisvai reguliuojamos)<\/span><\/p>\n<p><img decoding=\"async\" src=\"https:\/\/ae01.alicdn.com\/kf\/S07316407f01346ea8f1f702611c38b5eD.jpg\" slate-data-type=\"image\"\/><img decoding=\"async\" src=\"https:\/\/ae01.alicdn.com\/kf\/S0338e6943e864683bd2b5748dd6c7234n.jpg\" slate-data-type=\"image\"\/><img decoding=\"async\" src=\"https:\/\/ae01.alicdn.com\/kf\/S6da351f0c1014506920f038b2682fac8L.jpg\" slate-data-type=\"image\"\/><img decoding=\"async\" src=\"https:\/\/ae01.alicdn.com\/kf\/S4b23346e102643f3a09c7fb6b6d474fcz.jpg\" slate-data-type=\"image\"\/><img decoding=\"async\" src=\"https:\/\/ae01.alicdn.com\/kf\/S9b3df5fbc52d43879465d68c0d27b2bfl.jpg\" slate-data-type=\"image\"\/><img decoding=\"async\" src=\"https:\/\/ae01.alicdn.com\/kf\/S0c41e98b311e403a98cbded8a3c9b051P.jpg\" slate-data-type=\"image\"\/><img decoding=\"async\" src=\"https:\/\/ae01.alicdn.com\/kf\/S351bd69415aa4f6ab8df341621274d66K.jpg\" slate-data-type=\"image\"\/><img decoding=\"async\" src=\"https:\/\/ae01.alicdn.com\/kf\/Sc136e83440e9438b8f0999ab29a9fd6bP.jpg\" slate-data-type=\"image\"\/><img decoding=\"async\" src=\"https:\/\/ae01.alicdn.com\/kf\/S0a1d90cd3e5c41e791e06db5801e2c4d1.jpg\" slate-data-type=\"image\"\/><img decoding=\"async\" src=\"https:\/\/ae01.alicdn.com\/kf\/S1d4e5b5f643c4dafbf93813d18c67b00D.jpg\" slate-data-type=\"image\"\/><img decoding=\"async\" src=\"https:\/\/ae01.alicdn.com\/kf\/S5d07827397b5410096dde7ed37426860t.jpg\" slate-data-type=\"image\"\/><img decoding=\"async\" src=\"https:\/\/ae01.alicdn.com\/kf\/Se637d4cb40a04500b8ffe5fcae7a1a90v.jpg\" slate-data-type=\"image\"\/><img decoding=\"async\" src=\"https:\/\/ae01.alicdn.com\/kf\/S80439eb7ab5a45e985472911d8141f07a.jpg\" slate-data-type=\"image\"\/><\/p>\n<div><\/div>\n<\/div>\n<\/div>\n<p><\/p>\n<p><img decoding=\"async\" class=\"img-responsive\" src=\"\/\/ae01.alicdn.com\/kf\/S07316407f01346ea8f1f702611c38b5eD.jpg\"\/><img decoding=\"async\" class=\"img-responsive\" src=\"\/\/ae01.alicdn.com\/kf\/S0338e6943e864683bd2b5748dd6c7234n.jpg\"\/><img decoding=\"async\" class=\"img-responsive\" src=\"\/\/ae01.alicdn.com\/kf\/S6da351f0c1014506920f038b2682fac8L.jpg\"\/><img decoding=\"async\" class=\"img-responsive\" src=\"\/\/ae01.alicdn.com\/kf\/S4b23346e102643f3a09c7fb6b6d474fcz.jpg\"\/><img decoding=\"async\" class=\"img-responsive\" src=\"\/\/ae01.alicdn.com\/kf\/S9b3df5fbc52d43879465d68c0d27b2bfl.jpg\"\/><img decoding=\"async\" class=\"img-responsive\" src=\"\/\/ae01.alicdn.com\/kf\/S0c41e98b311e403a98cbded8a3c9b051P.jpg\"\/><img decoding=\"async\" class=\"img-responsive\" src=\"\/\/ae01.alicdn.com\/kf\/S351bd69415aa4f6ab8df341621274d66K.jpg\"\/><img decoding=\"async\" class=\"img-responsive\" src=\"\/\/ae01.alicdn.com\/kf\/Sc136e83440e9438b8f0999ab29a9fd6bP.jpg\"\/><img decoding=\"async\" class=\"img-responsive\" src=\"\/\/ae01.alicdn.com\/kf\/S0a1d90cd3e5c41e791e06db5801e2c4d1.jpg\"\/><img decoding=\"async\" class=\"img-responsive\" src=\"\/\/ae01.alicdn.com\/kf\/S1d4e5b5f643c4dafbf93813d18c67b00D.jpg\"\/><img decoding=\"async\" class=\"img-responsive\" src=\"\/\/ae01.alicdn.com\/kf\/S5d07827397b5410096dde7ed37426860t.jpg\"\/><img decoding=\"async\" class=\"img-responsive\" src=\"\/\/ae01.alicdn.com\/kf\/Se637d4cb40a04500b8ffe5fcae7a1a90v.jpg\"\/><img decoding=\"async\" class=\"img-responsive\" src=\"\/\/ae01.alicdn.com\/kf\/S80439eb7ab5a45e985472911d8141f07a.jpg\"\/><\/p>","protected":false},"excerpt":{"rendered":"<p>200 kg svorio vibracin\u0117 treniruoklio plok\u0161t\u0117 \u2013 9 raumen\u0173 stimuliacijos program\u0173 re\u017eimai \u2013 1 \u012fmontuotas \u201eBluetooth\u201c garsiakalbis, skirtas viso k\u016bno treniruot\u0117ms Techniniai parametrai: Rankinis re\u017eimas: reguliuojamas laikas + j\u0117gos pakopa Fiksuotas re\u017eimas: sportinis re\u017eimas su 9 pasirenkamais grei\u010diais Krovumas: 200 kg Garsiakalbis: 1 didelis garsiakalbis \u201eBluetooth\u201c: taip Nuotolinis valdymas: Taip (pateikiamas su 2 Nr. 7 [&hellip;]<\/p>\n","protected":false},"featured_media":4619,"comment_status":"open","ping_status":"closed","template":"","meta":[],"product_brand":[],"product_cat":[26,25],"product_tag":[],"class_list":{"0":"post-4618","1":"product","2":"type-product","3":"status-publish","4":"has-post-thumbnail","6":"product_cat-pramogos-ir-sportas","7":"product_cat-grozis-ir-sveikata","8":"pa_color-9-sport-gears","10":"first","11":"instock","12":"sale","13":"shipping-taxable","14":"purchasable","15":"product-type-simple"},"_links":{"self":[{"href":"https:\/\/topsmart.store\/en\/wp-json\/wp\/v2\/product\/4618","targetHints":{"allow":["GET"]}}],"collection":[{"href":"https:\/\/topsmart.store\/en\/wp-json\/wp\/v2\/product"}],"about":[{"href":"https:\/\/topsmart.store\/en\/wp-json\/wp\/v2\/types\/product"}],"replies":[{"embeddable":true,"href":"https:\/\/topsmart.store\/en\/wp-json\/wp\/v2\/comments?post=4618"}],"wp:featuredmedia":[{"embeddable":true,"href":"https:\/\/topsmart.store\/en\/wp-json\/wp\/v2\/media\/4619"}],"wp:attachment":[{"href":"https:\/\/topsmart.store\/en\/wp-json\/wp\/v2\/media?parent=4618"}],"wp:term":[{"taxonomy":"product_brand","embeddable":true,"href":"https:\/\/topsmart.store\/en\/wp-json\/wp\/v2\/product_brand?post=4618"},{"taxonomy":"product_cat","embeddable":true,"href":"https:\/\/topsmart.store\/en\/wp-json\/wp\/v2\/product_cat?post=4618"},{"taxonomy":"product_tag","embeddable":true,"href":"https:\/\/topsmart.store\/en\/wp-json\/wp\/v2\/product_tag?post=4618"}],"curies":[{"name":"wp","href":"https:\/\/api.w.org\/{rel}","templated":true}]}}