{"id":4639,"date":"2026-04-21T11:36:37","date_gmt":"2026-04-21T09:36:37","guid":{"rendered":"https:\/\/topsmart.store\/?post_type=product&#038;p=4639"},"modified":"2026-05-13T19:34:46","modified_gmt":"2026-05-13T17:34:46","slug":"upgraded-vibration-plate-weight-loss-exercise-full-body-fitness-massage-sports-equipment-relax-muscles-exercise-machine-silent","status":"publish","type":"product","link":"https:\/\/topsmart.store\/en\/product\/upgraded-vibration-plate-weight-loss-exercise-full-body-fitness-massage-sports-equipment-relax-muscles-exercise-machine-silent\/","title":{"rendered":"Upgraded Vibration Plate Weight Loss Exercise Full Body Fitness Massage Sports Equipment Relax Muscles Exercise Machine Silent"},"content":{"rendered":"<p>\n<p style=\"text-align:center\" align=\"center\"><strong><span style=\"color:rgba(0,0,0,255);font-size:20px\">Patobulinta vibracin\u0117 platforma: svorio metimui, visam k\u016bnui, fitnesui, masa\u017eui, sportui. Raumen\u0173 atpalaidavimo treniruoklis, tylus <\/span><\/strong><\/p>\n<p style=\"text-align:left\" align=\"left\"><strong><span style=\"color:rgba(0,0,0,255);font-size:18px\">Specifikacijos:<\/span><\/strong><\/p>\n<p><span style=\"color:rgba(0,0,0,255);font-size:18px\">Produkto med\u017eiaga: ABS<\/span><\/p>\n<p><span style=\"color:rgba(0,0,0,255);font-size:18px\">Med\u017eiaga: PP<\/span><\/p>\n<p><span style=\"color:rgba(0,0,0,255);font-size:18px\">\u012etampa: ACV200\u2013220 V<\/span><\/p>\n<p><span style=\"color:rgba(0,0,0,255);font-size:18px\">Da\u017enis: 50\/60 Hz<\/span><\/p>\n<p><span style=\"color:rgba(0,0,0,255);font-size:18px\">Galia: 200 W<\/span><\/p>\n<p><span style=\"color:rgba(0,0,0,255);font-size:18px\">\ud83c\udf87 Su p\u0117d\u0173 pagalv\u0117l\u0117mis<\/span><\/p>\n<p><span style=\"color:rgba(0,0,0,255);font-size:18px\">\ud83c\udf87 Magnetinis masa\u017eas<\/span><\/p>\n<p><span style=\"color:rgba(0,0,0,255);font-size:18px\">\ud83c\udf87 120 grei\u010di\u0173<\/span><\/p>\n<p><span style=\"color:rgba(0,0,0,255);font-size:18px\">\ud83c\udf87 Valdymas nuotolinio valdymo pultu<\/span><\/p>\n<p><span style=\"color:rgba(0,0,0,255);font-size:18px\">\ud83c\udf87 \u012erengtas P pavar\u0173 ciklo re\u017eimas<\/span><\/p>\n<p><span style=\"color:rgba(0,0,0,255);font-size:18px\">\ud83c\udf87 Vienas variklis<\/span><\/p>\n<p><span style=\"color:rgba(0,0,0,255);font-size:18px\">\ud83c\udf87 Variklis sukasi 3300 apsisukim\u0173 per minut\u0119 grei\u010diu<\/span><\/p>\n<p><span style=\"color:rgba(0,0,0,255);font-size:18px\">\ud83c\udf87 780 vibracijos da\u017enis<\/span><\/p>\n<p><span style=\"color:rgba(0,0,0,255);font-size:18px\">\ud83c\udf87 Pagrindinis ekranas<\/span><\/p>\n<p><span style=\"color:rgba(0,0,0,255);font-size:18px\">\ud83c\udf87 150 kg apkrovos talpa<\/span><\/p>\n<p><span style=\"color:rgba(0,0,0,255);font-size:18px\">\ud83c\udf87 Produkto matmenys: 47 * 33 * 13<\/span><\/p>\n<p><span style=\"color:rgba(0,0,0,255);font-size:18px\">Pristatymo pried\u0173 s\u0105ra\u0161as: riebal\u0173 \u0161alinimo \u012frenginys * 1 + naudojimo instrukcija * 1 + nuotolinio valdymo pultas * 1 + traukimo virv\u0117 * 1 pora|<\/span><\/p>\n<p><span style=\"color:rgba(0,0,0,255);font-size:18px\"><\/span><img decoding=\"async\" src=\"https:\/\/ae01.alicdn.com\/kf\/Aea2d6e19cb024dd4bc7913bb50c42bc9G.jpg\" slate-data-type=\"image\"\/><span style=\"color:rgba(0,0,0,255);font-size:18px\"><\/span><img decoding=\"async\" src=\"https:\/\/ae01.alicdn.com\/kf\/Ab281566f10754a3c86389a775540f986N.jpg\" slate-data-type=\"image\"\/><span style=\"color:rgba(0,0,0,255);font-size:18px\"><\/span><img decoding=\"async\" src=\"https:\/\/ae01.alicdn.com\/kf\/Aa6564dd0b49049d59dee597bdb0d72d53.jpg\" slate-data-type=\"image\"\/><span style=\"color:rgba(0,0,0,255);font-size:18px\"><\/span><img decoding=\"async\" src=\"https:\/\/ae01.alicdn.com\/kf\/A4bb475fc952c4b5fbd5c3b01ef8018b9p.jpg\" slate-data-type=\"image\"\/><span style=\"color:rgba(0,0,0,255);font-size:18px\"><\/span><img decoding=\"async\" src=\"https:\/\/ae01.alicdn.com\/kf\/A457820a287904e57bba482736c47f385w.jpg\" slate-data-type=\"image\"\/><span style=\"color:rgba(0,0,0,255);font-size:18px\"><\/span><img decoding=\"async\" src=\"https:\/\/ae01.alicdn.com\/kf\/Add162aba2910466082ba42f6c6189614n.jpg\" slate-data-type=\"image\"\/><span style=\"color:rgba(0,0,0,255);font-size:18px\"><\/span><img decoding=\"async\" src=\"https:\/\/ae01.alicdn.com\/kf\/A6f744880dd5848d7bcf8f31fa383cedcS.jpg\" slate-data-type=\"image\"\/><span style=\"color:rgba(0,0,0,255);font-size:18px\"><\/span><img decoding=\"async\" src=\"https:\/\/ae01.alicdn.com\/kf\/Aea2733f1330d44a5b02a4a190d6f9545j.jpg\" slate-data-type=\"image\"\/><span style=\"color:rgba(0,0,0,255);font-size:18px\"><\/span><img decoding=\"async\" src=\"https:\/\/ae01.alicdn.com\/kf\/A59236bf3517b43dcbf50d564cf55922dl.jpg\" slate-data-type=\"image\"\/><span style=\"color:rgba(0,0,0,255);font-size:18px\"><\/span><img decoding=\"async\" src=\"https:\/\/ae01.alicdn.com\/kf\/Ab6bb123bd895447795771d80e7d6e80fZ.jpg\" slate-data-type=\"image\"\/><span style=\"color:rgba(0,0,0,255);font-size:18px\"><\/span><img decoding=\"async\" src=\"https:\/\/ae01.alicdn.com\/kf\/A615a9bfb22b448d69ed6d4a9822a59d7b.jpg\" slate-data-type=\"image\"\/><span style=\"color:rgba(0,0,0,255);font-size:18px\"><\/span><img decoding=\"async\" src=\"https:\/\/ae01.alicdn.com\/kf\/Ab2acee75ef91486998f3a9c34bfe39d5D.jpg\" slate-data-type=\"image\"\/><span style=\"color:rgba(0,0,0,255);font-size:18px\"><\/span><\/p>\n<\/p>\n<p><img decoding=\"async\" class=\"img-responsive\" src=\"\/\/ae01.alicdn.com\/kf\/A457820a287904e57bba482736c47f385w.jpg\"\/><img decoding=\"async\" class=\"img-responsive\" src=\"\/\/ae01.alicdn.com\/kf\/A6f744880dd5848d7bcf8f31fa383cedcS.jpg\"\/><img decoding=\"async\" class=\"img-responsive\" src=\"\/\/ae01.alicdn.com\/kf\/Aea2733f1330d44a5b02a4a190d6f9545j.jpg\"\/><img decoding=\"async\" class=\"img-responsive\" src=\"\/\/ae01.alicdn.com\/kf\/A59236bf3517b43dcbf50d564cf55922dl.jpg\"\/><img decoding=\"async\" class=\"img-responsive\" src=\"\/\/ae01.alicdn.com\/kf\/Ab6bb123bd895447795771d80e7d6e80fZ.jpg\"\/><img decoding=\"async\" class=\"img-responsive\" src=\"\/\/ae01.alicdn.com\/kf\/Ab2acee75ef91486998f3a9c34bfe39d5D.jpg\"\/><\/p>","protected":false},"excerpt":{"rendered":"<p>Patobulinta vibracin\u0117 platforma: svorio metimui, visam k\u016bnui, fitnesui, masa\u017eui, sportui. Raumen\u0173 atpalaidavimo treniruoklis, tylus Specifikacijos: Produkto med\u017eiaga: ABS Med\u017eiaga: PP \u012etampa: ACV200\u2013220 V Da\u017enis: 50\/60 Hz Galia: 200 W \ud83c\udf87 Su p\u0117d\u0173 pagalv\u0117l\u0117mis \ud83c\udf87 Magnetinis masa\u017eas \ud83c\udf87 120 grei\u010di\u0173 \ud83c\udf87 Valdymas nuotolinio valdymo pultu \ud83c\udf87 \u012erengtas P pavar\u0173 ciklo re\u017eimas \ud83c\udf87 Vienas variklis \ud83c\udf87 Variklis [&hellip;]<\/p>\n","protected":false},"featured_media":4640,"comment_status":"open","ping_status":"closed","template":"","meta":[],"product_brand":[],"product_cat":[26,25],"product_tag":[],"class_list":{"0":"post-4639","1":"product","2":"type-product","3":"status-publish","4":"has-post-thumbnail","6":"product_cat-pramogos-ir-sportas","7":"product_cat-grozis-ir-sveikata","8":"pa_color-red","10":"first","11":"instock","12":"sale","13":"shipping-taxable","14":"purchasable","15":"product-type-simple"},"_links":{"self":[{"href":"https:\/\/topsmart.store\/en\/wp-json\/wp\/v2\/product\/4639","targetHints":{"allow":["GET"]}}],"collection":[{"href":"https:\/\/topsmart.store\/en\/wp-json\/wp\/v2\/product"}],"about":[{"href":"https:\/\/topsmart.store\/en\/wp-json\/wp\/v2\/types\/product"}],"replies":[{"embeddable":true,"href":"https:\/\/topsmart.store\/en\/wp-json\/wp\/v2\/comments?post=4639"}],"wp:featuredmedia":[{"embeddable":true,"href":"https:\/\/topsmart.store\/en\/wp-json\/wp\/v2\/media\/4640"}],"wp:attachment":[{"href":"https:\/\/topsmart.store\/en\/wp-json\/wp\/v2\/media?parent=4639"}],"wp:term":[{"taxonomy":"product_brand","embeddable":true,"href":"https:\/\/topsmart.store\/en\/wp-json\/wp\/v2\/product_brand?post=4639"},{"taxonomy":"product_cat","embeddable":true,"href":"https:\/\/topsmart.store\/en\/wp-json\/wp\/v2\/product_cat?post=4639"},{"taxonomy":"product_tag","embeddable":true,"href":"https:\/\/topsmart.store\/en\/wp-json\/wp\/v2\/product_tag?post=4639"}],"curies":[{"name":"wp","href":"https:\/\/api.w.org\/{rel}","templated":true}]}}