{"id":4670,"date":"2026-04-21T11:37:54","date_gmt":"2026-04-21T09:37:54","guid":{"rendered":"https:\/\/topsmart.store\/?post_type=product&#038;p=4670"},"modified":"2026-05-11T19:14:43","modified_gmt":"2026-05-11T17:14:43","slug":"vibration-plate-machine-with-bluetooth-speaker-5-programs-99-levels-adjustable-speed-fitness-equipment-for-home-whole-body-worko","status":"publish","type":"product","link":"https:\/\/topsmart.store\/en\/product\/vibration-plate-machine-with-bluetooth-speaker-5-programs-99-levels-adjustable-speed-fitness-equipment-for-home-whole-body-worko\/","title":{"rendered":"Vibration Plate Machine with Bluetooth Speaker 5 Programs 99 Levels Adjustable Speed Fitness Equipment For Home Whole Body Worko"},"content":{"rendered":"<p>\n<p><\/p>\n<h3 style=\"font-family:&quot;Google Sans&quot;, sans-serif;line-height:1.15;margin-top:0px\"><span style=\"font-family:&quot;Google Sans Text&quot;, sans-serif\"><strong>\u2728 Pagrindin\u0117s savyb\u0117s<\/strong><\/span><\/h3>\n<ul style=\"font-family:&quot;Google Sans Text&quot;, sans-serif;line-height:1.15;margin-top:0px\">\n<li style=\"font-family:&quot;Google Sans Text&quot;, sans-serif;line-height:1.15;margin-top:0px\">\n<p style=\"font-family:&quot;Google Sans Text&quot;, sans-serif;line-height:1.15;margin-top:0px\"><span style=\"font-family:&quot;Google Sans Text&quot;, sans-serif\"><strong>\ud83c\udfc3 Kompakti\u0161kas ir lengvai laikomas<\/strong><\/span><\/p>\n<p style=\"font-family:&quot;Google Sans Text&quot;, sans-serif;line-height:1.15;margin-top:0px\">Plonas, lengvas dizainas turi ranken\u0117l\u0119 apa\u010dioje, kad b\u016bt\u0173 lengva ne\u0161ti. Jis yra pakankamai plonas, kad, kai nenaudojamas, tilpt\u0173 po sofa ar lova. Ai\u0161kus LCD ekranas rodo j\u016bs\u0173 greit\u012f, laik\u0105, re\u017eim\u0105 ir sudegintas kalorijas.<\/p>\n<\/li>\n<li style=\"font-family:&quot;Google Sans Text&quot;, sans-serif;line-height:1.15;margin-top:0px\">\n<p style=\"font-family:&quot;Google Sans Text&quot;, sans-serif;line-height:1.15;margin-top:0px\"><span style=\"font-family:&quot;Google Sans Text&quot;, sans-serif\"><strong>\u2699\ufe0f 99 intensyvumo lygiai ir 5 re\u017eimai<\/strong><\/span><\/p>\n<p style=\"font-family:&quot;Google Sans Text&quot;, sans-serif;line-height:1.15;margin-top:0px\">Visi\u0161kai pritaikomos treniruot\u0117s su 99 rankiniais grei\u010dio lygiais ir 5 automatin\u0117mis i\u0161 anksto nustatytomis programomis (P1\u2013P5). Komplekte yra dvi atsparumo juostos, skirtos tuo pa\u010diu metu treniruoti ir tonizuoti rank\u0173 raumenis.<\/p>\n<\/li>\n<li style=\"font-family:&quot;Google Sans Text&quot;, sans-serif;line-height:1.15;margin-top:0px\">\n<p style=\"font-family:&quot;Google Sans Text&quot;, sans-serif;line-height:1.15;margin-top:0px\"><span style=\"font-family:&quot;Google Sans Text&quot;, sans-serif\"><strong>\ud83d\udee1\ufe0f Saugus ir neslystantis stabilumas<\/strong><\/span><\/p>\n<p style=\"font-family:&quot;Google Sans Text&quot;, sans-serif;line-height:1.15;margin-top:0px\">Pagamintas su tvirtu r\u0117mu ir neslystan\u010diu pavir\u0161iumi, u\u017etikrinan\u010diu saugum\u0105. Apa\u010dioje \u012frengtos pramoninio lygio siurbtukai, u\u017ekertantys keli\u0105 slydimui, i\u0161laikantys maksimal\u0173 <span style=\"font-family:&quot;Google Sans Text&quot;, sans-serif\"><strong>150 kg<\/strong><\/span> svor\u012f.<\/p>\n<\/li>\n<li style=\"font-family:&quot;Google Sans Text&quot;, sans-serif;line-height:1.15;margin-top:0px\">\n<p style=\"font-family:&quot;Google Sans Text&quot;, sans-serif;line-height:1.15;margin-top:0px\"><span style=\"font-family:&quot;Google Sans Text&quot;, sans-serif\"><strong>\ud83d\udd07 Ypa\u010d tylus variklis ir nuotolinio valdymo pultas<\/strong><\/span><\/p>\n<p style=\"font-family:&quot;Google Sans Text&quot;, sans-serif;line-height:1.15;margin-top:0px\">\u012erengtas galingas 150 W variklis, kuris veikia tyliai, tod\u0117l puikiai tinka naudoti namuose netrukdant kitiems. Komplekte yra 3 metr\u0173 veikimo nuotolinio valdymo pultas, leid\u017eiantis lengvai reguliuoti stovint.<\/p>\n<\/li>\n<li style=\"font-family:&quot;Google Sans Text&quot;, sans-serif;line-height:1.15;margin-top:0px\">\n<p style=\"font-family:&quot;Google Sans Text&quot;, sans-serif;line-height:1.15;margin-top:0px\"><span style=\"font-family:&quot;Google Sans Text&quot;, sans-serif\"><strong>\ud83c\udfe0 Visapusi\u0161kas k\u016bno sveikatingumas<\/strong><\/span><\/p>\n<p style=\"font-family:&quot;Google Sans Text&quot;, sans-serif;line-height:1.15;margin-top:0px\">Ideali alternatyva sporto sal\u0117ms. Vibracijos technologija padeda suma\u017einti raumen\u0173 \u012ftamp\u0105, pagerinti kraujotak\u0105 ir pagreitinti riebal\u0173 deginim\u0105, stimuliuojant visas raumen\u0173 grupes auk\u0161tu da\u017eniu.<\/p>\n<\/li>\n<\/ul>\n<hr style=\"font-family:&quot;Google Sans Text&quot;, sans-serif;line-height:1.15;margin-top:0px\"\/>\n<h3 style=\"font-family:&quot;Google Sans&quot;, sans-serif;line-height:1.15;margin-top:0px\"><span style=\"font-family:&quot;Google Sans Text&quot;, sans-serif\"><strong>\ud83d\udcca Produkto specifikacijos<\/strong><\/span><\/h3>\n<p><\/p>\n<table style=\"border-collapse:collapse;font-family:&quot;Google Sans Text&quot;, sans-serif\">\n<tbody>\n<tr style=\"font-family:&quot;Google Sans Text&quot;, sans-serif\">\n<td style=\"font-family:&quot;Google Sans Text&quot;, sans-serif;border:1px solid\">\n<p><span style=\"font-family:&quot;Google Sans Text&quot;, sans-serif\"><strong>Prek\u0117<\/strong><\/span><\/p>\n<\/td>\n<td style=\"font-family:&quot;Google Sans Text&quot;, sans-serif;border:1px solid\">\n<p><span style=\"font-family:&quot;Google Sans Text&quot;, sans-serif\"><strong>Description<\/strong><\/span><\/p>\n<\/td>\n<\/tr>\n<\/tbody>\n<\/table>\n<\/p>\n<tbody>\n<tr style=\"font-family:&quot;Google Sans Text&quot;, sans-serif\">\n<td style=\"font-family:&quot;Google Sans Text&quot;, sans-serif;border:1px solid\">\n<p><span style=\"font-family:&quot;Google Sans Text&quot;, sans-serif\"><strong>Med\u017eiaga<\/strong><\/span><\/p>\n<\/td>\n<td style=\"font-family:&quot;Google Sans Text&quot;, sans-serif;border:1px solid\">\n<p><span style=\"font-family:&quot;Google Sans Text&quot;, sans-serif\">Auk\u0161\u010diausios kokyb\u0117s ABS + gele\u017eis + TPR<\/span><\/p>\n<\/td>\n<\/tr>\n<tr style=\"font-family:&quot;Google Sans Text&quot;, sans-serif\">\n<td style=\"font-family:&quot;Google Sans Text&quot;, sans-serif;border:1px solid\">\n<p><span style=\"font-family:&quot;Google Sans Text&quot;, sans-serif\"><strong>Grei\u010dio diapazonas<\/strong><\/span><\/p>\n<\/td>\n<td style=\"font-family:&quot;Google Sans Text&quot;, sans-serif;border:1px solid\">\n<p><span style=\"font-family:&quot;Google Sans Text&quot;, sans-serif\">1\u201399 lygiai<\/span><\/p>\n<\/td>\n<\/tr>\n<tr style=\"font-family:&quot;Google Sans Text&quot;, sans-serif\">\n<td style=\"font-family:&quot;Google Sans Text&quot;, sans-serif;border:1px solid\">\n<p><span style=\"font-family:&quot;Google Sans Text&quot;, sans-serif\"><strong>Programos<\/strong><\/span><\/p>\n<\/td>\n<td style=\"font-family:&quot;Google Sans Text&quot;, sans-serif;border:1px solid\">\n<p><span style=\"font-family:&quot;Google Sans Text&quot;, sans-serif\">5 automatiniai re\u017eimai (P1\u2013P5)<\/span><\/p>\n<\/td>\n<\/tr>\n<tr style=\"font-family:&quot;Google Sans Text&quot;, sans-serif\">\n<td style=\"font-family:&quot;Google Sans Text&quot;, sans-serif;border:1px solid\">\n<p><span style=\"font-family:&quot;Google Sans Text&quot;, sans-serif\"><strong>\u012etampa\/Galia<\/strong><\/span><\/p>\n<\/td>\n<td style=\"font-family:&quot;Google Sans Text&quot;, sans-serif;border:1px solid\">\n<p><span style=\"font-family:&quot;Google Sans Text&quot;, sans-serif\">220 V, 50 Hz \/ 150 W<\/span><\/p>\n<\/td>\n<\/tr>\n<tr style=\"font-family:&quot;Google Sans Text&quot;, sans-serif\">\n<td style=\"font-family:&quot;Google Sans Text&quot;, sans-serif;border:1px solid\">\n<p><span style=\"font-family:&quot;Google Sans Text&quot;, sans-serif\"><strong>Maksimali apkrova<\/strong><\/span><\/p>\n<\/td>\n<td style=\"font-family:&quot;Google Sans Text&quot;, sans-serif;border:1px solid\">\n<p><span style=\"font-family:&quot;Google Sans Text&quot;, sans-serif\">150 kg<\/span><\/p>\n<\/td>\n<\/tr>\n<tr style=\"font-family:&quot;Google Sans Text&quot;, sans-serif\">\n<td style=\"font-family:&quot;Google Sans Text&quot;, sans-serif;border:1px solid\">\n<p><span style=\"font-family:&quot;Google Sans Text&quot;, sans-serif\"><strong>Kabelio ilgis<\/strong><\/span><\/p>\n<\/td>\n<td style=\"font-family:&quot;Google Sans Text&quot;, sans-serif;border:1px solid\">\n<p><span style=\"font-family:&quot;Google Sans Text&quot;, sans-serif\">1,4 metro<\/span><\/p>\n<\/td>\n<\/tr>\n<\/tbody>\n<hr style=\"font-family:&quot;Google Sans Text&quot;, sans-serif;line-height:1.15;margin-top:0px\"\/>\n<h3 style=\"font-family:&quot;Google Sans&quot;, sans-serif;line-height:1.15;margin-top:0px\"><span style=\"font-family:&quot;Google Sans Text&quot;, sans-serif\"><strong>\ud83d\udce6 Pakuot\u0117s turinys<\/strong><\/span><\/h3>\n<ul style=\"font-family:&quot;Google Sans Text&quot;, sans-serif;line-height:1.15;margin-top:0px\">\n<li style=\"font-family:&quot;Google Sans Text&quot;, sans-serif;line-height:1.15;margin-top:0px\">\n<p style=\"font-family:&quot;Google Sans Text&quot;, sans-serif;line-height:1.15;margin-top:0px\">1 x vibracin\u0117 plok\u0161t\u0117<\/p>\n<\/li>\n<li style=\"font-family:&quot;Google Sans Text&quot;, sans-serif;line-height:1.15;margin-top:0px\">\n<p style=\"font-family:&quot;Google Sans Text&quot;, sans-serif;line-height:1.15;margin-top:0px\">2 x atsparumo rai\u0161teliai<\/p>\n<\/li>\n<li style=\"font-family:&quot;Google Sans Text&quot;, sans-serif;line-height:1.15;margin-top:0px\">\n<p style=\"font-family:&quot;Google Sans Text&quot;, sans-serif;line-height:1.15;margin-top:0px\">1 x nuotolinio valdymo pultas<\/p>\n<\/li>\n<li style=\"font-family:&quot;Google Sans Text&quot;, sans-serif;line-height:1.15;margin-top:0px\">\n<p style=\"font-family:&quot;Google Sans Text&quot;, sans-serif;line-height:1.15;margin-top:0px\">1 x Naudotojo vadovas<\/p>\n<\/li>\n<\/ul>\n<\/ul>\n<p><img decoding=\"async\" src=\"https:\/\/ae-pic-a1.aliexpress-media.com\/kf\/Ad8ecd9085a084b88b05ba99e8a5a0c38T.jpg\" slate-data-type=\"image\"\/><img decoding=\"async\" src=\"https:\/\/ae01.alicdn.com\/kf\/A5d7892f679a2466bb8e00ed9613477368.jpg\" slate-data-type=\"image\"\/><img decoding=\"async\" src=\"https:\/\/ae01.alicdn.com\/kf\/A50a54ae1984e477690d2945fb724a692i.jpg\" slate-data-type=\"image\"\/><img decoding=\"async\" src=\"https:\/\/ae01.alicdn.com\/kf\/A799e3684b04a4ce58b447141dcb040aaf.jpg\" slate-data-type=\"image\"\/><img decoding=\"async\" src=\"https:\/\/ae-pic-a1.aliexpress-media.com\/kf\/A0b8da8f23d794757af09a5c0137af476u.jpg\" slate-data-type=\"image\"\/><img decoding=\"async\" src=\"https:\/\/ae-pic-a1.aliexpress-media.com\/kf\/A627dc5c1e6494d25bde6fe77f767cf20f.jpg\" slate-data-type=\"image\"\/><img decoding=\"async\" src=\"https:\/\/ae01.alicdn.com\/kf\/A0fa5ea41af8a439c8519f079fe458939B.jpg\" slate-data-type=\"image\"\/><img decoding=\"async\" src=\"https:\/\/ae01.alicdn.com\/kf\/A10707d2858ea4bdcae00eccc4a0c191dS.jpg\" slate-data-type=\"image\"\/><img decoding=\"async\" src=\"https:\/\/ae01.alicdn.com\/kf\/A18d4c4a318454ca8ad3aceb558f3037eK.jpg\" slate-data-type=\"image\"\/><img decoding=\"async\" src=\"https:\/\/ae01.alicdn.com\/kf\/A1398ebecd1ae4bbc9b24d6c9c854568dn.jpg\" slate-data-type=\"image\"\/><\/p>\n<\/p>\n<p><img decoding=\"async\" class=\"img-responsive\" src=\"\/\/ae-pic-a1.aliexpress-media.com\/kf\/S9bb436fa364445938fbdf6018afbd2d8J.jpg\"\/><img decoding=\"async\" class=\"img-responsive\" src=\"\/\/ae-pic-a1.aliexpress-media.com\/kf\/Ad8ecd9085a084b88b05ba99e8a5a0c38T.jpg\"\/><img decoding=\"async\" class=\"img-responsive\" src=\"\/\/ae-pic-a1.aliexpress-media.com\/kf\/A0b8da8f23d794757af09a5c0137af476u.jpg\"\/><img decoding=\"async\" class=\"img-responsive\" src=\"\/\/ae-pic-a1.aliexpress-media.com\/kf\/A627dc5c1e6494d25bde6fe77f767cf20f.jpg\"\/><img decoding=\"async\" class=\"img-responsive\" src=\"\/\/ae01.alicdn.com\/kf\/A0fa5ea41af8a439c8519f079fe458939B.jpg\"\/><img decoding=\"async\" class=\"img-responsive\" src=\"\/\/ae01.alicdn.com\/kf\/A10707d2858ea4bdcae00eccc4a0c191dS.jpg\"\/><img decoding=\"async\" class=\"img-responsive\" src=\"\/\/ae01.alicdn.com\/kf\/A1398ebecd1ae4bbc9b24d6c9c854568dn.jpg\"\/><\/p>","protected":false},"excerpt":{"rendered":"<p>\u2728 Pagrindin\u0117s savyb\u0117s \ud83c\udfc3 Kompakti\u0161kas ir lengvai laikomas Plonas, lengvas dizainas turi ranken\u0117l\u0119 apa\u010dioje, kad b\u016bt\u0173 lengva ne\u0161ti. Jis yra pakankamai plonas, kad, kai nenaudojamas, tilpt\u0173 po sofa ar lova. Ai\u0161kus LCD ekranas rodo j\u016bs\u0173 greit\u012f, laik\u0105, re\u017eim\u0105 ir sudegintas kalorijas. \u2699\ufe0f 99 intensyvumo lygiai ir 5 re\u017eimai Visi\u0161kai pritaikomos treniruot\u0117s su 99 rankiniais grei\u010dio [&hellip;]<\/p>\n","protected":false},"featured_media":4671,"comment_status":"open","ping_status":"closed","template":"","meta":[],"product_brand":[],"product_cat":[26,25],"product_tag":[],"class_list":{"0":"post-4670","1":"product","2":"type-product","3":"status-publish","4":"has-post-thumbnail","6":"product_cat-pramogos-ir-sportas","7":"product_cat-grozis-ir-sveikata","8":"pa_color-gray","10":"first","11":"instock","12":"sale","13":"shipping-taxable","14":"purchasable","15":"product-type-simple"},"_links":{"self":[{"href":"https:\/\/topsmart.store\/en\/wp-json\/wp\/v2\/product\/4670","targetHints":{"allow":["GET"]}}],"collection":[{"href":"https:\/\/topsmart.store\/en\/wp-json\/wp\/v2\/product"}],"about":[{"href":"https:\/\/topsmart.store\/en\/wp-json\/wp\/v2\/types\/product"}],"replies":[{"embeddable":true,"href":"https:\/\/topsmart.store\/en\/wp-json\/wp\/v2\/comments?post=4670"}],"wp:featuredmedia":[{"embeddable":true,"href":"https:\/\/topsmart.store\/en\/wp-json\/wp\/v2\/media\/4671"}],"wp:attachment":[{"href":"https:\/\/topsmart.store\/en\/wp-json\/wp\/v2\/media?parent=4670"}],"wp:term":[{"taxonomy":"product_brand","embeddable":true,"href":"https:\/\/topsmart.store\/en\/wp-json\/wp\/v2\/product_brand?post=4670"},{"taxonomy":"product_cat","embeddable":true,"href":"https:\/\/topsmart.store\/en\/wp-json\/wp\/v2\/product_cat?post=4670"},{"taxonomy":"product_tag","embeddable":true,"href":"https:\/\/topsmart.store\/en\/wp-json\/wp\/v2\/product_tag?post=4670"}],"curies":[{"name":"wp","href":"https:\/\/api.w.org\/{rel}","templated":true}]}}