{"id":4713,"date":"2026-04-21T11:38:58","date_gmt":"2026-04-21T09:38:58","guid":{"rendered":"https:\/\/topsmart.store\/?post_type=product&#038;p=4713"},"modified":"2026-05-13T19:34:57","modified_gmt":"2026-05-13T17:34:57","slug":"99-gears-massage-gun-smart-hit-fascia-gun-electric-neck-massager-tool-for-body-massage-relaxation-fitness-muscle-pain-relief","status":"publish","type":"product","link":"https:\/\/topsmart.store\/en\/product\/99-gears-massage-gun-smart-hit-fascia-gun-electric-neck-massager-tool-for-body-massage-relaxation-fitness-muscle-pain-relief\/","title":{"rendered":"99 Gears Massage Gun Smart Hit Fascia Gun Electric Neck Massager Tool for Body Massage Relaxation Fitness Muscle Pain Relief"},"content":{"rendered":"<p>\n<p style=\"text-align:center\" align=\"center\"><span style=\"color:rgb(0, 0, 0);font-size:20px\"><strong>\u201e99 Gears\u201c masa\u017einis pistoletas \u201eSmart Hit Fascia Gun\u201c \u2013 elektrinis kaklo masa\u017euoklis, skirtas k\u016bno masa\u017eui, atsipalaidavimui, fitnesui ir raumen\u0173 skausm\u0173 mal\u0161inimui<\/strong><\/span><\/p>\n<p><\/p>\n<p style=\"text-align:center\" align=\"center\"><img decoding=\"async\" src=\"https:\/\/ae01.alicdn.com\/kf\/Acec41e5dc026475193cd3e6a9cb4ab93m.jpg\" slate-data-type=\"image\"\/><img decoding=\"async\" src=\"https:\/\/ae01.alicdn.com\/kf\/A9429b1a2f5a84a518ce13b1964b93b87p.jpg\" slate-data-type=\"image\"\/><img decoding=\"async\" src=\"https:\/\/ae01.alicdn.com\/kf\/Ad87b14bd0cb6460d840efcc094449205h.jpg\" slate-data-type=\"image\"\/><img decoding=\"async\" src=\"https:\/\/ae01.alicdn.com\/kf\/A2146e13919b3433bbd46f4edd360b3d7g.jpg\" slate-data-type=\"image\"\/><img decoding=\"async\" src=\"https:\/\/ae01.alicdn.com\/kf\/A9ea7cab768e44398881391ddc60cd6a3d.jpg\" slate-data-type=\"image\"\/><img decoding=\"async\" src=\"https:\/\/ae01.alicdn.com\/kf\/A79d28959e2f84482bf4a9c61b7209b78H.jpg\" slate-data-type=\"image\"\/><\/p><\/p>","protected":false},"excerpt":{"rendered":"<p>\u201e99 Gears\u201c masa\u017einis pistoletas \u201eSmart Hit Fascia Gun\u201c \u2013 elektrinis kaklo masa\u017euoklis, skirtas k\u016bno masa\u017eui, atsipalaidavimui, fitnesui ir raumen\u0173 skausm\u0173 mal\u0161inimui<\/p>","protected":false},"featured_media":4714,"comment_status":"open","ping_status":"closed","template":"","meta":[],"product_brand":[],"product_cat":[26,25],"product_tag":[],"class_list":{"0":"post-4713","1":"product","2":"type-product","3":"status-publish","4":"has-post-thumbnail","6":"product_cat-pramogos-ir-sportas","7":"product_cat-grozis-ir-sveikata","8":"pa_color-a-set","10":"first","11":"instock","12":"sale","13":"shipping-taxable","14":"purchasable","15":"product-type-simple"},"_links":{"self":[{"href":"https:\/\/topsmart.store\/en\/wp-json\/wp\/v2\/product\/4713","targetHints":{"allow":["GET"]}}],"collection":[{"href":"https:\/\/topsmart.store\/en\/wp-json\/wp\/v2\/product"}],"about":[{"href":"https:\/\/topsmart.store\/en\/wp-json\/wp\/v2\/types\/product"}],"replies":[{"embeddable":true,"href":"https:\/\/topsmart.store\/en\/wp-json\/wp\/v2\/comments?post=4713"}],"wp:featuredmedia":[{"embeddable":true,"href":"https:\/\/topsmart.store\/en\/wp-json\/wp\/v2\/media\/4714"}],"wp:attachment":[{"href":"https:\/\/topsmart.store\/en\/wp-json\/wp\/v2\/media?parent=4713"}],"wp:term":[{"taxonomy":"product_brand","embeddable":true,"href":"https:\/\/topsmart.store\/en\/wp-json\/wp\/v2\/product_brand?post=4713"},{"taxonomy":"product_cat","embeddable":true,"href":"https:\/\/topsmart.store\/en\/wp-json\/wp\/v2\/product_cat?post=4713"},{"taxonomy":"product_tag","embeddable":true,"href":"https:\/\/topsmart.store\/en\/wp-json\/wp\/v2\/product_tag?post=4713"}],"curies":[{"name":"wp","href":"https:\/\/api.w.org\/{rel}","templated":true}]}}