{"id":4782,"date":"2026-04-21T11:40:54","date_gmt":"2026-04-21T09:40:54","guid":{"rendered":"https:\/\/topsmart.store\/?post_type=product&#038;p=4782"},"modified":"2026-05-13T19:34:57","modified_gmt":"2026-05-13T17:34:57","slug":"120-levels-vibration-plate-250kg-capacity-vibration-fitness-machine-vibration-platform-full-body-workout-for-home-use-office","status":"publish","type":"product","link":"https:\/\/topsmart.store\/en\/product\/120-levels-vibration-plate-250kg-capacity-vibration-fitness-machine-vibration-platform-full-body-workout-for-home-use-office\/","title":{"rendered":"120 Levels Vibration Plate 250kg Capacity Vibration Fitness Machine Vibration Platform Full Body Workout For Home Use \/ Office"},"content":{"rendered":"<p>\n<p><span style=\"font-size:18px\"><strong>Savyb\u0117:<\/strong><\/span><\/p>\n<p><\/p>\n<p><span style=\"font-size:18px\">\u3010GREITAI DEGINKITE RIEBALUS, DEGINKITE KALORIJAS\u3011U\u017elipkite ant vibracin\u0117s plok\u0161t\u0117s treniruoklio ir akimirksniu suformuokite savo svajoni\u0173 fig\u016br\u0105!Patobulinta 120 grei\u010di\u0173 reguliuojama vibracin\u0117 plok\u0161t\u0117 stimuliuoja raumenis auk\u0161to da\u017enio vibracijomis, pagreitindama raumen\u0173 susitraukimus ir aktyvacij\u0105 bei pagreitindama med\u017eiag\u0173 apykait\u0105. Galingos vibracijos padeda greitai deginti kalorijas ir riebalus, leid\u017eia numesti svor\u012f grei\u010diau nei b\u0117gant ir be vargo pasiekti savo ideal\u0173 k\u016bno sud\u0117jim\u0105.<\/span><\/p>\n<p><\/p>\n<p><span style=\"font-size:18px\">\u3010EFEKTYVI K\u016aNO FORMAVIMO VIBRACIN\u0116 PLOK\u0160T\u0116\u3011Pakeiskite savo fig\u016br\u0105 ir padidinkite pasitik\u0117jim\u0105 savimi vos per 10 minu\u010di\u0173 kasdienio naudojimo.  Naudodami \u0161\u012f treniruokl\u012f, stiprinsite vis\u0105 k\u016bn\u0105, tonizuosite raumenis ir padidinsite koj\u0173 j\u0117g\u0105.  Didindama raumen\u0173 susitraukimus ir pagreitindama med\u017eiag\u0173 apykait\u0105, pilateso lenta efektyviai formuoja j\u016bs\u0173 k\u016bn\u0105 ir svajoni\u0173 u\u017epakaliuk\u0105<\/span><\/p>\n<p><\/p>\n<p><span style=\"font-size:18px\">\u3010VIBRACIN\u0116 PLOK\u0160T\u0116 SU UNIKALIU MAGNETINIU MASA\u017dU\u3011D\u0117l intensyvi\u0173 vibracij\u0173 specialus akupres\u016bros pavir\u0161ius skatina kraujo apytak\u0105 ir limfos nutek\u0117jim\u0105.  Vibracin\u0117 treniruoklio plok\u0161t\u0117 su limfos nutek\u0117jimo masa\u017euokliu stipriomis vibracijomis stimuliuoja p\u0117d\u0173 spaudimo ta\u0161kus, skatina kraujotak\u0105, gerina bendr\u0105 \u0161irdies ir kraujagysli\u0173 sveikat\u0105 bei mal\u0161ina p\u0117d\u0173 skausm\u0105<\/span><\/p>\n<p><\/p>\n<p><span style=\"font-size:18px\">\u3010PERSONALIZUOJAMI TRENIRUO\u010cIAI\u3011Nesvarbu, ar esate pradedantysis, ar fitneso entuziastas, \u0161is treniruoklis tinka visiems.  \u0160is nam\u0173 sporto sal\u0117s \u012frenginys leid\u017eia atlikti prit\u016bpimus, plankus arba tiesiog atsipalaiduoti.  Su 1\u2013120 rankiniais grei\u010dio nustatymais, 10 i\u0161maniaisiais re\u017eimais (P1\u2013P10) ir pridedamomis atsparumo juostomis m\u016bs\u0173 viso k\u016bno vibracin\u0117 plok\u0161t\u0117 maksimaliai padidina j\u016bs\u0173 treniruot\u0117s efektyvum\u0105 ir leid\u017eia kurti individualias treniruo\u010di\u0173 programas.  Nuotolinio valdymo pultas ir LED jutiklinis ekranas leid\u017eia lengvai steb\u0117ti laik\u0105, greit\u012f ir pa\u017eang\u0105 treniruot\u0117s metu<\/span><\/p>\n<p><\/p>\n<p><span style=\"font-size:18px\">\u3010YPA\u010c SAUGUS IR STABILUS\u3011 Sukurtas atsi\u017evelgiant \u012f saugum\u0105, limfinio drena\u017eo vibracijos kilim\u0117lis yra \u012frengtas gumini\u0173 siurbtuk\u0173 kojel\u0117mis ir elastingais virv\u0117s kabliais, kurie u\u017etikrina stabilum\u0105 ir suma\u017eina apvirsties ar nestabilumo rizik\u0105 naudojimo metu.     Auk\u0161tos kokyb\u0117s pilateso \u012franga suprojektuota su neslystan\u010diais p\u0117dos pedalais ir tvirtu ABS korpusu, u\u017etikrinan\u010diu saug\u0173 ir be nelaiming\u0173 atsitikim\u0173 treniruo\u010di\u0173 patyrim\u0105<\/span><\/p>\n<p><\/p>\n<p><span style=\"font-size:18px\"><strong>Specifikacija:<\/strong><\/span><\/p>\n<p><span style=\"font-size:18px\">Produkto pavadinimas: Vibracin\u0117 treniruoklio plok\u0161t\u0117<\/span><\/p>\n<p><span style=\"font-size:18px\">Produkto paskirtis: Raumen\u0173 atpalaidavimas ir k\u016bno sukr\u0117timas<\/span><\/p>\n<p><span style=\"font-size:18px\">I\u0161orin\u0117s d\u0117\u017e\u0117s matmenys: 60&#215;39,5&#215;19 cm<\/span><\/p>\n<p><span style=\"font-size:18px\">Gaminio matmenys: 53 x 35 x 12 cm<\/span><\/p>\n<p><span style=\"font-size:18px\">Grynasis svoris: 7,1 kg<\/span><\/p>\n<p><span style=\"font-size:18px\">Bruto svoris: 8 kg<\/span><\/p>\n<p><span style=\"font-size:18px\">Pavar\u0173 skai\u010dius: 120<\/span><\/p>\n<p><span style=\"font-size:18px\">Re\u017eimai: 10<\/span><\/p>\n<p><span style=\"font-size:18px\">Maksimali apkrova: 250 kg<\/span><\/p>\n<p><span style=\"font-size:18px\">Nominali maitinimo \u012ftampa: AC220V\/50HZ<\/span><\/p>\n<p><span style=\"font-size:18px\">Nominali galia: 220 V<\/span><\/p>\n<p><span style=\"font-size:18px\">Valdymo re\u017eimas: Nuotolinis valdymas \/ Valdymo pultas<\/span><\/p>\n<p><span style=\"font-size:18px\">Spalva: Pilka<\/span><\/p>\n<p><span style=\"font-size:18px\">Tinkama naudotoj\u0173 grup\u0117: gali naudoti \u012fvair\u016bs \u017emon\u0117s<\/span><\/p>\n<p><\/p>\n<p><span style=\"font-size:18px\"><strong>Pakuot\u0117s s\u0105ra\u0161as:<\/strong><\/span><\/p>\n<p><span style=\"font-size:18px\">Vibracin\u0117 treniruoklio plok\u0161t\u0117*1<\/span><\/p>\n<p><span style=\"font-size:18px\">Atsparumo virv\u0117s*2<\/span><\/p>\n<p><span style=\"font-size:18px\">Naudojimo instrukcija*1<\/span><\/p>\n<p><span style=\"font-size:18px\">Maitinimo laidas*1<\/span><\/p>\n<p><\/p>\n<p><span style=\"font-size:18px\">Pastaba:<\/span><\/p>\n<p><span style=\"font-size:18px\">D\u0117l rankinio matavimo gali b\u016bti 1\u20133 cm paklaida.<\/span><\/p>\n<p><span style=\"font-size:18px\">D\u0117l skirtum\u0173 tarp skirting\u0173 monitori\u0173, nuotrauka gali neatspind\u0117ti tikrosios prek\u0117s spalvos.<\/span><\/p>\n<p><\/p>\n<\/p>\n<p><img decoding=\"async\" src=\"https:\/\/ae-pic-a1.aliexpress-media.com\/kf\/Aa55dd8ff89cb499287db89e41d08af11k.jpg\" slate-data-type=\"image\"\/><img decoding=\"async\" src=\"https:\/\/ae-pic-a1.aliexpress-media.com\/kf\/Aea57cc8693634342ae528212e4137904j.jpg\" slate-data-type=\"image\"\/><img decoding=\"async\" src=\"https:\/\/ae01.alicdn.com\/kf\/A65db21018d1c4461aac548cefa81ec08p.jpg\" slate-data-type=\"image\"\/><img decoding=\"async\" src=\"https:\/\/ae-pic-a1.aliexpress-media.com\/kf\/Ab64b8f56a74a4d138a4ceaade26ddf94h.jpg\" slate-data-type=\"image\"\/><img decoding=\"async\" src=\"https:\/\/ae01.alicdn.com\/kf\/A5d59473682a54f18a84071a08b06099el.jpg\" slate-data-type=\"image\"\/><img decoding=\"async\" src=\"https:\/\/ae-pic-a1.aliexpress-media.com\/kf\/Ad6fa44e61bf24b19bc58372011d28b8eS.jpg\" slate-data-type=\"image\"\/><img decoding=\"async\" src=\"https:\/\/ae-pic-a1.aliexpress-media.com\/kf\/Aa106702a1aea499e8a9af70af43de4c5x.jpg\" slate-data-type=\"image\"\/><img decoding=\"async\" src=\"https:\/\/ae-pic-a1.aliexpress-media.com\/kf\/A8cfe6e2ccc4f4e198d786e23b45bd01ay.jpg\" slate-data-type=\"image\"\/><img decoding=\"async\" src=\"https:\/\/ae-pic-a1.aliexpress-media.com\/kf\/A41f820cf47aa4154bab6f8d633050a99g.jpg\" slate-data-type=\"image\"\/><img decoding=\"async\" src=\"https:\/\/ae-pic-a1.aliexpress-media.com\/kf\/A388739d9a0dd4eea8022b232f8762fa5u.jpg\" slate-data-type=\"image\"\/><img decoding=\"async\" src=\"https:\/\/ae-pic-a1.aliexpress-media.com\/kf\/A32fcfd15f3ea4216b25afebc9392398ap.jpg\" slate-data-type=\"image\"\/><\/p>\n<\/p>\n<p><img decoding=\"async\" class=\"img-responsive\" src=\"\/\/ae-pic-a1.aliexpress-media.com\/kf\/Aa55dd8ff89cb499287db89e41d08af11k.jpg\"\/><img decoding=\"async\" class=\"img-responsive\" src=\"\/\/ae-pic-a1.aliexpress-media.com\/kf\/Aea57cc8693634342ae528212e4137904j.jpg\"\/><img decoding=\"async\" class=\"img-responsive\" src=\"\/\/ae01.alicdn.com\/kf\/A65db21018d1c4461aac548cefa81ec08p.jpg\"\/><img decoding=\"async\" class=\"img-responsive\" src=\"\/\/ae-pic-a1.aliexpress-media.com\/kf\/Ab64b8f56a74a4d138a4ceaade26ddf94h.jpg\"\/><img decoding=\"async\" class=\"img-responsive\" src=\"\/\/ae01.alicdn.com\/kf\/A5d59473682a54f18a84071a08b06099el.jpg\"\/><img decoding=\"async\" class=\"img-responsive\" src=\"\/\/ae-pic-a1.aliexpress-media.com\/kf\/Ad6fa44e61bf24b19bc58372011d28b8eS.jpg\"\/><img decoding=\"async\" class=\"img-responsive\" src=\"\/\/ae-pic-a1.aliexpress-media.com\/kf\/Aa106702a1aea499e8a9af70af43de4c5x.jpg\"\/><img decoding=\"async\" class=\"img-responsive\" src=\"\/\/ae-pic-a1.aliexpress-media.com\/kf\/A8cfe6e2ccc4f4e198d786e23b45bd01ay.jpg\"\/><img decoding=\"async\" class=\"img-responsive\" src=\"\/\/ae-pic-a1.aliexpress-media.com\/kf\/A41f820cf47aa4154bab6f8d633050a99g.jpg\"\/><img decoding=\"async\" class=\"img-responsive\" src=\"\/\/ae-pic-a1.aliexpress-media.com\/kf\/A388739d9a0dd4eea8022b232f8762fa5u.jpg\"\/><img decoding=\"async\" class=\"img-responsive\" src=\"\/\/ae-pic-a1.aliexpress-media.com\/kf\/A32fcfd15f3ea4216b25afebc9392398ap.jpg\"\/><\/p>","protected":false},"excerpt":{"rendered":"<p>Savyb\u0117: \u3010GREITAI DEGINKITE RIEBALUS, DEGINKITE KALORIJAS\u3011U\u017elipkite ant vibracin\u0117s plok\u0161t\u0117s treniruoklio ir akimirksniu suformuokite savo svajoni\u0173 fig\u016br\u0105!Patobulinta 120 grei\u010di\u0173 reguliuojama vibracin\u0117 plok\u0161t\u0117 stimuliuoja raumenis auk\u0161to da\u017enio vibracijomis, pagreitindama raumen\u0173 susitraukimus ir aktyvacij\u0105 bei pagreitindama med\u017eiag\u0173 apykait\u0105. Galingos vibracijos padeda greitai deginti kalorijas ir riebalus, leid\u017eia numesti svor\u012f grei\u010diau nei b\u0117gant ir be vargo pasiekti savo ideal\u0173 [&hellip;]<\/p>\n","protected":false},"featured_media":4783,"comment_status":"open","ping_status":"closed","template":"","meta":[],"product_brand":[],"product_cat":[26],"product_tag":[],"class_list":{"0":"post-4782","1":"product","2":"type-product","3":"status-publish","4":"has-post-thumbnail","6":"product_cat-pramogos-ir-sportas","7":"pa_color-black","9":"first","10":"instock","11":"sale","12":"shipping-taxable","13":"purchasable","14":"product-type-simple"},"_links":{"self":[{"href":"https:\/\/topsmart.store\/en\/wp-json\/wp\/v2\/product\/4782","targetHints":{"allow":["GET"]}}],"collection":[{"href":"https:\/\/topsmart.store\/en\/wp-json\/wp\/v2\/product"}],"about":[{"href":"https:\/\/topsmart.store\/en\/wp-json\/wp\/v2\/types\/product"}],"replies":[{"embeddable":true,"href":"https:\/\/topsmart.store\/en\/wp-json\/wp\/v2\/comments?post=4782"}],"wp:featuredmedia":[{"embeddable":true,"href":"https:\/\/topsmart.store\/en\/wp-json\/wp\/v2\/media\/4783"}],"wp:attachment":[{"href":"https:\/\/topsmart.store\/en\/wp-json\/wp\/v2\/media?parent=4782"}],"wp:term":[{"taxonomy":"product_brand","embeddable":true,"href":"https:\/\/topsmart.store\/en\/wp-json\/wp\/v2\/product_brand?post=4782"},{"taxonomy":"product_cat","embeddable":true,"href":"https:\/\/topsmart.store\/en\/wp-json\/wp\/v2\/product_cat?post=4782"},{"taxonomy":"product_tag","embeddable":true,"href":"https:\/\/topsmart.store\/en\/wp-json\/wp\/v2\/product_tag?post=4782"}],"curies":[{"name":"wp","href":"https:\/\/api.w.org\/{rel}","templated":true}]}}