{"id":4885,"date":"2026-04-21T20:35:13","date_gmt":"2026-04-21T18:35:13","guid":{"rendered":"https:\/\/topsmart.store\/product\/1-2-3-4-1-practical-water-level-control-durable-replacement-full-automatic-float-valve-anti-corrosion-nylon-ball-balve\/"},"modified":"2026-04-21T21:31:44","modified_gmt":"2026-04-21T19:31:44","slug":"1-2-3-4-1-practical-water-level-control-durable-replacement-full-automatic-float-valve-anti-corrosion-nylon-ball-balve","status":"publish","type":"product","link":"https:\/\/topsmart.store\/en\/product\/1-2-3-4-1-practical-water-level-control-durable-replacement-full-automatic-float-valve-anti-corrosion-nylon-ball-balve\/","title":{"rendered":"1\/2&apos;&apos; 3\/4&apos;&apos; 1&apos;&apos; Practical Water Level Control Durable Replacement Full Automatic Float Valve Anti Corrosion Nylon ball balve"},"content":{"rendered":"<ul>\n<li><strong>Prek\u0117s \u017eenklas:<\/strong> SOIJOT<\/li>\n<li><strong>Pavojingos chemin\u0117s med\u017eiagos:<\/strong> n\u0117ra<\/li>\n<li><strong>Kilm\u0117s \u0161alis:<\/strong> Kinijos \u017eemynin\u0117 dalis<\/li>\n<li><strong>Forma:<\/strong> Rutulys<\/li>\n<li><strong>Prijungimo dydis:<\/strong> 1\/2&#x27;&#x27; 3\/4&#x27;&#x27; 1&#x27;&#x27;<\/li>\n<li><strong>Standartinis ar nestandartinis:<\/strong> Standartinis<\/li>\n<li><strong>Pildymo med\u017eiaga:<\/strong> Vanduo<\/li>\n<li><strong>Med\u017eiaga:<\/strong> Plastikas<\/li>\n<li><strong>Modelio numeris:<\/strong> JYN-15<\/li>\n<li><strong>Perkeliamos med\u017eiagos temperat\u016bra:<\/strong> Normalioji temperat\u016bra<\/li>\n<li><strong>NC arba NO:<\/strong> Normaliai atviras<\/li>\n<li><strong>Sl\u0117gis:<\/strong> \u017demas sl\u0117gis<\/li>\n<li><strong>Pavaros re\u017eimas:<\/strong> be rankinio valdymo ir instrukcij\u0173<\/li>\n<li><strong>Ar tai i\u0161manusis \u012frenginys:<\/strong> Ne<\/li>\n<li><strong>Pasirinkimas:<\/strong> taip<\/li>\n<\/ul>","protected":false},"excerpt":{"rendered":"<p>Prek\u0117s \u017eenklas: SOIJOT Pavojingos chemin\u0117s med\u017eiagos: n\u0117ra Kilm\u0117s \u0161alis: Kinijos \u017eemynin\u0117 dalis Forma: Rutulys Prijungimo dydis: 1\/2&#x27;&#x27; 3\/4&#x27;&#x27; 1&#x27;&#x27; Standartinis ar nestandartinis: Standartinis Pildymo med\u017eiaga: Vanduo Med\u017eiaga: Plastikas Modelio numeris: JYN-15 Perkeliamos med\u017eiagos temperat\u016bra: Normalioji temperat\u016bra NC arba NO: Normaliai atviras Sl\u0117gis: \u017demas sl\u0117gis Pavaros re\u017eimas: be rankinio valdymo ir instrukcij\u0173 Ar tai i\u0161manusis \u012frenginys: [&hellip;]<\/p>\n","protected":false},"featured_media":4884,"comment_status":"open","ping_status":"closed","template":"","meta":[],"product_brand":[],"product_cat":[24],"product_tag":[],"class_list":{"0":"post-4885","1":"product","2":"type-product","3":"status-publish","4":"has-post-thumbnail","6":"product_cat-namu-apyvoka","8":"first","9":"instock","10":"shipping-taxable","11":"purchasable","12":"product-type-variable"},"_links":{"self":[{"href":"https:\/\/topsmart.store\/en\/wp-json\/wp\/v2\/product\/4885","targetHints":{"allow":["GET"]}}],"collection":[{"href":"https:\/\/topsmart.store\/en\/wp-json\/wp\/v2\/product"}],"about":[{"href":"https:\/\/topsmart.store\/en\/wp-json\/wp\/v2\/types\/product"}],"replies":[{"embeddable":true,"href":"https:\/\/topsmart.store\/en\/wp-json\/wp\/v2\/comments?post=4885"}],"wp:featuredmedia":[{"embeddable":true,"href":"https:\/\/topsmart.store\/en\/wp-json\/wp\/v2\/media\/4884"}],"wp:attachment":[{"href":"https:\/\/topsmart.store\/en\/wp-json\/wp\/v2\/media?parent=4885"}],"wp:term":[{"taxonomy":"product_brand","embeddable":true,"href":"https:\/\/topsmart.store\/en\/wp-json\/wp\/v2\/product_brand?post=4885"},{"taxonomy":"product_cat","embeddable":true,"href":"https:\/\/topsmart.store\/en\/wp-json\/wp\/v2\/product_cat?post=4885"},{"taxonomy":"product_tag","embeddable":true,"href":"https:\/\/topsmart.store\/en\/wp-json\/wp\/v2\/product_tag?post=4885"}],"curies":[{"name":"wp","href":"https:\/\/api.w.org\/{rel}","templated":true}]}}