{"id":4902,"date":"2026-04-21T21:20:35","date_gmt":"2026-04-21T19:20:35","guid":{"rendered":"https:\/\/topsmart.store\/product\/homefish-aurora-glow-projector-light-bar-midnight-halo-party-atmosphere-night-light-for-christmas-halloween-gift-decoration\/"},"modified":"2026-04-21T21:32:28","modified_gmt":"2026-04-21T19:32:28","slug":"homefish-aurora-glow-projector-light-bar-midnight-halo-party-atmosphere-night-light-for-christmas-halloween-gift-decoration","status":"publish","type":"product","link":"https:\/\/topsmart.store\/en\/product\/homefish-aurora-glow-projector-light-bar-midnight-halo-party-atmosphere-night-light-for-christmas-halloween-gift-decoration\/","title":{"rendered":"HOMEFISH Aurora Glow Projector Light Bar Midnight Halo Party Atmosphere Night Light for Christmas Halloween Gift Decoration"},"content":{"rendered":"<ul>\n<li><strong>Prek\u0117s \u017eenklas:<\/strong> HOMEFISH<\/li>\n<li><strong>Pavojingos chemin\u0117s med\u017eiagos:<\/strong> n\u0117ra<\/li>\n<li><strong>\u012etampa:<\/strong> 3,7 V<\/li>\n<li><strong>\u0160viesos srautas:<\/strong> 249\u20132000<\/li>\n<li><strong>Tipas:<\/strong> Atmosfera<\/li>\n<li><strong>Ar baterijos \u012ftrauktos:<\/strong> Taip<\/li>\n<li><strong>Forma:<\/strong> Apvali<\/li>\n<li><strong>Ar lemput\u0117s \u012ftrauktos:<\/strong> Taip<\/li>\n<li><strong>Vardin\u0117 \u012ftampa:<\/strong> 9 V<\/li>\n<li><strong>Kilm\u0117s \u0161alis:<\/strong> Kinijos \u017eemynin\u0117 dalis<\/li>\n<li><strong>Sertifikatas:<\/strong> CE<\/li>\n<li><strong>Sertifikatas:<\/strong> ROHS<\/li>\n<li><strong>Korpuso med\u017eiaga:<\/strong> ABS<\/li>\n<li><strong>Prek\u0117s tipas:<\/strong> naktin\u0117s lemput\u0117s<\/li>\n<li><strong>Pasirinkimas:<\/strong> taip<\/li>\n<\/ul>","protected":false},"excerpt":{"rendered":"<p>Prek\u0117s \u017eenklas: HOMEFISH Pavojingos chemin\u0117s med\u017eiagos: n\u0117ra \u012etampa: 3,7 V \u0160viesos srautas: 249\u20132000 Tipas: Atmosfera Ar baterijos \u012ftrauktos: Taip Forma: Apvali Ar lemput\u0117s \u012ftrauktos: Taip Vardin\u0117 \u012ftampa: 9 V Kilm\u0117s \u0161alis: Kinijos \u017eemynin\u0117 dalis Sertifikatas: CE Sertifikatas: ROHS Korpuso med\u017eiaga: ABS Prek\u0117s tipas: naktin\u0117s lemput\u0117s Pasirinkimas: taip<\/p>","protected":false},"featured_media":4901,"comment_status":"open","ping_status":"closed","template":"","meta":[],"product_brand":[],"product_cat":[23],"product_tag":[],"class_list":{"0":"post-4902","1":"product","2":"type-product","3":"status-publish","4":"has-post-thumbnail","6":"product_cat-ismanieji-prietaisai","8":"first","9":"instock","10":"shipping-taxable","11":"purchasable","12":"product-type-variable"},"_links":{"self":[{"href":"https:\/\/topsmart.store\/en\/wp-json\/wp\/v2\/product\/4902","targetHints":{"allow":["GET"]}}],"collection":[{"href":"https:\/\/topsmart.store\/en\/wp-json\/wp\/v2\/product"}],"about":[{"href":"https:\/\/topsmart.store\/en\/wp-json\/wp\/v2\/types\/product"}],"replies":[{"embeddable":true,"href":"https:\/\/topsmart.store\/en\/wp-json\/wp\/v2\/comments?post=4902"}],"wp:featuredmedia":[{"embeddable":true,"href":"https:\/\/topsmart.store\/en\/wp-json\/wp\/v2\/media\/4901"}],"wp:attachment":[{"href":"https:\/\/topsmart.store\/en\/wp-json\/wp\/v2\/media?parent=4902"}],"wp:term":[{"taxonomy":"product_brand","embeddable":true,"href":"https:\/\/topsmart.store\/en\/wp-json\/wp\/v2\/product_brand?post=4902"},{"taxonomy":"product_cat","embeddable":true,"href":"https:\/\/topsmart.store\/en\/wp-json\/wp\/v2\/product_cat?post=4902"},{"taxonomy":"product_tag","embeddable":true,"href":"https:\/\/topsmart.store\/en\/wp-json\/wp\/v2\/product_tag?post=4902"}],"curies":[{"name":"wp","href":"https:\/\/api.w.org\/{rel}","templated":true}]}}