{"id":4910,"date":"2026-04-21T21:20:54","date_gmt":"2026-04-21T19:20:54","guid":{"rendered":"https:\/\/topsmart.store\/product\/star-galaxy-projector-for-bedroom-starry-nebula-led-night-light-10-light-color-timer-ceiling-romantic-birthday-christmas-gifts\/"},"modified":"2026-04-21T21:33:11","modified_gmt":"2026-04-21T19:33:11","slug":"star-galaxy-projector-for-bedroom-starry-nebula-led-night-light-10-light-color-timer-ceiling-romantic-birthday-christmas-gifts","status":"publish","type":"product","link":"https:\/\/topsmart.store\/en\/product\/star-galaxy-projector-for-bedroom-starry-nebula-led-night-light-10-light-color-timer-ceiling-romantic-birthday-christmas-gifts\/","title":{"rendered":"Star Galaxy Projector for Bedroom Starry Nebula LED Night Light 10 Light Color Timer Ceiling Romantic Birthday Christmas Gifts"},"content":{"rendered":"<ul>\n<li><strong>Prek\u0117s pavadinimas:<\/strong> Claeted<\/li>\n<li><strong>Pavojingos chemin\u0117s med\u017eiagos:<\/strong> n\u0117ra<\/li>\n<li><strong>\u012etampa:<\/strong> 4,5 V<\/li>\n<li><strong>\u0160viesos srautas:<\/strong> 249\u20132000<\/li>\n<li><strong>Tipas:<\/strong> Projektorius<\/li>\n<li><strong>Ar baterijos \u012ftrauktos:<\/strong> Ne<\/li>\n<li><strong>Forma:<\/strong> G\u0117li\u0173<\/li>\n<li><strong>Ar lemput\u0117s \u012ftrauktos:<\/strong> Taip<\/li>\n<li><strong>Vardin\u0117 \u012ftampa:<\/strong> 9 V<\/li>\n<li><strong>Kilm\u0117s \u0161alis:<\/strong> Kinijos \u017eemynin\u0117 dalis<\/li>\n<li><strong>Sertifikatas:<\/strong> CCC<\/li>\n<li><strong>Sertifikatas:<\/strong> CE<\/li>\n<li><strong>Sertifikatas:<\/strong> CQC<\/li>\n<li><strong>Sertifikatas:<\/strong> EMC<\/li>\n<li><strong>Sertifikatas:<\/strong> FCC<\/li>\n<li><strong>Sertifikatas:<\/strong> GS<\/li>\n<li><strong>Sertifikatas:<\/strong> LVD<\/li>\n<li><strong>Sertifikatas:<\/strong> PSE<\/li>\n<li><strong>Sertifikatas:<\/strong> ROHS<\/li>\n<li><strong>Sertifikatas:<\/strong> SAA<\/li>\n<li><strong>Sertifikatas:<\/strong> UL<\/li>\n<li><strong>Sertifikatas:<\/strong> VDE<\/li>\n<li><strong>Prek\u0117s tipas:<\/strong> naktin\u0117s lemput\u0117s<\/li>\n<li><strong>Pasirinkimas:<\/strong> taip<\/li>\n<\/ul>","protected":false},"excerpt":{"rendered":"<p>Prek\u0117s pavadinimas: Claeted Pavojingos chemin\u0117s med\u017eiagos: n\u0117ra \u012etampa: 4,5 V \u0160viesos srautas: 249\u20132000 Tipas: Projektorius Ar baterijos \u012ftrauktos: Ne Forma: G\u0117li\u0173 Ar lemput\u0117s \u012ftrauktos: Taip Vardin\u0117 \u012ftampa: 9 V Kilm\u0117s \u0161alis: Kinijos \u017eemynin\u0117 dalis Sertifikatas: CCC Sertifikatas: CE Sertifikatas: CQC Sertifikatas: EMC Sertifikatas: FCC Sertifikatas: GS Sertifikatas: LVD Sertifikatas: PSE Sertifikatas: ROHS Sertifikatas: SAA Sertifikatas: [&hellip;]<\/p>\n","protected":false},"featured_media":4907,"comment_status":"open","ping_status":"closed","template":"","meta":[],"product_brand":[],"product_cat":[23],"product_tag":[],"class_list":{"0":"post-4910","1":"product","2":"type-product","3":"status-publish","4":"has-post-thumbnail","6":"product_cat-ismanieji-prietaisai","8":"first","9":"instock","10":"shipping-taxable","11":"purchasable","12":"product-type-variable"},"_links":{"self":[{"href":"https:\/\/topsmart.store\/en\/wp-json\/wp\/v2\/product\/4910","targetHints":{"allow":["GET"]}}],"collection":[{"href":"https:\/\/topsmart.store\/en\/wp-json\/wp\/v2\/product"}],"about":[{"href":"https:\/\/topsmart.store\/en\/wp-json\/wp\/v2\/types\/product"}],"replies":[{"embeddable":true,"href":"https:\/\/topsmart.store\/en\/wp-json\/wp\/v2\/comments?post=4910"}],"wp:featuredmedia":[{"embeddable":true,"href":"https:\/\/topsmart.store\/en\/wp-json\/wp\/v2\/media\/4907"}],"wp:attachment":[{"href":"https:\/\/topsmart.store\/en\/wp-json\/wp\/v2\/media?parent=4910"}],"wp:term":[{"taxonomy":"product_brand","embeddable":true,"href":"https:\/\/topsmart.store\/en\/wp-json\/wp\/v2\/product_brand?post=4910"},{"taxonomy":"product_cat","embeddable":true,"href":"https:\/\/topsmart.store\/en\/wp-json\/wp\/v2\/product_cat?post=4910"},{"taxonomy":"product_tag","embeddable":true,"href":"https:\/\/topsmart.store\/en\/wp-json\/wp\/v2\/product_tag?post=4910"}],"curies":[{"name":"wp","href":"https:\/\/api.w.org\/{rel}","templated":true}]}}