{"id":5118,"date":"2026-04-22T18:51:44","date_gmt":"2026-04-22T16:51:44","guid":{"rendered":"https:\/\/topsmart.store\/?post_type=product&#038;p=5118"},"modified":"2026-05-14T03:35:13","modified_gmt":"2026-05-14T01:35:13","slug":"ianoni-padel-racket-carbon-fiber-surface-with-eva-memory-flex-foam-core-padel-tennis-racquets-lightweight","status":"publish","type":"product","link":"https:\/\/topsmart.store\/en\/product\/ianoni-padel-racket-carbon-fiber-surface-with-eva-memory-flex-foam-core-padel-tennis-racquets-lightweight\/","title":{"rendered":"IANONI Padel Racket Carbon Fiber Surface with EVA Memory Flex Foam Core Padel Tennis Racquets Lightweight"},"content":{"rendered":"<p>\n<p><\/p>\n<ul style=\"font-family:&quot;Amazon Ember&quot;, Arial, sans-serif;font-size:14px;font-weight:400;letter-spacing:normal;text-align:start;white-space:normal;color:rgb(15, 17, 17);background-color:rgb(255, 255, 255);margin:0px 0px 18px 18px;margin-bottom:18px;margin-top:0px;margin-left:18px;margin-right:0px;padding:0px;padding-bottom:0px;padding-top:0px;padding-left:0px;padding-right:0px;box-sizing:border-box\" class=\"a-unordered-list a-vertical\" align=\"start\">\n<li style=\"margin:0px;margin-bottom:0px;margin-top:0px;margin-left:0px;margin-right:0px;list-style:disc;box-sizing:border-box\">\n<p><span class=\"a-list-item\" style=\"color:rgb(15, 17, 17)\">Gamindami nepriekai\u0161tingas padelio teniso raketes, naudojame tik auk\u0161\u010diausios klas\u0117s anglies pluo\u0161to med\u017eiag\u0105, o kiekviena raket\u0117 praeina daugyb\u0119 grie\u017et\u0173 bandym\u0173, \u012fskaitant atsparumo gniu\u017edymui, auk\u0161tos ir \u017eemos temperat\u016bros bei pavir\u0161iaus tvirtumo bandymus ir kt., kad padelio<\/span><span class=\"a-list-item\" style=\"color:rgb(15, 17, 17)\"><span> <\/span><\/span><span class=\"a-list-item\" style=\"color:rgb(15, 17, 17)\">teniso raket\u0117 u\u017etikrint\u0173 auk\u0161\u010diausi\u0105 na\u0161um\u0105 \u012fvairiomis aplinkyb\u0117mis. Be to, ji ilg\u0105 laik\u0105 i\u0161laiko naujos prek\u0117s form\u0105 ir funkcionalum\u0105, nepaisant vandens, ne\u0161vari\u0173 skys\u010di\u0173, sm\u0117lio ir kit\u0173 neigiam\u0173 veiksni\u0173.<\/span><\/p>\n<\/li>\n<\/ul>\n<p><\/p>\n<p style=\"font-family:&quot;Amazon Ember&quot;, Arial, sans-serif;font-size:14px;font-weight:400;letter-spacing:normal;text-align:start;white-space:normal;color:rgb(15, 17, 17);background-color:rgb(255, 255, 255);margin:0px 0px 14px;margin-bottom:14px;margin-top:0px;margin-left:0px;margin-right:0px;padding:0px;padding-bottom:0px;padding-top:0px;padding-left:0px;padding-right:0px;box-sizing:border-box\" class=\"a-spacing-base\" align=\"start\">Nesvarbu, ar renkate draugi\u0161k\u0105 sportin\u0119 veikl\u0105, ar paprast\u0105 poils\u012f su \u0161eima, draugais ar verslo partneriais, \u0161i padelio teniso raket\u0117 jums puikiai tarnaus, o \u017eaidimo patirtis su ja bus pa\u017eym\u0117ta kokybe.<\/p>\n<p style=\"font-family:&quot;Amazon Ember&quot;, Arial, sans-serif;font-size:14px;font-weight:400;letter-spacing:normal;text-align:start;white-space:normal;color:rgb(15, 17, 17);background-color:rgb(255, 255, 255);margin:0px 0px 14px;margin-bottom:14px;margin-top:0px;margin-left:0px;margin-right:0px;padding:0px;padding-bottom:0px;padding-top:0px;padding-left:0px;padding-right:0px;box-sizing:border-box\" class=\"a-spacing-base\" align=\"start\"><img decoding=\"async\" src=\"https:\/\/ae01.alicdn.com\/kf\/S6f0abc1f4c264fe08d4657d897b6c08ec.jpg\" slate-data-type=\"image\"\/><img decoding=\"async\" src=\"https:\/\/ae01.alicdn.com\/kf\/S507b0c38d4cb4919a8a4bedcfeb6f3dbg.jpg\" slate-data-type=\"image\"\/><img decoding=\"async\" src=\"https:\/\/ae01.alicdn.com\/kf\/Sd849622c5d4a417cb99a3da681bd6a71a.jpg\" slate-data-type=\"image\"\/><img decoding=\"async\" src=\"https:\/\/ae01.alicdn.com\/kf\/S887d8ab0e3454f3bbc3b92e010c96a64b.jpg\" slate-data-type=\"image\"\/><img decoding=\"async\" src=\"https:\/\/ae01.alicdn.com\/kf\/S6395079e1348412085d9daa5215edf98z.jpg\" slate-data-type=\"image\"\/><img decoding=\"async\" src=\"https:\/\/ae01.alicdn.com\/kf\/Sf903c73c1af543698904ab78cdbf845am.jpg\" slate-data-type=\"image\"\/><\/p>\n<\/p>\n<p><img decoding=\"async\" class=\"img-responsive\" src=\"\/\/ae01.alicdn.com\/kf\/S6f0abc1f4c264fe08d4657d897b6c08ec.jpg\"\/><img decoding=\"async\" class=\"img-responsive\" src=\"\/\/ae01.alicdn.com\/kf\/S507b0c38d4cb4919a8a4bedcfeb6f3dbg.jpg\"\/><img decoding=\"async\" class=\"img-responsive\" src=\"\/\/ae01.alicdn.com\/kf\/Sd849622c5d4a417cb99a3da681bd6a71a.jpg\"\/><img decoding=\"async\" class=\"img-responsive\" src=\"\/\/ae01.alicdn.com\/kf\/S887d8ab0e3454f3bbc3b92e010c96a64b.jpg\"\/><img decoding=\"async\" class=\"img-responsive\" src=\"\/\/ae01.alicdn.com\/kf\/S6395079e1348412085d9daa5215edf98z.jpg\"\/><img decoding=\"async\" class=\"img-responsive\" src=\"\/\/ae01.alicdn.com\/kf\/Sf903c73c1af543698904ab78cdbf845am.jpg\"\/><\/p>","protected":false},"excerpt":{"rendered":"<p>Gamindami nepriekai\u0161tingas padelio teniso raketes, naudojame tik auk\u0161\u010diausios klas\u0117s anglies pluo\u0161to med\u017eiag\u0105, o kiekviena raket\u0117 praeina daugyb\u0119 grie\u017et\u0173 bandym\u0173, \u012fskaitant atsparumo gniu\u017edymui, auk\u0161tos ir \u017eemos temperat\u016bros bei pavir\u0161iaus tvirtumo bandymus ir kt., kad padelio teniso raket\u0117 u\u017etikrint\u0173 auk\u0161\u010diausi\u0105 na\u0161um\u0105 \u012fvairiomis aplinkyb\u0117mis. Be to, ji ilg\u0105 laik\u0105 i\u0161laiko naujos prek\u0117s form\u0105 ir funkcionalum\u0105, nepaisant vandens, ne\u0161vari\u0173 [&hellip;]<\/p>\n","protected":false},"featured_media":5119,"comment_status":"open","ping_status":"closed","template":"","meta":[],"product_brand":[],"product_cat":[26],"product_tag":[],"class_list":{"0":"post-5118","1":"product","2":"type-product","3":"status-publish","4":"has-post-thumbnail","6":"product_cat-pramogos-ir-sportas","7":"pa_color-pr8100-blue","8":"pa_color-pr8100-red","10":"first","11":"instock","12":"sale","13":"shipping-taxable","14":"purchasable","15":"product-type-simple"},"_links":{"self":[{"href":"https:\/\/topsmart.store\/en\/wp-json\/wp\/v2\/product\/5118","targetHints":{"allow":["GET"]}}],"collection":[{"href":"https:\/\/topsmart.store\/en\/wp-json\/wp\/v2\/product"}],"about":[{"href":"https:\/\/topsmart.store\/en\/wp-json\/wp\/v2\/types\/product"}],"replies":[{"embeddable":true,"href":"https:\/\/topsmart.store\/en\/wp-json\/wp\/v2\/comments?post=5118"}],"wp:featuredmedia":[{"embeddable":true,"href":"https:\/\/topsmart.store\/en\/wp-json\/wp\/v2\/media\/5119"}],"wp:attachment":[{"href":"https:\/\/topsmart.store\/en\/wp-json\/wp\/v2\/media?parent=5118"}],"wp:term":[{"taxonomy":"product_brand","embeddable":true,"href":"https:\/\/topsmart.store\/en\/wp-json\/wp\/v2\/product_brand?post=5118"},{"taxonomy":"product_cat","embeddable":true,"href":"https:\/\/topsmart.store\/en\/wp-json\/wp\/v2\/product_cat?post=5118"},{"taxonomy":"product_tag","embeddable":true,"href":"https:\/\/topsmart.store\/en\/wp-json\/wp\/v2\/product_tag?post=5118"}],"curies":[{"name":"wp","href":"https:\/\/api.w.org\/{rel}","templated":true}]}}