{"id":5180,"date":"2026-04-22T18:53:59","date_gmt":"2026-04-22T16:53:59","guid":{"rendered":"https:\/\/topsmart.store\/?post_type=product&#038;p=5180"},"modified":"2026-05-14T03:35:24","modified_gmt":"2026-05-14T01:35:24","slug":"ianoni-padel-racket-carbon-fiber-surface-with-eva-memory-flex-foam-core-padel-tennis-racquets-lightweight-2","status":"publish","type":"product","link":"https:\/\/topsmart.store\/en\/product\/ianoni-padel-racket-carbon-fiber-surface-with-eva-memory-flex-foam-core-padel-tennis-racquets-lightweight-2\/","title":{"rendered":"IANONI Padel Racket Carbon Fiber Surface with EVA Memory Flex Foam Core Padel Tennis Racquets Lightweight"},"content":{"rendered":"<p><p>\u00a0<\/p>\n<p class=\"a-spacing-base\" style=\"font-family: 'Amazon Ember', Arial, sans-serif; font-size: 14px; font-weight: 400; letter-spacing: normal; text-align: start; white-space: normal; color: #0f1111; background-color: #ffffff; margin: 0px 0px 14px 0px; padding: 0px; box-sizing: border-box;\" align=\"start\"><img decoding=\"async\" src=\"https:\/\/ae01.alicdn.com\/kf\/S88cc3e78d99d4d8bb2ef5bf7191808b3n.jpg\" \/><\/p>\n<p class=\"a-spacing-base\" style=\"font-family: 'Amazon Ember', Arial, sans-serif; font-size: 14px; font-weight: 400; letter-spacing: normal; text-align: start; white-space: normal; color: #0f1111; background-color: #ffffff; margin: 0px 0px 14px 0px; padding: 0px; box-sizing: border-box;\" align=\"start\"><span class=\"a-text-bold\">Gamindami nepriekai\u0161tingas padelio teniso raketes, naudojame tik auk\u0161\u010diausios klas\u0117s anglies pluo\u0161to med\u017eiag\u0105. Kiekviena raket\u0117 buvo i\u0161bandyta atliekant daugyb\u0119 grie\u017et\u0173 bandym\u0173, \u012fskaitant atsparumo gniu\u017edymui, auk\u0161tos ir \u017eemos temperat\u016bros bei pavir\u0161iaus tvirtumo bandymus ir kt., siekiant u\u017etikrinti, kad padelio teniso raket\u0117 pasiekt\u0173 auk\u0161\u010diausi\u0105 na\u0161um\u0105 \u012fvairiomis aplinkyb\u0117mis. Be to, ji ilg\u0105 laik\u0105 i\u0161laiko naujos prek\u0117s form\u0105 ir funkcionalum\u0105, net ir veikiama vandens, ne\u0161vari\u0173 skys\u010di\u0173, sm\u0117lio ar kit\u0173 veiksni\u0173.<\/span><\/p>\n<p class=\"a-spacing-base\" style=\"font-family: 'Amazon Ember', Arial, sans-serif; font-size: 14px; font-weight: 400; letter-spacing: normal; text-align: start; white-space: normal; color: #0f1111; background-color: #ffffff; margin: 0px 0px 14px 0px; padding: 0px; box-sizing: border-box;\" align=\"start\"><span class=\"a-text-bold\">Nesvarbu, ar norite draugi\u0161kai pasivar\u017eyti sporto veikloje, ar tiesiog m\u0117gautis poilsiu su \u0161eima, draugais ar verslo partneriais, m\u016bs\u0173 padelio raket\u0117 jums puikiai tarnaus, o \u017eaidimo patirtis su \u0161ia rakete bus pa\u017eym\u0117ta kokybe.<\/span><\/p>\n<p class=\"a-spacing-base\" style=\"font-family: 'Amazon Ember', Arial, sans-serif; font-size: 14px; font-weight: 400; letter-spacing: normal; text-align: start; white-space: normal; color: #0f1111; background-color: #ffffff; margin: 0px 0px 14px 0px; padding: 0px; box-sizing: border-box;\" align=\"start\"><img decoding=\"async\" src=\"https:\/\/ae01.alicdn.com\/kf\/S5ddde02b367a4c029e66113eda5db075O.jpg\" \/><img decoding=\"async\" src=\"https:\/\/ae01.alicdn.com\/kf\/S8ad7606854bc43eaa8dac7f47204ff44i.jpg\" \/><\/p>\n<p class=\"a-spacing-base\" style=\"font-family: 'Amazon Ember', Arial, sans-serif; font-size: 14px; font-weight: 400; letter-spacing: normal; text-align: start; white-space: normal; color: #0f1111; background-color: #ffffff; margin: 0px 0px 14px 0px; padding: 0px; box-sizing: border-box;\" align=\"start\">MATMENYS<\/p>\n<p class=\"a-spacing-base\" style=\"font-family: 'Amazon Ember', Arial, sans-serif; font-size: 14px; font-weight: 400; letter-spacing: normal; text-align: start; white-space: normal; color: #0f1111; background-color: #ffffff; margin: 0px 0px 14px 0px; padding: 0px; box-sizing: border-box;\" align=\"start\"><span class=\"a-text-bold\">1 padelio rinkinys sudaro:<\/span><\/p>\n<p class=\"a-spacing-base\" style=\"font-family: 'Amazon Ember', Arial, sans-serif; font-size: 14px; font-weight: 400; letter-spacing: normal; text-align: start; white-space: normal; color: #0f1111; background-color: #ffffff; margin: 0px 0px 14px 0px; padding: 0px; box-sizing: border-box;\" align=\"start\">1 x padelio raket\u0117<\/p>\n<p class=\"a-spacing-base\" style=\"font-family: 'Amazon Ember', Arial, sans-serif; font-size: 14px; font-weight: 400; letter-spacing: normal; text-align: start; white-space: normal; color: #0f1111; background-color: #ffffff; margin: 0px 0px 14px 0px; padding: 0px; box-sizing: border-box;\" align=\"start\">1 x padelio ne\u0161imo tinklinis krep\u0161ys<\/p>\n<p class=\"a-spacing-base\" style=\"font-family: 'Amazon Ember', Arial, sans-serif; font-size: 14px; font-weight: 400; letter-spacing: normal; text-align: start; white-space: normal; color: #0f1111; background-color: #ffffff; margin: 0px 0px 14px 0px; padding: 0px; box-sizing: border-box;\" align=\"start\">1 x instrukcijos<\/p>\n<p class=\"a-spacing-base\" style=\"font-family: 'Amazon Ember', Arial, sans-serif; font-size: 14px; font-weight: 400; letter-spacing: normal; text-align: start; white-space: normal; color: #0f1111; background-color: #ffffff; margin: 0px 0px 14px 0px; padding: 0px; box-sizing: border-box;\" align=\"start\"><img decoding=\"async\" src=\"https:\/\/ae01.alicdn.com\/kf\/Sd597091b7c544cf4818af3cfcbec5a363.jpg\" \/><img decoding=\"async\" src=\"https:\/\/ae01.alicdn.com\/kf\/Sdf4cea920d51400ea272e67077538302Z.jpg\" \/><img decoding=\"async\" src=\"https:\/\/ae01.alicdn.com\/kf\/S6ab0addf26ef459893db8e9c45dc4f9aL.jpg\" \/><\/p>\n<\/p>\n<ul class=\"a-unordered-list a-vertical\" style=\"font-family: 'Amazon Ember', Arial, sans-serif; font-size: 14px; font-weight: 400; letter-spacing: normal; text-align: start; white-space: normal; color: #0f1111; background-color: #f3f3f3; margin: 0px 0px 0px 18px; padding: 0px; box-sizing: border-box;\">\n<li style=\"margin: 0px; list-style: disc; box-sizing: border-box;\">\n<p><span class=\"a-list-item\" style=\"color: #0f1111;\"><span class=\"a-size-base\" style=\"font-size: 13px;\">Skylu\u010di\u0173 skai\u010dius: 62<\/span><\/span><\/p>\n<\/li>\n<li style=\"margin: 0px; list-style: disc; box-sizing: border-box;\">\n<p><span class=\"a-list-item\" style=\"color: #0f1111;\"><span class=\"a-size-base\" style=\"font-size: 13px;\">Padelio storis: 1,46 colio (3,7 cm)<\/span><\/span><\/p>\n<\/li>\n<li style=\"margin: 0px; list-style: disc; box-sizing: border-box;\">\n<p><span class=\"a-list-item\" style=\"color: #0f1111;\"><span class=\"a-size-base\" style=\"font-size: 13px;\">Svoris: 350\u2013355 g (12,5 oz)<\/span><\/span><\/p>\n<\/li>\n<li style=\"margin: 0px; list-style: disc; box-sizing: border-box;\">\n<p><span class=\"a-list-item\" style=\"color: #0f1111;\"><span class=\"a-size-base\" style=\"font-size: 13px;\">Profilis: 26 cm (10,24 colio); Bendras ilgis: 34 cm (13,39 colio)<\/span><\/span><\/p>\n<\/li>\n<li style=\"margin: 0px; list-style: disc; box-sizing: border-box;\">\n<p><span class=\"a-list-item\" style=\"color: #0f1111;\"><span class=\"a-size-base\" style=\"font-size: 13px;\">Rankenos ilgis: 12 cm (4,72 colio); Rankenos apimtis: 10 cm (4,13 colio)<\/span><\/span><\/p>\n<\/li>\n<\/ul>\n<p>\u00a0<\/p>\n<p><img decoding=\"async\" src=\"https:\/\/ae01.alicdn.com\/kf\/S416dc1c735e8410b80cabf488ed30114l.jpg\" \/><img decoding=\"async\" src=\"https:\/\/ae01.alicdn.com\/kf\/S3d7751c28b33433b996e902c6ce9a342e.jpg\" \/><\/p>\n<p>\u00a0<\/p>\n<p><img decoding=\"async\" class=\"img-responsive\" src=\"\/\/ae01.alicdn.com\/kf\/S88cc3e78d99d4d8bb2ef5bf7191808b3n.jpg\" \/><img decoding=\"async\" class=\"img-responsive\" src=\"\/\/ae01.alicdn.com\/kf\/S5ddde02b367a4c029e66113eda5db075O.jpg\" \/><img decoding=\"async\" class=\"img-responsive\" src=\"\/\/ae01.alicdn.com\/kf\/S8ad7606854bc43eaa8dac7f47204ff44i.jpg\" \/><img decoding=\"async\" class=\"img-responsive\" src=\"\/\/ae01.alicdn.com\/kf\/Sd597091b7c544cf4818af3cfcbec5a363.jpg\" \/><img decoding=\"async\" class=\"img-responsive\" src=\"\/\/ae01.alicdn.com\/kf\/Sdf4cea920d51400ea272e67077538302Z.jpg\" \/><img decoding=\"async\" class=\"img-responsive\" src=\"\/\/ae01.alicdn.com\/kf\/S6ab0addf26ef459893db8e9c45dc4f9aL.jpg\" \/><img decoding=\"async\" class=\"img-responsive\" src=\"\/\/ae01.alicdn.com\/kf\/S416dc1c735e8410b80cabf488ed30114l.jpg\" \/><\/p>","protected":false},"excerpt":{"rendered":"<p>\u00a0 Gamindami nepriekai\u0161tingas padelio teniso raketes, naudojame tik auk\u0161\u010diausios klas\u0117s anglies pluo\u0161to med\u017eiag\u0105. Kiekviena raket\u0117 buvo i\u0161bandyta atliekant daugyb\u0119 grie\u017et\u0173 bandym\u0173, \u012fskaitant atsparumo gniu\u017edymui, auk\u0161tos ir \u017eemos temperat\u016bros bei pavir\u0161iaus tvirtumo bandymus ir kt., siekiant u\u017etikrinti, kad padelio teniso raket\u0117 pasiekt\u0173 auk\u0161\u010diausi\u0105 na\u0161um\u0105 \u012fvairiomis aplinkyb\u0117mis. Be to, ji ilg\u0105 laik\u0105 i\u0161laiko naujos prek\u0117s form\u0105 ir [&hellip;]<\/p>\n","protected":false},"featured_media":5181,"comment_status":"open","ping_status":"closed","template":"","meta":[],"product_brand":[],"product_cat":[26],"product_tag":[],"class_list":{"0":"post-5180","1":"product","2":"type-product","3":"status-publish","4":"has-post-thumbnail","6":"product_cat-pramogos-ir-sportas","8":"first","9":"instock","10":"sale","11":"shipping-taxable","12":"purchasable","13":"product-type-simple"},"_links":{"self":[{"href":"https:\/\/topsmart.store\/en\/wp-json\/wp\/v2\/product\/5180","targetHints":{"allow":["GET"]}}],"collection":[{"href":"https:\/\/topsmart.store\/en\/wp-json\/wp\/v2\/product"}],"about":[{"href":"https:\/\/topsmart.store\/en\/wp-json\/wp\/v2\/types\/product"}],"replies":[{"embeddable":true,"href":"https:\/\/topsmart.store\/en\/wp-json\/wp\/v2\/comments?post=5180"}],"wp:featuredmedia":[{"embeddable":true,"href":"https:\/\/topsmart.store\/en\/wp-json\/wp\/v2\/media\/5181"}],"wp:attachment":[{"href":"https:\/\/topsmart.store\/en\/wp-json\/wp\/v2\/media?parent=5180"}],"wp:term":[{"taxonomy":"product_brand","embeddable":true,"href":"https:\/\/topsmart.store\/en\/wp-json\/wp\/v2\/product_brand?post=5180"},{"taxonomy":"product_cat","embeddable":true,"href":"https:\/\/topsmart.store\/en\/wp-json\/wp\/v2\/product_cat?post=5180"},{"taxonomy":"product_tag","embeddable":true,"href":"https:\/\/topsmart.store\/en\/wp-json\/wp\/v2\/product_tag?post=5180"}],"curies":[{"name":"wp","href":"https:\/\/api.w.org\/{rel}","templated":true}]}}