{"id":5295,"date":"2026-04-22T21:52:42","date_gmt":"2026-04-22T19:52:42","guid":{"rendered":"https:\/\/topsmart.store\/?post_type=product&#038;p=5295"},"modified":"2026-05-14T08:37:08","modified_gmt":"2026-05-14T06:37:08","slug":"household-1-9inch-240280-resolution-color-display-air-quality-detector-high-sensitive-semiconductor-sensors-5in1-hcho-tvoc-co2","status":"publish","type":"product","link":"https:\/\/topsmart.store\/en\/product\/household-1-9inch-240280-resolution-color-display-air-quality-detector-high-sensitive-semiconductor-sensors-5in1-hcho-tvoc-co2\/","title":{"rendered":"Household 1.9inch 240*280 Resolution Color Display Air Quality Detector High Sensitive Semiconductor Sensors 5in1 HCHO TVOC CO2"},"content":{"rendered":"<p>\n<div class=\"detailmodule_html\">\n<div class=\"detail-desc-decorate-richtext\">\n<div class=\"desc\">\n<div style=\"width: px; line-height:150%; font-family:Arial, Helvetica, sans-serif; font-size:12px;\">\n<p style=\"font-size: 24.0px; color: #000000; font-weight:bold; line-height:30px; margin-bottom: 6px;\"><img loading=\"lazy\" decoding=\"async\" src=\"https:\/\/ae01.alicdn.com\/kf\/S08b5c4c26c824b36942ec1603d8990f2D.jpg\" width=\"1000\" height=\"95\" alt=\"\"\/><\/p>\n<\/p>\n<div style=\"font:Arial;font-size:16px;\">\n<p><b>Savyb\u0117s:<\/b><\/p>\n<p>1. Kompakti\u0161kas korpuso dizainas, paprasta ir madinga i\u0161vaizda, galite \u012fsid\u0117ti \u012f ki\u0161en\u0119 ir naudoti kur tik norite.<br \/>2. 1,9 colio ry\u0161kus spalvotas ekranas, 240\u00d7280 skiriamoji geba, HCHO, TVOC, CO2, temperat\u016bros ir dr\u0117gm\u0117s rodmenys yra intuityvesni ir patogesni skaityti.<br \/>3. \u012erengtas itin tiksliais puslaidininkiniais jutikliais, kurie tiksliai identifikuoja ir fiksuoja \u012fvairius ter\u0161alus dujose; HCHO, TVOC, CO2 duj\u0173 koncentracijos matavimas realiuoju laiku yra tikslesnis.<br \/>4. \u012erengtas auk\u0161\u010diausios kokyb\u0117s temperat\u016bros ir dr\u0117gm\u0117s jutikliais, pasi\u017eymin\u010diais puikiu atsparumu trukd\u017eiams, u\u017etikrinan\u010diais kiekvieno rodmens matavimo tikslum\u0105, stabil\u0173 veikim\u0105 ir ma\u017e\u0105 energijos suvartojim\u0105.<br \/>5. \u012emontuotas labai jautrus pa\u017eangus lustas, skirtas greitam oro kokyb\u0117s nustatymui, u\u017etikrinantis tikslesn\u012f prietaiso veikim\u0105.<br \/>6. \u012erengtas oro kokyb\u0117s lygi\u0173 klasifikavimo funkcija: 4 skirtingos \u0161rifto spalvos atitinka skirtingus oro kokyb\u0117s lygius, leid\u017eian\u010dias tiksliau ir vaizdingiau su\u017einoti esamas oro s\u0105lygas.<br \/>7. Korpuse \u012frengtos \u0161imtai ventiliacijos ang\u0173 ne tik pagreitina oro ir prietaiso tarpusavio konvekcij\u0105, pagerina oro srauto pralaidum\u0105, u\u017etikrinant veiksming\u0105 nustatym\u0105, bet ir u\u017etikrina geresn\u012f \u0161ilumos i\u0161sklaidymo efekt\u0105.<br \/>8. Pla\u010diai taikomas: \u017eem\u0117s \u016bkio pas\u0117liams, \u0161iltnami\u0173 dar\u017eov\u0117ms, gamybos sand\u0117liams, med\u017eiag\u0173 apdorojimui, nam\u0173 interjerui, verslo biurams ir kt.<\/p>\n<p><\/p>\n<p><b>Specifikacija:<\/b><\/p>\n<p>Tai yra kokybi\u0161kas oro kokyb\u0117s detektorius, kompakti\u0161ko dyd\u017eio, lengvas ir ne\u0161iojamas. Naudoja labai tikslius temperat\u016bros ir dr\u0117gm\u0117s jutiklius, aptinka realiuoju laiku, automati\u0161kai atnaujina duomenis. Didelis LCD ekranas leid\u017eia ai\u0161kiai matyti elektros energijos kiek\u012f, CO2 vert\u0119, TVOC vert\u0119, HCHO vert\u0119, temperat\u016br\u0105 ir dr\u0117gm\u0119. Pla\u010diai taikomas: \u017eem\u0117s \u016bkio pas\u0117liams, \u0161iltnami\u0173 dar\u017eov\u0117ms, gamybos sand\u0117liams, med\u017eiag\u0173 apdorojimui, nam\u0173 interjerui, verslo biurams ir kt.<br \/>Pavadinimas: Oro kokyb\u0117s detektorius<br \/>Med\u017eiaga: ABS<br \/>Spalva: juoda, balta (pasirenkama)<br \/>Baterija: 1 * 1000 mAh \u012fmontuota baterija (\u012ftraukta)<br \/>Ekranas: 1,9 colio spalvotas ekranas<br \/>Darbin\u0117 \u012ftampa: 3,7 V<br \/>\u012esikaitimo laikas: 35 s<br \/>Duomen\u0173 atnaujinimo da\u017enis: 2 s<br \/>Aptikimo diapazonai: 0\u20139,999 mg\/m\u00b3<br \/>Darbin\u0117 dr\u0117gm\u0117: 0\u201395 % RH<br \/>Darbin\u0117 temperat\u016bra: nuo -20 \u00b0C iki 60 \u00b0C<br \/>\u012ekrovimo re\u017eimas: Type-C s\u0105saja<br \/>Prek\u0117s matmenys: 50,6 * 85 * 17 mm \/ 1,99 * 3,35 * 0,67 colio<br \/>Pakuot\u0117s matmenys: 85 * 51 * 17 mm \/ 3,35 * 2,01 * 0,67 colio<br \/>Pakuot\u0117s svoris: 120 g \/ 4,23 uncijos<\/p>\n<p><\/p>\n<p><b>Pakuot\u0117s turinys:<\/b><\/p>\n<p>1 * Oro kokyb\u0117s detektorius<\/p><\/div>\n<p style=\"margin-bottom:6px; margin-top:6px;\"><img loading=\"lazy\" decoding=\"async\" src=\"https:\/\/ae01.alicdn.com\/kf\/See6bb516d6e54d25b1844b7f25ba3fcap.jpg\" width=\"1000\" height=\"87\"\/><\/p>\n<p><\/p>\n<\/div>\n<\/div>\n<\/div>\n<\/div>\n<\/p>\n<p><img decoding=\"async\" src=\"https:\/\/ae01.alicdn.com\/kf\/S71b1226a141f4af8a5f9b281696474ceY.jpg\" style=\"max-width:100%;\"\/><img decoding=\"async\" src=\"https:\/\/ae01.alicdn.com\/kf\/S247086a121d049b4b5c290b306cd14341.jpg\" style=\"font-size: 12px; color: var(--w-e-textarea-color); max-width: 100%;\"\/><img decoding=\"async\" src=\"https:\/\/ae01.alicdn.com\/kf\/S0838df75640c4c0facb34cb52116d919y.jpg\" style=\"font-size: 12px; color: var(--w-e-textarea-color); max-width: 100%;\"\/><img decoding=\"async\" src=\"https:\/\/ae01.alicdn.com\/kf\/Sab33fbb7f155408996b0d97e63c5a61bu.jpg\" style=\"font-size: 12px; color: var(--w-e-textarea-color); max-width: 100%;\"\/><img decoding=\"async\" src=\"https:\/\/ae01.alicdn.com\/kf\/Sc4127ea8c1dc45d1889e3738b436fe6aX.jpg\" style=\"font-size: 12px; color: var(--w-e-textarea-color); max-width: 100%;\"\/><img decoding=\"async\" src=\"https:\/\/ae01.alicdn.com\/kf\/Sfe331deba65949dcab1adbc7cda4e8b3s.jpg\" style=\"font-size: 12px; color: var(--w-e-textarea-color); max-width: 100%;\"\/><img decoding=\"async\" src=\"https:\/\/ae01.alicdn.com\/kf\/S828151423e104c1f84fa6b2f73e25ddcx.jpg\" style=\"font-size: 12px; color: var(--w-e-textarea-color); max-width: 100%;\"\/><img decoding=\"async\" src=\"https:\/\/ae01.alicdn.com\/kf\/Sa6f7d92710a24b21b1e4d4fe53ca395bP.jpg\" style=\"font-size: 12px; color: var(--w-e-textarea-color); max-width: 100%;\"\/><img decoding=\"async\" src=\"https:\/\/ae01.alicdn.com\/kf\/S2074badaac5340d4a3f42448c9fb01d1W.jpg\" style=\"font-size: 12px; color: var(--w-e-textarea-color); max-width: 100%;\"\/><img decoding=\"async\" src=\"https:\/\/ae01.alicdn.com\/kf\/S1302219cfa9d4b6cbe7198dfccc10350O.jpg\" style=\"font-size: 12px; color: var(--w-e-textarea-color); max-width: 100%;\"\/><img decoding=\"async\" src=\"https:\/\/ae01.alicdn.com\/kf\/S2dacc075f9d04c44bd3eb9121fbedda84.jpg\" style=\"font-size: 12px; color: var(--w-e-textarea-color); max-width: 100%;\"\/><\/p>\n<p class=\"STYLE1\">\n<\/p>\n<\/div>\n<\/div>\n<\/div>\n<\/div>\n<p><img decoding=\"async\" class=\"img-responsive\" src=\"\/\/ae01.alicdn.com\/kf\/S08b5c4c26c824b36942ec1603d8990f2D.jpg\"\/><img decoding=\"async\" class=\"img-responsive\" src=\"\/\/ae01.alicdn.com\/kf\/See6bb516d6e54d25b1844b7f25ba3fcap.jpg\"\/><img decoding=\"async\" class=\"img-responsive\" src=\"\/\/ae01.alicdn.com\/kf\/S71b1226a141f4af8a5f9b281696474ceY.jpg\"\/><img decoding=\"async\" class=\"img-responsive\" src=\"\/\/ae01.alicdn.com\/kf\/S247086a121d049b4b5c290b306cd14341.jpg\"\/><img decoding=\"async\" class=\"img-responsive\" src=\"\/\/ae01.alicdn.com\/kf\/Sab33fbb7f155408996b0d97e63c5a61bu.jpg\"\/><img decoding=\"async\" class=\"img-responsive\" src=\"\/\/ae01.alicdn.com\/kf\/Sc4127ea8c1dc45d1889e3738b436fe6aX.jpg\"\/><img decoding=\"async\" class=\"img-responsive\" src=\"\/\/ae01.alicdn.com\/kf\/Sfe331deba65949dcab1adbc7cda4e8b3s.jpg\"\/><img decoding=\"async\" class=\"img-responsive\" src=\"\/\/ae01.alicdn.com\/kf\/S828151423e104c1f84fa6b2f73e25ddcx.jpg\"\/><img decoding=\"async\" class=\"img-responsive\" src=\"\/\/ae01.alicdn.com\/kf\/Sa6f7d92710a24b21b1e4d4fe53ca395bP.jpg\"\/><img decoding=\"async\" class=\"img-responsive\" src=\"\/\/ae01.alicdn.com\/kf\/S2074badaac5340d4a3f42448c9fb01d1W.jpg\"\/><img decoding=\"async\" class=\"img-responsive\" src=\"\/\/ae01.alicdn.com\/kf\/S1302219cfa9d4b6cbe7198dfccc10350O.jpg\"\/><img decoding=\"async\" class=\"img-responsive\" src=\"\/\/ae01.alicdn.com\/kf\/S2dacc075f9d04c44bd3eb9121fbedda84.jpg\"\/><\/p>","protected":false},"excerpt":{"rendered":"<p>Savyb\u0117s: 1. Kompakti\u0161kas korpuso dizainas, paprasta ir madinga i\u0161vaizda, galite \u012fsid\u0117ti \u012f ki\u0161en\u0119 ir naudoti kur tik norite.2. 1,9 colio ry\u0161kus spalvotas ekranas, 240\u00d7280 skiriamoji geba, HCHO, TVOC, CO2, temperat\u016bros ir dr\u0117gm\u0117s rodmenys yra intuityvesni ir patogesni skaityti.3. \u012erengtas itin tiksliais puslaidininkiniais jutikliais, kurie tiksliai identifikuoja ir fiksuoja \u012fvairius ter\u0161alus dujose; HCHO, TVOC, CO2 duj\u0173 [&hellip;]<\/p>\n","protected":false},"featured_media":5296,"comment_status":"open","ping_status":"closed","template":"","meta":[],"product_brand":[],"product_cat":[24,23],"product_tag":[],"class_list":{"0":"post-5295","1":"product","2":"type-product","3":"status-publish","4":"has-post-thumbnail","6":"product_cat-namu-apyvoka","7":"product_cat-ismanieji-prietaisai","8":"pa_color-white","9":"pa_color-black","11":"first","12":"instock","13":"sale","14":"shipping-taxable","15":"purchasable","16":"product-type-variable"},"_links":{"self":[{"href":"https:\/\/topsmart.store\/en\/wp-json\/wp\/v2\/product\/5295","targetHints":{"allow":["GET"]}}],"collection":[{"href":"https:\/\/topsmart.store\/en\/wp-json\/wp\/v2\/product"}],"about":[{"href":"https:\/\/topsmart.store\/en\/wp-json\/wp\/v2\/types\/product"}],"replies":[{"embeddable":true,"href":"https:\/\/topsmart.store\/en\/wp-json\/wp\/v2\/comments?post=5295"}],"wp:featuredmedia":[{"embeddable":true,"href":"https:\/\/topsmart.store\/en\/wp-json\/wp\/v2\/media\/5296"}],"wp:attachment":[{"href":"https:\/\/topsmart.store\/en\/wp-json\/wp\/v2\/media?parent=5295"}],"wp:term":[{"taxonomy":"product_brand","embeddable":true,"href":"https:\/\/topsmart.store\/en\/wp-json\/wp\/v2\/product_brand?post=5295"},{"taxonomy":"product_cat","embeddable":true,"href":"https:\/\/topsmart.store\/en\/wp-json\/wp\/v2\/product_cat?post=5295"},{"taxonomy":"product_tag","embeddable":true,"href":"https:\/\/topsmart.store\/en\/wp-json\/wp\/v2\/product_tag?post=5295"}],"curies":[{"name":"wp","href":"https:\/\/api.w.org\/{rel}","templated":true}]}}