{"id":5335,"date":"2026-04-22T21:55:10","date_gmt":"2026-04-22T19:55:10","guid":{"rendered":"https:\/\/topsmart.store\/?post_type=product&#038;p=5335"},"modified":"2026-05-12T08:10:00","modified_gmt":"2026-05-12T06:10:00","slug":"full-face-shield-anti-fog-face-cover-reusable-protective-transparent-visor-for-restaurant-lightweight-durable-multipurpose","status":"publish","type":"product","link":"https:\/\/topsmart.store\/en\/product\/full-face-shield-anti-fog-face-cover-reusable-protective-transparent-visor-for-restaurant-lightweight-durable-multipurpose\/","title":{"rendered":"Full Face Shield Anti Fog Face Cover Reusable Protective Transparent Visor for Restaurant Lightweight Durable Multipurpose"},"content":{"rendered":"<p>\n<div class=\"detailmodule_html\">\n<div class=\"detail-desc-decorate-richtext\">\n<p><b>Apra\u0161ymas:<\/b><\/p>\n<p>\u3010Viso veido apsauga\u3011Apsauginis veido skydelis su apsauga nuo rasos, integruota smakro apsauga ir i\u0161pl\u0117sta vir\u0161utin\u0117s galvos dalies apsauga, apsaugo nuo krintan\u010di\u0173 ar skriejan\u010di\u0173 daikt\u0173, sm\u016bgi\u0173, chemini\u0173 pursl\u0173 ir ore skraidan\u010di\u0173<br \/>ne\u0161varum\u0173\u3010Auk\u0161\u010diausios kokyb\u0117s med\u017eiagos\u3011Saugus veido skydelis su skaidriu polikarbonato skydeliu ir plastiko r\u0117meliu u\u017etikrina ypa\u010d ai\u0161k\u0173 matomum\u0105 ir praleid\u017eia maksimal\u0173 \u0161viesos kiek\u012f<br \/>\u3010Apsauga nuo rasos susidarymo\u3011Veido apsauga su med\u017eiaga, apsaugan\u010dia nuo rasos susidarymo, ilgai naudojant neapr\u016bko. \u3010Ergonomi\u0161kas<br \/>dizainas\u3011\u0160lifavimo veido apsauga su mink\u0161ta pamink\u0161tinimu ant galvos dir\u017eo, patogi, lengvai atlenkiama viena ranka, puikiai tinka darbui gara\u017ee, dirbtuv\u0117se, sode ir pan.<br \/>\u3010Universalus\u3011Apsaugin\u0117 veido kauk\u0117 su reguliuojamu galvos dir\u017eu, universali, tinka visiems j\u016bs\u0173 poreikiams, susijusiems su veido apsauga nuo pursl\u0173.<\/p>\n<p><b>Dyd\u017ei\u0173 lentel\u0117:<\/b><\/p>\n<p>ma\u017edaug 30 cm x 27 cm \/ 11,81 colio x 10,63 colio<\/p>\n<p><b>Komplekt\u0105 sudaro:<\/b><\/p>\n<p>1 apsauginis nuo rasos ir pursl\u0173 veido skydelis<\/p>\n<p><b>Pastaba:<\/b><\/p>\n<p>D\u0117l rankinio matavimo ir skirting\u0173 monitori\u0173 gali b\u016bti nedideli\u0173 paklaid\u0173.<\/p>\n<p><span style=\"font-size: 16px;\"><img decoding=\"async\" alt=\"Full Face Shield Anti Fog Face Cover Reusable Protective Transparent Visor for Restaurant Lightweight Durable Multipurpose\" src=\"https:\/\/ae01.alicdn.com\/kf\/Sbbfe030305c6441cb788b6edc275b94aU.jpg\" title=\"Full Face Shield Anti Fog Face Cover Reusable Protective Transparent Visor for Restaurant Lightweight Durable Multipurpose\" \/><\/span><\/p>\n<p><span style=\"font-size: 16px;\"><img decoding=\"async\" alt=\"Full Face Shield Anti Fog Face Cover Reusable Protective Transparent Visor for Restaurant Lightweight Durable Multipurpose\" src=\"https:\/\/ae01.alicdn.com\/kf\/S78870b0255c24ae2881794bc5ff940dcS.jpg\" title=\"Full Face Shield Anti Fog Face Cover Reusable Protective Transparent Visor for Restaurant Lightweight Durable Multipurpose\" \/><\/span><\/p>\n<p><span style=\"font-size: 16px;\"><img decoding=\"async\" alt=\"Full Face Shield Anti Fog Face Cover Reusable Protective Transparent Visor for Restaurant Lightweight Durable Multipurpose\" src=\"https:\/\/ae01.alicdn.com\/kf\/Sb2c17137eeb343589d2773688b92754eo.jpg\" title=\"Full Face Shield Anti Fog Face Cover Reusable Protective Transparent Visor for Restaurant Lightweight Durable Multipurpose\" \/><\/span><\/p>\n<p><span style=\"font-size: 16px;\"><img decoding=\"async\" alt=\"Full Face Shield Anti Fog Face Cover Reusable Protective Transparent Visor for Restaurant Lightweight Durable Multipurpose\" src=\"https:\/\/ae01.alicdn.com\/kf\/Sb25b0a3288ef423da35a6a750fc2896dI.jpg\" title=\"Full Face Shield Anti Fog Face Cover Reusable Protective Transparent Visor for Restaurant Lightweight Durable Multipurpose\" \/><\/span><\/p>\n<p><span style=\"font-size: 16px;\"><img decoding=\"async\" alt=\"Full Face Shield Anti Fog Face Cover Reusable Protective Transparent Visor for Restaurant Lightweight Durable Multipurpose\" src=\"https:\/\/ae01.alicdn.com\/kf\/Sbb41fe93ec3c48c986f483b75a2bf38fh.jpg\" title=\"Full Face Shield Anti Fog Face Cover Reusable Protective Transparent Visor for Restaurant Lightweight Durable Multipurpose\" \/><\/span><\/p>\n<p><span style=\"font-size: 16px;\"><img decoding=\"async\" alt=\"Full Face Shield Anti Fog Face Cover Reusable Protective Transparent Visor for Restaurant Lightweight Durable Multipurpose\" src=\"https:\/\/ae01.alicdn.com\/kf\/Sf6d661aa83ab44888431c2b32c8599efN.jpg\" title=\"Full Face Shield Anti Fog Face Cover Reusable Protective Transparent Visor for Restaurant Lightweight Durable Multipurpose\" \/><\/span><\/p>\n<p><span style=\"font-size: 16px;\"><img decoding=\"async\" alt=\"Full Face Shield Anti Fog Face Cover Reusable Protective Transparent Visor for Restaurant Lightweight Durable Multipurpose\" src=\"https:\/\/ae01.alicdn.com\/kf\/S09ccf4b0e5f6426290855af17fa0ae488.jpg\" title=\"Full Face Shield Anti Fog Face Cover Reusable Protective Transparent Visor for Restaurant Lightweight Durable Multipurpose\" \/><\/span><\/p>\n<p><span style=\"font-size: 16px;\"><img decoding=\"async\" alt=\"Full Face Shield Anti Fog Face Cover Reusable Protective Transparent Visor for Restaurant Lightweight Durable Multipurpose\" src=\"https:\/\/ae01.alicdn.com\/kf\/Sbc8319a0f91f460dbaef0606ab5c34352.jpg\" title=\"Full Face Shield Anti Fog Face Cover Reusable Protective Transparent Visor for Restaurant Lightweight Durable Multipurpose\" \/><\/span><\/p>\n<\/div>\n<\/div><\/p>","protected":false},"excerpt":{"rendered":"<p>Apra\u0161ymas: \u3010Viso veido apsauga\u3011Apsauginis veido skydelis su apsauga nuo rasos, integruota smakro apsauga ir i\u0161pl\u0117sta vir\u0161utin\u0117s galvos dalies apsauga, apsaugo nuo krintan\u010di\u0173 ar skriejan\u010di\u0173 daikt\u0173, sm\u016bgi\u0173, chemini\u0173 pursl\u0173 ir ore skraidan\u010di\u0173ne\u0161varum\u0173\u3010Auk\u0161\u010diausios kokyb\u0117s med\u017eiagos\u3011Saugus veido skydelis su skaidriu polikarbonato skydeliu ir plastiko r\u0117meliu u\u017etikrina ypa\u010d ai\u0161k\u0173 matomum\u0105 ir praleid\u017eia maksimal\u0173 \u0161viesos kiek\u012f\u3010Apsauga nuo rasos susidarymo\u3011Veido apsauga [&hellip;]<\/p>\n","protected":false},"featured_media":5336,"comment_status":"open","ping_status":"closed","template":"","meta":[],"product_brand":[],"product_cat":[24],"product_tag":[],"class_list":{"0":"post-5335","1":"product","2":"type-product","3":"status-publish","4":"has-post-thumbnail","6":"product_cat-namu-apyvoka","8":"first","9":"instock","10":"sale","11":"shipping-taxable","12":"purchasable","13":"product-type-simple"},"_links":{"self":[{"href":"https:\/\/topsmart.store\/en\/wp-json\/wp\/v2\/product\/5335","targetHints":{"allow":["GET"]}}],"collection":[{"href":"https:\/\/topsmart.store\/en\/wp-json\/wp\/v2\/product"}],"about":[{"href":"https:\/\/topsmart.store\/en\/wp-json\/wp\/v2\/types\/product"}],"replies":[{"embeddable":true,"href":"https:\/\/topsmart.store\/en\/wp-json\/wp\/v2\/comments?post=5335"}],"wp:featuredmedia":[{"embeddable":true,"href":"https:\/\/topsmart.store\/en\/wp-json\/wp\/v2\/media\/5336"}],"wp:attachment":[{"href":"https:\/\/topsmart.store\/en\/wp-json\/wp\/v2\/media?parent=5335"}],"wp:term":[{"taxonomy":"product_brand","embeddable":true,"href":"https:\/\/topsmart.store\/en\/wp-json\/wp\/v2\/product_brand?post=5335"},{"taxonomy":"product_cat","embeddable":true,"href":"https:\/\/topsmart.store\/en\/wp-json\/wp\/v2\/product_cat?post=5335"},{"taxonomy":"product_tag","embeddable":true,"href":"https:\/\/topsmart.store\/en\/wp-json\/wp\/v2\/product_tag?post=5335"}],"curies":[{"name":"wp","href":"https:\/\/api.w.org\/{rel}","templated":true}]}}