{"id":5343,"date":"2026-04-22T21:56:25","date_gmt":"2026-04-22T19:56:25","guid":{"rendered":"https:\/\/topsmart.store\/?post_type=product&#038;p=5343"},"modified":"2026-05-12T08:10:09","modified_gmt":"2026-05-12T06:10:09","slug":"mijia-new-electronic-thermometer-hygrometer-weather-station-high-precision-with-table-clock-function-mini-thermometer-lcd-tools","status":"publish","type":"product","link":"https:\/\/topsmart.store\/en\/product\/mijia-new-electronic-thermometer-hygrometer-weather-station-high-precision-with-table-clock-function-mini-thermometer-lcd-tools\/","title":{"rendered":"Mijia New Electronic Thermometer Hygrometer Weather Station High Precision with Table Clock Function Mini Thermometer LCD Tools"},"content":{"rendered":"<p>\n<div class=\"detailmodule_html\">\n<div class=\"detail-desc-decorate-richtext\">\n<div style=\"text-align: center;\"><span style=\"font-size:22px;\"><strong>Magnetinis laikrodis su siurbtuku, elektroninis temperat\u016bros ir dr\u0117gm\u0117s matuoklis, skirtas nam\u0173 vidaus k\u016bdiki\u0173 kambariui, su LCD skaitmeniniu ekranu<\/strong><\/span><\/div>\n<div>\u00a0<\/div>\n<\/div>\n<\/div>\n<\/p>\n<p style=\"margin:0;display: block;width: 100%;font-size:0;\"><img decoding=\"async\" cke-id=\"img84\" data-id=\"ckeditor_img25\" referrerpolicy=\"no-referrer\" src=\"https:\/\/ae01.alicdn.com\/kf\/S89d14145595f4e4a8d199fb38f63eedd7.jpg?width=1080&#038;height=1080&#038;hash=2160\" style=\"width:100%;\"><img decoding=\"async\" cke-id=\"img85\" data-id=\"ckeditor_img27\" referrerpolicy=\"no-referrer\" src=\"https:\/\/ae01.alicdn.com\/kf\/S198b3a2769194ca085aab76b02e3dcc5H.jpg?width=750&#038;height=985&#038;hash=1735\" style=\"width:100%;\"><img decoding=\"async\" cke-id=\"img86\" data-id=\"ckeditor_img28\" referrerpolicy=\"no-referrer\" src=\"https:\/\/ae01.alicdn.com\/kf\/Sda69856a1a524c989cc188ff188d3207e.jpg?width=750&#038;height=717&#038;hash=1467\" style=\"width:100%;\"><img decoding=\"async\" cke-id=\"img87\" data-id=\"ckeditor_img29\" referrerpolicy=\"no-referrer\" src=\"https:\/\/ae01.alicdn.com\/kf\/Scdb16cb8f18d48d985e8fe9671933480D.jpg?width=750&#038;height=952&#038;hash=1702\" style=\"width:100%;\"><img decoding=\"async\" cke-id=\"img88\" data-id=\"ckeditor_img30\" referrerpolicy=\"no-referrer\" src=\"https:\/\/ae01.alicdn.com\/kf\/S11f4e1f3422c4df5bdd59b43854e264aJ.jpg?width=750&#038;height=948&#038;hash=1698\" style=\"width:100%;\"><img decoding=\"async\" cke-id=\"img89\" data-id=\"ckeditor_img31\" referrerpolicy=\"no-referrer\" src=\"https:\/\/ae01.alicdn.com\/kf\/Se0e5274ee11343779252dff43a2eef07q.jpg?width=750&#038;height=831&#038;hash=1581\" style=\"width:100%;\"><img decoding=\"async\" cke-id=\"img90\" data-id=\"ckeditor_img32\" referrerpolicy=\"no-referrer\" src=\"https:\/\/ae01.alicdn.com\/kf\/S859b7682751c4540be16626b6297ace7X.jpg?width=750&#038;height=717&#038;hash=1467\" style=\"width:100%;\"><img decoding=\"async\" cke-id=\"img91\" data-id=\"ckeditor_img33\" referrerpolicy=\"no-referrer\" src=\"https:\/\/ae01.alicdn.com\/kf\/Sc177dd478ff8460da91af49c8554c3f1B.jpg?width=750&#038;height=1255&#038;hash=2005\" style=\"width:100%;\"><img decoding=\"async\" cke-id=\"img92\" data-id=\"ckeditor_img34\" referrerpolicy=\"no-referrer\" src=\"https:\/\/ae01.alicdn.com\/kf\/S257c9ceb63a740e6a31930028993f6d7h.jpg?width=750&#038;height=756&#038;hash=1506\" style=\"width:100%;\"><img decoding=\"async\" cke-id=\"img93\" data-id=\"ckeditor_img35\" referrerpolicy=\"no-referrer\" src=\"https:\/\/ae01.alicdn.com\/kf\/Sc099563f26ab4c5eb24f36f988059856x.jpg?width=750&#038;height=441&#038;hash=1191\" style=\"width:100%;\"><img decoding=\"async\" cke-id=\"img94\" data-id=\"ckeditor_img36\" referrerpolicy=\"no-referrer\" src=\"https:\/\/ae01.alicdn.com\/kf\/S3fddd26446c94d89866729ceee14b903T.jpg?width=750&#038;height=750&#038;hash=1500\" style=\"width:100%;\"><img decoding=\"async\" cke-id=\"img95\" data-id=\"ckeditor_img37\" referrerpolicy=\"no-referrer\" src=\"https:\/\/ae01.alicdn.com\/kf\/Sb328a1548e7e4ddabb397d2673c3d796m.jpg?width=750&#038;height=948&#038;hash=1698\" style=\"width:100%;\"><img decoding=\"async\" cke-id=\"img96\" data-id=\"ckeditor_img38\" referrerpolicy=\"no-referrer\" src=\"https:\/\/ae01.alicdn.com\/kf\/Se0e5274ee11343779252dff43a2eef07q.jpg?width=750&#038;height=831&#038;hash=1581\" style=\"width:100%;\"><img decoding=\"async\" cke-id=\"img97\" data-id=\"ckeditor_img39\" referrerpolicy=\"no-referrer\" src=\"https:\/\/ae01.alicdn.com\/kf\/S859b7682751c4540be16626b6297ace7X.jpg?width=750&#038;height=717&#038;hash=1467\" style=\"width:100%;\"><img decoding=\"async\" cke-id=\"img98\" data-id=\"ckeditor_img40\" referrerpolicy=\"no-referrer\" src=\"https:\/\/ae01.alicdn.com\/kf\/Se188bc1ee406446e9b980cfec6857d71V.jpg?width=750&#038;height=1255&#038;hash=2005\" style=\"width:100%;\"><img decoding=\"async\" cke-id=\"img99\" data-id=\"ckeditor_img41\" referrerpolicy=\"no-referrer\" src=\"https:\/\/ae01.alicdn.com\/kf\/Sc91a7b1a7b4c447cb62875a3ed414c1eS.jpg?width=750&#038;height=1119&#038;hash=1869\" style=\"width:100%;\"><img decoding=\"async\" cke-id=\"img100\" data-id=\"ckeditor_img42\" referrerpolicy=\"no-referrer\" src=\"https:\/\/ae01.alicdn.com\/kf\/S66f00e0856d2429b97c5df3b488c4d3bL.jpg?width=750&#038;height=1152&#038;hash=1902\" style=\"width:100%;\"><img decoding=\"async\" cke-id=\"img101\" data-id=\"ckeditor_img43\" referrerpolicy=\"no-referrer\" src=\"https:\/\/ae01.alicdn.com\/kf\/S6019d9cbf9074feab40ba2c2105c9973J.jpg?width=808&#038;height=800&#038;hash=1608\" style=\"width:100%;\"><img decoding=\"async\" cke-id=\"img102\" data-id=\"ckeditor_img44\" referrerpolicy=\"no-referrer\" src=\"https:\/\/ae01.alicdn.com\/kf\/S3b2cdb453faa48069cd1d1170453cf0fY.jpg?width=808&#038;height=800&#038;hash=1608\" style=\"width:100%;\"><img decoding=\"async\" cke-id=\"img103\" data-id=\"ckeditor_img45\" referrerpolicy=\"no-referrer\" src=\"https:\/\/ae01.alicdn.com\/kf\/S50ade11d7f094896871d339e0002a7e3U.jpg?width=808&#038;height=800&#038;hash=1608\" style=\"width:100%;\"><img decoding=\"async\" cke-id=\"img104\" data-id=\"ckeditor_img46\" referrerpolicy=\"no-referrer\" src=\"https:\/\/ae01.alicdn.com\/kf\/Sf71a36c2d58046d3a098facfba3aea70y.jpg?width=808&#038;height=800&#038;hash=1608\" style=\"width:100%;\"><img decoding=\"async\" cke-id=\"img105\" data-id=\"ckeditor_img47\" referrerpolicy=\"no-referrer\" src=\"https:\/\/ae01.alicdn.com\/kf\/S827070eeab2941ad9142286149a542cdP.jpg?width=808&#038;height=800&#038;hash=1608\" style=\"width:100%;\"><\/p>\n<\/div>\n<\/div>\n<p><img decoding=\"async\" class=\"img-responsive\" src=\"\/\/ae01.alicdn.com\/kf\/S89d14145595f4e4a8d199fb38f63eedd7.jpg\"\/><img decoding=\"async\" class=\"img-responsive\" src=\"\/\/ae01.alicdn.com\/kf\/S198b3a2769194ca085aab76b02e3dcc5H.jpg\"\/><img decoding=\"async\" class=\"img-responsive\" src=\"\/\/ae01.alicdn.com\/kf\/Sda69856a1a524c989cc188ff188d3207e.jpg\"\/><img decoding=\"async\" class=\"img-responsive\" src=\"\/\/ae01.alicdn.com\/kf\/Scdb16cb8f18d48d985e8fe9671933480D.jpg\"\/><img decoding=\"async\" class=\"img-responsive\" src=\"\/\/ae01.alicdn.com\/kf\/S11f4e1f3422c4df5bdd59b43854e264aJ.jpg\"\/><img decoding=\"async\" class=\"img-responsive\" src=\"\/\/ae01.alicdn.com\/kf\/Se0e5274ee11343779252dff43a2eef07q.jpg\"\/><img decoding=\"async\" class=\"img-responsive\" src=\"\/\/ae01.alicdn.com\/kf\/S859b7682751c4540be16626b6297ace7X.jpg\"\/><img decoding=\"async\" class=\"img-responsive\" src=\"\/\/ae01.alicdn.com\/kf\/Sc177dd478ff8460da91af49c8554c3f1B.jpg\"\/><img decoding=\"async\" class=\"img-responsive\" src=\"\/\/ae01.alicdn.com\/kf\/S257c9ceb63a740e6a31930028993f6d7h.jpg\"\/><img decoding=\"async\" class=\"img-responsive\" src=\"\/\/ae01.alicdn.com\/kf\/Sc099563f26ab4c5eb24f36f988059856x.jpg\"\/><img decoding=\"async\" class=\"img-responsive\" src=\"\/\/ae01.alicdn.com\/kf\/S3fddd26446c94d89866729ceee14b903T.jpg\"\/><img decoding=\"async\" class=\"img-responsive\" src=\"\/\/ae01.alicdn.com\/kf\/Sb328a1548e7e4ddabb397d2673c3d796m.jpg\"\/><img decoding=\"async\" class=\"img-responsive\" src=\"\/\/ae01.alicdn.com\/kf\/Se188bc1ee406446e9b980cfec6857d71V.jpg\"\/><img decoding=\"async\" class=\"img-responsive\" src=\"\/\/ae01.alicdn.com\/kf\/Sc91a7b1a7b4c447cb62875a3ed414c1eS.jpg\"\/><img decoding=\"async\" class=\"img-responsive\" src=\"\/\/ae01.alicdn.com\/kf\/S66f00e0856d2429b97c5df3b488c4d3bL.jpg\"\/><img decoding=\"async\" class=\"img-responsive\" src=\"\/\/ae01.alicdn.com\/kf\/S6019d9cbf9074feab40ba2c2105c9973J.jpg\"\/><img decoding=\"async\" class=\"img-responsive\" src=\"\/\/ae01.alicdn.com\/kf\/S3b2cdb453faa48069cd1d1170453cf0fY.jpg\"\/><img decoding=\"async\" class=\"img-responsive\" src=\"\/\/ae01.alicdn.com\/kf\/S50ade11d7f094896871d339e0002a7e3U.jpg\"\/><img decoding=\"async\" class=\"img-responsive\" src=\"\/\/ae01.alicdn.com\/kf\/Sf71a36c2d58046d3a098facfba3aea70y.jpg\"\/><img decoding=\"async\" class=\"img-responsive\" src=\"\/\/ae01.alicdn.com\/kf\/S827070eeab2941ad9142286149a542cdP.jpg\"\/><\/p>","protected":false},"excerpt":{"rendered":"<p>Magnetinis laikrodis su siurbtuku, elektroninis temperat\u016bros ir dr\u0117gm\u0117s matuoklis, skirtas nam\u0173 vidaus k\u016bdiki\u0173 kambariui, su LCD skaitmeniniu ekranu \u00a0<\/p>","protected":false},"featured_media":5344,"comment_status":"open","ping_status":"closed","template":"","meta":[],"product_brand":[],"product_cat":[24],"product_tag":[],"class_list":{"0":"post-5343","1":"product","2":"type-product","3":"status-publish","4":"has-post-thumbnail","6":"product_cat-namu-apyvoka","7":"pa_color-white","8":"pa_color-white-a","9":"pa_color-black","10":"pa_color-black-a","11":"pa_color-pro-brown","12":"pa_color-pro-white","13":"pa_color-pro-black","15":"first","16":"instock","17":"sale","18":"shipping-taxable","19":"purchasable","20":"product-type-variable"},"_links":{"self":[{"href":"https:\/\/topsmart.store\/en\/wp-json\/wp\/v2\/product\/5343","targetHints":{"allow":["GET"]}}],"collection":[{"href":"https:\/\/topsmart.store\/en\/wp-json\/wp\/v2\/product"}],"about":[{"href":"https:\/\/topsmart.store\/en\/wp-json\/wp\/v2\/types\/product"}],"replies":[{"embeddable":true,"href":"https:\/\/topsmart.store\/en\/wp-json\/wp\/v2\/comments?post=5343"}],"wp:featuredmedia":[{"embeddable":true,"href":"https:\/\/topsmart.store\/en\/wp-json\/wp\/v2\/media\/5344"}],"wp:attachment":[{"href":"https:\/\/topsmart.store\/en\/wp-json\/wp\/v2\/media?parent=5343"}],"wp:term":[{"taxonomy":"product_brand","embeddable":true,"href":"https:\/\/topsmart.store\/en\/wp-json\/wp\/v2\/product_brand?post=5343"},{"taxonomy":"product_cat","embeddable":true,"href":"https:\/\/topsmart.store\/en\/wp-json\/wp\/v2\/product_cat?post=5343"},{"taxonomy":"product_tag","embeddable":true,"href":"https:\/\/topsmart.store\/en\/wp-json\/wp\/v2\/product_tag?post=5343"}],"curies":[{"name":"wp","href":"https:\/\/api.w.org\/{rel}","templated":true}]}}