{"id":5384,"date":"2026-04-22T21:57:49","date_gmt":"2026-04-22T19:57:49","guid":{"rendered":"https:\/\/topsmart.store\/?post_type=product&#038;p=5384"},"modified":"2026-05-12T02:28:16","modified_gmt":"2026-05-12T00:28:16","slug":"anlan-electric-guasha-massager-ems-face-lifting-anti-aging-remove-edema-firming-skin-clod-heat-scraping-skincare-beauty-device","status":"publish","type":"product","link":"https:\/\/topsmart.store\/en\/product\/anlan-electric-guasha-massager-ems-face-lifting-anti-aging-remove-edema-firming-skin-clod-heat-scraping-skincare-beauty-device\/","title":{"rendered":"ANLAN Electric Guasha Massager EMS Face Lifting Anti-aging Remove Edema Firming Skin Clod Heat Scraping Skincare Beauty Device"},"content":{"rendered":"<p>&nbsp;<\/p>\n<div class=\"detailmodule_text\">\n<p class=\"detail-desc-decorate-title\" style=\"font-family: OpenSans; font-size: 20px; font-weight: 900; line-height: 28px; white-space: pre-wrap; color: #000000; margin-bottom: 12px;\">\u201eANLAN\u201c elektrinis \u201eGua Sha\u201c prietaisas, veido odos stangrinimas, k\u016bno masa\u017eas<\/p>\n<p class=\"detail-desc-decorate-content\" style=\"font-family: OpenSans; font-size: 14px; font-weight: 300; line-height: 20px; white-space: pre-wrap; color: #000000; margin-bottom: 12px;\">\u25cf EMS stangrinimas: veido rauk\u0161li\u0173<br \/>\nma\u017einimas \u25cf Dvigubas \u201e\u0161veitimo\u201c re\u017eimas (kar\u0161tas ir \u0161altas): skatina odos prie\u017ei\u016bros produkt\u0173 \u012fsisavinim\u0105, susiaurina poras, ma\u017eina nuovarg\u012f, ramina od\u0105<br \/>\n\u25cf 3 spalv\u0173 fototerapija: raudona \u0161viesa, m\u0117lyna \u0161viesa, violetin\u0117 \u0161viesa<br \/>\n\u25cf Visos k\u016bno masa\u017eas: veidas, akys, kaklas, rankos, kojos, nugara<\/p>\n<\/div>\n<div class=\"detailmodule_text-image\">\n<p class=\"detail-desc-decorate-title\" style=\"font-family: OpenSans; font-size: 20px; font-weight: 900; line-height: 28px; white-space: pre-wrap; color: #000000; margin-bottom: 12px;\">ANLAN BEAUTU MASSAGER<\/p>\n<p class=\"detail-desc-decorate-content\" style=\"font-family: OpenSans; font-size: 14px; font-weight: 300; line-height: 20px; white-space: pre-wrap; color: #000000; margin-bottom: 12px;\">Visos k\u016bno masa\u017eas<br \/>\nDaugiafunkcin\u0117 odos prie\u017ei\u016bra<br \/>\nAtgaivina kiekvien\u0105 odos centimetr\u0105, pa\u0161alina nuovarg\u012f ir stres\u0105 visame k\u016bne.<\/p>\n<div><img decoding=\"async\" class=\"detail-desc-decorate-image\" src=\"https:\/\/ae01.alicdn.com\/kf\/S9eb329ef973e4198aed76aaa58b5ae77J.png\" \/><\/div>\n<\/div>\n<div class=\"detailmodule_text-image\">\n<p class=\"detail-desc-decorate-title\" style=\"font-family: OpenSans; font-size: 20px; font-weight: 900; line-height: 28px; white-space: pre-wrap; color: #000000; margin-bottom: 12px;\">AUK\u0160TO DA\u017dNIO VIBRACIJA<\/p>\n<p class=\"detail-desc-decorate-content\" style=\"font-family: OpenSans; font-size: 14px; font-weight: 300; line-height: 20px; white-space: pre-wrap; color: #000000; margin-bottom: 12px;\">GILIAM ATSIPALAIDAVIMUI<\/p>\n<div><img decoding=\"async\" class=\"detail-desc-decorate-image\" src=\"https:\/\/ae01.alicdn.com\/kf\/S119fc1a78370435889e5d6bee5cec4a0y.jpg\" \/><\/div>\n<\/div>\n<div class=\"detailmodule_text-image\">\n<p class=\"detail-desc-decorate-title\" style=\"font-family: OpenSans; font-size: 20px; font-weight: 900; line-height: 28px; white-space: pre-wrap; color: #000000; margin-bottom: 12px;\">EMS MIKROSROV\u0116S<\/p>\n<p class=\"detail-desc-decorate-content\" style=\"font-family: OpenSans; font-size: 14px; font-weight: 300; line-height: 20px; white-space: pre-wrap; color: #000000; margin-bottom: 12px;\">Atgaivina od\u0105, atkuria jaunatvi\u0161k\u0105 stangrum\u0105<br \/>\n3 intensyvumo<br \/>\nlygiai\u203b10 minu\u010di\u0173 automatinis i\u0161sijungimas<\/p>\n<div><img decoding=\"async\" class=\"detail-desc-decorate-image\" src=\"https:\/\/ae01.alicdn.com\/kf\/Sdcaccc7dd1a843c1b3911b9496ba657bn.jpg\" \/><\/div>\n<\/div>\n<div class=\"detailmodule_text-image\">\n<p class=\"detail-desc-decorate-title\" style=\"font-family: OpenSans; font-size: 20px; font-weight: 900; line-height: 28px; white-space: pre-wrap; color: #000000; margin-bottom: 12px;\">\u0160ALDAN\u010cIOJI IR \u0160ILTINAN\u010cIOJI TERAPIJA<\/p>\n<p class=\"detail-desc-decorate-content\" style=\"font-family: OpenSans; font-size: 14px; font-weight: 300; line-height: 20px; white-space: pre-wrap; color: #000000; margin-bottom: 12px;\">16\u00b0C\u201320\u00b0C<br \/>\n\u0161iltas masa\u017eas<br \/>\nSkatina kraujotak\u0105<br \/>\nMa\u017eina nuovarg\u012f<\/p>\n<p>38\u00b0C\u201346\u00b0C<br \/>\nv\u0117sinantis masa\u017eas<br \/>\nSuma\u017eina poras<br \/>\nStangrina od\u0105<\/p>\n<div><img decoding=\"async\" class=\"detail-desc-decorate-image\" src=\"https:\/\/ae01.alicdn.com\/kf\/Sa440261ae6f84bd1a628bb1dabda5344A.jpg\" \/><\/div>\n<\/div>\n<div class=\"detailmodule_text-image\">\n<p class=\"detail-desc-decorate-title\" style=\"font-family: OpenSans; font-size: 20px; font-weight: 900; line-height: 28px; white-space: pre-wrap; color: #000000; margin-bottom: 12px;\">3 SPALV\u0172 \u0160VIESOS TERAPIJA<\/p>\n<p class=\"detail-desc-decorate-content\" style=\"font-family: OpenSans; font-size: 14px; font-weight: 300; line-height: 20px; white-space: pre-wrap; color: #000000; margin-bottom: 12px;\">Pagerina odos tekst\u016br\u0105 pagal visus poreikius<\/p>\n<p>Raudona \u0161viesa 622 nm<br \/>\nAktyvina kolagen\u0105<br \/>\nPadidina elastingum\u0105<\/p>\n<p>M\u0117lyna \u0161viesa 460 nm<br \/>\nPrie\u0161u\u017edegimin\u0117<br \/>\nAtkuria od\u0105<\/p>\n<p>Violetin\u0117 \u0161viesa 470 nm<br \/>\nMa\u017eina rauk\u0161les<br \/>\n\u0160viesina od\u0105<\/p>\n<div><img decoding=\"async\" class=\"detail-desc-decorate-image\" src=\"https:\/\/ae01.alicdn.com\/kf\/S44e72ecbbd234139a8576b28a8b8424dr.jpg\" \/><\/div>\n<\/div>\n<div class=\"detailmodule_text-image\">\n<p class=\"detail-desc-decorate-title\" style=\"font-family: OpenSans; font-size: 20px; font-weight: 900; line-height: 28px; white-space: pre-wrap; color: #000000; margin-bottom: 12px;\">3 RE\u017dIMAI, PRITAIKYTI J\u016aS\u0172 ODOS PRIE\u017dI\u016aRAI<\/p>\n<p class=\"detail-desc-decorate-content\" style=\"font-family: OpenSans; font-size: 14px; font-weight: 300; line-height: 20px; white-space: pre-wrap; color: #000000; margin-bottom: 12px;\">RE\u017dIMAS 1:<br \/>\nRaudona \u0161viesa + \u0161ildymas<br \/>\nAktyvina od\u0105 ir suteikia gyvybingumo<\/p>\n<p>RE\u017dIMAS 2:<br \/>\n\u0160ilta \u0161viesa + v\u0117sinimas<br \/>\nSutraukia poras, ramina ir atpalaiduoja<\/p>\n<p>RE\u017dIMAS 3:<br \/>\nVioletin\u0117 \u0161viesa + EMS<br \/>\nStangrina od\u0105 ir ma\u017eina rauk\u0161les<\/p>\n<div><img decoding=\"async\" class=\"detail-desc-decorate-image\" src=\"https:\/\/ae01.alicdn.com\/kf\/S18bba63210cb4f4bb7e4fadbe5c6b0e7P.png\" \/><\/div>\n<\/div>\n<div class=\"detailmodule_text-image\">\n<p class=\"detail-desc-decorate-title\" style=\"font-family: OpenSans; font-size: 20px; font-weight: 900; line-height: 28px; white-space: pre-wrap; color: #000000; margin-bottom: 12px;\">3D I\u0160LENKTA MASA\u017dO GALVUT\u0116<\/p>\n<p class=\"detail-desc-decorate-content\" style=\"font-family: OpenSans; font-size: 14px; font-weight: 300; line-height: 20px; white-space: pre-wrap; color: #000000; margin-bottom: 12px;\">85\u00b0 bangos forma suteikia malon\u0173 masa\u017eo poj\u016bt\u012f<\/p>\n<div><img decoding=\"async\" class=\"detail-desc-decorate-image\" src=\"https:\/\/ae01.alicdn.com\/kf\/S8bd29ed1118c46a6a46f596403e4585eT.png\" \/><\/div>\n<\/div>\n<div class=\"detailmodule_text-image\">\n<p class=\"detail-desc-decorate-title\" style=\"font-family: OpenSans; font-size: 20px; font-weight: 900; line-height: 28px; white-space: pre-wrap; color: #000000; margin-bottom: 12px;\">APIE MYGTUKUS<\/p>\n<p class=\"detail-desc-decorate-content\" style=\"font-family: OpenSans; font-size: 14px; font-weight: 300; line-height: 20px; white-space: pre-wrap; color: #000000; margin-bottom: 12px;\">LYGIO\/\u012eJUNGIMO-I\u0160JUNGIMO MYGTUKAS<br \/>\nTrumpas paspaudimas: keisti lyg\u012f<br \/>\nIlgas paspaudimas: \u012fjungti\/i\u0161jungti<\/p>\n<p>LYGIO INDIKATORIUS 1<br \/>\nlygis \u2013 visada \u012fjungtas 2<br \/>\nlygis \u2013 l\u0117tai mirksi 3<br \/>\nlygis \u2013 greitai mirksi<\/p>\n<p>RE\u017dIMO MYGTUKAS<br \/>\nTrumpas paspaudimas: keisti re\u017eim\u0105<br \/>\nIlgas paspaudimas: \u012fjungti\/i\u0161jungti vibracij\u0105<\/p>\n<div><img decoding=\"async\" class=\"detail-desc-decorate-image\" src=\"https:\/\/ae01.alicdn.com\/kf\/S601f80c6860546648288a06a76d05c0fn.png\" \/><\/div>\n<\/div>\n<div class=\"detailmodule_text-image\">\n<p class=\"detail-desc-decorate-title\" style=\"font-family: OpenSans; font-size: 20px; font-weight: 900; line-height: 28px; white-space: pre-wrap; color: #000000; margin-bottom: 12px;\">MA\u017dAS IR NE\u0160IOJAMAS<\/p>\n<p class=\"detail-desc-decorate-content\" style=\"font-family: OpenSans; font-size: 14px; font-weight: 300; line-height: 20px; white-space: pre-wrap; color: #000000; margin-bottom: 12px;\">MA\u017dAS IR LENGVAS<br \/>\nIdealiai tinka verslo kelion\u0117ms<\/p>\n<p>\u012eKROVIMAS PER<br \/>\nTYPE-C 45 minu\u010di\u0173 baterijos veikimo laikas<\/p>\n<div><img decoding=\"async\" class=\"detail-desc-decorate-image\" src=\"https:\/\/ae01.alicdn.com\/kf\/Sf58e54b1f03e4030bfeba74b0d6c6533O.png\" \/><\/div>\n<\/div>\n<div class=\"detailmodule_text-image\">\n<p class=\"detail-desc-decorate-title\" style=\"font-family: OpenSans; font-size: 20px; font-weight: 900; line-height: 28px; white-space: pre-wrap; color: #000000; margin-bottom: 12px;\">SKRAJIMO MASA\u017dO TECHNIKA<\/p>\n<p class=\"detail-desc-decorate-content\" style=\"font-family: OpenSans; font-size: 14px; font-weight: 300; line-height: 20px; white-space: pre-wrap; color: #000000; margin-bottom: 12px;\">Aki\u0173, kaklo, nugaros, veido, rank\u0173, koj\u0173 masa\u017eas<\/p>\n<div><img decoding=\"async\" class=\"detail-desc-decorate-image\" src=\"https:\/\/ae01.alicdn.com\/kf\/S14a45a5d890c4dc2b8d32c87b011d599X.png\" \/><\/div>\n<\/div>\n<div class=\"detailmodule_text-image\">\n<p class=\"detail-desc-decorate-title\" style=\"font-family: OpenSans; font-size: 20px; font-weight: 900; line-height: 28px; white-space: pre-wrap; color: #000000; margin-bottom: 12px;\">PUIKI DOVANA<\/p>\n<div><img decoding=\"async\" class=\"detail-desc-decorate-image\" src=\"https:\/\/ae01.alicdn.com\/kf\/S865d924abe204681a261429aea7c3ec1w.png\" \/><\/div>\n<\/div>\n<div class=\"detailmodule_image\"><img decoding=\"async\" class=\"detail-desc-decorate-image\" src=\"https:\/\/ae01.alicdn.com\/kf\/A1c00656bc41347efae18a873e17db0ber.png\" \/><\/div>\n<p><img decoding=\"async\" class=\"img-responsive\" src=\"\/\/ae01.alicdn.com\/kf\/S9eb329ef973e4198aed76aaa58b5ae77J.png\" \/><img decoding=\"async\" class=\"img-responsive\" src=\"\/\/ae01.alicdn.com\/kf\/S18bba63210cb4f4bb7e4fadbe5c6b0e7P.png\" \/><img decoding=\"async\" class=\"img-responsive\" src=\"\/\/ae01.alicdn.com\/kf\/S8bd29ed1118c46a6a46f596403e4585eT.png\" \/><img decoding=\"async\" class=\"img-responsive\" src=\"\/\/ae01.alicdn.com\/kf\/S601f80c6860546648288a06a76d05c0fn.png\" \/><img decoding=\"async\" class=\"img-responsive\" src=\"\/\/ae01.alicdn.com\/kf\/Sf58e54b1f03e4030bfeba74b0d6c6533O.png\" \/><img decoding=\"async\" class=\"img-responsive\" src=\"\/\/ae01.alicdn.com\/kf\/S14a45a5d890c4dc2b8d32c87b011d599X.png\" \/><img decoding=\"async\" class=\"img-responsive\" src=\"\/\/ae01.alicdn.com\/kf\/S865d924abe204681a261429aea7c3ec1w.png\" \/><img decoding=\"async\" class=\"img-responsive\" src=\"\/\/ae01.alicdn.com\/kf\/A1c00656bc41347efae18a873e17db0ber.png\" \/><\/p>","protected":false},"excerpt":{"rendered":"<p>&nbsp; \u201eANLAN\u201c elektrinis \u201eGua Sha\u201c prietaisas, veido odos stangrinimas, k\u016bno masa\u017eas \u25cf EMS stangrinimas: veido rauk\u0161li\u0173 ma\u017einimas \u25cf Dvigubas \u201e\u0161veitimo\u201c re\u017eimas (kar\u0161tas ir \u0161altas): skatina odos prie\u017ei\u016bros produkt\u0173 \u012fsisavinim\u0105, susiaurina poras, ma\u017eina nuovarg\u012f, ramina od\u0105 \u25cf 3 spalv\u0173 fototerapija: raudona \u0161viesa, m\u0117lyna \u0161viesa, violetin\u0117 \u0161viesa \u25cf Visos k\u016bno masa\u017eas: veidas, akys, kaklas, rankos, kojos, nugara [&hellip;]<\/p>\n","protected":false},"featured_media":5385,"comment_status":"open","ping_status":"closed","template":"","meta":[],"product_brand":[],"product_cat":[25],"product_tag":[],"class_list":{"0":"post-5384","1":"product","2":"type-product","3":"status-publish","4":"has-post-thumbnail","6":"product_cat-grozis-ir-sveikata","7":"pa_color-guasha-device","9":"first","10":"instock","11":"sale","12":"shipping-taxable","13":"purchasable","14":"product-type-simple"},"_links":{"self":[{"href":"https:\/\/topsmart.store\/en\/wp-json\/wp\/v2\/product\/5384","targetHints":{"allow":["GET"]}}],"collection":[{"href":"https:\/\/topsmart.store\/en\/wp-json\/wp\/v2\/product"}],"about":[{"href":"https:\/\/topsmart.store\/en\/wp-json\/wp\/v2\/types\/product"}],"replies":[{"embeddable":true,"href":"https:\/\/topsmart.store\/en\/wp-json\/wp\/v2\/comments?post=5384"}],"wp:featuredmedia":[{"embeddable":true,"href":"https:\/\/topsmart.store\/en\/wp-json\/wp\/v2\/media\/5385"}],"wp:attachment":[{"href":"https:\/\/topsmart.store\/en\/wp-json\/wp\/v2\/media?parent=5384"}],"wp:term":[{"taxonomy":"product_brand","embeddable":true,"href":"https:\/\/topsmart.store\/en\/wp-json\/wp\/v2\/product_brand?post=5384"},{"taxonomy":"product_cat","embeddable":true,"href":"https:\/\/topsmart.store\/en\/wp-json\/wp\/v2\/product_cat?post=5384"},{"taxonomy":"product_tag","embeddable":true,"href":"https:\/\/topsmart.store\/en\/wp-json\/wp\/v2\/product_tag?post=5384"}],"curies":[{"name":"wp","href":"https:\/\/api.w.org\/{rel}","templated":true}]}}