{"id":5435,"date":"2026-04-22T22:00:29","date_gmt":"2026-04-22T20:00:29","guid":{"rendered":"https:\/\/topsmart.store\/?post_type=product&#038;p=5435"},"modified":"2026-05-14T08:37:08","modified_gmt":"2026-05-14T06:37:08","slug":"2025-home-hifu-ultrasonic-beauty-ems-microcurrent-facial-lift-and-wrinkle-reduction-massage-rejuvenation-facial-care-beauty-tool","status":"publish","type":"product","link":"https:\/\/topsmart.store\/en\/product\/2025-home-hifu-ultrasonic-beauty-ems-microcurrent-facial-lift-and-wrinkle-reduction-massage-rejuvenation-facial-care-beauty-tool\/","title":{"rendered":"2025 Home HIFU Ultrasonic Beauty EMS Microcurrent Facial Lift and Wrinkle Reduction Massage Rejuvenation Facial Care Beauty Tool"},"content":{"rendered":"<p>\n<p><kse:widget data-widget-type=\"customText\" id=\"1005000023516402\" type=\"relation\"><\/kse:widget><\/p>\n<p><kse:widget data-widget-type=\"customText\" id=\"1005000023437206\" type=\"custom\"><\/kse:widget><\/p>\n<p><span style=\"color:rgb(244, 78, 59);font-size:24px;font-family:arial, helvetica, sans-serif\"><strong>Jis n\u0117ra belaidis. Jis n\u0117ra belaidis. Norint naudoti \u0161\u012f gamin\u012f, j\u012f reikia prijungti prie elektros tinklo. (Naudojant prijungt\u0105 maitinim\u0105, galingumas bus didesnis nei belaid\u017eio maitinimo atveju, o radijo da\u017enio funkcija veiks gerai)<\/strong><\/span><\/p>\n<p><\/p>\n<p><span style=\"background-color:rgb(252, 220, 0);font-size:18px;font-family:arial, helvetica, sans-serif\"><strong>Techniniai duomenys:<\/strong><\/span><\/p>\n<p><span style=\"font-size:18px;font-family:arial, helvetica, sans-serif\">Veikimo funkcijos<\/span><\/p>\n<p><span style=\"font-size:18px;font-family:arial, helvetica, sans-serif\">HIFU + mikro srov\u0117 + radijo da\u017enis + raudona \u0161viesa + m\u0117lyna \u0161viesa + \u017ealia \u0161viesa<\/span><\/p>\n<p><span style=\"font-size:18px;font-family:arial, helvetica, sans-serif\">RF da\u017enis: 670 kHz<\/span><\/p>\n<p><span style=\"font-size:18px;font-family:arial, helvetica, sans-serif\">EMS da\u017enis: 500 Hz\u201310 kHz<\/span><\/p>\n<p><\/p>\n<p><\/p>\n<p><span style=\"font-size:18px;font-family:arial, helvetica, sans-serif\">Spalva: balta<\/span><\/p>\n<p><span style=\"font-size:18px;font-family:arial, helvetica, sans-serif\">Med\u017eiaga: plastikas<\/span><\/p>\n<p><span style=\"font-size:18px;font-family:arial, helvetica, sans-serif\">Mikroschema: 4 LED mikroschemos<\/span><\/p>\n<p><span style=\"font-size:18px;font-family:arial, helvetica, sans-serif\">Ki\u0161tukas: ES\/JAV ki\u0161tukas<\/span><\/p>\n<p><span style=\"font-size:18px;font-family:arial, helvetica, sans-serif\">Lygis: 5 lygiai<\/span><\/p>\n<p><span style=\"font-size:18px;font-family:arial, helvetica, sans-serif\">\u012etampa: 24 V<\/span><\/p>\n<p><span style=\"font-size:18px;font-family:arial, helvetica, sans-serif\">\u012ekrovimo laikas: 2\u20133 valandos<\/span><\/p>\n<p><span style=\"font-size:18px;font-family:arial, helvetica, sans-serif\">Dydis: apytikriai 220*165*65 mm<\/span><\/p>\n<p><\/p>\n<p><\/p>\n<p><span style=\"background-color:rgb(252, 220, 0);font-size:18px;font-family:arial, helvetica, sans-serif\"><strong>Savyb\u0117s:<\/strong><\/span><\/p>\n<p><span style=\"font-size:18px;font-family:arial, helvetica, sans-serif\">Tai 4-in-1 funkcinis prietaisas, integruojantis ultragars\u0105, RF ir EMS. Ultragarso fokusavimo ta\u0161kas veikia \u017emogaus k\u016bno SMAS sluoksn\u012f, pertvarkydamas kolagen\u0105 SMAS audinyje nepa\u017eeid\u017eiant normali\u0173 audini\u0173, taip pasiekiant fascijos pak\u0117limo efekt\u0105; RF radijo da\u017enis gali i\u0161skirti 1 milijon\u0105 mikrobang\u0173 per sekund\u0119, kad giliai su\u0161ildyt\u0173 od\u0105; por\u0173 atv\u0117rimas palengvina kit\u0105 odos prie\u017ei\u016br\u0105 ir valym\u0105; EMS mikroelektrini\u0173 impuls\u0173 funkcija gali pakelti ir stangrinti od\u0105 bei j\u0105 masa\u017euoti.<\/span><\/p>\n<p><\/p>\n<p><\/p>\n<p><span style=\"background-color:rgb(252, 220, 0);font-size:18px;font-family:arial, helvetica, sans-serif\"><strong>Keturi re\u017eimai:<\/strong><\/span><\/p>\n<p><span style=\"font-size:18px;font-family:arial, helvetica, sans-serif\">1. Didelio intensyvumo fokusuoto ultragarso re\u017eimas: daugiausia naudojamas veido kolageno regeneracijai skatinti, odos elastingumui atkurti, smulkioms rauk\u0161l\u0117ms i\u0161lyginti ir veido kont\u016brams pabr\u0117\u017eti;<\/span><\/p>\n<p><span style=\"font-size:18px;font-family:arial, helvetica, sans-serif\">2. RF radijo da\u017enio re\u017eimas: skatina poodinio riebalinio audinio skaidym\u0105, greitai atveria poras, o tai palengvina odos valym\u0105;<\/span><\/p>\n<p><span style=\"font-size:18px;font-family:arial, helvetica, sans-serif\">3. EMS re\u017eimas: masa\u017euoja veido od\u0105 \u012fvairiais re\u017eimais, stiprina odos pak\u0117lim\u0105 ir stangrinim\u0105;<\/span><\/p>\n<p><span style=\"font-size:18px;font-family:arial, helvetica, sans-serif\">4. Kasdien\u0117s prie\u017ei\u016bros re\u017eimas: RF ir EMS re\u017eimai veikia tuo pa\u010diu metu<\/span><\/p>\n<p><\/p>\n<p><\/p>\n<p><span style=\"background-color:rgb(252, 220, 0);font-size:18px;font-family:arial, helvetica, sans-serif\"><strong>Komplektacijoje:<\/strong><\/span><\/p>\n<p><span style=\"font-size:18px;font-family:arial, helvetica, sans-serif\">HIFU aparatas*1<\/span><\/p>\n<p><span style=\"font-size:18px;font-family:arial, helvetica, sans-serif\">ES\/JAV ki\u0161tukas*1<\/span><\/p>\n<p><span style=\"font-size:18px;font-family:arial, helvetica, sans-serif\">Naudojimo instrukcija*1<\/span><\/p>\n<p><span style=\"font-size:18px;font-family:arial, helvetica, sans-serif\">Pakuot\u0117s d\u0117\u017eut\u0117*1<\/span><\/p>\n<p><\/p>\n<\/p>\n<p><img decoding=\"async\" src=\"https:\/\/ae01.alicdn.com\/kf\/Sac1d9df075eb46f7ad7aff5588a1a7dfu.jpg\" slate-data-type=\"image\"\/><img decoding=\"async\" src=\"https:\/\/ae01.alicdn.com\/kf\/S87cfe2aa1fe74d0bbf970da6a3ffb379b.jpg\" slate-data-type=\"image\"\/><img decoding=\"async\" src=\"https:\/\/ae01.alicdn.com\/kf\/S0a40d0552afa45b4a122a64b7735c2938.jpg\" slate-data-type=\"image\"\/><img decoding=\"async\" src=\"https:\/\/ae01.alicdn.com\/kf\/Sd7d9ceabaee1480c94ac1542e282f0647.jpg\" slate-data-type=\"image\"\/><img decoding=\"async\" src=\"https:\/\/ae01.alicdn.com\/kf\/S8c6264f764084e90a42e1d69f0bdb93cK.jpg\" slate-data-type=\"image\"\/><img decoding=\"async\" src=\"https:\/\/ae01.alicdn.com\/kf\/Sdca6c8d7e7284bae99efcb6b149275cfM.jpg\" slate-data-type=\"image\"\/><img decoding=\"async\" src=\"https:\/\/ae01.alicdn.com\/kf\/Sf9ad8f2363bd411984b2fbda304bf198f.jpg\" slate-data-type=\"image\"\/><img decoding=\"async\" src=\"https:\/\/ae01.alicdn.com\/kf\/Sd351714ed56148c8b6453f3157eafecdw.jpg\" slate-data-type=\"image\"\/><img decoding=\"async\" src=\"https:\/\/ae01.alicdn.com\/kf\/S9fe43bb6ec5740bf8ec6a46056423355C.jpg\" slate-data-type=\"image\"\/><img decoding=\"async\" src=\"https:\/\/ae01.alicdn.com\/kf\/S965c5da2bf5140d28e991353617dac69R.jpg\" slate-data-type=\"image\"\/><\/p>\n<p><kse:widget data-widget-type=\"customText\" id=\"1005000023526002\" type=\"custom\"><\/kse:widget><\/p>\n<\/p>\n<p><img decoding=\"async\" class=\"img-responsive\" src=\"\/\/ae01.alicdn.com\/kf\/Sac1d9df075eb46f7ad7aff5588a1a7dfu.jpg\"\/><img decoding=\"async\" class=\"img-responsive\" src=\"\/\/ae01.alicdn.com\/kf\/S87cfe2aa1fe74d0bbf970da6a3ffb379b.jpg\"\/><img decoding=\"async\" class=\"img-responsive\" src=\"\/\/ae01.alicdn.com\/kf\/S0a40d0552afa45b4a122a64b7735c2938.jpg\"\/><img decoding=\"async\" class=\"img-responsive\" src=\"\/\/ae01.alicdn.com\/kf\/Sd7d9ceabaee1480c94ac1542e282f0647.jpg\"\/><img decoding=\"async\" class=\"img-responsive\" src=\"\/\/ae01.alicdn.com\/kf\/S8c6264f764084e90a42e1d69f0bdb93cK.jpg\"\/><img decoding=\"async\" class=\"img-responsive\" src=\"\/\/ae01.alicdn.com\/kf\/Sdca6c8d7e7284bae99efcb6b149275cfM.jpg\"\/><img decoding=\"async\" class=\"img-responsive\" src=\"\/\/ae01.alicdn.com\/kf\/Sf9ad8f2363bd411984b2fbda304bf198f.jpg\"\/><img decoding=\"async\" class=\"img-responsive\" src=\"\/\/ae01.alicdn.com\/kf\/Sd351714ed56148c8b6453f3157eafecdw.jpg\"\/><img decoding=\"async\" class=\"img-responsive\" src=\"\/\/ae01.alicdn.com\/kf\/S9fe43bb6ec5740bf8ec6a46056423355C.jpg\"\/><img decoding=\"async\" class=\"img-responsive\" src=\"\/\/ae01.alicdn.com\/kf\/S965c5da2bf5140d28e991353617dac69R.jpg\"\/><\/p>","protected":false},"excerpt":{"rendered":"<p>Jis n\u0117ra belaidis. Jis n\u0117ra belaidis. Norint naudoti \u0161\u012f gamin\u012f, j\u012f reikia prijungti prie elektros tinklo. (Naudojant prijungt\u0105 maitinim\u0105, galingumas bus didesnis nei belaid\u017eio maitinimo atveju, o radijo da\u017enio funkcija veiks gerai) Techniniai duomenys: Veikimo funkcijos HIFU + mikro srov\u0117 + radijo da\u017enis + raudona \u0161viesa + m\u0117lyna \u0161viesa + \u017ealia \u0161viesa RF da\u017enis: 670 [&hellip;]<\/p>\n","protected":false},"featured_media":5436,"comment_status":"open","ping_status":"closed","template":"","meta":[],"product_brand":[],"product_cat":[25],"product_tag":[],"class_list":{"0":"post-5435","1":"product","2":"type-product","3":"status-publish","4":"has-post-thumbnail","6":"product_cat-grozis-ir-sveikata","7":"pa_color-white-eu-plug","8":"pa_color-white-us-plug","10":"first","11":"instock","12":"sale","13":"shipping-taxable","14":"purchasable","15":"product-type-variable"},"_links":{"self":[{"href":"https:\/\/topsmart.store\/en\/wp-json\/wp\/v2\/product\/5435","targetHints":{"allow":["GET"]}}],"collection":[{"href":"https:\/\/topsmart.store\/en\/wp-json\/wp\/v2\/product"}],"about":[{"href":"https:\/\/topsmart.store\/en\/wp-json\/wp\/v2\/types\/product"}],"replies":[{"embeddable":true,"href":"https:\/\/topsmart.store\/en\/wp-json\/wp\/v2\/comments?post=5435"}],"wp:featuredmedia":[{"embeddable":true,"href":"https:\/\/topsmart.store\/en\/wp-json\/wp\/v2\/media\/5436"}],"wp:attachment":[{"href":"https:\/\/topsmart.store\/en\/wp-json\/wp\/v2\/media?parent=5435"}],"wp:term":[{"taxonomy":"product_brand","embeddable":true,"href":"https:\/\/topsmart.store\/en\/wp-json\/wp\/v2\/product_brand?post=5435"},{"taxonomy":"product_cat","embeddable":true,"href":"https:\/\/topsmart.store\/en\/wp-json\/wp\/v2\/product_cat?post=5435"},{"taxonomy":"product_tag","embeddable":true,"href":"https:\/\/topsmart.store\/en\/wp-json\/wp\/v2\/product_tag?post=5435"}],"curies":[{"name":"wp","href":"https:\/\/api.w.org\/{rel}","templated":true}]}}