{"id":5458,"date":"2026-04-23T10:26:52","date_gmt":"2026-04-23T08:26:52","guid":{"rendered":"https:\/\/topsmart.store\/?post_type=product&#038;p=5458"},"modified":"2026-05-12T12:58:22","modified_gmt":"2026-05-12T10:58:22","slug":"duale-drive-padel-racket-kevlar-12k-carbon-fiber-lightweight-power-with-exceptional-feelengineered-for-all-court-players","status":"publish","type":"product","link":"https:\/\/topsmart.store\/en\/product\/duale-drive-padel-racket-kevlar-12k-carbon-fiber-lightweight-power-with-exceptional-feelengineered-for-all-court-players\/","title":{"rendered":"DUALE DRIVE Padel Racket, KEVLAR 12K Carbon Fiber Lightweight Power with Exceptional Feel, Engineered for All-Court Players"},"content":{"rendered":"<p><img decoding=\"async\" src=\"https:\/\/ae01.alicdn.com\/kf\/S26db5dfcfcb04200ab25b9d188349b02Y.png\" \/>\u0160i \u201eDuale Drive\u201c padelio raket\u0117 puikiai tinka:<\/p>\n<p>\u2705 Agresyviems vis\u0173 aik\u0161t\u0117s zon\u0173 \u017eaid\u0117jams, norintiems pulti i\u0161 bet kurios vietos<\/p>\n<p>\u2705 \u017daid\u0117jams, pereinantiems i\u0161 teniso ir ie\u0161kan\u010dioms \u012fprastos j\u0117gos bei padelio subtilybi\u0173<\/p>\n<p>\u2705 Tiems, kurie vertina rankos patogum\u0105, neprarandant puolimo galimybi\u0173<\/p>\n<p>\u2705 Vidutinio ir auk\u0161to lygio \u017eaid\u0117jams, pasirengusiems pakelti savo \u017eaidimo lyg\u012f<\/p>\n<p>\u00a0<\/p>\n<p><img decoding=\"async\" src=\"https:\/\/ae01.alicdn.com\/kf\/Se45862f4a4504ed29a9fbecfdd9a27c16.png\" \/><\/p>\n<p><img decoding=\"async\" src=\"https:\/\/ae01.alicdn.com\/kf\/Sd774da4256fd4c87b496be381cda7106z.jpg\" \/><img decoding=\"async\" src=\"https:\/\/ae01.alicdn.com\/kf\/Sc584eb6e3e60465aa6743310245ebb49L.jpg\" \/><img decoding=\"async\" src=\"https:\/\/ae01.alicdn.com\/kf\/Sdbae9394cefa42e3820d3467bebaf8c4y.jpg\" \/><img decoding=\"async\" src=\"https:\/\/ae01.alicdn.com\/kf\/S535db1a7e87545199eb0d575ee8bc9fcx.jpg\" \/><img decoding=\"async\" src=\"https:\/\/ae01.alicdn.com\/kf\/S840c5bd70f784413bd4cf8dd334827432.jpg\" \/><img decoding=\"async\" src=\"https:\/\/ae01.alicdn.com\/kf\/S2879ba2c931f4ac085dd018b35953566G.jpg\" \/><img decoding=\"async\" src=\"https:\/\/ae01.alicdn.com\/kf\/S2b6da35e0dde4cadbfa459426365756e2.jpg\" \/><img decoding=\"async\" src=\"https:\/\/ae01.alicdn.com\/kf\/Sd2bda17da0ec47a696d580982bbe9dc1C.jpg\" \/><\/p>\n<p>\u00a0<\/p>\n<p><img decoding=\"async\" src=\"https:\/\/ae01.alicdn.com\/kf\/Sc6dcd6e1e9ae4cc9a7593e1f13083292k.png\" \/><img decoding=\"async\" src=\"https:\/\/ae01.alicdn.com\/kf\/S7591141d772f4cb99bc7d60bbba4bb1cN.png\" \/><img decoding=\"async\" src=\"https:\/\/ae-pic-a1.aliexpress-media.com\/kf\/Se7d8d7f8f711454382cff5f2ab72b1b7d.png\" \/><\/p>\n<p>\u00a0<\/p>\n<ul>\n<li>KEVLARO IR ANGLIES PLUO\u0160TO HIBRIDIN\u0116 KONSTRUKCIJA: Strateginis kevlaro, u\u017etikrinan\u010dio nat\u016bral\u0173 vibracijos slopinim\u0105, ir auk\u0161to modulio anglies pluo\u0161to, suteikian\u010dio sprogstamosios galios, derinys \u2013 u\u017etikrina puik\u0173 rankai patogaus komforto ir agresyvaus atsako balans\u0105.<\/li>\n<li>ULTRALENGVAS 360 g R\u0116MAS \u2013 \u017dAIBO GREITIS MANEVRINGUMAS: Sverianti vos 360 g \u00b110 g, \u0161i raket\u0117 atitinka tradicini\u0173 hibridini\u0173 padelio r\u0117m\u0173 svor\u012f (360\u2013375 g), leid\u017eiant\u012f pasiekti didesn\u012f sm\u016bgio greit\u012f, greitesnes reakcijas prie tinklo ir ma\u017eesn\u012f nuovarg\u012f ilg\u0173 var\u017eyb\u0173 metu \u2013 neprarandant stabilumo.<\/li>\n<li>OPTIMIZUOTAS 25,5\u00d725,9 cm LA\u0160ELIO FORMOS PAVIR\u0160IUS: \u0160iek tiek pailginta la\u0161elio forma derina didel\u012f \u201esweet spot\u201c (ideal\u0173 sm\u016bgio ta\u0161k\u0105), u\u017etikrinant\u012f atleidim\u0105 nuo sm\u016bgi\u0173 ne \u012f centr\u0105, su auk\u0161tesniu balanso ta\u0161ku, suteikian\u010diu papildomos galios sm\u016bgiams ir sm\u016bgiams i\u0161 vietos \u2013 idealiai tinka \u017eaid\u0117jams, kurie nori ir kontrol\u0117s, ir puolimo galingumo.<\/li>\n<li>38 mm TURNYRINIO LYGIO \u0160ERDIS: Standartinis 38 mm storis su greitai reaguojan\u010dia EVA \u0161erdimi sugeria sm\u016bgius ir u\u017etikrina nuosekl\u0173 kamuolio atsiliepim\u0105, suteikdamas pasitik\u0117jimo pulti i\u0161 bet kurios korto vietos.<\/li>\n<li>UNIVERSALIOS VIS\u0172 KORT\u0172 CHARAKTERISTIKOS: Nesvarbu, ar dominuojate prie tinklo greitomis sm\u016bgi\u0173 serijomis, ar paleid\u017eiate galingus sm\u016bgius nuo bazin\u0117s linijos, ar atliekate tikslius sm\u016bgius \u012f kampus, \u0161i raket\u0117 prisitaiko prie j\u016bs\u0173 \u017eaidimo \u2013 sukurta \u017eaid\u0117jams, kurie nenori b\u016bti \u012fsprausti \u012f vieno \u017eaidimo stiliaus r\u0117mus.<\/li>\n<\/ul>\n<p>\u00a0<\/p>\n<p><img decoding=\"async\" class=\"img-responsive\" src=\"\/\/ae01.alicdn.com\/kf\/S26db5dfcfcb04200ab25b9d188349b02Y.png\" \/><img decoding=\"async\" class=\"img-responsive\" src=\"\/\/ae01.alicdn.com\/kf\/Se45862f4a4504ed29a9fbecfdd9a27c16.png\" \/><img decoding=\"async\" class=\"img-responsive\" src=\"\/\/ae01.alicdn.com\/kf\/Sd774da4256fd4c87b496be381cda7106z.jpg\" \/><img decoding=\"async\" class=\"img-responsive\" src=\"\/\/ae01.alicdn.com\/kf\/Sc584eb6e3e60465aa6743310245ebb49L.jpg\" \/><img decoding=\"async\" class=\"img-responsive\" src=\"\/\/ae01.alicdn.com\/kf\/Sdbae9394cefa42e3820d3467bebaf8c4y.jpg\" \/><img decoding=\"async\" class=\"img-responsive\" src=\"\/\/ae01.alicdn.com\/kf\/S535db1a7e87545199eb0d575ee8bc9fcx.jpg\" \/><img decoding=\"async\" class=\"img-responsive\" src=\"\/\/ae01.alicdn.com\/kf\/S840c5bd70f784413bd4cf8dd334827432.jpg\" \/><img decoding=\"async\" class=\"img-responsive\" src=\"\/\/ae01.alicdn.com\/kf\/S2b6da35e0dde4cadbfa459426365756e2.jpg\" \/><img decoding=\"async\" class=\"img-responsive\" src=\"\/\/ae01.alicdn.com\/kf\/Sd2bda17da0ec47a696d580982bbe9dc1C.jpg\" \/><img decoding=\"async\" class=\"img-responsive\" src=\"\/\/ae01.alicdn.com\/kf\/Sc6dcd6e1e9ae4cc9a7593e1f13083292k.png\" \/><img decoding=\"async\" class=\"img-responsive\" src=\"\/\/ae01.alicdn.com\/kf\/S7591141d772f4cb99bc7d60bbba4bb1cN.png\" \/><img decoding=\"async\" class=\"img-responsive\" src=\"\/\/ae-pic-a1.aliexpress-media.com\/kf\/Se7d8d7f8f711454382cff5f2ab72b1b7d.png\" \/><\/p>","protected":false},"excerpt":{"rendered":"<p>\u0160i \u201eDuale Drive\u201c padelio raket\u0117 puikiai tinka: \u2705 Agresyviems vis\u0173 aik\u0161t\u0117s zon\u0173 \u017eaid\u0117jams, norintiems pulti i\u0161 bet kurios vietos \u2705 \u017daid\u0117jams, pereinantiems i\u0161 teniso ir ie\u0161kan\u010dioms \u012fprastos j\u0117gos bei padelio subtilybi\u0173 \u2705 Tiems, kurie vertina rankos patogum\u0105, neprarandant puolimo galimybi\u0173 \u2705 Vidutinio ir auk\u0161to lygio \u017eaid\u0117jams, pasirengusiems pakelti savo \u017eaidimo lyg\u012f \u00a0 \u00a0 \u00a0 KEVLARO [&hellip;]<\/p>\n","protected":false},"featured_media":5468,"comment_status":"open","ping_status":"closed","template":"","meta":[],"product_brand":[],"product_cat":[26],"product_tag":[],"class_list":{"0":"post-5458","1":"product","2":"type-product","3":"status-publish","4":"has-post-thumbnail","6":"product_cat-pramogos-ir-sportas","7":"pa_color-golden-crown","8":"pa_color-silver-sword","9":"pa_color-trans-red","11":"first","12":"instock","13":"sale","14":"shipping-taxable","15":"purchasable","16":"product-type-variable"},"_links":{"self":[{"href":"https:\/\/topsmart.store\/en\/wp-json\/wp\/v2\/product\/5458","targetHints":{"allow":["GET"]}}],"collection":[{"href":"https:\/\/topsmart.store\/en\/wp-json\/wp\/v2\/product"}],"about":[{"href":"https:\/\/topsmart.store\/en\/wp-json\/wp\/v2\/types\/product"}],"replies":[{"embeddable":true,"href":"https:\/\/topsmart.store\/en\/wp-json\/wp\/v2\/comments?post=5458"}],"wp:featuredmedia":[{"embeddable":true,"href":"https:\/\/topsmart.store\/en\/wp-json\/wp\/v2\/media\/5468"}],"wp:attachment":[{"href":"https:\/\/topsmart.store\/en\/wp-json\/wp\/v2\/media?parent=5458"}],"wp:term":[{"taxonomy":"product_brand","embeddable":true,"href":"https:\/\/topsmart.store\/en\/wp-json\/wp\/v2\/product_brand?post=5458"},{"taxonomy":"product_cat","embeddable":true,"href":"https:\/\/topsmart.store\/en\/wp-json\/wp\/v2\/product_cat?post=5458"},{"taxonomy":"product_tag","embeddable":true,"href":"https:\/\/topsmart.store\/en\/wp-json\/wp\/v2\/product_tag?post=5458"}],"curies":[{"name":"wp","href":"https:\/\/api.w.org\/{rel}","templated":true}]}}