{"id":5491,"date":"2026-04-23T10:26:56","date_gmt":"2026-04-23T08:26:56","guid":{"rendered":"https:\/\/topsmart.store\/?post_type=product&#038;p=5491"},"modified":"2026-05-13T13:57:59","modified_gmt":"2026-05-13T11:57:59","slug":"gaivota-2025-padel-tennis-racket-18k-carbon-fiber-surface-treatment-eva-memory-soft-foam-core-professional-player-padel-racket","status":"publish","type":"product","link":"https:\/\/topsmart.store\/en\/product\/gaivota-2025-padel-tennis-racket-18k-carbon-fiber-surface-treatment-eva-memory-soft-foam-core-professional-player-padel-racket\/","title":{"rendered":"GAIVOTA 2025 Padel tennis racket 18K carbon fiber surface treatment EVA memory soft foam core professional player Padel Racket"},"content":{"rendered":"<p>\n<p>Padelio raket\u0117s tinka profesionaliems \u017eaid\u0117jams. D\u0117l savo stabilumo ir patogumo \u0161i raket\u0117 yra patraukli, nes ja lengva \u017eaisti. \u0160ios padelio raket\u0117s kokyb\u0117 padeda i\u0161vengti r\u0117mo ir pavir\u0161iaus pa\u017eeidim\u0173 bei u\u017etikrina anglies pluo\u0161to r\u0117mo ilgaam\u017ei\u0161kum\u0105. Naudodami \u0161i\u0105 med\u017eiag\u0105 r\u0117mui, mes padarome r\u0117m\u0105 ir raket\u0119 tvirtesnius bei ilgaam\u017ei\u0161kesnius. Be pavir\u0161iaus apdorojimo, \u012f pavir\u0161i\u0173 taip pat \u012fmai\u0161oma kvarcinio sm\u0117lio, siekiant pagerinti kamuoliuko sukim\u0105si. Tankus gumos vidus padidina greit\u012f, kuriuo raket\u0117s vidus gr\u012f\u017eta \u012f nat\u016brali\u0105 b\u016bsen\u0105 prie\u0161 sm\u016bgiuojant kamuoliuk\u0105. Didelio tankio EVA \u0161erdis, turinti geriausi\u0105 atminties efekt\u0105, gali maksimaliai padidinti gali\u0105. Ji turi kei\u010diam\u0105 saugos virv\u0119, kuri dabar tapo kompakti\u0161ku komponentu, pasi\u017eymin\u010diu didesniu stiprumu ir saugumu. Higieni\u0161kesn\u0117, saugesn\u0117 ir pritaikoma. Tai puikus pasirinkimas \u017eaid\u0117jams, ie\u0161kantiems auk\u0161tos kokyb\u0117s ir prieinam\u0173 kain\u0173 padelio teniso rake\u010di\u0173.<\/p>\n<p><\/p>\n<p>Projekto ataskaita<\/p>\n<p>Produktas: Padelio raket\u0117<\/p>\n<p>Prek\u0117s \u017eenklas: GAIVOTA<\/p>\n<p>Modelis: 600PRO<\/p>\n<p>Kolekcija: 2025<\/p>\n<p>Padelio teniso reikmenys<\/p>\n<p>-Anglies pluo\u0161to konstrukcija<\/p>\n<p>-18K anglies pluo\u0161to pavir\u0161ius<\/p>\n<p>-Pavir\u0161ius: 3D ir \u0161iurk\u0161tus sm\u0117lis<\/p>\n<p>-Auk\u0161tos kokyb\u0117s balta ir juoda EVA<\/p>\n<p>-Geras elastingumas ir tvirtumas<\/p>\n<p>-\u0160irdel\u0117je yra 68 skyl\u0117s ir 2 skyl\u0117s<\/p>\n<p>-Rekomenduojama pa\u017eengusiems ir profesionalams<\/p>\n<p>-Geras galingumas, puikus valdymas<\/p>\n<p>Produkto specifikacijos<\/p>\n<p>Suaugusi\u0173j\u0173 plotas<\/p>\n<p>Unisex<\/p>\n<p>Svoris: 365+\/-5 gram\u0173<\/p>\n<p>BALANSAS: 26 cm +\/- 1 cm<\/p>\n<p>Ilgis: 45,5+\/-1 centimetras<\/p>\n<p>Storis: 38 cm<\/p>\n<p>Pavir\u0161ius: \u0161iurk\u0161tus (apdorotas gamykloje)<\/p>\n<p>Gamintojo garantija: 30 dien\u0173 gamybos defektams<\/p>\n<p><img decoding=\"async\" src=\"https:\/\/ae01.alicdn.com\/kf\/Sda2de4e9e5b745d1b02bafb4bf4cba597.jpg\" slate-data-type=\"image\"\/><img decoding=\"async\" src=\"https:\/\/ae01.alicdn.com\/kf\/S738ec03e8c144d0f9950dded1b23a8f2G.jpg\" slate-data-type=\"image\"\/><img decoding=\"async\" src=\"https:\/\/ae01.alicdn.com\/kf\/S6edeabe9ebaf470e886c37735ffb2573S.jpg\" slate-data-type=\"image\"\/><img decoding=\"async\" src=\"https:\/\/ae01.alicdn.com\/kf\/S7e177cd9b3914be6a4980c418cb8dfb2b.jpg\" slate-data-type=\"image\"\/><img decoding=\"async\" src=\"https:\/\/ae01.alicdn.com\/kf\/Scee0e86a815d4a78b3afccfc144b93acf.jpg\" slate-data-type=\"image\"\/><img decoding=\"async\" src=\"https:\/\/ae01.alicdn.com\/kf\/S60c971517c304bfab779690d7d657ce65.jpg\" slate-data-type=\"image\"\/><img decoding=\"async\" src=\"https:\/\/ae01.alicdn.com\/kf\/Sc7e3285d58a2480796933889bf2b1afdf.jpg\" slate-data-type=\"image\"\/><\/p>\n<\/p>\n<p><img decoding=\"async\" class=\"img-responsive\" src=\"\/\/ae01.alicdn.com\/kf\/S60c971517c304bfab779690d7d657ce65.jpg\"\/><img decoding=\"async\" class=\"img-responsive\" src=\"\/\/ae01.alicdn.com\/kf\/Sc7e3285d58a2480796933889bf2b1afdf.jpg\"\/><\/p>","protected":false},"excerpt":{"rendered":"<p>Padelio raket\u0117s tinka profesionaliems \u017eaid\u0117jams. D\u0117l savo stabilumo ir patogumo \u0161i raket\u0117 yra patraukli, nes ja lengva \u017eaisti. \u0160ios padelio raket\u0117s kokyb\u0117 padeda i\u0161vengti r\u0117mo ir pavir\u0161iaus pa\u017eeidim\u0173 bei u\u017etikrina anglies pluo\u0161to r\u0117mo ilgaam\u017ei\u0161kum\u0105. Naudodami \u0161i\u0105 med\u017eiag\u0105 r\u0117mui, mes padarome r\u0117m\u0105 ir raket\u0119 tvirtesnius bei ilgaam\u017ei\u0161kesnius. Be pavir\u0161iaus apdorojimo, \u012f pavir\u0161i\u0173 taip pat \u012fmai\u0161oma kvarcinio [&hellip;]<\/p>\n","protected":false},"featured_media":5493,"comment_status":"open","ping_status":"closed","template":"","meta":[],"product_brand":[],"product_cat":[26],"product_tag":[],"class_list":{"0":"post-5491","1":"product","2":"type-product","3":"status-publish","4":"has-post-thumbnail","6":"product_cat-pramogos-ir-sportas","7":"pa_color-600pro-18k-1pcs","8":"pa_color-700pro-24k-1pcs","10":"first","11":"instock","12":"sale","13":"shipping-taxable","14":"purchasable","15":"product-type-simple"},"_links":{"self":[{"href":"https:\/\/topsmart.store\/en\/wp-json\/wp\/v2\/product\/5491","targetHints":{"allow":["GET"]}}],"collection":[{"href":"https:\/\/topsmart.store\/en\/wp-json\/wp\/v2\/product"}],"about":[{"href":"https:\/\/topsmart.store\/en\/wp-json\/wp\/v2\/types\/product"}],"replies":[{"embeddable":true,"href":"https:\/\/topsmart.store\/en\/wp-json\/wp\/v2\/comments?post=5491"}],"wp:featuredmedia":[{"embeddable":true,"href":"https:\/\/topsmart.store\/en\/wp-json\/wp\/v2\/media\/5493"}],"wp:attachment":[{"href":"https:\/\/topsmart.store\/en\/wp-json\/wp\/v2\/media?parent=5491"}],"wp:term":[{"taxonomy":"product_brand","embeddable":true,"href":"https:\/\/topsmart.store\/en\/wp-json\/wp\/v2\/product_brand?post=5491"},{"taxonomy":"product_cat","embeddable":true,"href":"https:\/\/topsmart.store\/en\/wp-json\/wp\/v2\/product_cat?post=5491"},{"taxonomy":"product_tag","embeddable":true,"href":"https:\/\/topsmart.store\/en\/wp-json\/wp\/v2\/product_tag?post=5491"}],"curies":[{"name":"wp","href":"https:\/\/api.w.org\/{rel}","templated":true}]}}