{"id":5536,"date":"2026-04-23T10:27:00","date_gmt":"2026-04-23T08:27:00","guid":{"rendered":"https:\/\/topsmart.store\/?post_type=product&#038;p=5536"},"modified":"2026-05-13T13:57:59","modified_gmt":"2026-05-13T11:57:59","slug":"hikeen-padel-racket-carbon-glass-fiber-with-eva-foam-core-padel-racket-well-balanced-paddle-for-beginners-intermediate-player","status":"publish","type":"product","link":"https:\/\/topsmart.store\/en\/product\/hikeen-padel-racket-carbon-glass-fiber-with-eva-foam-core-padel-racket-well-balanced-paddle-for-beginners-intermediate-player\/","title":{"rendered":"Hikeen Padel Racket Carbon Glass Fiber with EVA Foam Core, Padel Racket Well-Balanced Paddle for Beginners Intermediate player"},"content":{"rendered":"<div class=\"detailmodule_image\"><img decoding=\"async\" class=\"detail-desc-decorate-image\" style=\"margin-bottom: 10px;\" src=\"https:\/\/ae01.alicdn.com\/kf\/S4f4f85a9c15b4617bd26bb3e6beaf56fM.jpg\" \/><img decoding=\"async\" class=\"detail-desc-decorate-image\" src=\"https:\/\/ae01.alicdn.com\/kf\/Sfc8286dce1a04fd5998ec26a7eedb61eV.jpg\" \/><\/div>\n<div class=\"detailmodule_text\">\n<p class=\"detail-desc-decorate-title\" style=\"font-family: OpenSans; font-size: 20px; font-weight: 900; line-height: 28px; white-space: pre-wrap; color: #000000; margin-bottom: 12px;\">Tvirtos med\u017eiagos:<\/p>\n<p class=\"detail-desc-decorate-content\" style=\"font-family: OpenSans; font-size: 14px; font-weight: 300; line-height: 20px; white-space: pre-wrap; color: #000000; margin-bottom: 12px;\">Anglies pluo\u0161to ir stiklo pluo\u0161to pavir\u0161ius u\u017etikrina sukibim\u0105 su pavir\u0161iumi ir puik\u0173 tikslum\u0105, leid\u017eiant\u012f maksimaliai kontroliuoti kamuol\u012f. EVA put\u0173 \u0161erdis suma\u017eina raket\u0117s bendr\u0105 svor\u012f ir padidina jos lankstum\u0105, tod\u0117l \u017eaid\u0117jui ji tampa lengvesn\u0117.<\/p>\n<\/div>\n<div class=\"detailmodule_text\">\n<p class=\"detail-desc-decorate-title\" style=\"font-family: OpenSans; font-size: 20px; font-weight: 900; line-height: 28px; white-space: pre-wrap; color: #000000; margin-bottom: 12px;\">NAUJA TECHNOLOGIJA:<\/p>\n<p class=\"detail-desc-decorate-content\" style=\"font-family: OpenSans; font-size: 14px; font-weight: 300; line-height: 20px; white-space: pre-wrap; color: #000000; margin-bottom: 12px;\">68 SKYL\u0116S. 68 tiksliai i\u0161d\u0117stytos oro skyl\u0117s suma\u017eina raket\u0117s pasiprie\u0161inim\u0105 v\u0117jui, tod\u0117l padid\u0117ja raket\u0117s greitis. Apvalus r\u0117mas u\u017etikrina pusiausvyr\u0105 ir geresn\u012f gynybin\u012f \u017eaidim\u0105, tod\u0117l puikiai tinka pradedantiesiems \u017eaid\u0117jams.<\/p>\n<\/div>\n<div class=\"detailmodule_image\"><img decoding=\"async\" class=\"detail-desc-decorate-image\" style=\"margin-bottom: 10px;\" src=\"https:\/\/ae01.alicdn.com\/kf\/Sa7e781c37dca40e197ad749d00f06119n.jpg\" \/><img decoding=\"async\" class=\"detail-desc-decorate-image\" style=\"margin-bottom: 10px;\" src=\"https:\/\/ae01.alicdn.com\/kf\/Sfc70f8f5bff140a98ec1f949e1605570p.jpg\" \/><\/div>\n<div class=\"detailmodule_text\">\n<p class=\"detail-desc-decorate-content\" style=\"font-family: OpenSans; font-size: 14px; font-weight: 300; line-height: 20px; white-space: pre-wrap; color: #000000; margin-bottom: 12px;\">RANKENA: Mink\u0161ta, neslystanti, prakaitui atspari rankena u\u017etikrina patogum\u0105 ir lengv\u0105 laikym\u0105; neslystantis apvyniojamas dir\u017eelis neleid\u017eia rie\u0161ui klib\u0117ti ir raket\u0117ms slysti \u017eaidimo metu.<br \/>\nVIBRACIJOS KONTROL\u0116: M\u016bs\u0173 raket\u0117s turi pilno dyd\u017eio anglies ir stiklo pluo\u0161to r\u0117mus bei puik\u0173 trikamp\u012f sutvirtinim\u0105, kuris suma\u017eina vibracij\u0105 sm\u016bgiuojant, pagerina atsparum\u0105 sukimo j\u0117gai, u\u017etikrina stabilesn\u012f ir galingesn\u012f sm\u016bg\u012f bei didel\u012f patvarum\u0105.<br \/>\nLENGVA NE\u0160IOTIS: Prie kiekvienos raket\u0117s pridedame tris teniso kamuoliukus ir ne\u0161imo krep\u0161\u012f, kad b\u016bt\u0173 lengva ne\u0161iotis. Nesvarbu, ar esate pradedantysis, ar patyr\u0119s \u017eaid\u0117jas, \u0161i raket\u0117 tikrai pad\u0117s jums pagerinti savo \u017eaidim\u0105.<\/p>\n<\/div>\n<div class=\"detailmodule_text\">\n<p class=\"detail-desc-decorate-content\" style=\"font-family: OpenSans; font-size: 14px; font-weight: 300; line-height: 20px; white-space: pre-wrap; color: #000000; margin-bottom: 12px;\">\n<\/div>\n<div class=\"detailmodule_text\"><\/div>\n<p><img decoding=\"async\" class=\"img-responsive\" src=\"\/\/ae01.alicdn.com\/kf\/S4f4f85a9c15b4617bd26bb3e6beaf56fM.jpg\" \/><img decoding=\"async\" class=\"img-responsive\" src=\"\/\/ae01.alicdn.com\/kf\/Sfc8286dce1a04fd5998ec26a7eedb61eV.jpg\" \/><img decoding=\"async\" class=\"img-responsive\" src=\"\/\/ae01.alicdn.com\/kf\/Sa7e781c37dca40e197ad749d00f06119n.jpg\" \/><img decoding=\"async\" class=\"img-responsive\" src=\"\/\/ae01.alicdn.com\/kf\/Sfc70f8f5bff140a98ec1f949e1605570p.jpg\" \/><\/p>","protected":false},"excerpt":{"rendered":"<p>Tvirtos med\u017eiagos: Anglies pluo\u0161to ir stiklo pluo\u0161to pavir\u0161ius u\u017etikrina sukibim\u0105 su pavir\u0161iumi ir puik\u0173 tikslum\u0105, leid\u017eiant\u012f maksimaliai kontroliuoti kamuol\u012f. EVA put\u0173 \u0161erdis suma\u017eina raket\u0117s bendr\u0105 svor\u012f ir padidina jos lankstum\u0105, tod\u0117l \u017eaid\u0117jui ji tampa lengvesn\u0117. NAUJA TECHNOLOGIJA: 68 SKYL\u0116S. 68 tiksliai i\u0161d\u0117stytos oro skyl\u0117s suma\u017eina raket\u0117s pasiprie\u0161inim\u0105 v\u0117jui, tod\u0117l padid\u0117ja raket\u0117s greitis. Apvalus r\u0117mas u\u017etikrina [&hellip;]<\/p>\n","protected":false},"featured_media":5538,"comment_status":"open","ping_status":"closed","template":"","meta":[],"product_brand":[],"product_cat":[26],"product_tag":[],"class_list":{"0":"post-5536","1":"product","2":"type-product","3":"status-publish","4":"has-post-thumbnail","6":"product_cat-pramogos-ir-sportas","7":"pa_color-black","9":"first","10":"instock","11":"sale","12":"shipping-taxable","13":"purchasable","14":"product-type-simple"},"_links":{"self":[{"href":"https:\/\/topsmart.store\/en\/wp-json\/wp\/v2\/product\/5536","targetHints":{"allow":["GET"]}}],"collection":[{"href":"https:\/\/topsmart.store\/en\/wp-json\/wp\/v2\/product"}],"about":[{"href":"https:\/\/topsmart.store\/en\/wp-json\/wp\/v2\/types\/product"}],"replies":[{"embeddable":true,"href":"https:\/\/topsmart.store\/en\/wp-json\/wp\/v2\/comments?post=5536"}],"wp:featuredmedia":[{"embeddable":true,"href":"https:\/\/topsmart.store\/en\/wp-json\/wp\/v2\/media\/5538"}],"wp:attachment":[{"href":"https:\/\/topsmart.store\/en\/wp-json\/wp\/v2\/media?parent=5536"}],"wp:term":[{"taxonomy":"product_brand","embeddable":true,"href":"https:\/\/topsmart.store\/en\/wp-json\/wp\/v2\/product_brand?post=5536"},{"taxonomy":"product_cat","embeddable":true,"href":"https:\/\/topsmart.store\/en\/wp-json\/wp\/v2\/product_cat?post=5536"},{"taxonomy":"product_tag","embeddable":true,"href":"https:\/\/topsmart.store\/en\/wp-json\/wp\/v2\/product_tag?post=5536"}],"curies":[{"name":"wp","href":"https:\/\/api.w.org\/{rel}","templated":true}]}}