{"id":5537,"date":"2026-04-23T10:27:00","date_gmt":"2026-04-23T08:27:00","guid":{"rendered":"https:\/\/topsmart.store\/?post_type=product&#038;p=5537"},"modified":"2026-05-13T13:58:20","modified_gmt":"2026-05-13T11:58:20","slug":"cwin-paddle-racket-pro-carbon-fiber-soft-eva-surface-comfort-for-professional-training-play-tennis-paddle-racquet-with-padel-bag","status":"publish","type":"product","link":"https:\/\/topsmart.store\/en\/product\/cwin-paddle-racket-pro-carbon-fiber-soft-eva-surface-comfort-for-professional-training-play-tennis-paddle-racquet-with-padel-bag\/","title":{"rendered":"Cwin Paddle Racket Pro Carbon Fiber Soft EVA Surface Comfort for Professional Training Play Tennis Paddle Racquet with Padel Bag"},"content":{"rendered":"<div class=\"detailmodule_html\">\n<div class=\"detail-desc-decorate-richtext\">\n<p><strong><span style=\"font-size: 12pt; font-family: Calibri;\">Description<\/span><\/strong><\/p>\n<p class=\"p\"><span style=\"font-size: 12pt; font-family: Calibri;\">\u2022 Auk\u0161ta kokyb\u0117: pagaminta i\u0161 auk\u0161tos kokyb\u0117s med\u017eiag\u0173, \u0161i teniso raket\u0117 yra tvirta ir ilgaam\u017e\u0117.<\/span><\/p>\n<p class=\"p\"><span style=\"font-size: 12pt; font-family: Calibri;\">\u2022 Patogi rankena: anglies pluo\u0161to rankena u\u017etikrina patog\u0173 ir tvirt\u0105 laikym\u0105, leid\u017eiant\u012f lengvai valdyti raket\u0119.<\/span><\/p>\n<p class=\"p\"><span style=\"font-size: 12pt; font-family: Calibri;\">\u2022 Didelis sm\u016bgio j\u0117gos ir judesio amplitud\u0117s santykis: d\u0117l mink\u0161to kietumo \u0161i raket\u0117 gali sukurti didel\u0119 j\u0117g\u0105 ir judesio amplitud\u0119, tod\u0117l puikiai tinka galingiems sm\u016bgiams.<\/span><\/p>\n<p class=\"p\"><span style=\"font-size: 12pt; font-family: Calibri;\">\u2022 Universalus raket\u0117s pavir\u0161ius: MP raket\u0117s pavir\u0161ius tinka vis\u0173 tip\u0173 \u017eaid\u0117jams, tod\u0117l tai yra universalus pasirinkimas tiems, kurie nori pagerinti savo \u017eaidim\u0105.<\/span><\/p>\n<p><strong>\u00a0<\/strong><\/p>\n<p class=\"p\"><strong><span style=\"font-size: 12pt; font-family: Calibri;\">Savyb\u0117s:<\/span><\/strong><\/p>\n<p class=\"p\"><span style=\"font-size: 12pt; font-family: Calibri;\">1. Pagrindinis raket\u0117s r\u0117mas: kuo didesnis pagrindinis raket\u0117s r\u0117mas, tuo didesn\u0117 j\u0117gos zona<\/span><\/p>\n<p class=\"p\"><span style=\"font-size: 12pt; font-family: Calibri;\">2. Storis: kuo storesn\u0117 raket\u0117, tuo ji lankstesn\u0117<\/span><\/p>\n<p class=\"p\"><span style=\"font-size: 12pt; font-family: Calibri;\">3. Anga: moksli\u0161kai pagr\u012fsta angos vieta ir dydis u\u017etikrina, kad raket\u0117 b\u016bt\u0173 vidutinio svorio ir simetri\u0161ka, tod\u0117l kamuol\u012f lengva valdyti.<\/span><\/p>\n<p class=\"p\"><span style=\"font-size: 12pt; font-family: Calibri;\">4. Kietumas: vidutinis mink\u0161tumo ir kietumo laipsnis u\u017etikrina geresn\u012f elastingum\u0105.<\/span><\/p>\n<p class=\"p\"><span style=\"font-size: 12pt; font-family: Calibri;\">5. Teniso kamuolys gali ilgiau likti ant raket\u0117s pavir\u0161iaus, o nuokrypis nuo centro<\/span><\/p>\n<p class=\"p\"><span style=\"font-size: 12pt; font-family: Calibri;\">nuo centro yra nedidel\u0117, tod\u0117l kamuol\u012f galima valdyti tiksliai, o sm\u016bgio stabilumas yra didelis.<\/span><\/p>\n<p>\u00a0<\/p>\n<p class=\"p\"><strong><span style=\"font-size: 12pt; font-family: Calibri;\">Specifikacija:<\/span><\/strong><\/p>\n<p class=\"p\"><span style=\"font-size: 12pt; font-family: Calibri;\">Med\u017eiaga: 50 % anglies pluo\u0161to + 50 % kokoso pluo\u0161to<\/span><\/p>\n<p class=\"p\"><span style=\"font-size: 12pt; font-family: Calibri;\">Svoris: raket\u0117 sveria 360+10 g, krep\u0161ys sveria 128 g, d\u0117klas sveria 13 g Ilgis: 46\u201347 (cm)<\/span><\/p>\n<p class=\"p\"><span style=\"font-size: 12pt; font-family: Calibri;\">Storis: 3<\/span><span style=\"font-size: 12pt; font-family: \u5b8b\u4f53;\">6 mm<\/span><\/p>\n<p class=\"p\"><span style=\"font-size: 12pt; font-family: Calibri;\">Raket\u0117s plotas: 27 cm \u00d7 26 cm<\/span><\/p>\n<p>\u00a0<\/p>\n<p class=\"p\"><strong><span style=\"font-size: 12pt; font-family: Calibri;\">Komplektacija:<\/span><\/strong><\/p>\n<p class=\"p\"><span style=\"font-size: 12pt; font-family: Calibri;\">1* raket\u0117<\/span><\/p>\n<p class=\"p\"><span style=\"font-size: 12pt; font-family: Calibri;\">1 * krep\u0161ys<\/span><\/p>\n<p>\u00a0<\/p>\n<p class=\"p\"><strong><span style=\"font-size: 12pt; font-family: Calibri;\">Pastaba:<\/span><\/strong><\/p>\n<p class=\"p\"><span style=\"font-size: 12pt; font-family: Calibri;\">1. D\u0117l rankinio matavimo, pra\u0161ome atsi\u017evelgti \u012f 1\u20132 cm paklaid\u0105. D\u0117kojame u\u017e supratim\u0105!<\/span><\/p>\n<p class=\"p\"><span style=\"font-size: 12pt; font-family: Calibri;\">2. D\u0117l skirtum\u0173 tarp skirting\u0173 monitori\u0173, pra\u0161ome suprasti, kad nuotrauka gali neatspind\u0117ti tikrosios prek\u0117s spalvos.<\/span><\/p>\n<p class=\"p\"><img decoding=\"async\" src=\"https:\/\/ae01.alicdn.com\/kf\/Sa54c52b773ae46efaa339cc4f9ae4483R.jpg\" data-src=\"https:\/\/ae01.alicdn.com\/kf\/Sa54c52b773ae46efaa339cc4f9ae4483R.jpg\" \/><img decoding=\"async\" src=\"https:\/\/ae01.alicdn.com\/kf\/S74b881ac41b2467885e581684a458c3dX.jpg\" data-src=\"https:\/\/ae01.alicdn.com\/kf\/S74b881ac41b2467885e581684a458c3dX.jpg\" \/><img decoding=\"async\" src=\"https:\/\/ae01.alicdn.com\/kf\/S56c355b881b145b288d1cf7e5dce740ey.jpg\" data-src=\"https:\/\/ae01.alicdn.com\/kf\/S56c355b881b145b288d1cf7e5dce740ey.jpg\" \/><\/p>\n<\/div>\n<\/div>\n<p><img decoding=\"async\" class=\"img-responsive\" src=\"\/\/ae01.alicdn.com\/kf\/Sfe1c97f545b3479ab9644974216db0f4E.jpg\" \/><\/p>","protected":false},"excerpt":{"rendered":"<p>Apra\u0161ymas \u2022 Auk\u0161ta kokyb\u0117: pagaminta i\u0161 auk\u0161tos kokyb\u0117s med\u017eiag\u0173, \u0161i teniso raket\u0117 yra tvirta ir ilgaam\u017e\u0117. \u2022 Patogi rankena: anglies pluo\u0161to rankena u\u017etikrina patog\u0173 ir tvirt\u0105 laikym\u0105, leid\u017eiant\u012f lengvai valdyti raket\u0119. \u2022 Didelis sm\u016bgio j\u0117gos ir judesio amplitud\u0117s santykis: d\u0117l mink\u0161to kietumo \u0161i raket\u0117 gali sukurti didel\u0119 j\u0117g\u0105 ir judesio amplitud\u0119, tod\u0117l puikiai tinka galingiems [&hellip;]<\/p>\n","protected":false},"featured_media":5551,"comment_status":"open","ping_status":"closed","template":"","meta":[],"product_brand":[],"product_cat":[26],"product_tag":[],"class_list":{"0":"post-5537","1":"product","2":"type-product","3":"status-publish","4":"has-post-thumbnail","6":"product_cat-pramogos-ir-sportas","7":"pa_color-white","9":"first","10":"instock","11":"sale","12":"shipping-taxable","13":"purchasable","14":"product-type-simple"},"_links":{"self":[{"href":"https:\/\/topsmart.store\/en\/wp-json\/wp\/v2\/product\/5537","targetHints":{"allow":["GET"]}}],"collection":[{"href":"https:\/\/topsmart.store\/en\/wp-json\/wp\/v2\/product"}],"about":[{"href":"https:\/\/topsmart.store\/en\/wp-json\/wp\/v2\/types\/product"}],"replies":[{"embeddable":true,"href":"https:\/\/topsmart.store\/en\/wp-json\/wp\/v2\/comments?post=5537"}],"wp:featuredmedia":[{"embeddable":true,"href":"https:\/\/topsmart.store\/en\/wp-json\/wp\/v2\/media\/5551"}],"wp:attachment":[{"href":"https:\/\/topsmart.store\/en\/wp-json\/wp\/v2\/media?parent=5537"}],"wp:term":[{"taxonomy":"product_brand","embeddable":true,"href":"https:\/\/topsmart.store\/en\/wp-json\/wp\/v2\/product_brand?post=5537"},{"taxonomy":"product_cat","embeddable":true,"href":"https:\/\/topsmart.store\/en\/wp-json\/wp\/v2\/product_cat?post=5537"},{"taxonomy":"product_tag","embeddable":true,"href":"https:\/\/topsmart.store\/en\/wp-json\/wp\/v2\/product_tag?post=5537"}],"curies":[{"name":"wp","href":"https:\/\/api.w.org\/{rel}","templated":true}]}}