{"id":5560,"date":"2026-04-23T10:27:04","date_gmt":"2026-04-23T08:27:04","guid":{"rendered":"https:\/\/topsmart.store\/?post_type=product&#038;p=5560"},"modified":"2026-05-12T12:57:47","modified_gmt":"2026-05-12T10:57:47","slug":"duale-force-ii-3k-t800-padel-racket-combo-power-and-control-hybrid-padel-for-intermediate-and-advaced-all-court-players","status":"publish","type":"product","link":"https:\/\/topsmart.store\/en\/product\/duale-force-ii-3k-t800-padel-racket-combo-power-and-control-hybrid-padel-for-intermediate-and-advaced-all-court-players\/","title":{"rendered":"DUALE  FORCE II  3K T800 Padel Racket ,Combo Power and Control, Hybrid Padel for Intermediate and Advaced All-Court Players"},"content":{"rendered":"<p>Idealiai tinka:<\/p>\n<p>\u2705 Pa\u017eengusiems vis\u0173 aik\u0161t\u0117s tip\u0173 \u017eaid\u0117jams, norintiems pulti i\u0161 bet kurios pozicijos<br \/>\n\u2705 Kair\u0117s pus\u0117s \u017eaid\u0117jams, kuriems reikalinga tiek puolimo j\u0117ga, tiek kontrol\u0117<br \/>\n\u2705 Teniso \u017eaid\u0117jams, per\u0117jusiems prie padelio, ie\u0161kan\u010dioms \u012fprastos j\u0117gos ir padelio subtilybi\u0173<br \/>\n\u2705 Konkurencingiems klub\u0173 \u017eaid\u0117jams, pasirengusiems pakelti savo \u017eaidimo lyg\u012f<\/p>\n<p>\u00a0<\/p>\n<p><img decoding=\"async\" src=\"https:\/\/ae01.alicdn.com\/kf\/S53079e72aa744a98897be3e5076754b3q.png\" \/><img decoding=\"async\" src=\"https:\/\/ae01.alicdn.com\/kf\/Sc91c3ecd455841788cdfbd0cbf1fac57X.png\" \/><img decoding=\"async\" src=\"https:\/\/ae01.alicdn.com\/kf\/S6f428b66c5ff466ab70ac83f6422b8b7X.png\" \/><img decoding=\"async\" src=\"https:\/\/ae01.alicdn.com\/kf\/S93ec3d848a844aeaac84007ea622d345b.png\" \/><img decoding=\"async\" src=\"https:\/\/ae01.alicdn.com\/kf\/S64371270b117458296a6dc403de49ca7H.png\" \/><img decoding=\"async\" src=\"https:\/\/ae01.alicdn.com\/kf\/S7f0126d5e2f542b98b33f7f102f70605U.png\" \/><img decoding=\"async\" src=\"https:\/\/ae01.alicdn.com\/kf\/S1ee9c1c5ec8f4ef080bb67c4d988de222.png\" \/><\/p>\n<p>\u00a0<\/p>\n<p><img decoding=\"async\" src=\"https:\/\/ae01.alicdn.com\/kf\/S5a00622f5f2c4ddba38b1773ba1c031fC.png\" \/><img decoding=\"async\" src=\"https:\/\/ae01.alicdn.com\/kf\/S74a24ff931e2496b837cbb6fe649967aT.png\" \/><\/p>\n<p><img decoding=\"async\" src=\"https:\/\/ae01.alicdn.com\/kf\/S0dc62b7749af4a88b02828e155eb347dC.png\" \/><img decoding=\"async\" src=\"https:\/\/ae01.alicdn.com\/kf\/S26db5dfcfcb04200ab25b9d188349b02Y.png\" \/><\/p>\n<p>\u00a0<\/p>\n<ul>\n<li>T800 3K ANGLIES PLUO\u0160TO PAVIR\u0160IUS \u2013 SPROGSTAMASIS GALIOS PERDAVIMAS: Auk\u0161\u010diausios kokyb\u0117s aeronautikos klas\u0117s T800 3K austi anglies pluo\u0161tai u\u017etikrina i\u0161skirtin\u012f standum\u0105 ir greit\u0105 energijos gr\u0105\u017e\u0105, paver\u010diant kiekvien\u0105 agresyv\u0173 sm\u016bg\u012f galingais, giliai \u012fsiskverbiantys sm\u016bgiais su tikslia gr\u012f\u017etamuoju ry\u0161iu.<\/li>\n<li>3D HIDROGRAFINIS APDAILOS RA\u0160TAS \u2013 I\u0160SKIRTINIS STILIUS: Unikali 3D hidrografin\u0117 technologija sukuria ry\u0161kius, daugiamatinius grafikos elementus, kurie atspar\u016bs i\u0161blukimui ir \u012fbr\u0117\u017eimams \u2013 suteikdama jums profesional\u0173 i\u0161vaizd\u0105, kuris i\u0161lieka tol, kol raket\u0117 \u017eaid\u017eia.<\/li>\n<li>DIDELIO TANKIO EVA \u0160ERDIS \u2013 REAGUOJAN\u010cIOS J\u016aSOS: Didelio tankio EVA gumos \u0161erdis u\u017etikrina puik\u0173 galios sug\u0117rimo ir at\u0161okimo balans\u0105, suteikdama tvirt\u0105, ta\u010diau patog\u0173 jausm\u0105, kuris pagerina sm\u016bgi\u0173 kontrol\u0119 neprarandant sprogstamojo reagavimo.<\/li>\n<li>TEARDROP FORMA (454\u00d7257 mm) \u2013 OPTIMIZUOTAS BALANSAS: Klasikin\u0117 la\u0161eli\u0173 forma derina \u0161iek tiek auk\u0161tesn\u0119 sm\u016bgio zon\u0105, u\u017etikrinan\u010di\u0105 gali\u0105, su pla\u010diu sm\u016bgio plotu, u\u017etikrinan\u010diu kontrol\u0119 \u2013 idealiai tinka \u017eaid\u0117jams, norintiems pulti i\u0161 bet kurios korto vietos. Balanso ta\u0161kas: 260\u2013280 mm (vidutinis-auk\u0161tas) u\u017etikrina papildom\u0105 prana\u0161um\u0105 puolime.<\/li>\n<li>TURNYRINIO SVORIO KONSTRUKCIJA (360 g): Sverianti 360 g \u00b110 g su 136 mm rankena (108 mm apskritimo), \u0161i raket\u0117 si\u016blo stabilum\u0105 ir svor\u012f, kur\u012f m\u0117gsta pa\u017eeng\u0119 \u017eaid\u0117jai, tuo pa\u010diu i\u0161laikydama manevringum\u0105 greitiems reakcijoms prie tinklo ir gynybiniams per\u0117jimams.<\/li>\n<\/ul>\n<p>\u00a0<\/p>\n<p>\u00a0<\/p>\n<p><img decoding=\"async\" class=\"img-responsive\" src=\"\/\/ae01.alicdn.com\/kf\/S53079e72aa744a98897be3e5076754b3q.png\" \/><img decoding=\"async\" class=\"img-responsive\" src=\"\/\/ae01.alicdn.com\/kf\/Sc91c3ecd455841788cdfbd0cbf1fac57X.png\" \/><img decoding=\"async\" class=\"img-responsive\" src=\"\/\/ae01.alicdn.com\/kf\/S6f428b66c5ff466ab70ac83f6422b8b7X.png\" \/><img decoding=\"async\" class=\"img-responsive\" src=\"\/\/ae01.alicdn.com\/kf\/S64371270b117458296a6dc403de49ca7H.png\" \/><img decoding=\"async\" class=\"img-responsive\" src=\"\/\/ae01.alicdn.com\/kf\/S7f0126d5e2f542b98b33f7f102f70605U.png\" \/><img decoding=\"async\" class=\"img-responsive\" src=\"\/\/ae01.alicdn.com\/kf\/S1ee9c1c5ec8f4ef080bb67c4d988de222.png\" \/><img decoding=\"async\" class=\"img-responsive\" src=\"\/\/ae01.alicdn.com\/kf\/S74a24ff931e2496b837cbb6fe649967aT.png\" \/><img decoding=\"async\" class=\"img-responsive\" src=\"\/\/ae01.alicdn.com\/kf\/S0dc62b7749af4a88b02828e155eb347dC.png\" \/><img decoding=\"async\" class=\"img-responsive\" src=\"\/\/ae01.alicdn.com\/kf\/S26db5dfcfcb04200ab25b9d188349b02Y.png\" \/><\/p>","protected":false},"excerpt":{"rendered":"<p>Idealiai tinka: \u2705 Pa\u017eengusiems vis\u0173 aik\u0161t\u0117s tip\u0173 \u017eaid\u0117jams, norintiems pulti i\u0161 bet kurios pozicijos \u2705 Kair\u0117s pus\u0117s \u017eaid\u0117jams, kuriems reikalinga tiek puolimo j\u0117ga, tiek kontrol\u0117 \u2705 Teniso \u017eaid\u0117jams, per\u0117jusiems prie padelio, ie\u0161kan\u010dioms \u012fprastos j\u0117gos ir padelio subtilybi\u0173 \u2705 Konkurencingiems klub\u0173 \u017eaid\u0117jams, pasirengusiems pakelti savo \u017eaidimo lyg\u012f \u00a0 \u00a0 \u00a0 T800 3K ANGLIES PLUO\u0160TO PAVIR\u0160IUS \u2013 [&hellip;]<\/p>\n","protected":false},"featured_media":5562,"comment_status":"open","ping_status":"closed","template":"","meta":[],"product_brand":[],"product_cat":[26],"product_tag":[],"class_list":{"0":"post-5560","1":"product","2":"type-product","3":"status-publish","4":"has-post-thumbnail","6":"product_cat-pramogos-ir-sportas","7":"pa_color-diamond-red","8":"pa_color-blue","10":"first","11":"instock","12":"sale","13":"shipping-taxable","14":"purchasable","15":"product-type-simple"},"_links":{"self":[{"href":"https:\/\/topsmart.store\/en\/wp-json\/wp\/v2\/product\/5560","targetHints":{"allow":["GET"]}}],"collection":[{"href":"https:\/\/topsmart.store\/en\/wp-json\/wp\/v2\/product"}],"about":[{"href":"https:\/\/topsmart.store\/en\/wp-json\/wp\/v2\/types\/product"}],"replies":[{"embeddable":true,"href":"https:\/\/topsmart.store\/en\/wp-json\/wp\/v2\/comments?post=5560"}],"wp:featuredmedia":[{"embeddable":true,"href":"https:\/\/topsmart.store\/en\/wp-json\/wp\/v2\/media\/5562"}],"wp:attachment":[{"href":"https:\/\/topsmart.store\/en\/wp-json\/wp\/v2\/media?parent=5560"}],"wp:term":[{"taxonomy":"product_brand","embeddable":true,"href":"https:\/\/topsmart.store\/en\/wp-json\/wp\/v2\/product_brand?post=5560"},{"taxonomy":"product_cat","embeddable":true,"href":"https:\/\/topsmart.store\/en\/wp-json\/wp\/v2\/product_cat?post=5560"},{"taxonomy":"product_tag","embeddable":true,"href":"https:\/\/topsmart.store\/en\/wp-json\/wp\/v2\/product_tag?post=5560"}],"curies":[{"name":"wp","href":"https:\/\/api.w.org\/{rel}","templated":true}]}}