{"id":5679,"date":"2026-04-23T10:27:11","date_gmt":"2026-04-23T08:27:11","guid":{"rendered":"https:\/\/topsmart.store\/?post_type=product&#038;p=5679"},"modified":"2026-05-12T12:57:59","modified_gmt":"2026-05-12T10:57:59","slug":"gaivota-2026-orange-kd100padel-tennis-racket-carbon-fiber-attack-racket-rough-surface-beginner-to-intermediate-players","status":"publish","type":"product","link":"https:\/\/topsmart.store\/en\/product\/gaivota-2026-orange-kd100padel-tennis-racket-carbon-fiber-attack-racket-rough-surface-beginner-to-intermediate-players\/","title":{"rendered":"GAIVOTA 2026 orange KD100Padel tennis racket, carbon fiber attack racket, rough surface, beginner to intermediate players"},"content":{"rendered":"<p>Padelio raket\u0117s tinka visiems \u017eaid\u0117jams. Tai \u012fdomi raket\u0117 d\u0117l savo stabilumo ir patogumo, nes ja \u017eaisti labai lengva. \u0160ios padelio raket\u0117s kokyb\u0117 u\u017etikrina, kad r\u0117mas ir raket\u0117s pavir\u0161ius nebus pa\u017eeisti, o anglies pluo\u0161to r\u0117mas garantuoja gaminio ilgaam\u017ei\u0161kum\u0105. Naudodami \u0161i\u0105 med\u017eiag\u0105 r\u0117mui, padar\u0117me j\u012f tvirtesn\u012f ir patvaresn\u012f. Be pavir\u0161iaus apdorojimo, \u012f raket\u0117s pavir\u0161i\u0173 \u012fmai\u0161yta kvarcinio sm\u0117lio, siekiant pagerinti kamuoliuko sukim\u0105si. Tankus gumos vidus padidina greit\u012f, kuriuo raket\u0117s vidus gr\u012f\u017eta \u012f nat\u016brali\u0105 b\u016bsen\u0105 prie\u0161 sm\u016bgiuojant kamuoliuk\u0105. Didelio tankio EVA vidus, turintis optimal\u0173 atminties efekt\u0105, leid\u017eia maksimaliai padidinti j\u0117g\u0105. \u012e komplekt\u0105 \u012feina kei\u010diama saugos virv\u0117, kuri dabar tapo kompakti\u0161ka, tvirtesne ir saugesne. Higieni\u0161kesn\u0117, saugesn\u0117 ir pritaikoma. Tai puikus pasirinkimas \u017eaid\u0117jams, ie\u0161kantiems auk\u0161tos kokyb\u0117s ir prieinam\u0173 kain\u0173 padelio rake\u010di\u0173.<\/p>\n<p>Projekto ataskaita<\/p>\n<p>Produktas: Padelio raket\u0117<\/p>\n<p>Prek\u0117s \u017eenklas: GAIVOTA<\/p>\n<p>Modelis: KD-100<\/p>\n<p>Kolekcija: 2026<\/p>\n<p>Padelio teniso reikmenys, suprojektuoti ir sukurti padelio teniso \u017eaid\u0117jams<\/p>\n<p>-Anglies pluo\u0161to strukt\u016bra<\/p>\n<p>-PAVIR\u0160IUS: 3D ir \u0161iurk\u0161tus sm\u0117lis<\/p>\n<p>-Auk\u0161tos kokyb\u0117s EVA<\/p>\n<p>-Geras elastingumas ir tvirtumas<\/p>\n<p>-Racket centre yra 68 skyl\u0117s ir 3 skyl\u0117s<\/p>\n<p>Produkto specifikacijos:<\/p>\n<p>Skirta suaugusiems<\/p>\n<p>Unisex<\/p>\n<p>Svoris: 365 +\/- 10 gram\u0173<\/p>\n<p>BALANSAS: 26 cm +\/- 1 cm<\/p>\n<p>Ilgis: 45,5 +\/- 1 centimetras<\/p>\n<p>Storis: 38 centimetrai<\/p>\n<p>Pavir\u0161ius: \u0161iurk\u0161tus (apdorotas gamykloje)<\/p>\n<p><img decoding=\"async\" src=\"https:\/\/ae01.alicdn.com\/kf\/S65e14938ae5b4ecf863b06220e512fd2X.jpg\" \/><img decoding=\"async\" src=\"https:\/\/ae01.alicdn.com\/kf\/Sb38498a1299e46428daaa499db46a4eco.jpg\" \/><img decoding=\"async\" src=\"https:\/\/ae01.alicdn.com\/kf\/Se455d74d2d594b559338c2c2dffeca1aS.jpg\" \/><img decoding=\"async\" src=\"https:\/\/ae01.alicdn.com\/kf\/Sed4ad37fe8b24fed8a421f07e462ed55M.jpg\" \/><img decoding=\"async\" src=\"https:\/\/ae01.alicdn.com\/kf\/S87108b768457487996c8c5ac02114fcfr.jpg\" \/><img decoding=\"async\" src=\"https:\/\/ae01.alicdn.com\/kf\/S3d1e1a0caa42493eb7309ed3f0361c4dM.jpg\" \/><\/p>","protected":false},"excerpt":{"rendered":"<p>Padelio raket\u0117s tinka visiems \u017eaid\u0117jams. Tai \u012fdomi raket\u0117 d\u0117l savo stabilumo ir patogumo, nes ja \u017eaisti labai lengva. \u0160ios padelio raket\u0117s kokyb\u0117 u\u017etikrina, kad r\u0117mas ir raket\u0117s pavir\u0161ius nebus pa\u017eeisti, o anglies pluo\u0161to r\u0117mas garantuoja gaminio ilgaam\u017ei\u0161kum\u0105. Naudodami \u0161i\u0105 med\u017eiag\u0105 r\u0117mui, padar\u0117me j\u012f tvirtesn\u012f ir patvaresn\u012f. Be pavir\u0161iaus apdorojimo, \u012f raket\u0117s pavir\u0161i\u0173 \u012fmai\u0161yta kvarcinio sm\u0117lio, [&hellip;]<\/p>\n","protected":false},"featured_media":5680,"comment_status":"open","ping_status":"closed","template":"","meta":[],"product_brand":[],"product_cat":[26],"product_tag":[],"class_list":{"0":"post-5679","1":"product","2":"type-product","3":"status-publish","4":"has-post-thumbnail","6":"product_cat-pramogos-ir-sportas","7":"pa_color-kd100-cs1pcs","9":"first","10":"instock","11":"sale","12":"shipping-taxable","13":"purchasable","14":"product-type-simple"},"_links":{"self":[{"href":"https:\/\/topsmart.store\/en\/wp-json\/wp\/v2\/product\/5679","targetHints":{"allow":["GET"]}}],"collection":[{"href":"https:\/\/topsmart.store\/en\/wp-json\/wp\/v2\/product"}],"about":[{"href":"https:\/\/topsmart.store\/en\/wp-json\/wp\/v2\/types\/product"}],"replies":[{"embeddable":true,"href":"https:\/\/topsmart.store\/en\/wp-json\/wp\/v2\/comments?post=5679"}],"wp:featuredmedia":[{"embeddable":true,"href":"https:\/\/topsmart.store\/en\/wp-json\/wp\/v2\/media\/5680"}],"wp:attachment":[{"href":"https:\/\/topsmart.store\/en\/wp-json\/wp\/v2\/media?parent=5679"}],"wp:term":[{"taxonomy":"product_brand","embeddable":true,"href":"https:\/\/topsmart.store\/en\/wp-json\/wp\/v2\/product_brand?post=5679"},{"taxonomy":"product_cat","embeddable":true,"href":"https:\/\/topsmart.store\/en\/wp-json\/wp\/v2\/product_cat?post=5679"},{"taxonomy":"product_tag","embeddable":true,"href":"https:\/\/topsmart.store\/en\/wp-json\/wp\/v2\/product_tag?post=5679"}],"curies":[{"name":"wp","href":"https:\/\/api.w.org\/{rel}","templated":true}]}}