{"id":5740,"date":"2026-04-23T10:27:20","date_gmt":"2026-04-23T08:27:20","guid":{"rendered":"https:\/\/topsmart.store\/?post_type=product&#038;p=5740"},"modified":"2026-05-14T14:23:45","modified_gmt":"2026-05-14T12:23:45","slug":"mens-body-hair-trimmer-for-men-balls-women-lady-shaver-hair-removal-bikini-trimmer-groin-body-shaver-groomer-arm-beard-razor","status":"publish","type":"product","link":"https:\/\/topsmart.store\/en\/product\/mens-body-hair-trimmer-for-men-balls-women-lady-shaver-hair-removal-bikini-trimmer-groin-body-shaver-groomer-arm-beard-razor\/","title":{"rendered":"Mens Body Hair Trimmer for Men Balls Women Lady Shaver Hair Removal Bikini Trimmer Groin & Body Shaver Groomer Arm Beard Razor"},"content":{"rendered":"<p><strong>Produkto apra\u0161ymas<\/strong><\/p>\n<p>1. Eleganti\u0161kas dizainas. Eleganti\u0161kos korpuso linijos ne tik u\u017etikrina patogesn\u0119 laikym\u0105, bet ir korpuso med\u017eiaga pasi\u017eymi prakait\u0105 atstumian\u010diomis savyb\u0117mis.<\/p>\n<p>2. Auk\u0161tos kokyb\u0117s peiliukai. Mink\u0161ti keraminiai peiliukai, pagaminti naudojant pa\u017eangias technologijas, ir ner\u016bdijan\u010dio plieno derinys leid\u017eia patirti did\u017eiausi\u0105 komfort\u0105 ir patogum\u0105 atliekant k\u016bno prie\u017ei\u016bros proced\u016bras. Patikima vandeniui atspari konstrukcija \u2013 neb\u016bkite baimingi d\u0117l vandens pursl\u0173!<\/p>\n<p>3. Daugiafunkcinis. \u0160is k\u016bno kirpimo aparatas gali b\u016bti naudojamas visoms k\u016bno sritims kirpti, \u012fskaitant pa\u017eastis, pe\u010dius, kr\u016btin\u0119, kojas, rankas ir kirk\u0161nis. Patarimai: Pra\u0161ome laikytis naudojimo instrukcij\u0173. Naudojant intymioms sritims, pra\u0161ome naudoti m\u016bs\u0173 \u0161uk\u0173 antgalius, nes be j\u0173 lengva su\u017eeisti laisv\u0105 odos rauk\u0161l\u0119. Naudodami jautrioms sritims, \u012ftempkite od\u0105 ir kirpkite l\u0117tai bei ramiai.<\/p>\n<p>4. Visi\u0161kai atsparus vandeniui. Patikima vandeniui atspari konstrukcija, nebijo vandens pursl\u0173!<img decoding=\"async\" src=\"https:\/\/ae01.alicdn.com\/kf\/S88e85e85998c48f09e90a63424455f0dZ.png\" \/><img decoding=\"async\" src=\"https:\/\/ae01.alicdn.com\/kf\/Sa7000e9ab48242a99736a3f434efc56am.png\" \/><\/p>\n<p><img decoding=\"async\" src=\"https:\/\/ae01.alicdn.com\/kf\/S1df800aa01e548aeaaf9afed744e208ai.jpg\" \/><img decoding=\"async\" src=\"https:\/\/ae01.alicdn.com\/kf\/S9df83076b14c43fd9068c600f858f075c.jpg\" \/><img decoding=\"async\" src=\"https:\/\/ae01.alicdn.com\/kf\/Sbcc489e1654347a3bf803ba7dc2cb3bem.jpg\" \/><img decoding=\"async\" src=\"https:\/\/ae01.alicdn.com\/kf\/Se9f1c38028f94da4a8ad9b348a09a592X.jpg\" \/><img decoding=\"async\" src=\"https:\/\/ae01.alicdn.com\/kf\/S793b4a45b31940d8bc42c2111b3ce5f9a.jpg\" \/><img decoding=\"async\" src=\"https:\/\/ae01.alicdn.com\/kf\/S6597be38a3e64747839b03df7000bfe4T.jpg\" \/><img decoding=\"async\" src=\"https:\/\/ae01.alicdn.com\/kf\/S88df7db86d3441038d499c5da37e143b7.jpg\" \/><img decoding=\"async\" src=\"https:\/\/ae01.alicdn.com\/kf\/Sfe4b0e2f4fbe46baae2905727c1cf118m.jpg\" \/><img decoding=\"async\" src=\"https:\/\/ae01.alicdn.com\/kf\/Sdac457e8ffbc49eba7098a4fcf47ffd5l.jpg\" \/><img decoding=\"async\" src=\"https:\/\/ae01.alicdn.com\/kf\/S3c945a51f5bb4d8f87bf87ff490a6750V.jpg\" \/><\/p>\n<p><img decoding=\"async\" class=\"img-responsive\" src=\"\/\/ae01.alicdn.com\/kf\/S1df800aa01e548aeaaf9afed744e208ai.jpg\" \/><img decoding=\"async\" class=\"img-responsive\" src=\"\/\/ae01.alicdn.com\/kf\/S9df83076b14c43fd9068c600f858f075c.jpg\" \/><img decoding=\"async\" class=\"img-responsive\" src=\"\/\/ae01.alicdn.com\/kf\/Sbcc489e1654347a3bf803ba7dc2cb3bem.jpg\" \/><img decoding=\"async\" class=\"img-responsive\" src=\"\/\/ae01.alicdn.com\/kf\/S6597be38a3e64747839b03df7000bfe4T.jpg\" \/><img decoding=\"async\" class=\"img-responsive\" src=\"\/\/ae01.alicdn.com\/kf\/S88df7db86d3441038d499c5da37e143b7.jpg\" \/><img decoding=\"async\" class=\"img-responsive\" src=\"\/\/ae01.alicdn.com\/kf\/Sfe4b0e2f4fbe46baae2905727c1cf118m.jpg\" \/><img decoding=\"async\" class=\"img-responsive\" src=\"\/\/ae01.alicdn.com\/kf\/Sdac457e8ffbc49eba7098a4fcf47ffd5l.jpg\" \/><img decoding=\"async\" class=\"img-responsive\" src=\"\/\/ae01.alicdn.com\/kf\/S3c945a51f5bb4d8f87bf87ff490a6750V.jpg\" \/><\/p>","protected":false},"excerpt":{"rendered":"<p>Produkto apra\u0161ymas 1. Eleganti\u0161kas dizainas. Eleganti\u0161kos korpuso linijos ne tik u\u017etikrina patogesn\u0119 laikym\u0105, bet ir korpuso med\u017eiaga pasi\u017eymi prakait\u0105 atstumian\u010diomis savyb\u0117mis. 2. Auk\u0161tos kokyb\u0117s peiliukai. Mink\u0161ti keraminiai peiliukai, pagaminti naudojant pa\u017eangias technologijas, ir ner\u016bdijan\u010dio plieno derinys leid\u017eia patirti did\u017eiausi\u0105 komfort\u0105 ir patogum\u0105 atliekant k\u016bno prie\u017ei\u016bros proced\u016bras. Patikima vandeniui atspari konstrukcija \u2013 neb\u016bkite baimingi d\u0117l vandens [&hellip;]<\/p>\n","protected":false},"featured_media":5742,"comment_status":"open","ping_status":"closed","template":"","meta":[],"product_brand":[],"product_cat":[25],"product_tag":[],"class_list":{"0":"post-5740","1":"product","2":"type-product","3":"status-publish","4":"has-post-thumbnail","6":"product_cat-grozis-ir-sveikata","7":"pa_color-style-b-set1-withbox","8":"pa_color-style-b","9":"pa_color-style-c","10":"pa_color-style-a","12":"first","13":"instock","14":"sale","15":"shipping-taxable","16":"purchasable","17":"product-type-variable"},"_links":{"self":[{"href":"https:\/\/topsmart.store\/en\/wp-json\/wp\/v2\/product\/5740","targetHints":{"allow":["GET"]}}],"collection":[{"href":"https:\/\/topsmart.store\/en\/wp-json\/wp\/v2\/product"}],"about":[{"href":"https:\/\/topsmart.store\/en\/wp-json\/wp\/v2\/types\/product"}],"replies":[{"embeddable":true,"href":"https:\/\/topsmart.store\/en\/wp-json\/wp\/v2\/comments?post=5740"}],"wp:featuredmedia":[{"embeddable":true,"href":"https:\/\/topsmart.store\/en\/wp-json\/wp\/v2\/media\/5742"}],"wp:attachment":[{"href":"https:\/\/topsmart.store\/en\/wp-json\/wp\/v2\/media?parent=5740"}],"wp:term":[{"taxonomy":"product_brand","embeddable":true,"href":"https:\/\/topsmart.store\/en\/wp-json\/wp\/v2\/product_brand?post=5740"},{"taxonomy":"product_cat","embeddable":true,"href":"https:\/\/topsmart.store\/en\/wp-json\/wp\/v2\/product_cat?post=5740"},{"taxonomy":"product_tag","embeddable":true,"href":"https:\/\/topsmart.store\/en\/wp-json\/wp\/v2\/product_tag?post=5740"}],"curies":[{"name":"wp","href":"https:\/\/api.w.org\/{rel}","templated":true}]}}