{"id":5842,"date":"2026-04-23T10:27:29","date_gmt":"2026-04-23T08:27:29","guid":{"rendered":"https:\/\/topsmart.store\/?post_type=product&#038;p=5842"},"modified":"2026-05-13T13:59:04","modified_gmt":"2026-05-13T11:59:04","slug":"red-light-therapy-lamp-for-full-body-infrared-light-device-face-led-light-body-pain-stress-relief-daily-skin-care-660nm-850nm","status":"publish","type":"product","link":"https:\/\/topsmart.store\/en\/product\/red-light-therapy-lamp-for-full-body-infrared-light-device-face-led-light-body-pain-stress-relief-daily-skin-care-660nm-850nm\/","title":{"rendered":"Red Light Therapy Lamp For Full Body Infrared Light  Device Face LED Light Body Pain Stress Relief Daily Skin Care 660nm 850nm"},"content":{"rendered":"<div class=\"detailmodule_dynamic\"><\/div>\n<div class=\"detailmodule_html\">\n<div class=\"detail-desc-decorate-richtext\">\n<p style=\"text-align: left; margin: 0px;\" align=\"left\">\n<img decoding=\"async\" src=\"https:\/\/ae01.alicdn.com\/kf\/S5faf7086f23946b4bd6f8062ee366e507.jpg?width=1479&amp;height=661&amp;hash=2140\" \/><span class=\"slate-node-text\"><span style=\"font-size: 16px;\"><br \/>\nKod\u0117l verta rinktis \u201eAstarexin\u201c raudonosios \u0161viesos terapij\u0105:<\/span><\/span><\/p>\n<div>\n<div>\n<div>\n<p><span class=\"slate-node-text\"><span style=\"font-size: 16px;\">* K\u016bno skausm\u0173 mal\u0161inimas ir kasdien\u0117 prie\u017ei\u016bra<\/span><\/span><\/p>\n<p><span class=\"slate-node-text\"><span style=\"font-size: 16px;\">* Odos sveikatos ir gro\u017eio gerinimas<\/span><\/span><\/p>\n<p><span class=\"slate-node-text\"><span style=\"font-size: 16px;\">* Kraujotakos gerinimas<\/span><\/span><\/p>\n<p><span class=\"slate-node-text\"><span style=\"font-size: 16px;\">* U\u017edegim\u0173 ma\u017einimas<\/span><\/span><\/p>\n<p><span class=\"slate-node-text\"><span style=\"font-size: 16px;\">* Riebalini\u0173 l\u0105steli\u0173 skaidymas<\/span><\/span><\/p>\n<p><span class=\"slate-node-text\"><span style=\"font-size: 16px;\">* Miego kokyb\u0117s gerinimas<\/span><\/span><\/p>\n<p><span class=\"slate-node-text\"><span style=\"font-size: 16px;\">* Lengva montuoti, reguliuoti ir laikyti, gerai suprojektuota, funkcionalu ir lengvai valdoma<\/span><\/span><\/p>\n<div>\n<p style=\"text-align: left; margin: 0px;\" align=\"left\"><img decoding=\"async\" style=\"width: 944px; height: 584px;\" src=\"https:\/\/ae01.alicdn.com\/kf\/S91ac50e9787f46c699c706bfcc92b076S.jpg?width=970&amp;height=600&amp;hash=1570\" width=\"944px\" height=\"584px\" \/><img decoding=\"async\" style=\"width: 944px; height: 912px;\" src=\"https:\/\/ae01.alicdn.com\/kf\/S911526584d2248889ebdb2e2e7272674N.jpg?width=1500&amp;height=1449&amp;hash=2949\" width=\"944px\" height=\"912px\" \/><\/p>\n<\/div>\n<div><\/div>\n<div>\n<div>\n<div>\n<div>\n<p><span class=\"slate-node-text\"><span style=\"font-size: 18px;\">Kuo m\u016bs\u0173 produktai skiriasi nuo kit\u0173 parduotuvi\u0173 produkt\u0173?<\/span><\/span><\/p>\n<p><span class=\"slate-node-text\"><span style=\"color: #333333; font-size: 16px; font-family: arial, helvetica, sans-serif;\">1. 2023 m. naujausias atnaujintas modelis, turtingas \u012fvairiais mikroelementais, geresnis poveikis<\/span><\/span><\/p>\n<p><span class=\"slate-node-text\"><span style=\"font-size: 16px;\"><span style=\"color: #333333; font-size: 16px; font-family: arial, helvetica, sans-serif;\">2. \u0160ildymo plok\u0161t\u0117 su pagrindiniu patentu veikia grei\u010diau<\/span><\/span><\/span><\/p>\n<div>\n<div>\n<div>\n<div>\n<p><span class=\"slate-node-text\"><span style=\"font-size: 16px;\"><span style=\"color: #333333; font-size: 16px; font-family: arial, helvetica, sans-serif;\"><span style=\"font-size: 18px;\">Naudojame savo unikali\u0105 element\u0173 plok\u0161t\u0119, \u012fd\u0117j\u0119 j\u0105 \u012f lemp\u0105, ji i\u0161skirs daug nauding\u0173 element\u0173, tod\u0117l gausite geresn\u012f poveik\u012f. Be to, naudojame 2023 m. atnaujint\u0105 lemp\u0105, kurios \u0161ildymo efektyvumas yra pagerintas.<\/span><\/span><\/span><\/span><\/p>\n<\/div>\n<\/div>\n<\/div>\n<\/div>\n<div>\n<div>\n<p><img decoding=\"async\" style=\"width: 944px; height: 1461px;\" src=\"https:\/\/ae01.alicdn.com\/kf\/S15672aa688d548f09efc7ab5ed222a53v.jpg?width=1500&amp;height=2322&amp;hash=3822\" width=\"944px\" height=\"1461px\" \/><\/p>\n<\/div>\n<\/div>\n<\/div>\n<\/div>\n<\/div>\n<\/div>\n<p style=\"text-align: center;\" align=\"center\"><span class=\"slate-node-text\"><span style=\"color: #333333; font-size: 18px;\"> M\u0117gaukit\u0117s fototerapijos salonu namuose<\/span><\/span><\/p>\n<p style=\"text-align: left;\" align=\"left\"><span class=\"slate-node-text\"><span style=\"font-size: 16px;\"> [Dvigubas lustas 660 nm ir 850 nm] \u2013 \u0160is raudonos \u0161viesos prietaisas turi 30 LED lempu\u010di\u0173, kiekviena i\u0161 kuri\u0173 apima dvi 660 nm raudonos \u0161viesos lemputes (matomos) + vien\u0105 850 nm infraraudon\u0105j\u0105 lemput\u0119 (nematoma). 660 nm raudona \u0161viesa gali pasiekti giliuosius odos sluoksnius, taip stimuliuodama l\u0105steli\u0173 atsinaujinim\u0105 ir gerindama kraujotak\u0105. 850 nm FIR \u0161viesa \u012fsiskverbia \u012f giliuosius k\u016bno audini\u0173 sluoksnius, tod\u0117l tinka kaul\u0173, s\u0105nari\u0173, nerv\u0173 ir gili\u0173j\u0173 raumen\u0173 problemoms gydyti bei yra labai veiksminga mal\u0161inant l\u0117tin\u012f skausm\u0105.<\/span><\/span><br \/>\n<img decoding=\"async\" style=\"width: 800px;\" src=\"https:\/\/ae01.alicdn.com\/kf\/Sf2d83a9c1c414150901f4eaa89bfd14aP.jpg?width=1333&amp;height=1500&amp;hash=2833\" width=\"800px\" \/><\/p>\n<\/div>\n<\/div>\n<\/div>\n<\/div>\n<\/div>\n<p><span class=\"slate-node-text\"><span style=\"font-size: 16px;\">\u3010Veiksmingas skausmo mal\u0161inimas\u3011Raudonos \u0161viesos terapijos lempa padeda atsikratyti kaklo, pe\u010di\u0173 ir raumen\u0173 skausm\u0173. Be to, m\u016bs\u0173 artimosios infraraudonosios \u0161viesos terapijos prietaisas gali pagreitinti \u017eaizd\u0173 gijim\u0105. M\u016bs\u0173 tikslas \u2013 pad\u0117ti jums atsikratyti skausmo. Jis taip pat tinka ir naminiams gyv\u016bn\u0117liams. <\/span><\/span><\/p>\n<p><img decoding=\"async\" style=\"width: 801px; height: 496px;\" src=\"https:\/\/ae01.alicdn.com\/kf\/S745712e464e24c83a33189425cd725367.jpg?width=970&amp;height=600&amp;hash=1570\" width=\"801px\" height=\"496px\" \/><\/p>\n<p><span class=\"slate-node-text\"><span class=\"a-list-item\" style=\"font-size: 16px;\">\u3010Gro\u017eis ir geresnis miegas\u3011 Raudonos \u0161viesos terapijos prietaisas su LED lemput\u0117mis padaro j\u016bs\u0173 od\u0105 stangresn\u0119 ir elastingesn\u0119, pa\u0161alina erzinan\u010dias rauk\u0161les ir suteikia jai jaunesn\u0119 i\u0161vaizd\u0105. Viena 660 nm raudonos \u0161viesos terapijos sesija prie\u0161 mieg\u0105 pad\u0117s suma\u017einti dienos nuovarg\u012f, raumen\u0173 skausm\u0105, suteiks geresn\u012f mieg\u0105 ir gra\u017eesn\u0119 od\u0105. Galite nustatyti laik\u0105, ir prietaisas automati\u0161kai i\u0161sijungs, kai laikas baigsis. Nereikia nerimauti d\u0117l per ilgo poveikio, jei u\u017emigsite.<\/span><\/span><\/p>\n<p><img decoding=\"async\" style=\"width: 800px;\" src=\"https:\/\/ae01.alicdn.com\/kf\/Sf27e815cc6be4252b33a928b3156eff5u.jpg?width=1339&amp;height=1500&amp;hash=2839\" width=\"800px\" \/><\/p>\n<p><span class=\"slate-node-text\"><span style=\"font-size: 16px;\">[<\/span><\/span><span class=\"slate-node-text\"><span class=\"a-list-item\">Lengva montuoti, laikyti ir naudoti<\/span><\/span><span class=\"slate-node-text\"><span style=\"font-size: 16px;\">] \u2013 Tvirtas trikojis u\u017etikrina, kad raudona \u0161viesa b\u016bt\u0173 stabili ir nesudreb\u0117t\u0173. Raudonos \u0161viesos terapijos lempos laikikl\u012f galima i\u0161tiesti nuo 35 coli\u0173 (apie 88,9 cm) iki 67 coli\u0173 (apie 170,2 cm). Lempos auk\u0161t\u012f ir kamp\u0105 galima reguliuoti, kad gal\u0117tum\u0117te pritaikyti auk\u0161t\u012f savo projektui ap\u0161viesti.<\/span><\/span><\/p>\n<p><img decoding=\"async\" style=\"width: 800px;\" src=\"https:\/\/ae01.alicdn.com\/kf\/S5a18701a047a43e2ba8e4d4b6d7e3c26e.jpg?width=1333&amp;height=1500&amp;hash=2833\" width=\"800px\" \/><\/p>\n<p><span class=\"slate-node-text\"><span style=\"font-size: 16px;\">[M\u0117gaukit\u0117s gydymu bet kur ir bet kada] \u2013 raudon\u0105 gydymo plok\u0161t\u0119 galima pakabinti arba pastatyti atskirai. Galite skaityti knyg\u0105 lovoje, \u017ei\u016br\u0117ti televizori\u0173 ant sofos ir naudoti \u0161viesos terapijos plok\u0161t\u0119 \u017eaisdami kompiuterinius \u017eaidimus. <\/span><\/span><img decoding=\"async\" style=\"width: 944px; height: 1062px;\" src=\"https:\/\/ae01.alicdn.com\/kf\/S06f81f8f5b8742c5a73aac8a32a5fa0bN.jpg?width=1333&amp;height=1500&amp;hash=2833\" width=\"944px\" height=\"1062px\" \/><\/p>\n<p><img decoding=\"async\" style=\"width: 800px;\" src=\"https:\/\/ae01.alicdn.com\/kf\/S221f99d8c06a4caba10f88e679ccdc97E.jpg?width=1333&amp;height=1500&amp;hash=2833\" width=\"800px\" \/><span class=\"slate-node-text\"><span style=\"font-size: 16px;\"> \u10e6 [Automatinis laikmatis ir nuotolinio valdymo pultas] \u2013 Laidinis valdiklis turi 5\/10\/15\/20\/25\/30 minu\u010di\u0173 laikmat\u012f. \u0160is fototerapijos prietaisas turi penkis reguliatorius, o trys re\u017eimai yra 660 nm + 850 nm \u012fjungta \/ tik 660 nm \u012fjungta \/ tik 850 nm \u012fjungta. 20\u201340 minu\u010di\u0173 raudonos \u0161viesos terapija kasdien pad\u0117s suma\u017einti j\u016bs\u0173 diskomfort\u0105.<\/span><\/span><\/p>\n<p><img decoding=\"async\" style=\"width: 800px;\" src=\"https:\/\/ae01.alicdn.com\/kf\/S43487c9748f44986a4482c607debedee5.jpg?width=1333&amp;height=1500&amp;hash=2833\" width=\"800px\" \/><\/p>\n<p><img decoding=\"async\" style=\"width: 800px;\" src=\"https:\/\/ae01.alicdn.com\/kf\/Saf2e5e3906f44903849b56f9ef7fad3ax.jpg?width=1333&amp;height=1500&amp;hash=2833\" width=\"800px\" \/><\/p>\n<p style=\"margin: 0px;\"><span class=\"slate-node-text\"><span style=\"font-size: 18px;\">Geriausia dovana jums ir j\u016bs\u0173 artimiesiems.<\/span><\/span><\/p>\n<div>\n<div>\n<div style=\"height: auto;\">\n<div>\n<div><\/div>\n<div><span class=\"slate-node-text\"><span style=\"font-size: 16px;\"><span style=\"font-family: Tahoma, Geneva, sans-serif;\">\u0160iuolaikiniame gyvenime d\u0117l studij\u0173, darbo ir kasdienyb\u0117s galime jausti nerim\u0105, stres\u0105 ar smegen\u0173 \u012ftamp\u0105. Poilsio metu fizioterapija gali visi\u0161kai atsipalaiduoti j\u016bs\u0173 k\u016bn\u0105 ir galv\u0105, i\u0161gydyti skausm\u0105 ir pagerinti odos b\u016bkl\u0119, sutaupyti daug pinig\u0173, palyginti su vizitais \u012f gro\u017eio salonus ir ligonines, ir m\u0117gautis ja bet kuriuo metu ir bet kur. Tai netik\u0117ta ir laukta dovana sau ir jums artimiems \u017emon\u0117ms.<\/span><\/span><\/span><\/div>\n<\/div>\n<\/div>\n<\/div>\n<\/div>\n<p><img decoding=\"async\" style=\"width: 944px; height: 944px;\" src=\"https:\/\/ae01.alicdn.com\/kf\/S6cc243780e994c139a0f646b5bc1fd8dy.jpg?width=1500&amp;height=1500&amp;hash=3000\" width=\"944px\" height=\"944px\" \/><span class=\"slate-node-text\"><span style=\"font-size: 16px;\"> [Komplektacija ir paslaugos] \u2013 Komplektacija: \u201eAstarexin\u201c raudon\u0173j\u0173 infraraudon\u0173j\u0173 spinduli\u0173 terapijos prietaiso komplekt\u0105 sudaro 1 prietaisas, 1 nuotolinio valdymo pultas, 1 pakabinimo kabliukas, 1 pried\u0173 rinkinys, 1 spalvoti terapiniai akiniai ir 1 naudojimo instrukcija.<\/span><\/span><\/p>\n<p style=\"text-align: left; margin: 0px;\" align=\"left\"><img decoding=\"async\" style=\"width: 800px;\" src=\"https:\/\/ae01.alicdn.com\/kf\/S4bfe2df79a0c4ca69729bd0571cba6f4W.jpg?width=1333&amp;height=1500&amp;hash=2833\" width=\"800px\" \/><\/p>\n<p style=\"text-align: left; margin: 0px;\" align=\"left\"><img decoding=\"async\" style=\"width: 800px;\" src=\"https:\/\/ae01.alicdn.com\/kf\/S3f105158ee41465fbc9a7232996fb199J.jpg?width=1500&amp;height=1500&amp;hash=3000\" width=\"800px\" \/><\/p>\n<div><\/div>\n<div><\/div>\n<div><\/div>\n<div>\n<\/div>\n<p>\u00a0<\/p>\n<p><img decoding=\"async\" class=\"img-responsive\" src=\"\/\/ae01.alicdn.com\/kf\/S5faf7086f23946b4bd6f8062ee366e507.jpg?width=1479&amp;height=661&amp;hash=2140\" \/><img decoding=\"async\" class=\"img-responsive\" src=\"\/\/ae01.alicdn.com\/kf\/S91ac50e9787f46c699c706bfcc92b076S.jpg?width=970&amp;height=600&amp;hash=1570\" \/><img decoding=\"async\" class=\"img-responsive\" src=\"\/\/ae01.alicdn.com\/kf\/S911526584d2248889ebdb2e2e7272674N.jpg?width=1500&amp;height=1449&amp;hash=2949\" \/><img decoding=\"async\" class=\"img-responsive\" src=\"\/\/ae01.alicdn.com\/kf\/S15672aa688d548f09efc7ab5ed222a53v.jpg?width=1500&amp;height=2322&amp;hash=3822\" \/><img decoding=\"async\" class=\"img-responsive\" src=\"\/\/ae01.alicdn.com\/kf\/Sf2d83a9c1c414150901f4eaa89bfd14aP.jpg?width=1333&amp;height=1500&amp;hash=2833\" \/><img decoding=\"async\" class=\"img-responsive\" src=\"\/\/ae01.alicdn.com\/kf\/S745712e464e24c83a33189425cd725367.jpg?width=970&amp;height=600&amp;hash=1570\" \/><img decoding=\"async\" class=\"img-responsive\" src=\"\/\/ae01.alicdn.com\/kf\/Sf27e815cc6be4252b33a928b3156eff5u.jpg?width=1339&amp;height=1500&amp;hash=2839\" \/><img decoding=\"async\" class=\"img-responsive\" src=\"\/\/ae01.alicdn.com\/kf\/S5a18701a047a43e2ba8e4d4b6d7e3c26e.jpg?width=1333&amp;height=1500&amp;hash=2833\" \/><img decoding=\"async\" class=\"img-responsive\" src=\"\/\/ae01.alicdn.com\/kf\/S06f81f8f5b8742c5a73aac8a32a5fa0bN.jpg?width=1333&amp;height=1500&amp;hash=2833\" \/><img decoding=\"async\" class=\"img-responsive\" src=\"\/\/ae01.alicdn.com\/kf\/S221f99d8c06a4caba10f88e679ccdc97E.jpg?width=1333&amp;height=1500&amp;hash=2833\" \/><img decoding=\"async\" class=\"img-responsive\" src=\"\/\/ae01.alicdn.com\/kf\/S43487c9748f44986a4482c607debedee5.jpg?width=1333&amp;height=1500&amp;hash=2833\" \/><img decoding=\"async\" class=\"img-responsive\" src=\"\/\/ae01.alicdn.com\/kf\/Saf2e5e3906f44903849b56f9ef7fad3ax.jpg?width=1333&amp;height=1500&amp;hash=2833\" \/><img decoding=\"async\" class=\"img-responsive\" src=\"\/\/ae01.alicdn.com\/kf\/S6cc243780e994c139a0f646b5bc1fd8dy.jpg?width=1500&amp;height=1500&amp;hash=3000\" \/><img decoding=\"async\" class=\"img-responsive\" src=\"\/\/ae01.alicdn.com\/kf\/S4bfe2df79a0c4ca69729bd0571cba6f4W.jpg?width=1333&amp;height=1500&amp;hash=2833\" \/><img decoding=\"async\" class=\"img-responsive\" src=\"\/\/ae01.alicdn.com\/kf\/S3f105158ee41465fbc9a7232996fb199J.jpg?width=1500&amp;height=1500&amp;hash=3000\" \/><\/p>\n","protected":false},"excerpt":{"rendered":"<p>Kod\u0117l verta rinktis \u201eAstarexin\u201c raudonosios \u0161viesos terapij\u0105: * K\u016bno skausm\u0173 mal\u0161inimas ir kasdien\u0117 prie\u017ei\u016bra * Odos sveikatos ir gro\u017eio gerinimas * Kraujotakos gerinimas * U\u017edegim\u0173 ma\u017einimas * Riebalini\u0173 l\u0105steli\u0173 skaidymas * Miego kokyb\u0117s gerinimas * Lengva montuoti, reguliuoti ir laikyti, gerai suprojektuota, funkcionalu ir lengvai valdoma Kuo m\u016bs\u0173 produktai skiriasi nuo kit\u0173 parduotuvi\u0173 produkt\u0173? 1. [&hellip;]<\/p>\n","protected":false},"featured_media":5844,"comment_status":"open","ping_status":"closed","template":"","meta":[],"product_brand":[],"product_cat":[25],"product_tag":[],"class_list":{"0":"post-5842","1":"product","2":"type-product","3":"status-publish","4":"has-post-thumbnail","6":"product_cat-grozis-ir-sveikata","7":"pa_color-au-plug","8":"pa_color-eu-plug","9":"pa_color-us-plug","10":"pa_color-uk-plug","12":"first","13":"instock","14":"sale","15":"shipping-taxable","16":"purchasable","17":"product-type-simple"},"_links":{"self":[{"href":"https:\/\/topsmart.store\/en\/wp-json\/wp\/v2\/product\/5842","targetHints":{"allow":["GET"]}}],"collection":[{"href":"https:\/\/topsmart.store\/en\/wp-json\/wp\/v2\/product"}],"about":[{"href":"https:\/\/topsmart.store\/en\/wp-json\/wp\/v2\/types\/product"}],"replies":[{"embeddable":true,"href":"https:\/\/topsmart.store\/en\/wp-json\/wp\/v2\/comments?post=5842"}],"wp:featuredmedia":[{"embeddable":true,"href":"https:\/\/topsmart.store\/en\/wp-json\/wp\/v2\/media\/5844"}],"wp:attachment":[{"href":"https:\/\/topsmart.store\/en\/wp-json\/wp\/v2\/media?parent=5842"}],"wp:term":[{"taxonomy":"product_brand","embeddable":true,"href":"https:\/\/topsmart.store\/en\/wp-json\/wp\/v2\/product_brand?post=5842"},{"taxonomy":"product_cat","embeddable":true,"href":"https:\/\/topsmart.store\/en\/wp-json\/wp\/v2\/product_cat?post=5842"},{"taxonomy":"product_tag","embeddable":true,"href":"https:\/\/topsmart.store\/en\/wp-json\/wp\/v2\/product_tag?post=5842"}],"curies":[{"name":"wp","href":"https:\/\/api.w.org\/{rel}","templated":true}]}}