{"id":5910,"date":"2026-04-23T10:27:33","date_gmt":"2026-04-23T08:27:33","guid":{"rendered":"https:\/\/topsmart.store\/?post_type=product&#038;p=5910"},"modified":"2026-05-13T13:59:05","modified_gmt":"2026-05-13T11:59:05","slug":"intelligent-suction-medical-cupping-set-beauty-massager-glass-jars-anti-cellulite-cupping-vacuum-slimming-guasha-massage","status":"publish","type":"product","link":"https:\/\/topsmart.store\/en\/product\/intelligent-suction-medical-cupping-set-beauty-massager-glass-jars-anti-cellulite-cupping-vacuum-slimming-guasha-massage\/","title":{"rendered":"Intelligent Suction Medical Cupping Set Beauty Massager Glass Jars Anti Cellulite Cupping Vacuum Slimming Guasha Massage"},"content":{"rendered":"<p>\u00a0<\/p>\n<p><span style=\"background-color: #ffffff; color: #9f0500; font-size: 22px; font-family: arial, helvetica, sans-serif;\">6 lygiai<\/span><\/p>\n<p class=\"MsoNormal\"><strong><span style=\"font-size: 16px; font-family: \u5fae\u8f6f\u96c5\u9ed1;\">Pa\u017eangusis bankavimo prietaisas su \u012fkraunama magnetine galvute, LED ekranu, 6 grei\u010di\u0173 siurbimo funkcija, k\u016bno masa\u017euoklis, skrebuoklis ir bankavimo funkcija, USB \u012fkrovimas, skirtas nam\u0173 naudojimui, dr\u0117gm\u0117s pa\u0161alinimas<\/span><\/strong><\/p>\n<p>\u00a0<\/p>\n<p class=\"MsoNormal\"><span style=\"font-size: 10.5pt; font-family: \u5fae\u8f6f\u96c5\u9ed1;\">Savyb\u0117s:<\/span><\/p>\n<p class=\"MsoNormal\"><span style=\"font-size: 10.5pt; font-family: \u5fae\u8f6f\u96c5\u9ed1;\">1. Pa\u017eangus elektrinis \u201eGu Sha\u201c prietaisas gali b\u016bti naudojamas grandymui, taur\u0117ms ir masa\u017eui \u012fvairiose k\u016bno vietose, jis gali \u0161velniai pri\u017ei\u016br\u0117ti \u012fvairias k\u016bno vietas.<\/span><\/p>\n<p class=\"MsoNormal\"><span style=\"font-size: 10.5pt; font-family: \u5fae\u8f6f\u96c5\u9ed1;\">2. Efektyviai su\u0161ildo gimd\u0105, atpalaiduoja raumenis, i\u0161sklaido \u0161alt\u012f, pa\u0161alina dr\u0117gm\u0119 ir detoksikuoja, leid\u017eiant jums tur\u0117ti sveik\u0105 k\u016bn\u0105.<\/span><\/p>\n<p class=\"MsoNormal\"><span style=\"font-size: 10.5pt; font-family: \u5fae\u8f6f\u96c5\u9ed1;\">3. Grandymas + taur\u0117s, 6 reguliuojam\u0173 siurbimo lygi\u0173, suteikia gilumin\u0119 fizioterapij\u0105 ir akupunkt\u016bros ta\u0161k\u0173 masa\u017e\u0105 j\u016bs\u0173 k\u016bnui, veiksmingai mal\u0161ina skausm\u0105 ir pa\u0161alina nuovarg\u012f.<\/span><\/p>\n<p class=\"MsoNormal\"><span style=\"font-size: 10.5pt; font-family: \u5fae\u8f6f\u96c5\u9ed1;\">4. Ma\u017eas dydis, lengvas svoris, belaidis naudojimas, lengvai ne\u0161iojamas, leid\u017eia jums m\u0117gautis profesionalia fizioterapija bet kur ir bet kada.<\/span><\/p>\n<p class=\"MsoNormal\"><span style=\"font-size: 10.5pt; font-family: \u5fae\u8f6f\u96c5\u9ed1;\">5. Atnaujinta magnetin\u0117s galvut\u0117s versija, naudojama su eteriniais aliejais, turi meridian\u0173 valymo, kraujotakos skatinimo ir imuniteto stiprinimo poveik\u012f.<\/span><\/p>\n<p class=\"MsoNormal\"><span style=\"font-size: 10.5pt; font-family: \u5fae\u8f6f\u96c5\u9ed1;\">6. 3 grei\u010di\u0173 laikma\u010dio funkcija (10\/15\/20 minu\u010di\u0173) atitinka skirting\u0173 \u017emoni\u0173 grupi\u0173 poreikius ir padeda i\u0161vengti pernelyg da\u017eno naudojimo d\u0117l neatsargaus laiko skai\u010diavimo. <\/span><\/p>\n<p class=\"MsoNormal\"><span style=\"font-size: 10.5pt; font-family: \u5fae\u8f6f\u96c5\u9ed1;\">* Produkt\u0105 reikia naudoti su eteriniais aliejais, tod\u0117l eterinius aliejus turite \u012fsigyti patys. <\/span><\/p>\n<p>\u00a0<\/p>\n<p class=\"MsoNormal\"><span style=\"font-size: 10.5pt; font-family: \u5fae\u8f6f\u96c5\u9ed1;\">Specifikacijos:<\/span><\/p>\n<p class=\"MsoNormal\"><span style=\"font-size: 10.5pt; font-family: \u5fae\u8f6f\u96c5\u9ed1;\">Med\u017eiaga: ABS+PC<\/span><\/p>\n<p class=\"MsoNormal\"><span style=\"font-size: 10.5pt; font-family: \u5fae\u8f6f\u96c5\u9ed1;\">Spalva: \u017ealia<\/span><\/p>\n<p class=\"MsoNormal\"><span style=\"font-size: 10.5pt; font-family: \u5fae\u8f6f\u96c5\u9ed1;\">Dydis: 19*8*8 cm<\/span><\/p>\n<p class=\"MsoNormal\"><span style=\"font-size: 10.5pt; font-family: \u5fae\u8f6f\u96c5\u9ed1;\">Pakuot\u0117s matmenys: 22,7*9,7*13 cm<\/span><\/p>\n<p class=\"MsoNormal\"><span style=\"font-size: 10.5pt; font-family: \u5fae\u8f6f\u96c5\u9ed1;\">Galia: 8 W<\/span><\/p>\n<p class=\"MsoNormal\"><span style=\"font-size: 10.5pt; font-family: \u5fae\u8f6f\u96c5\u9ed1;\">\u012ekrovimo parametrai: 5 V, 2 A<\/span><\/p>\n<p class=\"MsoNormal\"><span style=\"font-size: 10.5pt; font-family: \u5fae\u8f6f\u96c5\u9ed1;\">Nominali \u012ftampa: 3,7 V<\/span><\/p>\n<p class=\"MsoNormal\"><span style=\"font-size: 10.5pt; font-family: \u5fae\u8f6f\u96c5\u9ed1;\">Akumuliatoriaus talpa: 1600 mAh<\/span><\/p>\n<p class=\"MsoNormal\"><span style=\"font-size: 10.5pt; font-family: \u5fae\u8f6f\u96c5\u9ed1;\">\u012ekrovimo laikas: 2 val.<\/span><\/p>\n<p class=\"MsoNormal\"><span style=\"font-size: 10.5pt; font-family: \u5fae\u8f6f\u96c5\u9ed1;\">Naudojimo laikas: 5\u20136 valandos <\/span><\/p>\n<p>\u00a0<\/p>\n<p class=\"MsoNormal\"><span style=\"font-size: 10.5pt; font-family: \u5fae\u8f6f\u96c5\u9ed1;\">Pakuot\u0117s s\u0105ra\u0161as:<\/span><\/p>\n<p class=\"MsoNormal\"><span style=\"font-size: 10.5pt; font-family: \u5fae\u8f6f\u96c5\u9ed1;\">1* pagrindinis \u012frenginys<\/span><\/p>\n<p class=\"MsoNormal\"><span style=\"font-size: 10.5pt; font-family: \u5fae\u8f6f\u96c5\u9ed1;\">5* filtravimo kempin\u0117 <\/span><\/p>\n<p class=\"MsoNormal\"><span style=\"font-size: 10.5pt; font-family: \u5fae\u8f6f\u96c5\u9ed1;\">1* USB \u012fkrovimo kabelis<\/span><\/p>\n<p class=\"MsoNormal\"><span style=\"font-size: 10.5pt; font-family: \u5fae\u8f6f\u96c5\u9ed1;\">1* vartotojo vadovas angl\u0173 kalba<\/span><\/p>\n<p class=\"MsoNormal\"><span style=\"font-size: 10.5pt; font-family: \u5fae\u8f6f\u96c5\u9ed1;\">1* pakavimo d\u0117\u017eut\u0117 <\/span><\/p>\n<p class=\"MsoNormal\"><img decoding=\"async\" src=\"https:\/\/ae01.alicdn.com\/kf\/S38af960b6eb84d86b3d80e5b6994ca6dw.jpg\" \/><img decoding=\"async\" src=\"https:\/\/ae01.alicdn.com\/kf\/S1d040f495efc4e2dac19b52cc7a3f3857.jpg\" \/><img decoding=\"async\" src=\"https:\/\/ae01.alicdn.com\/kf\/S3083a67065f9401eb62a562632a83af8i.jpg\" \/><img decoding=\"async\" src=\"https:\/\/ae01.alicdn.com\/kf\/Sabf2525301e84c83867b4a90ad0c6ebfU.jpg\" \/><img decoding=\"async\" src=\"https:\/\/ae01.alicdn.com\/kf\/S10f93ea200ce498f829296334978911bK.jpg\" \/><img decoding=\"async\" src=\"https:\/\/ae01.alicdn.com\/kf\/S66ea6010cac54d4796d04217ba3e8dba2.jpg\" \/><img decoding=\"async\" src=\"https:\/\/ae01.alicdn.com\/kf\/S2fd6f30e0aa54df9b0fdec42d0804ecdU.jpg\" \/><img decoding=\"async\" src=\"https:\/\/ae01.alicdn.com\/kf\/Sccea6e231b524aad8de4d158611f5cfeb.jpg\" \/><img decoding=\"async\" src=\"https:\/\/ae01.alicdn.com\/kf\/Scbe8ed996e60406584613636c65cf959X.jpg\" \/><img decoding=\"async\" src=\"https:\/\/ae01.alicdn.com\/kf\/S98f6b33839204008a575577e2745c1d6R.jpg\" \/><\/p>\n<p><span style=\"background-color: #ffffff; color: #9f0500; font-size: 22px; font-family: arial, helvetica, sans-serif;\">12 lygi\u0173<\/span><\/p>\n<p class=\"MsoNormal\"><strong><span style=\"font-size: 16px; font-family: \u5fae\u8f6f\u96c5\u9ed1;\">Pa\u017eangus neigiamo sl\u0117gio taur\u0117s masa\u017eo prietaisas Buitinis belaidis elektrinis grandymo aparatas \u0160ildomas fizioterapijos aparatas Sveikatos taur\u0117s prietaisas Meridian\u0173 valymas Nuovargio ma\u017einimas<\/span><\/strong><\/p>\n<p>\u00a0<\/p>\n<p class=\"MsoNormal\"><span style=\"font-size: 10.5pt; font-family: \u5fae\u8f6f\u96c5\u9ed1;\">Savyb\u0117s:<\/span><\/p>\n<p class=\"MsoNormal\"><span style=\"font-size: 10.5pt; font-family: \u5fae\u8f6f\u96c5\u9ed1;\">1. Pa\u017eangus elektrinis taur\u0117s masa\u017eo prietaisas gali grandyti, daryti taur\u0117s masa\u017e\u0105 ir masa\u017euoti \u012fvairias k\u016bno vietas, \u0161velniai pri\u017ei\u016brint \u012fvairias k\u016bno vietas.<\/span><\/p>\n<p class=\"MsoNormal\"><span style=\"font-size: 10.5pt; font-family: \u5fae\u8f6f\u96c5\u9ed1;\">2. Grandymas + taur\u0117s: 12 reguliuojam\u0173 siurbimo lygi\u0173, u\u017etikrina gilumin\u0119 fizioterapij\u0105 ir akupunkt\u016brini\u0173 ta\u0161k\u0173 masa\u017e\u0105 j\u016bs\u0173 k\u016bnui, veiksmingai skatina kraujotak\u0105, valo meridianus, ma\u017eina nuovarg\u012f ir atpalaiduoja raumenis.<\/span><\/p>\n<p class=\"MsoNormal\"><span style=\"font-size: 10.5pt; font-family: \u5fae\u8f6f\u96c5\u9ed1;\">3. Fizioterapija su infraraudon\u0173j\u0173 spinduli\u0173 \u0161ildymu: 10 minu\u010di\u0173 \u012fkaitinimas, 45\u201350 \u2103 kar\u0161tas kompresas, \u0161ildo pilv\u0105, pa\u0161alina \u0161alt\u012f ir dr\u0117gm\u0119, kad j\u016bs\u0173 k\u016bnas b\u016bt\u0173 sveikas. <\/span><\/p>\n<p class=\"MsoNormal\"><span style=\"font-size: 10.5pt; font-family: \u5fae\u8f6f\u96c5\u9ed1;\">4. Vieno mygtuko paspaudimu suma\u017einamas sl\u0117gis, neskausmingas ta\u0161kinis masa\u017eas, jokio skausmo naudojimo metu, tod\u0117l ta\u0161kinis masa\u017eas tampa patogesnis.<\/span><\/p>\n<p class=\"MsoNormal\"><span style=\"font-size: 10.5pt; font-family: \u5fae\u8f6f\u96c5\u9ed1;\">5. Laiko nustatymo funkcija: prietaisas automati\u0161kai i\u0161sijungs po 20 minu\u010di\u0173 naudojimo, kad i\u0161vengt\u0173 diskomforto, jei naudojamas per ilgai.<\/span><\/p>\n<p class=\"MsoNormal\"><span style=\"font-size: 10.5pt; font-family: \u5fae\u8f6f\u96c5\u9ed1;\">6. Ma\u017eas dydis, lengvas svoris, belaidis naudojimas, lengvai ne\u0161iojamas, leid\u017eiantis jums m\u0117gautis profesionalia fizioterapija bet kur ir bet kada.<\/span><\/p>\n<p class=\"MsoNormal\"><span style=\"font-size: 10.5pt; font-family: \u5fae\u8f6f\u96c5\u9ed1;\">7. Atnaujinta galvut\u0117s korpuso versija, naudojama su eteriniais aliejais, turi meridian\u0173 valymo, kraujotakos skatinimo ir kraujo staz\u0117s pa\u0161alinimo bei imuniteto stiprinimo funkcijas. <\/span><\/p>\n<p class=\"MsoNormal\"><span style=\"font-size: 10.5pt; font-family: \u5fae\u8f6f\u96c5\u9ed1;\">* Produkt\u0105 reikia naudoti su eteriniais aliejais, tod\u0117l eterinius aliejus turite \u012fsigyti patys. <\/span><\/p>\n<p>\u00a0<\/p>\n<p class=\"MsoNormal\"><span style=\"font-size: 10.5pt; font-family: \u5fae\u8f6f\u96c5\u9ed1;\">Specifikacijos:<\/span><\/p>\n<p class=\"MsoNormal\"><span style=\"font-size: 10.5pt; font-family: \u5fae\u8f6f\u96c5\u9ed1;\">Med\u017eiaga: ABS<\/span><\/p>\n<p class=\"MsoNormal\"><span style=\"font-size: 10.5pt; font-family: \u5fae\u8f6f\u96c5\u9ed1;\">Spalva: \u017ealia<\/span><\/p>\n<p class=\"MsoNormal\"><span style=\"font-size: 10.5pt; font-family: \u5fae\u8f6f\u96c5\u9ed1;\">Dydis: 19,5*9*9 cm<\/span><\/p>\n<p class=\"MsoNormal\"><span style=\"font-size: 10.5pt; font-family: \u5fae\u8f6f\u96c5\u9ed1;\">Svoris: 250 g<\/span><\/p>\n<p class=\"MsoNormal\"><span style=\"font-size: 10.5pt; font-family: \u5fae\u8f6f\u96c5\u9ed1;\">Pakuot\u0117s matmenys: 22,5*13*9,5 cm<\/span><\/p>\n<p class=\"MsoNormal\"><span style=\"font-size: 10.5pt; font-family: \u5fae\u8f6f\u96c5\u9ed1;\">\u012e\u0117jimo \u012ftampa: 110\u2013240 V, 50\/60 Hz<\/span><\/p>\n<p class=\"MsoNormal\"><span style=\"font-size: 10.5pt; font-family: \u5fae\u8f6f\u96c5\u9ed1;\">Baterijos modelis: Li\u010dio baterija AA 1800 mAh<\/span><\/p>\n<p class=\"MsoNormal\"><span style=\"font-size: 10.5pt; font-family: \u5fae\u8f6f\u96c5\u9ed1;\">I\u0161\u0117jimo \u012ftampa: 5 V<\/span><\/p>\n<p class=\"MsoNormal\"><span style=\"font-size: 10.5pt; font-family: \u5fae\u8f6f\u96c5\u9ed1;\">Galia: 8 W<\/span><\/p>\n<p>\u00a0<\/p>\n<p class=\"MsoNormal\"><span style=\"font-size: 10.5pt; font-family: \u5fae\u8f6f\u96c5\u9ed1;\">Pakuot\u0117s s\u0105ra\u0161as:<\/span><\/p>\n<p class=\"MsoNormal\"><span style=\"font-size: 10.5pt; font-family: \u5fae\u8f6f\u96c5\u9ed1;\">1* ta\u0161kinio masa\u017eo prietaisas<\/span><\/p>\n<p class=\"MsoNormal\"><span style=\"font-size: 10.5pt; font-family: \u5fae\u8f6f\u96c5\u9ed1;\">5* filtravimo kempin\u0117<\/span><\/p>\n<p class=\"MsoNormal\"><span style=\"font-size: 10.5pt; font-family: \u5fae\u8f6f\u96c5\u9ed1;\">1* USB \u012fkrovimo kabelis<\/span><\/p>\n<p class=\"MsoNormal\"><span style=\"font-size: 10.5pt; font-family: \u5fae\u8f6f\u96c5\u9ed1;\">1* vartotojo vadovas angl\u0173 kalba<\/span><\/p>\n<p class=\"MsoNormal\"><img decoding=\"async\" src=\"https:\/\/ae01.alicdn.com\/kf\/Se5bba4e546d141a8830e95631004e7a7V.jpg\" \/><img decoding=\"async\" src=\"https:\/\/ae01.alicdn.com\/kf\/S15fe8aa2938b4045b0a39725ffb6dd7be.jpg\" \/><img decoding=\"async\" src=\"https:\/\/ae01.alicdn.com\/kf\/S6945273853a14269b60f11e145422f03Y.jpg\" \/><img decoding=\"async\" src=\"https:\/\/ae01.alicdn.com\/kf\/S253811b3417f4f2d9491945b1c5c4df9f.jpg\" \/><img decoding=\"async\" src=\"https:\/\/ae01.alicdn.com\/kf\/S74b2640732c44602adc43405b2307a59f.jpg\" \/><img decoding=\"async\" src=\"https:\/\/ae01.alicdn.com\/kf\/S2dab55d6a4964a558981a5a159344dfet.jpg\" \/><img decoding=\"async\" src=\"https:\/\/ae01.alicdn.com\/kf\/S138e31848d654cdeb985379c0212ae66j.jpg\" \/><img decoding=\"async\" src=\"https:\/\/ae01.alicdn.com\/kf\/Se90bee35ce32412dab5cad71fbd8af13R.jpg\" \/><\/p>\n<p><img decoding=\"async\" class=\"img-responsive\" src=\"\/\/ae01.alicdn.com\/kf\/S38af960b6eb84d86b3d80e5b6994ca6dw.jpg\" \/><img decoding=\"async\" class=\"img-responsive\" src=\"\/\/ae01.alicdn.com\/kf\/S1d040f495efc4e2dac19b52cc7a3f3857.jpg\" \/><img decoding=\"async\" class=\"img-responsive\" src=\"\/\/ae01.alicdn.com\/kf\/S3083a67065f9401eb62a562632a83af8i.jpg\" \/><img decoding=\"async\" class=\"img-responsive\" src=\"\/\/ae01.alicdn.com\/kf\/Sabf2525301e84c83867b4a90ad0c6ebfU.jpg\" \/><img decoding=\"async\" class=\"img-responsive\" src=\"\/\/ae01.alicdn.com\/kf\/S10f93ea200ce498f829296334978911bK.jpg\" \/><img decoding=\"async\" class=\"img-responsive\" src=\"\/\/ae01.alicdn.com\/kf\/S66ea6010cac54d4796d04217ba3e8dba2.jpg\" \/><img decoding=\"async\" class=\"img-responsive\" src=\"\/\/ae01.alicdn.com\/kf\/S2fd6f30e0aa54df9b0fdec42d0804ecdU.jpg\" \/><img decoding=\"async\" class=\"img-responsive\" src=\"\/\/ae01.alicdn.com\/kf\/Scbe8ed996e60406584613636c65cf959X.jpg\" \/><img decoding=\"async\" class=\"img-responsive\" src=\"\/\/ae01.alicdn.com\/kf\/S98f6b33839204008a575577e2745c1d6R.jpg\" \/><img decoding=\"async\" class=\"img-responsive\" src=\"\/\/ae01.alicdn.com\/kf\/Se5bba4e546d141a8830e95631004e7a7V.jpg\" \/><img decoding=\"async\" class=\"img-responsive\" src=\"\/\/ae01.alicdn.com\/kf\/S253811b3417f4f2d9491945b1c5c4df9f.jpg\" \/><img decoding=\"async\" class=\"img-responsive\" src=\"\/\/ae01.alicdn.com\/kf\/S74b2640732c44602adc43405b2307a59f.jpg\" \/><img decoding=\"async\" class=\"img-responsive\" src=\"\/\/ae01.alicdn.com\/kf\/S2dab55d6a4964a558981a5a159344dfet.jpg\" \/><img decoding=\"async\" class=\"img-responsive\" src=\"\/\/ae01.alicdn.com\/kf\/S138e31848d654cdeb985379c0212ae66j.jpg\" \/><\/p>","protected":false},"excerpt":{"rendered":"<p>\u00a0 6 lygiai Pa\u017eangusis bankavimo prietaisas su \u012fkraunama magnetine galvute, LED ekranu, 6 grei\u010di\u0173 siurbimo funkcija, k\u016bno masa\u017euoklis, skrebuoklis ir bankavimo funkcija, USB \u012fkrovimas, skirtas nam\u0173 naudojimui, dr\u0117gm\u0117s pa\u0161alinimas \u00a0 Savyb\u0117s: 1. Pa\u017eangus elektrinis \u201eGu Sha\u201c prietaisas gali b\u016bti naudojamas grandymui, taur\u0117ms ir masa\u017eui \u012fvairiose k\u016bno vietose, jis gali \u0161velniai pri\u017ei\u016br\u0117ti \u012fvairias k\u016bno vietas. 2. [&hellip;]<\/p>\n","protected":false},"featured_media":5911,"comment_status":"open","ping_status":"closed","template":"","meta":[],"product_brand":[],"product_cat":[25],"product_tag":[],"class_list":{"0":"post-5910","1":"product","2":"type-product","3":"status-publish","4":"has-post-thumbnail","6":"product_cat-grozis-ir-sveikata","7":"pa_color-12-levels-white","8":"pa_color-12-levels-gray","9":"pa_color-12-levels-green","10":"pa_color-6-levels-white","11":"pa_color-6-levels-green","13":"first","14":"instock","15":"sale","16":"shipping-taxable","17":"purchasable","18":"product-type-variable"},"_links":{"self":[{"href":"https:\/\/topsmart.store\/en\/wp-json\/wp\/v2\/product\/5910","targetHints":{"allow":["GET"]}}],"collection":[{"href":"https:\/\/topsmart.store\/en\/wp-json\/wp\/v2\/product"}],"about":[{"href":"https:\/\/topsmart.store\/en\/wp-json\/wp\/v2\/types\/product"}],"replies":[{"embeddable":true,"href":"https:\/\/topsmart.store\/en\/wp-json\/wp\/v2\/comments?post=5910"}],"wp:featuredmedia":[{"embeddable":true,"href":"https:\/\/topsmart.store\/en\/wp-json\/wp\/v2\/media\/5911"}],"wp:attachment":[{"href":"https:\/\/topsmart.store\/en\/wp-json\/wp\/v2\/media?parent=5910"}],"wp:term":[{"taxonomy":"product_brand","embeddable":true,"href":"https:\/\/topsmart.store\/en\/wp-json\/wp\/v2\/product_brand?post=5910"},{"taxonomy":"product_cat","embeddable":true,"href":"https:\/\/topsmart.store\/en\/wp-json\/wp\/v2\/product_cat?post=5910"},{"taxonomy":"product_tag","embeddable":true,"href":"https:\/\/topsmart.store\/en\/wp-json\/wp\/v2\/product_tag?post=5910"}],"curies":[{"name":"wp","href":"https:\/\/api.w.org\/{rel}","templated":true}]}}