{"id":5952,"date":"2026-04-23T10:27:36","date_gmt":"2026-04-23T08:27:36","guid":{"rendered":"https:\/\/topsmart.store\/?post_type=product&#038;p=5952"},"modified":"2026-05-14T15:24:24","modified_gmt":"2026-05-14T13:24:24","slug":"rf-booster-facial-radiofrequency-microcurrent-skin-rejuvenation-ems-microcurrent-ems-age-r-booster-anti-wrinkle-belleza-beauty","status":"publish","type":"product","link":"https:\/\/topsmart.store\/en\/product\/rf-booster-facial-radiofrequency-microcurrent-skin-rejuvenation-ems-microcurrent-ems-age-r-booster-anti-wrinkle-belleza-beauty\/","title":{"rendered":"RF Booster Facial radiofrequency Microcurrent Skin Rejuvenation EMS Microcurrent EMS Age-R Booster Anti Wrinkle Belleza Beauty"},"content":{"rendered":"<div class=\"detailmodule_html\">\n<div class=\"detail-desc-decorate-richtext\">\n<div class=\"detailmodule_html\">\n<div class=\"detail-desc-decorate-richtext\">\n<h1 class=\"seo-sellpoints--title--LyChIKw\" style=\"font-family: 'TT Norms Pro', 'Open Sans', Roboto, Arial, Helvetica, sans-serif, SimSun; font-size: var(--font-size-2); letter-spacing: normal; text-align: center; white-space: normal; color: var(--color-black); margin: 0px; box-sizing: border-box;\" align=\"center\"><span style=\"font-family: arial, helvetica, sans-serif;\"><span style=\"font-size: 26px; font-family: arial, helvetica, sans-serif;\"><strong>Moterims skirtas veido kont\u016bro formavimo gro\u017eio prietaisas su spalvotu ap\u0161vietimu; namuose naudojamas odos prie\u017ei\u016bros prietaisas; RF stiprintuvas; EMS veido gro\u017eio prietaisas<\/strong><\/span><\/span><\/h1>\n<\/div>\n<\/div>\n<h1 class=\"seo-sellpoints--title--LyChIKw\" style=\"font-family: 'TT Norms Pro', 'Open Sans', Roboto, Arial, Helvetica, sans-serif, SimSun; font-size: var(--font-size-2); letter-spacing: normal; text-align: start; white-space: normal; color: var(--color-black); margin: 0px; box-sizing: border-box;\" align=\"start\"><img decoding=\"async\" style=\"display: initial; width: 944px; height: 944px;\" src=\"https:\/\/ae01.alicdn.com\/kf\/S206e438d457044d68ce833ebd630c7f5P.jpg\" width=\"944px\" height=\"944px\" \/><strong><br \/>\n<\/strong><span style=\"font-size: 24px; font-family: 'times new roman', times, serif;\"><strong>Produkto privalumai<\/strong><\/span><\/h1>\n<ul class=\"seo-sellpoints--sellerPoint--RcmFO_y\" style=\"font-family: 'TT Norms Pro', 'Open Sans', Roboto, Arial, Helvetica, sans-serif, SimSun; font-size: 14px; font-weight: 400; letter-spacing: normal; text-align: start; white-space: normal; color: #222222; margin: 8px 0px 0px 0px; padding: 0px 0px 0px 20px; list-style: none; box-sizing: border-box;\">\n<li style=\"margin: 0px 0px 10px 0px; padding: 0px; list-style: disc; box-sizing: border-box;\"><span style=\"font-size: 22px; font-family: 'times new roman', times, serif;\">RF+LED technologija: RF+LED technologija u\u017etikrina tikslin\u012f gydym\u0105, skirt\u0105 optimaliai odos atjauninimui.<\/span><\/li>\n<li style=\"margin: 0px 0px 10px 0px; padding: 0px; list-style: disc; box-sizing: border-box;\"><span style=\"font-size: 22px; font-family: 'times new roman', times, serif;\">\u0160ilumos vibracijos technologija: pa\u017eangi \u0161ilumos vibracija pagerina odos prie\u017ei\u016bros produkt\u0173 \u012fsisavinim\u0105, u\u017etikrindama gilesn\u012f \u012fsiskverbim\u0105.<\/span><\/li>\n<li style=\"margin: 0px 0px 10px 0px; padding: 0px; list-style: disc; box-sizing: border-box;\"><span style=\"font-size: 22px; font-family: 'times new roman', times, serif;\">Kompakti\u0161kas ir madingas dizainas: eleganti\u0161kas, ne\u0161iojamas dizainas u\u017etikrina, kad \u0161is gro\u017eio prietaisas puikiai \u012fsilies \u012f j\u016bs\u0173 kasdienin\u0119 rutin\u0105.<\/span><\/li>\n<li style=\"margin: 0px 0px 10px 0px; padding: 0px; list-style: disc; box-sizing: border-box;\"><span style=\"font-size: 22px; font-family: 'times new roman', times, serif;\">Specialus SRT re\u017eimas aki\u0173 prie\u017ei\u016brai: pritaikytas SRT re\u017eimas skirtas jautriai aki\u0173 zonai, ma\u017eina rauk\u0161les ir paburkim\u0105.<\/span><\/li>\n<li style=\"margin: 0px; padding: 0px; list-style: disc; box-sizing: border-box;\">\n<div><span style=\"font-size: 22px; font-family: 'times new roman', times, serif;\">EMS mikro srov\u0117s fotopajungimo prietaisas | EMS mikro srov\u0117s fotopajungimas: pagerinkite odos prie\u017ei\u016br\u0105 su EMS mikro srove, stimuliuojan\u010dia kolageno gamyb\u0105 ir suteikian\u010dia jaunatvi\u0161k\u0105 spindes\u012f.<\/span><\/div>\n<\/li>\n<\/ul>\n<div>??<\/div>\n<div><span style=\"font-size: 24px; font-family: 'times new roman', times, serif;\"><strong>Description<\/strong><\/span><\/div>\n<div><\/div>\n<p class=\"MsoNormal\"><span style=\"font-size: 22px; font-family: 'times new roman', times, serif;\"><strong>Ne\u0161iojamas ir kompakti\u0161kas<\/strong><\/span><\/p>\n<p class=\"MsoNormal\"><span style=\"font-size: 22px; font-family: 'times new roman', times, serif;\">D\u0117l kompakti\u0161ko dyd\u017eio prietaisas puikiai tinka odos prie\u017ei\u016brai kelion\u0117je, leid\u017eiant jums i\u0161laikyti gro\u017eio rutin\u0105, kur beb\u016btum\u0117te.<\/span><\/p>\n<p class=\"MsoNormal\"><span style=\"font-size: 22px; font-family: 'times new roman', times, serif;\">Mikrosrov\u0117s funkcija u\u017etikrina \u0161veln\u0173, ta\u010diau veiksming\u0105 masa\u017e\u0105, padedant\u012f stangrinti ir pakelti od\u0105, suteikiant jai jaunatvi\u0161k\u0105 spindes\u012f.<\/span><\/p>\n<p class=\"MsoNormal\"><span style=\"font-size: 22px; font-family: 'times new roman', times, serif;\"><strong>FCC sertifikuota kokyb\u0117<\/strong><\/span><\/p>\n<p class=\"MsoNormal\"><span style=\"font-size: 22px; font-family: 'times new roman', times, serif;\">\u0160is gro\u017eio prietaisas yra sertifikuotas pagal FCC standartus, u\u017etikrinan\u010dius auk\u0161\u010diausi\u0105 saugum\u0105 ir kokyb\u0119 j\u016bs\u0173 odos prie\u017ei\u016bros rutinoje.<\/span><\/p>\n<\/div>\n<\/div>\n<p class=\"MsoNormal\"><span style=\"font-size: 22px; font-family: 'times new roman', times, serif;\"><strong>Spalvotos \u0161viesos terapija<\/strong><\/span><\/p>\n<p class=\"MsoNormal\"><span style=\"font-size: 22px; font-family: 'times new roman', times, serif;\">Naudodamas spalvot\u0105 \u0161viesos terapij\u0105, \u0161is prietaisas pagerina veido kont\u016brus, tuo pa\u010diu stiprindamas odos sveikat\u0105 ir gyvybingum\u0105.<\/span><\/p>\n<p class=\"MsoNormal\"><span style=\"font-size: 22px; font-family: 'times new roman', times, serif;\"><strong>Rank\u0173 darbo dizainas<\/strong><\/span><\/p>\n<p class=\"MsoNormal\"><span style=\"font-size: 22px; font-family: 'times new roman', times, serif;\">Kiekvienas prietaisas yra kruop\u0161\u010diai pagamintas rankomis, tod\u0117l suteikia asmeni\u0161k\u0105 poj\u016bt\u012f veido kont\u016br\u0173 formavimo proced\u016brai namuose.<\/span><\/p>\n<p class=\"MsoNormal\"><span style=\"font-size: 22px; font-family: 'times new roman', times, serif;\"><strong>Ne\u0161iojamas ir kompakti\u0161kas<\/strong><\/span><\/p>\n<p class=\"MsoNormal\"><span style=\"font-size: 22px; font-family: 'times new roman', times, serif;\">D\u0117l kompakti\u0161ko dyd\u017eio prietaisas puikiai tinka odos prie\u017ei\u016brai kelion\u0117je, leid\u017eiant jums i\u0161laikyti gro\u017eio rutin\u0105, kur beb\u016btum\u0117te.<\/span><\/p>\n<p class=\"MsoNormal\"><span style=\"font-size: 22px; font-family: 'times new roman', times, serif;\">Atlieka \u0161veln\u0173, bet veiksming\u0105 masa\u017e\u0105, padedant\u012f stangrinti ir pakelti od\u0105, suteikiant jai jaunatvi\u0161k\u0105 spindes\u012f.<\/span><\/p>\n<p class=\"MsoNormal\"><span style=\"font-size: 22px; font-family: 'times new roman', times, serif;\"><strong>FCC sertifikuota kokyb\u0117<\/strong><\/span><\/p>\n<p class=\"MsoNormal\"><span style=\"font-size: 22px; font-family: 'times new roman', times, serif;\">\u0160is gro\u017eio prietaisas yra sertifikuotas pagal FCC standartus, u\u017etikrinant auk\u0161\u010diausi\u0105 saugum\u0105 ir kokyb\u0119 j\u016bs\u0173 odos prie\u017ei\u016bros rutinoje.<\/span><\/p>\n<p class=\"MsoNormal\"><span style=\"font-size: 22px; font-family: 'times new roman', times, serif;\"><strong>Spalvotos \u0161viesos terapija<\/strong><\/span><\/p>\n<p class=\"MsoNormal\"><span style=\"font-size: 22px; font-family: 'times new roman', times, serif;\">Naudodamas spalvot\u0105 \u0161viesos terapij\u0105, \u0161is prietaisas pagerina veido kont\u016brus, tuo pa\u010diu skatindamas odos sveikat\u0105 ir gyvybingum\u0105.<\/span><\/p>\n<p class=\"MsoNormal\"><span style=\"font-size: 22px; font-family: 'times new roman', times, serif;\"><strong>Rank\u0173 darbo dizainas<\/strong><\/span><\/p>\n<p class=\"MsoNormal\"><span style=\"font-size: 22px; font-family: 'times new roman', times, serif;\">Kiekvienas prietaisas yra kruop\u0161\u010diai pagamintas rankomis, suteikiant individual\u0173 akcent\u0105 j\u016bs\u0173 veido kont\u016br\u0173 formavimo proced\u016brai namuose.<\/span><img decoding=\"async\" src=\"https:\/\/ae01.alicdn.com\/kf\/S593dd262e17442f2b45be7da3acf22ee6.jpg?width=1000&amp;height=1891&amp;hash=2891\" width=\"944px;\" \/><img decoding=\"async\" src=\"https:\/\/ae01.alicdn.com\/kf\/Sea075adf9caf4a48be871a7f2d1bd36ch.jpg?width=1000&amp;height=2280&amp;hash=3280\" width=\"944px;\" \/><img decoding=\"async\" src=\"https:\/\/ae01.alicdn.com\/kf\/S46f357754b2940c6bc0c5ea3486b96bft.jpg?width=1000&amp;height=4292&amp;hash=5292\" width=\"944px;\" \/><img decoding=\"async\" src=\"https:\/\/ae01.alicdn.com\/kf\/S1d86189e51ea4ca1a0ecfa5b351bcc618.jpg?width=1000&amp;height=1919&amp;hash=2919\" width=\"944px;\" \/><img decoding=\"async\" src=\"https:\/\/ae01.alicdn.com\/kf\/Se600f38c47d143638ad7684070ede66eR.jpg?width=1000&amp;height=3242&amp;hash=4242\" width=\"944px;\" \/><img decoding=\"async\" src=\"https:\/\/ae01.alicdn.com\/kf\/S78b14ec8a0c845108f6ca096b3c40f73m.jpg?width=1000&amp;height=1937&amp;hash=2937\" width=\"944px;\" \/><img decoding=\"async\" src=\"https:\/\/ae01.alicdn.com\/kf\/Sff331c740f254f1db84386e12bf31d13v.jpg?width=1000&amp;height=3252&amp;hash=4252\" width=\"944px;\" \/><img decoding=\"async\" src=\"https:\/\/ae01.alicdn.com\/kf\/S75f24140cb0c4410a7f2cac1cd9b5cd0v.jpg?width=1000&amp;height=2213&amp;hash=3213\" width=\"944px;\" \/><img decoding=\"async\" src=\"https:\/\/ae01.alicdn.com\/kf\/Sb05d6309d99a492c87d6f892da835b2aZ.jpg?width=1000&amp;height=2067&amp;hash=3067\" width=\"944px;\" \/><img decoding=\"async\" src=\"https:\/\/ae01.alicdn.com\/kf\/S780e2a6fa5d04415aaae0edbae6b6a55G.jpg?width=1000&amp;height=1559&amp;hash=2559\" width=\"944px;\" \/><img decoding=\"async\" src=\"https:\/\/ae01.alicdn.com\/kf\/Sd5c7777bfa554fe2b8c1045cda93d862J.jpg?width=1000&amp;height=2644&amp;hash=3644\" width=\"944px;\" \/><img decoding=\"async\" src=\"https:\/\/ae01.alicdn.com\/kf\/S207d3ffea8bd411090da666ff26e9df84.jpg?width=1000&amp;height=2244&amp;hash=3244\" width=\"944px;\" \/><\/p>\n<p>\u00a0<\/p>\n<p><img decoding=\"async\" class=\"img-responsive\" src=\"\/\/ae01.alicdn.com\/kf\/S593dd262e17442f2b45be7da3acf22ee6.jpg?width=1000&amp;height=1891&amp;hash=2891\" \/><img decoding=\"async\" class=\"img-responsive\" src=\"\/\/ae01.alicdn.com\/kf\/Sea075adf9caf4a48be871a7f2d1bd36ch.jpg?width=1000&amp;height=2280&amp;hash=3280\" \/><img decoding=\"async\" class=\"img-responsive\" src=\"\/\/ae01.alicdn.com\/kf\/S46f357754b2940c6bc0c5ea3486b96bft.jpg?width=1000&amp;height=4292&amp;hash=5292\" \/><img decoding=\"async\" class=\"img-responsive\" src=\"\/\/ae01.alicdn.com\/kf\/S1d86189e51ea4ca1a0ecfa5b351bcc618.jpg?width=1000&amp;height=1919&amp;hash=2919\" \/><img decoding=\"async\" class=\"img-responsive\" src=\"\/\/ae01.alicdn.com\/kf\/Se600f38c47d143638ad7684070ede66eR.jpg?width=1000&amp;height=3242&amp;hash=4242\" \/><img decoding=\"async\" class=\"img-responsive\" src=\"\/\/ae01.alicdn.com\/kf\/S78b14ec8a0c845108f6ca096b3c40f73m.jpg?width=1000&amp;height=1937&amp;hash=2937\" \/><img decoding=\"async\" class=\"img-responsive\" src=\"\/\/ae01.alicdn.com\/kf\/Sff331c740f254f1db84386e12bf31d13v.jpg?width=1000&amp;height=3252&amp;hash=4252\" \/><img decoding=\"async\" class=\"img-responsive\" src=\"\/\/ae01.alicdn.com\/kf\/S75f24140cb0c4410a7f2cac1cd9b5cd0v.jpg?width=1000&amp;height=2213&amp;hash=3213\" \/><img decoding=\"async\" class=\"img-responsive\" src=\"\/\/ae01.alicdn.com\/kf\/Sb05d6309d99a492c87d6f892da835b2aZ.jpg?width=1000&amp;height=2067&amp;hash=3067\" \/><img decoding=\"async\" class=\"img-responsive\" src=\"\/\/ae01.alicdn.com\/kf\/S780e2a6fa5d04415aaae0edbae6b6a55G.jpg?width=1000&amp;height=1559&amp;hash=2559\" \/><img decoding=\"async\" class=\"img-responsive\" src=\"\/\/ae01.alicdn.com\/kf\/Sd5c7777bfa554fe2b8c1045cda93d862J.jpg?width=1000&amp;height=2644&amp;hash=3644\" \/><img decoding=\"async\" class=\"img-responsive\" src=\"\/\/ae01.alicdn.com\/kf\/S207d3ffea8bd411090da666ff26e9df84.jpg?width=1000&amp;height=2244&amp;hash=3244\" \/><\/p>","protected":false},"excerpt":{"rendered":"<p>Moterims skirtas veido kont\u016bro formavimo gro\u017eio prietaisas su spalvotu ap\u0161vietimu; namuose naudojamas odos prie\u017ei\u016bros prietaisas; RF stiprintuvas; EMS veido gro\u017eio prietaisas Produkto privalumai RF+LED technologija: RF+LED technologija u\u017etikrina tikslin\u012f gydym\u0105, skirt\u0105 optimaliai odos atjauninimui. \u0160ilumos vibracijos technologija: pa\u017eangi \u0161ilumos vibracija pagerina odos prie\u017ei\u016bros produkt\u0173 \u012fsisavinim\u0105, u\u017etikrindama gilesn\u012f \u012fsiskverbim\u0105. Kompakti\u0161kas ir madingas dizainas: eleganti\u0161kas, ne\u0161iojamas dizainas [&hellip;]<\/p>\n","protected":false},"featured_media":5954,"comment_status":"open","ping_status":"closed","template":"","meta":[],"product_brand":[],"product_cat":[25],"product_tag":[],"class_list":{"0":"post-5952","1":"product","2":"type-product","3":"status-publish","4":"has-post-thumbnail","6":"product_cat-grozis-ir-sveikata","7":"pa_color-red","9":"first","10":"instock","11":"sale","12":"shipping-taxable","13":"purchasable","14":"product-type-simple"},"_links":{"self":[{"href":"https:\/\/topsmart.store\/en\/wp-json\/wp\/v2\/product\/5952","targetHints":{"allow":["GET"]}}],"collection":[{"href":"https:\/\/topsmart.store\/en\/wp-json\/wp\/v2\/product"}],"about":[{"href":"https:\/\/topsmart.store\/en\/wp-json\/wp\/v2\/types\/product"}],"replies":[{"embeddable":true,"href":"https:\/\/topsmart.store\/en\/wp-json\/wp\/v2\/comments?post=5952"}],"wp:featuredmedia":[{"embeddable":true,"href":"https:\/\/topsmart.store\/en\/wp-json\/wp\/v2\/media\/5954"}],"wp:attachment":[{"href":"https:\/\/topsmart.store\/en\/wp-json\/wp\/v2\/media?parent=5952"}],"wp:term":[{"taxonomy":"product_brand","embeddable":true,"href":"https:\/\/topsmart.store\/en\/wp-json\/wp\/v2\/product_brand?post=5952"},{"taxonomy":"product_cat","embeddable":true,"href":"https:\/\/topsmart.store\/en\/wp-json\/wp\/v2\/product_cat?post=5952"},{"taxonomy":"product_tag","embeddable":true,"href":"https:\/\/topsmart.store\/en\/wp-json\/wp\/v2\/product_tag?post=5952"}],"curies":[{"name":"wp","href":"https:\/\/api.w.org\/{rel}","templated":true}]}}