{"id":5953,"date":"2026-04-23T10:27:37","date_gmt":"2026-04-23T08:27:37","guid":{"rendered":"https:\/\/topsmart.store\/?post_type=product&#038;p=5953"},"modified":"2026-05-12T12:58:21","modified_gmt":"2026-05-12T10:58:21","slug":"anlan-v-face-lifting-beauty-device-4-pole-double-chin-remove-ems-facial-slimming-red-blue-light-heat-massage-face-lift-machine","status":"publish","type":"product","link":"https:\/\/topsmart.store\/en\/product\/anlan-v-face-lifting-beauty-device-4-pole-double-chin-remove-ems-facial-slimming-red-blue-light-heat-massage-face-lift-machine\/","title":{"rendered":"ANLAN V-Face Lifting Beauty Device 4-pole Double Chin Remove EMS Facial Slimming Red\/Blue Light Heat Massage Face Lift Machine"},"content":{"rendered":"<p>\u00a0<\/p>\n<div class=\"detailmodule_media\">\n<div class=\"video-container-5000126642285\">\n<div id=\"5000126642285\" class=\"detail-video\" data-previewurl=\"https:\/\/ae01.alicdn.com\/kf\/Sde96efae72cd4e559f211466dc6dcb350.jpg\"><\/div>\n<\/div>\n<\/div>\n<p>\u00a0<\/p>\n<p>\u00a0<\/p>\n<p>\u00a0<\/p>\n<p>\u00a0<\/p>\n<p>\u00a0<\/p>\n<p>\u00a0<\/p>\n<p>\u00a0<\/p>\n<div class=\"detailmodule_text\">\n<p class=\"detail-desc-decorate-title\" style=\"font-family: OpenSans; font-size: 20px; font-weight: 900; line-height: 28px; white-space: pre-wrap; color: #000000; margin-bottom: 12px;\">\u203bPastaba: gelis \u012f komplekt\u0105 ne\u012feina<\/p>\n<\/div>\n<div class=\"detailmodule_text\">\n<p class=\"detail-desc-decorate-title\" style=\"font-family: OpenSans; font-size: 20px; font-weight: 900; line-height: 28px; white-space: pre-wrap; color: #000000; margin-bottom: 12px;\">Atnaujintas EMS \u201eV Face\u201c veido pak\u0117limo ir liekn\u0117jimo prietaisas<\/p>\n<\/div>\n<div class=\"detailmodule_text-image\">\n<p class=\"detail-desc-decorate-title\" style=\"font-family: OpenSans; font-size: 20px; font-weight: 900; line-height: 28px; white-space: pre-wrap; color: #000000; margin-bottom: 12px;\">Naujas atnaujinimas \u2013 greitesnis veido V formos formavimas<\/p>\n<p class=\"detail-desc-decorate-content\" style=\"font-family: OpenSans; font-size: 14px; font-weight: 300; line-height: 20px; white-space: pre-wrap; color: #000000; margin-bottom: 12px;\">ANLAN \u201eShining V Face\u201c prietaisas<\/p>\n<p>Veiksmingesnis \u2192 4 elektrodai<br \/>\nPatogesnis \u2192 9 intensyvumo lygiai<br \/>\nLankstesnis \u2192 \u012evairios funkcij\u0173 kombinacijos<br \/>\nLengvesnis \u2192 Lengvesnis ir plonesnis<\/p>\n<div><img decoding=\"async\" class=\"detail-desc-decorate-image\" src=\"https:\/\/ae01.alicdn.com\/kf\/S5b7c046c2be948cea0e31ae9635115c3i.jpg\" \/><\/div>\n<\/div>\n<div class=\"detailmodule_text-image\">\n<p class=\"detail-desc-decorate-title\" style=\"font-family: OpenSans; font-size: 20px; font-weight: 900; line-height: 28px; white-space: pre-wrap; color: #000000; margin-bottom: 12px;\">\u201eV Face\u201c veido formavimas<\/p>\n<p class=\"detail-desc-decorate-content\" style=\"font-family: OpenSans; font-size: 14px; font-weight: 300; line-height: 20px; white-space: pre-wrap; color: #000000; margin-bottom: 12px;\">4 elektrodai<br \/>\n36 dviej\u0173 spalv\u0173 lemput\u0117s<br \/>\nAtnaujinti 4-poli\u0173 laidieji pad\u0117kliukai, tolygesnis EMS energijos paskirstymas, platesnis veikimo plotas, geresnis veido liekn\u0117jimo efektas<\/p>\n<div><img decoding=\"async\" class=\"detail-desc-decorate-image\" src=\"https:\/\/ae01.alicdn.com\/kf\/S01fa69cbdf3a481c9e408f68f0637ded5.jpg\" \/><\/div>\n<\/div>\n<div class=\"detailmodule_text-image\">\n<p class=\"detail-desc-decorate-title\" style=\"font-family: OpenSans; font-size: 20px; font-weight: 900; line-height: 28px; white-space: pre-wrap; color: #000000; margin-bottom: 12px;\">9 reguliuojami lygiai<\/p>\n<p class=\"detail-desc-decorate-content\" style=\"font-family: OpenSans; font-size: 14px; font-weight: 300; line-height: 20px; white-space: pre-wrap; color: #000000; margin-bottom: 12px;\">EMS atnaujinimas<br \/>\nMasa\u017eo re\u017eimas \u2013 veido kont\u016br\u0173 stangrinimas<br \/>\nMinkymo re\u017eimas \u2013 odos suglebimo ma\u017einimas<br \/>\nAkupunkt\u016bros re\u017eimas \u2013 odos elastingumo didinimas<br \/>\nPataisymo re\u017eimas \u2013 antrojo smakro pa\u0161alinimas<\/p>\n<div><img decoding=\"async\" class=\"detail-desc-decorate-image\" src=\"https:\/\/ae01.alicdn.com\/kf\/S3f7a0ecff5c14f19b517b7e395a9b566c.jpg\" \/><\/div>\n<\/div>\n<div class=\"detailmodule_text-image\">\n<p class=\"detail-desc-decorate-title\" style=\"font-family: OpenSans; font-size: 20px; font-weight: 900; line-height: 28px; white-space: pre-wrap; color: #000000; margin-bottom: 12px;\">15 minu\u010di\u0173 per dien\u0105<\/p>\n<p class=\"detail-desc-decorate-content\" style=\"font-family: OpenSans; font-size: 14px; font-weight: 300; line-height: 20px; white-space: pre-wrap; color: #000000; margin-bottom: 12px;\">Lengvai \u012fjunkite \u201eVeido liekn\u0117jimo pratim\u0105\u201c<\/p>\n<div><img decoding=\"async\" class=\"detail-desc-decorate-image\" src=\"https:\/\/ae01.alicdn.com\/kf\/Sd542cd7967b744128a48c8eb874baf89T.jpg\" \/><\/div>\n<\/div>\n<div class=\"detailmodule_text-image\">\n<p class=\"detail-desc-decorate-title\" style=\"font-family: OpenSans; font-size: 20px; font-weight: 900; line-height: 28px; white-space: pre-wrap; color: #000000; margin-bottom: 12px;\">Raudona ir m\u0117lyna \u0161viesa<\/p>\n<p class=\"detail-desc-decorate-content\" style=\"font-family: OpenSans; font-size: 14px; font-weight: 300; line-height: 20px; white-space: pre-wrap; color: #000000; margin-bottom: 12px;\">Dvigubas odos prie\u017ei\u016bros efektas<\/p>\n<p>Raudona \u0161viesa 620 nm<br \/>\n\u0160viesinimas ir atjauninimas<br \/>\nElastingumo didinimas<\/p>\n<p>M\u0117lyna \u0161viesa 468 nm<br \/>\nRaminimas ir prie\u0161u\u017edegiminis poveikis<br \/>\nPor\u0173 susiaurinimas<\/p>\n<div><img decoding=\"async\" class=\"detail-desc-decorate-image\" src=\"https:\/\/ae01.alicdn.com\/kf\/S12e2d9129d2040be80c579b8bdb6a539X.jpg\" \/><\/div>\n<\/div>\n<div class=\"detailmodule_text-image\"><img decoding=\"async\" class=\"detail-desc-decorate-image\" src=\"https:\/\/ae01.alicdn.com\/kf\/S8998e2233bea4a7680af180435418a86u.jpg\" \/><\/div>\n<div class=\"detailmodule_text-image\">\n<p class=\"detail-desc-decorate-title\" style=\"font-family: OpenSans; font-size: 20px; font-weight: 900; line-height: 28px; white-space: pre-wrap; color: #000000; margin-bottom: 12px;\">Sulankstoma konstrukcija<\/p>\n<p class=\"detail-desc-decorate-content\" style=\"font-family: OpenSans; font-size: 14px; font-weight: 300; line-height: 20px; white-space: pre-wrap; color: #000000; margin-bottom: 12px;\">Kompakti\u0161kas ir ne\u0161iojamas<br \/>\nSulankstytas tampa tokio pat dyd\u017eio kaip mobilusis telefonas<\/p>\n<div><img decoding=\"async\" class=\"detail-desc-decorate-image\" src=\"https:\/\/ae01.alicdn.com\/kf\/S4a314a4c54214394804594f98e9b475as.jpg\" \/><\/div>\n<\/div>\n<div class=\"detailmodule_text-image\">\n<p class=\"detail-desc-decorate-title\" style=\"font-family: OpenSans; font-size: 20px; font-weight: 900; line-height: 28px; white-space: pre-wrap; color: #000000; margin-bottom: 12px;\">Naudokite su ANLAN geliu<\/p>\n<p class=\"detail-desc-decorate-content\" style=\"font-family: OpenSans; font-size: 14px; font-weight: 300; line-height: 20px; white-space: pre-wrap; color: #000000; margin-bottom: 12px;\">Greitas \u0161ilumos perdavimas | Raminantis ir dr\u0117kinantis | Energijos gilinimas<br \/>\n\u203bGelio komplekte n\u0117ra<\/p>\n<div><img decoding=\"async\" class=\"detail-desc-decorate-image\" src=\"https:\/\/ae01.alicdn.com\/kf\/S82f43b5973254f21b878f7b3a2072ddeP.jpg\" \/><\/div>\n<\/div>\n<div class=\"detailmodule_text-image\">\n<p class=\"detail-desc-decorate-title\" style=\"font-family: OpenSans; font-size: 20px; font-weight: 900; line-height: 28px; white-space: pre-wrap; color: #000000; margin-bottom: 12px;\">42 \u2103 kar\u0161tas kompresas<\/p>\n<p class=\"detail-desc-decorate-content\" style=\"font-family: OpenSans; font-size: 14px; font-weight: 300; line-height: 20px; white-space: pre-wrap; color: #000000; margin-bottom: 12px;\">Pagreitina \u012fsisavinim\u0105, atjaunina ir ramina od\u0105<br \/>\nPadeda suma\u017einti veido paburkim\u0105, odos nuovarg\u012f ir skatina odos prie\u017ei\u016bros produkt\u0173 \u012fsisavinim\u0105<\/p>\n<div><img decoding=\"async\" class=\"detail-desc-decorate-image\" src=\"https:\/\/ae01.alicdn.com\/kf\/S997c9ab2292443268027fdf214c9d88e9.jpg\" \/><\/div>\n<\/div>\n<div class=\"detailmodule_text-image\">\n<p class=\"detail-desc-decorate-title\" style=\"font-family: OpenSans; font-size: 20px; font-weight: 900; line-height: 28px; white-space: pre-wrap; color: #000000; margin-bottom: 12px;\">Naudokite \u012fvairiomis progomis<\/p>\n<p class=\"detail-desc-decorate-content\" style=\"font-family: OpenSans; font-size: 14px; font-weight: 300; line-height: 20px; white-space: pre-wrap; color: #000000; margin-bottom: 12px;\">Laisvos rankos, paprastas naudojimas<\/p>\n<div><img decoding=\"async\" class=\"detail-desc-decorate-image\" src=\"https:\/\/ae01.alicdn.com\/kf\/Sf40a555df5f44b6abc6785f1bc6430198.jpg\" \/><img decoding=\"async\" class=\"detail-desc-decorate-image\" src=\"https:\/\/ae01.alicdn.com\/kf\/Sd9ef9d8482f34ab39ca4ef317d9cd5d75.jpg\" \/><\/div>\n<\/div>\n<div class=\"detailmodule_image\"><img decoding=\"async\" class=\"detail-desc-decorate-image\" src=\"https:\/\/ae01.alicdn.com\/kf\/A1c00656bc41347efae18a873e17db0ber.png\" \/><\/div>\n<p>\u00a0<\/p>\n<p>\u00a0<\/p>\n<p>\u00a0<\/p>\n<p>\u00a0<\/p>\n<p>\u00a0<\/p>\n<p>\u00a0<\/p>\n<p>\u00a0<\/p>\n<p>\u00a0<\/p>\n<p><img decoding=\"async\" class=\"img-responsive\" src=\"\/\/ae01.alicdn.com\/kf\/Sd542cd7967b744128a48c8eb874baf89T.jpg\" \/><img decoding=\"async\" class=\"img-responsive\" src=\"\/\/ae01.alicdn.com\/kf\/S8998e2233bea4a7680af180435418a86u.jpg\" \/><img decoding=\"async\" class=\"img-responsive\" src=\"\/\/ae01.alicdn.com\/kf\/S4a314a4c54214394804594f98e9b475as.jpg\" \/><img decoding=\"async\" class=\"img-responsive\" src=\"\/\/ae01.alicdn.com\/kf\/S82f43b5973254f21b878f7b3a2072ddeP.jpg\" \/><img decoding=\"async\" class=\"img-responsive\" src=\"\/\/ae01.alicdn.com\/kf\/Sf40a555df5f44b6abc6785f1bc6430198.jpg\" \/><img decoding=\"async\" class=\"img-responsive\" src=\"\/\/ae01.alicdn.com\/kf\/Sd9ef9d8482f34ab39ca4ef317d9cd5d75.jpg\" \/><img decoding=\"async\" class=\"img-responsive\" src=\"\/\/ae01.alicdn.com\/kf\/A1c00656bc41347efae18a873e17db0ber.png\" \/><\/p>","protected":false},"excerpt":{"rendered":"<p>\u00a0 \u00a0 \u00a0 \u00a0 \u00a0 \u00a0 \u00a0 \u00a0 \u203bPastaba: gelis \u012f komplekt\u0105 ne\u012feina Atnaujintas EMS \u201eV Face\u201c veido pak\u0117limo ir liekn\u0117jimo prietaisas Naujas atnaujinimas \u2013 greitesnis veido V formos formavimas ANLAN \u201eShining V Face\u201c prietaisas Veiksmingesnis \u2192 4 elektrodai Patogesnis \u2192 9 intensyvumo lygiai Lankstesnis \u2192 \u012evairios funkcij\u0173 kombinacijos Lengvesnis \u2192 Lengvesnis ir plonesnis \u201eV [&hellip;]<\/p>\n","protected":false},"featured_media":5974,"comment_status":"open","ping_status":"closed","template":"","meta":[],"product_brand":[],"product_cat":[25],"product_tag":[],"class_list":{"0":"post-5953","1":"product","2":"type-product","3":"status-publish","4":"has-post-thumbnail","6":"product_cat-grozis-ir-sveikata","7":"pa_color-face-lifting-device","9":"first","10":"instock","11":"sale","12":"shipping-taxable","13":"purchasable","14":"product-type-simple"},"_links":{"self":[{"href":"https:\/\/topsmart.store\/en\/wp-json\/wp\/v2\/product\/5953","targetHints":{"allow":["GET"]}}],"collection":[{"href":"https:\/\/topsmart.store\/en\/wp-json\/wp\/v2\/product"}],"about":[{"href":"https:\/\/topsmart.store\/en\/wp-json\/wp\/v2\/types\/product"}],"replies":[{"embeddable":true,"href":"https:\/\/topsmart.store\/en\/wp-json\/wp\/v2\/comments?post=5953"}],"wp:featuredmedia":[{"embeddable":true,"href":"https:\/\/topsmart.store\/en\/wp-json\/wp\/v2\/media\/5974"}],"wp:attachment":[{"href":"https:\/\/topsmart.store\/en\/wp-json\/wp\/v2\/media?parent=5953"}],"wp:term":[{"taxonomy":"product_brand","embeddable":true,"href":"https:\/\/topsmart.store\/en\/wp-json\/wp\/v2\/product_brand?post=5953"},{"taxonomy":"product_cat","embeddable":true,"href":"https:\/\/topsmart.store\/en\/wp-json\/wp\/v2\/product_cat?post=5953"},{"taxonomy":"product_tag","embeddable":true,"href":"https:\/\/topsmart.store\/en\/wp-json\/wp\/v2\/product_tag?post=5953"}],"curies":[{"name":"wp","href":"https:\/\/api.w.org\/{rel}","templated":true}]}}