{"id":6050,"date":"2026-04-23T19:07:55","date_gmt":"2026-04-23T17:07:55","guid":{"rendered":"https:\/\/topsmart.store\/product\/nesiojama-zaidimu-konsole-2026-atnaujinta-versija-r36-ultra-vintage-nesiojamas-linux-sistemos-irenginys-palaiko-wifi-rysi-dvieju-zaideju-rezimas-internetinei-saveikai-usb-ikrovimas-3500-mah-bate\/"},"modified":"2026-04-23T19:19:10","modified_gmt":"2026-04-23T17:19:10","slug":"nesiojama-zaidimu-konsole-2026-atnaujinta-versija-r36-ultra-vintage-nesiojamas-linux-sistemos-irenginys-palaiko-wifi-rysi-dvieju-zaideju-rezimas-internetinei-saveikai-usb-ikrovimas-3500-mah-bate","status":"publish","type":"product","link":"https:\/\/topsmart.store\/en\/product\/nesiojama-zaidimu-konsole-2026-atnaujinta-versija-r36-ultra-vintage-nesiojamas-linux-sistemos-irenginys-palaiko-wifi-rysi-dvieju-zaideju-rezimas-internetinei-saveikai-usb-ikrovimas-3500-mah-bate\/","title":{"rendered":"Ne\u0161iojama \u017eaidim\u0173 konsol\u0117 2026 atnaujinta versija R36 Ultra Vintage - Ne\u0161iojamas Linux sistemos \u012frenginys, palaiko WiFi ry\u0161\u012f, dviej\u0173 \u017eaid\u0117j\u0173 re\u017eimas internetinei s\u0105veikai, USB \u012fkrovimas, 3500 mAh baterija, 720*720 didel\u0117s rai\u0161kos ekranas ai\u0161kiam vaizdo patyrimui, RGB efekto ap\u0161vietimas, sistema"},"content":{"rendered":"<p>Maitinimo re\u017eimas: \u012fkrovimas per USB<\/p>\n<p>Darbin\u0117 \u012ftampa: \u226436 V<\/p>\n<p>Baterijos savyb\u0117s: \u012ekraunama baterija<\/p>\n<p>\u012ekraunama baterija: Li\u010dio-polimerin\u0117 baterija<\/p>\n<p>Belaid\u017eio ry\u0161io savyb\u0117: Su Wi-Fi funkcija<\/p>\n<p>\u017daidimo tipas: Sportas<\/p>\n<p>Tinkama am\u017eiaus grup\u0117: 14 met\u0173 ir vyresni<\/p>\n<p>Baterijos talpa (mAh): 3500<\/p>\n<p>Pagrindin\u0117 med\u017eiaga: ABS<\/p>\n<p>Spalva: balta, juoda, m\u0117lyna, violetin\u0117<\/p>\n<p>\u012ekrovimo jungtis: \u012ekrovimas per C tipo jungt\u012f<\/p>\n<p>Ar palaiko koordinuot\u0105 greit\u0105 \u012fkrovim\u0105?: Ne<\/p>\n<p>Ar \u012f komplekt\u0105 \u012feina \u012fkroviklis?: Ne<\/p>\n<p>Maksimali vardin\u0117 galia: 10 W<\/p>\n<p>Ma\u017eiausia vardin\u0117 galia: 2,5 W<\/p>\n<p>Prek\u0117s kodas: 6WMG35XK28<\/p>\n<p>Kilm\u0117: Guangdong, Kinija<\/p>\n<p><img decoding=\"async\" src=\"https:\/\/img.kwcdn.com\/product\/fancy\/e9ece440-f56e-48ee-b438-896279e2db0c.jpg\" alt=\"Ne\u0161iojama \u017eaidim\u0173 konsol\u0117 2026 atnaujinta versija R36 Ultra Vintage - Ne\u0161iojamas Linux sistemos \u012frenginys, palaiko WiFi ry\u0161\u012f, dviej\u0173 \u017eaid\u0117j\u0173 re\u017eimas internetinei s\u0105veikai, USB \u012fkrovimas, 3500 mAh baterija, 720*720 didel\u0117s rai\u0161kos ekranas ai\u0161kiam vaizdo patyrimui, RGB efekto ap\u0161vietimas, sistema\" \/><img decoding=\"async\" src=\"https:\/\/img.kwcdn.com\/product\/fancy\/ef9cba12-a9e5-4237-be10-bfdc572b7318.jpg\" alt=\"Ne\u0161iojama \u017eaidim\u0173 konsol\u0117 2026 atnaujinta versija R36 Ultra Vintage - Ne\u0161iojamas Linux sistemos \u012frenginys, palaiko WiFi ry\u0161\u012f, dviej\u0173 \u017eaid\u0117j\u0173 re\u017eimas internetinei s\u0105veikai, USB \u012fkrovimas, 3500 mAh baterija, 720*720 didel\u0117s rai\u0161kos ekranas ai\u0161kiam vaizdo patyrimui, RGB efekto ap\u0161vietimas, sistema\" \/><img decoding=\"async\" src=\"https:\/\/img.kwcdn.com\/product\/fancy\/dcf727f5-67a5-4fef-a38e-1a03bb0961dc.jpg\" alt=\"Ne\u0161iojama \u017eaidim\u0173 konsol\u0117 2026 atnaujinta versija R36 Ultra Vintage - Ne\u0161iojamas Linux sistemos \u012frenginys, palaiko WiFi ry\u0161\u012f, dviej\u0173 \u017eaid\u0117j\u0173 re\u017eimas internetinei s\u0105veikai, USB \u012fkrovimas, 3500 mAh baterija, 720*720 didel\u0117s rai\u0161kos ekranas ai\u0161kiam vaizdo patyrimui, RGB efekto ap\u0161vietimas, sistema\" \/><\/p>","protected":false},"excerpt":{"rendered":"<p>Maitinimo re\u017eimas: \u012fkrovimas per USB Darbin\u0117 \u012ftampa: \u226436 V Baterijos savyb\u0117s: \u012ekraunama baterija \u012ekraunama baterija: Li\u010dio-polimerin\u0117 baterija Belaid\u017eio ry\u0161io savyb\u0117: Su Wi-Fi funkcija \u017daidimo tipas: Sportas Tinkama am\u017eiaus grup\u0117: 14 met\u0173 ir vyresni Baterijos talpa (mAh): 3500 Pagrindin\u0117 med\u017eiaga: ABS Spalva: balta, juoda, m\u0117lyna, violetin\u0117 \u012ekrovimo jungtis: \u012ekrovimas per C tipo jungt\u012f Ar palaiko koordinuot\u0105 [&hellip;]<\/p>\n","protected":false},"featured_media":6051,"comment_status":"open","ping_status":"closed","template":"","meta":[],"product_brand":[],"product_cat":[26,23],"product_tag":[],"class_list":{"0":"post-6050","1":"product","2":"type-product","3":"status-publish","4":"has-post-thumbnail","6":"product_cat-pramogos-ir-sportas","7":"product_cat-ismanieji-prietaisai","9":"first","10":"instock","11":"sale","12":"shipping-taxable","13":"purchasable","14":"product-type-variable"},"_links":{"self":[{"href":"https:\/\/topsmart.store\/en\/wp-json\/wp\/v2\/product\/6050","targetHints":{"allow":["GET"]}}],"collection":[{"href":"https:\/\/topsmart.store\/en\/wp-json\/wp\/v2\/product"}],"about":[{"href":"https:\/\/topsmart.store\/en\/wp-json\/wp\/v2\/types\/product"}],"replies":[{"embeddable":true,"href":"https:\/\/topsmart.store\/en\/wp-json\/wp\/v2\/comments?post=6050"}],"wp:featuredmedia":[{"embeddable":true,"href":"https:\/\/topsmart.store\/en\/wp-json\/wp\/v2\/media\/6051"}],"wp:attachment":[{"href":"https:\/\/topsmart.store\/en\/wp-json\/wp\/v2\/media?parent=6050"}],"wp:term":[{"taxonomy":"product_brand","embeddable":true,"href":"https:\/\/topsmart.store\/en\/wp-json\/wp\/v2\/product_brand?post=6050"},{"taxonomy":"product_cat","embeddable":true,"href":"https:\/\/topsmart.store\/en\/wp-json\/wp\/v2\/product_cat?post=6050"},{"taxonomy":"product_tag","embeddable":true,"href":"https:\/\/topsmart.store\/en\/wp-json\/wp\/v2\/product_tag?post=6050"}],"curies":[{"name":"wp","href":"https:\/\/api.w.org\/{rel}","templated":true}]}}