{"id":6085,"date":"2026-04-23T19:09:42","date_gmt":"2026-04-23T17:09:42","guid":{"rendered":"https:\/\/topsmart.store\/product\/hyundai-hy-x1-pro-ai-translation-lcd-touch-global-business-travelers-international-meetings-2026-trendy-headphones\/"},"modified":"2026-04-23T19:18:15","modified_gmt":"2026-04-23T17:18:15","slug":"hyundai-hy-x1-pro-ai-translation-lcd-touch-global-business-travelers-international-meetings-2026-trendy-headphones","status":"publish","type":"product","link":"https:\/\/topsmart.store\/en\/product\/hyundai-hy-x1-pro-ai-translation-lcd-touch-global-business-travelers-international-meetings-2026-trendy-headphones\/","title":{"rendered":"HYUNDAI HY - X1 PRO AI Translation LCD Touch Global Business Travelers International Meetings 2026 Trendy Headphones"},"content":{"rendered":"<p>Baterijos charakteristikos: \u012ekraunama baterija<\/p>\n<p>\u012ekraunama baterija: li\u010dio-polimerin\u0117 baterija<\/p>\n<p>Belaid\u017eio ry\u0161io savyb\u0117: belaidis<\/p>\n<p>Valdymo b\u016bdas: Palieskite<\/p>\n<p>Prek\u0117s \u017eenklas: HYUNDAI<\/p>\n<p>\u012ekrovimo jungtis: \u012ekrovimas per C tipo jungt\u012f<\/p>\n<p>Ar palaiko koordinuot\u0105 greit\u0105 \u012fkrovim\u0105?: Ne<\/p>\n<p>Ar \u012f komplekt\u0105 \u012feina \u012fkroviklis?: Ne<\/p>\n<p>Maksimali vardin\u0117 galia: 1,5 W<\/p>\n<p>Ma\u017eiausia vardin\u0117 galia: 0,25 W<\/p>\n<p>Maitinimo re\u017eimas: USB<\/p>\n<p>Darbin\u0117 \u012ftampa: \u226436 V<\/p>\n<p>Prek\u0117s kodas: QH5686386<\/p>\n<p>Kilm\u0117: Guangdong, Kinija<\/p>\n<p><img decoding=\"async\" src=\"https:\/\/img.kwcdn.com\/product\/fancy\/3af1a6c6-028f-4fad-b00f-46d4602253ac.jpg\" alt=\"HYUNDAI HY - X1 PRO AI Translation LCD Touch Global Business Travelers International Meetings 2026 Trendy Headphones\" \/><img decoding=\"async\" src=\"https:\/\/img.kwcdn.com\/product\/fancy\/a1a05017-df3f-4df0-8667-eb1f77d60c7a.jpg\" alt=\"HYUNDAI HY - X1 PRO AI Translation LCD Touch Global Business Travelers International Meetings 2026 Trendy Headphones\" \/><img decoding=\"async\" src=\"https:\/\/img.kwcdn.com\/product\/fancy\/1ad09393-9404-40e2-b050-de01585b457e.jpg\" alt=\"HYUNDAI HY - X1 PRO AI Translation LCD Touch Global Business Travelers International Meetings 2026 Trendy Headphones\" \/><img decoding=\"async\" src=\"https:\/\/img.kwcdn.com\/product\/fancy\/c3c83108-4825-450a-88ee-38350ce27ee0.jpg\" alt=\"HYUNDAI HY - X1 PRO AI Translation LCD Touch Global Business Travelers International Meetings 2026 Trendy Headphones\" \/><img decoding=\"async\" src=\"https:\/\/img.kwcdn.com\/product\/fancy\/a4ffe9bb-9c48-471b-ad14-c64cd55de57f.jpg\" alt=\"HYUNDAI HY - X1 PRO AI Translation LCD Touch Global Business Travelers International Meetings 2026 Trendy Headphones\" \/><img decoding=\"async\" src=\"https:\/\/img.kwcdn.com\/product\/fancy\/d4751bd5-c216-49e0-b45a-6fefa7a52ec2.jpg\" alt=\"HYUNDAI HY - X1 PRO AI Translation LCD Touch Global Business Travelers International Meetings 2026 Trendy Headphones\" \/><img decoding=\"async\" src=\"https:\/\/img.kwcdn.com\/product\/fancy\/02a53962-0e52-4c55-8b98-6dc5ee366a6d.jpg\" alt=\"HYUNDAI HY - X1 PRO AI Translation LCD Touch Global Business Travelers International Meetings 2026 Trendy Headphones\" \/><img decoding=\"async\" src=\"https:\/\/img.kwcdn.com\/product\/fancy\/5476b79b-20c9-48b2-917f-4a3ad990574c.jpg\" alt=\"HYUNDAI HY - X1 PRO AI Translation LCD Touch Global Business Travelers International Meetings 2026 Trendy Headphones\" \/><img decoding=\"async\" src=\"https:\/\/img.kwcdn.com\/product\/fancy\/3a181df3-4558-43f5-8c71-630639743a82.jpg\" alt=\"HYUNDAI HY - X1 PRO AI Translation LCD Touch Global Business Travelers International Meetings 2026 Trendy Headphones\" \/><img decoding=\"async\" src=\"https:\/\/img.kwcdn.com\/product\/fancy\/dcf976f0-9fbf-4ee0-8bce-77dcf8a822e0.jpg\" alt=\"HYUNDAI HY - X1 PRO AI Translation LCD Touch Global Business Travelers International Meetings 2026 Trendy Headphones\" \/><img decoding=\"async\" src=\"https:\/\/img.kwcdn.com\/product\/fancy\/adbb421b-6788-425c-8602-94627e23a464.jpg\" alt=\"HYUNDAI HY - X1 PRO AI Translation LCD Touch Global Business Travelers International Meetings 2026 Trendy Headphones\" \/><img decoding=\"async\" src=\"https:\/\/img.kwcdn.com\/product\/fancy\/dc8c8421-20b0-4200-86ef-d5911336c5da.jpg\" alt=\"HYUNDAI HY - X1 PRO AI Translation LCD Touch Global Business Travelers International Meetings 2026 Trendy Headphones\" \/><img decoding=\"async\" src=\"https:\/\/img.kwcdn.com\/product\/fancy\/6df6674a-616d-43b3-a727-10a895126964.jpg\" alt=\"HYUNDAI HY - X1 PRO AI Translation LCD Touch Global Business Travelers International Meetings 2026 Trendy Headphones\" \/><img decoding=\"async\" src=\"https:\/\/img.kwcdn.com\/product\/fancy\/1790ff92-6b92-4921-b64c-89a201d4e535.jpg\" alt=\"HYUNDAI HY - X1 PRO AI Translation LCD Touch Global Business Travelers International Meetings 2026 Trendy Headphones\" \/><img decoding=\"async\" src=\"https:\/\/img.kwcdn.com\/product\/fancy\/bfa12ca7-46d1-4945-8455-c281befcfda4.jpg\" alt=\"HYUNDAI HY - X1 PRO AI Translation LCD Touch Global Business Travelers International Meetings 2026 Trendy Headphones\" \/><img decoding=\"async\" src=\"https:\/\/img.kwcdn.com\/product\/fancy\/909036a9-ac50-4d11-a741-563eaa329f42.jpg\" alt=\"HYUNDAI HY - X1 PRO AI Translation LCD Touch Global Business Travelers International Meetings 2026 Trendy Headphones\" \/><\/p>","protected":false},"excerpt":{"rendered":"<p>Baterijos charakteristikos: \u012ekraunama baterija \u012ekraunama baterija: li\u010dio-polimerin\u0117 baterija Belaid\u017eio ry\u0161io savyb\u0117: belaidis Valdymo b\u016bdas: Palieskite Prek\u0117s \u017eenklas: HYUNDAI \u012ekrovimo jungtis: \u012ekrovimas per C tipo jungt\u012f Ar palaiko koordinuot\u0105 greit\u0105 \u012fkrovim\u0105?: Ne Ar \u012f komplekt\u0105 \u012feina \u012fkroviklis?: Ne Maksimali vardin\u0117 galia: 1,5 W Ma\u017eiausia vardin\u0117 galia: 0,25 W Maitinimo re\u017eimas: USB Darbin\u0117 \u012ftampa: \u226436 V Prek\u0117s [&hellip;]<\/p>\n","protected":false},"featured_media":6086,"comment_status":"open","ping_status":"closed","template":"","meta":[],"product_brand":[],"product_cat":[23],"product_tag":[],"class_list":{"0":"post-6085","1":"product","2":"type-product","3":"status-publish","4":"has-post-thumbnail","6":"product_cat-ismanieji-prietaisai","8":"first","9":"instock","10":"sale","11":"shipping-taxable","12":"purchasable","13":"product-type-simple"},"_links":{"self":[{"href":"https:\/\/topsmart.store\/en\/wp-json\/wp\/v2\/product\/6085","targetHints":{"allow":["GET"]}}],"collection":[{"href":"https:\/\/topsmart.store\/en\/wp-json\/wp\/v2\/product"}],"about":[{"href":"https:\/\/topsmart.store\/en\/wp-json\/wp\/v2\/types\/product"}],"replies":[{"embeddable":true,"href":"https:\/\/topsmart.store\/en\/wp-json\/wp\/v2\/comments?post=6085"}],"wp:featuredmedia":[{"embeddable":true,"href":"https:\/\/topsmart.store\/en\/wp-json\/wp\/v2\/media\/6086"}],"wp:attachment":[{"href":"https:\/\/topsmart.store\/en\/wp-json\/wp\/v2\/media?parent=6085"}],"wp:term":[{"taxonomy":"product_brand","embeddable":true,"href":"https:\/\/topsmart.store\/en\/wp-json\/wp\/v2\/product_brand?post=6085"},{"taxonomy":"product_cat","embeddable":true,"href":"https:\/\/topsmart.store\/en\/wp-json\/wp\/v2\/product_cat?post=6085"},{"taxonomy":"product_tag","embeddable":true,"href":"https:\/\/topsmart.store\/en\/wp-json\/wp\/v2\/product_tag?post=6085"}],"curies":[{"name":"wp","href":"https:\/\/api.w.org\/{rel}","templated":true}]}}