{"id":6090,"date":"2026-04-23T19:10:00","date_gmt":"2026-04-23T17:10:00","guid":{"rendered":"https:\/\/topsmart.store\/product\/12-daugiafunkcinis-aliuminio-lydinio-variantas-nuotoliniu-budu-valdomas-elektrinis-ekskavatorius-inzinerines-transporto-priemones-serija-tinkamas-kaip-gimtadienio-dovana\/"},"modified":"2026-04-23T19:17:01","modified_gmt":"2026-04-23T17:17:01","slug":"12-daugiafunkcinis-aliuminio-lydinio-variantas-nuotoliniu-budu-valdomas-elektrinis-ekskavatorius-inzinerines-transporto-priemones-serija-tinkamas-kaip-gimtadienio-dovana","status":"publish","type":"product","link":"https:\/\/topsmart.store\/en\/product\/12-daugiafunkcinis-aliuminio-lydinio-variantas-nuotoliniu-budu-valdomas-elektrinis-ekskavatorius-inzinerines-transporto-priemones-serija-tinkamas-kaip-gimtadienio-dovana\/","title":{"rendered":"12 daugiafunkcinis aliuminio lydinio variantas nuotoliniu b\u016bdu valdomas elektrinis ekskavatorius, in\u017einerin\u0117s transporto priemon\u0117s serija, tinkamas kaip gimtadienio dovana"},"content":{"rendered":"<p>Med\u017eiaga: plastikas<\/p>\n<p>Maitinimo re\u017eimas: \u012fkrovimas per USB<\/p>\n<p>Darbin\u0117 \u012ftampa: \u226436 V<\/p>\n<p>Baterijos savyb\u0117s: \u012ekraunama baterija<\/p>\n<p>\u012ekraunama baterija: Li\u010dio baterijos \u2013 kita serija<\/p>\n<p>Tinkama am\u017eiaus grup\u0117: 3 metai<\/p>\n<p>Belaid\u017eio ry\u0161io savyb\u0117s: \u012eskaitant 2.4G\/3G\/4G\/5G ir kitas funkcijas<\/p>\n<p>Prek\u0117s \u017eenklas: SUPERMELER<\/p>\n<p>Spalva: Geltona<\/p>\n<p>Prek\u0117s kodas: PA10525725<\/p>\n<p>Kilm\u0117: Guangdongas, Kinija<\/p>\n<p><img decoding=\"async\" src=\"https:\/\/img.kwcdn.com\/product\/fancy\/4b9c5a89-3ebf-43b1-9442-162032de1a02.jpg\" alt=\"12 daugiafunkcinis aliuminio lydinio variantas nuotoliniu b\u016bdu valdomas elektrinis ekskavatorius, in\u017einerin\u0117s transporto priemon\u0117s serija, tinkamas kaip gimtadienio dovana\" \/><img decoding=\"async\" src=\"https:\/\/img.kwcdn.com\/product\/fancy\/724fe7d9-148b-494b-a790-f73e3aaf6763.jpg\" alt=\"12 daugiafunkcinis aliuminio lydinio variantas nuotoliniu b\u016bdu valdomas elektrinis ekskavatorius, in\u017einerin\u0117s transporto priemon\u0117s serija, tinkamas kaip gimtadienio dovana\" \/><img decoding=\"async\" src=\"https:\/\/img.kwcdn.com\/product\/fancy\/bbf5b729-938a-4702-aa35-15ea1102945f.jpg\" alt=\"12 daugiafunkcinis aliuminio lydinio variantas nuotoliniu b\u016bdu valdomas elektrinis ekskavatorius, in\u017einerin\u0117s transporto priemon\u0117s serija, tinkamas kaip gimtadienio dovana\" \/><\/p>","protected":false},"excerpt":{"rendered":"<p>Med\u017eiaga: plastikas Maitinimo re\u017eimas: \u012fkrovimas per USB Darbin\u0117 \u012ftampa: \u226436 V Baterijos savyb\u0117s: \u012ekraunama baterija \u012ekraunama baterija: Li\u010dio baterijos \u2013 kita serija Tinkama am\u017eiaus grup\u0117: 3 metai Belaid\u017eio ry\u0161io savyb\u0117s: \u012eskaitant 2.4G\/3G\/4G\/5G ir kitas funkcijas Prek\u0117s \u017eenklas: SUPERMELER Spalva: Geltona Prek\u0117s kodas: PA10525725 Kilm\u0117: Guangdongas, Kinija<\/p>","protected":false},"featured_media":6091,"comment_status":"open","ping_status":"closed","template":"","meta":[],"product_brand":[],"product_cat":[26],"product_tag":[],"class_list":{"0":"post-6090","1":"product","2":"type-product","3":"status-publish","4":"has-post-thumbnail","6":"product_cat-pramogos-ir-sportas","8":"first","9":"instock","10":"sale","11":"shipping-taxable","12":"purchasable","13":"product-type-variable"},"_links":{"self":[{"href":"https:\/\/topsmart.store\/en\/wp-json\/wp\/v2\/product\/6090","targetHints":{"allow":["GET"]}}],"collection":[{"href":"https:\/\/topsmart.store\/en\/wp-json\/wp\/v2\/product"}],"about":[{"href":"https:\/\/topsmart.store\/en\/wp-json\/wp\/v2\/types\/product"}],"replies":[{"embeddable":true,"href":"https:\/\/topsmart.store\/en\/wp-json\/wp\/v2\/comments?post=6090"}],"wp:featuredmedia":[{"embeddable":true,"href":"https:\/\/topsmart.store\/en\/wp-json\/wp\/v2\/media\/6091"}],"wp:attachment":[{"href":"https:\/\/topsmart.store\/en\/wp-json\/wp\/v2\/media?parent=6090"}],"wp:term":[{"taxonomy":"product_brand","embeddable":true,"href":"https:\/\/topsmart.store\/en\/wp-json\/wp\/v2\/product_brand?post=6090"},{"taxonomy":"product_cat","embeddable":true,"href":"https:\/\/topsmart.store\/en\/wp-json\/wp\/v2\/product_cat?post=6090"},{"taxonomy":"product_tag","embeddable":true,"href":"https:\/\/topsmart.store\/en\/wp-json\/wp\/v2\/product_tag?post=6090"}],"curies":[{"name":"wp","href":"https:\/\/api.w.org\/{rel}","templated":true}]}}