{"id":6127,"date":"2026-04-23T19:11:52","date_gmt":"2026-04-23T17:11:52","guid":{"rendered":"https:\/\/topsmart.store\/product\/ms116-tws-ai-vertimo-ausines-i-ausis-destomos-ausines-su-skaidriu-korpusu-ir-lcd-ekranu-usb-ikrovimas-daugiafunkcines-sportines-ausines-tinkamos-ivairiems-scenarijams-tokiems-kaip-verslo-derybo\/"},"modified":"2026-04-23T19:19:00","modified_gmt":"2026-04-23T17:19:00","slug":"ms116-tws-ai-vertimo-ausines-i-ausis-destomos-ausines-su-skaidriu-korpusu-ir-lcd-ekranu-usb-ikrovimas-daugiafunkcines-sportines-ausines-tinkamos-ivairiems-scenarijams-tokiems-kaip-verslo-derybo","status":"publish","type":"product","link":"https:\/\/topsmart.store\/en\/product\/ms116-tws-ai-vertimo-ausines-i-ausis-destomos-ausines-su-skaidriu-korpusu-ir-lcd-ekranu-usb-ikrovimas-daugiafunkcines-sportines-ausines-tinkamos-ivairiems-scenarijams-tokiems-kaip-verslo-derybo\/","title":{"rendered":"MS116 TWS AI vertimo ausin\u0117s | \u012e ausis d\u0117stomos ausin\u0117s su skaidriu korpusu ir LCD ekranu, USB \u012fkrovimas | Daugiafunkcin\u0117s sportin\u0117s ausin\u0117s, tinkamos \u012fvairiems scenarijams, tokiems kaip verslo derybos, darbas biure, mokymasis ir \u017eaidimai"},"content":{"rendered":"<p>Baterijos charakteristikos: \u012ekraunama baterija<\/p>\n<p>\u012ekraunama baterija: Li\u010dio-polimerin\u0117 baterija<\/p>\n<p>Triuk\u0161mo kontrol\u0117: Aktyvi triuk\u0161mo slopinimo funkcija<\/p>\n<p>Med\u017eiaga: Plastikin\u0117<\/p>\n<p>Ausini\u0173 savyb\u0117s: Sportas ir mank\u0161ta<\/p>\n<p>Am\u017eiaus riba: Suaugusiesiems<\/p>\n<p>Komplekte esantys priedai: Laidas<\/p>\n<p>Prek\u0117s \u017eenklas: MINISO<\/p>\n<p>Belaid\u017eio ry\u0161io savyb\u0117: bevielis<\/p>\n<p>\u012etampa: \u017di\u016br\u0117ti produkto apra\u0161ym\u0105<\/p>\n<p>\u012ekrovimo jungtis: \u012ekrovimas per C tipo jungt\u012f<\/p>\n<p>Ar palaiko koordinuot\u0105 greit\u0105 \u012fkrovim\u0105?: Ne<\/p>\n<p>Ar \u012f komplekt\u0105 \u012feina \u012fkroviklis?: Ne<\/p>\n<p>Maksimali vardin\u0117 galia: 5 W<\/p>\n<p>Ma\u017eiausia vardin\u0117 galia: 1 W<\/p>\n<p>Power mode: USB charging<\/p>\n<p>Darbin\u0117 \u012ftampa: \u226436 V<\/p>\n<p>Ar yra \u012fkrovimo d\u0117klas?: Taip<\/p>\n<p>Prek\u0117s ID: 5VM9Q59560<\/p>\n<p>Kilm\u0117: Guangdong, Kinija<\/p>\n<p><img decoding=\"async\" src=\"https:\/\/img.kwcdn.com\/product\/fancy\/192352df-b1c5-4798-89e5-52dab4f358c9.jpg\" alt=\"MS116 TWS AI vertimo ausin\u0117s | \u012e ausis d\u0117stomos ausin\u0117s su skaidriu korpusu ir LCD ekranu, USB \u012fkrovimas | Daugiafunkcin\u0117s sportin\u0117s ausin\u0117s, tinkamos \u012fvairiems scenarijams, tokiems kaip verslo derybos, darbas biure, mokymasis ir \u017eaidimai\" \/><img decoding=\"async\" src=\"https:\/\/img.kwcdn.com\/product\/fancy\/73358163-254e-4632-b515-bcb6c92441f1.jpg\" alt=\"MS116 TWS AI vertimo ausin\u0117s | \u012e ausis d\u0117stomos ausin\u0117s su skaidriu korpusu ir LCD ekranu, USB \u012fkrovimas | Daugiafunkcin\u0117s sportin\u0117s ausin\u0117s, tinkamos \u012fvairiems scenarijams, tokiems kaip verslo derybos, darbas biure, mokymasis ir \u017eaidimai\" \/><img decoding=\"async\" src=\"https:\/\/img.kwcdn.com\/product\/fancy\/3a5f7020-16d3-4852-9ada-84bf8d7cc091.jpg\" alt=\"MS116 TWS AI vertimo ausin\u0117s | \u012e ausis d\u0117stomos ausin\u0117s su skaidriu korpusu ir LCD ekranu, USB \u012fkrovimas | Daugiafunkcin\u0117s sportin\u0117s ausin\u0117s, tinkamos \u012fvairiems scenarijams, tokiems kaip verslo derybos, darbas biure, mokymasis ir \u017eaidimai\" \/><img decoding=\"async\" src=\"https:\/\/img.kwcdn.com\/product\/fancy\/f0fc47ff-1220-4c9a-adae-9f59911ac5a1.jpg\" alt=\"MS116 TWS AI vertimo ausin\u0117s | \u012e ausis d\u0117stomos ausin\u0117s su skaidriu korpusu ir LCD ekranu, USB \u012fkrovimas | Daugiafunkcin\u0117s sportin\u0117s ausin\u0117s, tinkamos \u012fvairiems scenarijams, tokiems kaip verslo derybos, darbas biure, mokymasis ir \u017eaidimai\" \/><img decoding=\"async\" src=\"https:\/\/img.kwcdn.com\/product\/fancy\/4f78b1a4-b8d3-4cda-aeb3-5cddca4c60f9.jpg\" alt=\"MS116 TWS AI vertimo ausin\u0117s | \u012e ausis d\u0117stomos ausin\u0117s su skaidriu korpusu ir LCD ekranu, USB \u012fkrovimas | Daugiafunkcin\u0117s sportin\u0117s ausin\u0117s, tinkamos \u012fvairiems scenarijams, tokiems kaip verslo derybos, darbas biure, mokymasis ir \u017eaidimai\" \/><img decoding=\"async\" src=\"https:\/\/img.kwcdn.com\/product\/fancy\/a1df43ce-0289-4053-97e4-6ba369593e3b.jpg\" alt=\"MS116 TWS AI vertimo ausin\u0117s | \u012e ausis d\u0117stomos ausin\u0117s su skaidriu korpusu ir LCD ekranu, USB \u012fkrovimas | Daugiafunkcin\u0117s sportin\u0117s ausin\u0117s, tinkamos \u012fvairiems scenarijams, tokiems kaip verslo derybos, darbas biure, mokymasis ir \u017eaidimai\" \/><img decoding=\"async\" src=\"https:\/\/img.kwcdn.com\/product\/fancy\/6d9b189a-800b-468b-9f11-f4ace70dc3d3.jpg\" alt=\"MS116 TWS AI vertimo ausin\u0117s | \u012e ausis d\u0117stomos ausin\u0117s su skaidriu korpusu ir LCD ekranu, USB \u012fkrovimas | Daugiafunkcin\u0117s sportin\u0117s ausin\u0117s, tinkamos \u012fvairiems scenarijams, tokiems kaip verslo derybos, darbas biure, mokymasis ir \u017eaidimai\" \/><img decoding=\"async\" src=\"https:\/\/img.kwcdn.com\/product\/fancy\/6e16cb55-0fdc-4058-8395-fd90f2671565.jpg\" alt=\"MS116 TWS AI vertimo ausin\u0117s | \u012e ausis d\u0117stomos ausin\u0117s su skaidriu korpusu ir LCD ekranu, USB \u012fkrovimas | Daugiafunkcin\u0117s sportin\u0117s ausin\u0117s, tinkamos \u012fvairiems scenarijams, tokiems kaip verslo derybos, darbas biure, mokymasis ir \u017eaidimai\" \/><img decoding=\"async\" src=\"https:\/\/img.kwcdn.com\/product\/fancy\/6c4d7d30-a8c8-4eb4-b973-50b32c2d5347.jpg\" alt=\"MS116 TWS AI vertimo ausin\u0117s | \u012e ausis d\u0117stomos ausin\u0117s su skaidriu korpusu ir LCD ekranu, USB \u012fkrovimas | Daugiafunkcin\u0117s sportin\u0117s ausin\u0117s, tinkamos \u012fvairiems scenarijams, tokiems kaip verslo derybos, darbas biure, mokymasis ir \u017eaidimai\" \/><img decoding=\"async\" src=\"https:\/\/img.kwcdn.com\/product\/fancy\/5c8657a7-708f-4d3d-b731-b2366a0d35d4.jpg\" alt=\"MS116 TWS AI vertimo ausin\u0117s | \u012e ausis d\u0117stomos ausin\u0117s su skaidriu korpusu ir LCD ekranu, USB \u012fkrovimas | Daugiafunkcin\u0117s sportin\u0117s ausin\u0117s, tinkamos \u012fvairiems scenarijams, tokiems kaip verslo derybos, darbas biure, mokymasis ir \u017eaidimai\" \/><\/p>","protected":false},"excerpt":{"rendered":"<p>Baterijos charakteristikos: \u012ekraunama baterija \u012ekraunama baterija: Li\u010dio-polimerin\u0117 baterija Triuk\u0161mo kontrol\u0117: Aktyvi triuk\u0161mo slopinimo funkcija Med\u017eiaga: Plastikin\u0117 Ausini\u0173 savyb\u0117s: Sportas ir mank\u0161ta Am\u017eiaus riba: Suaugusiesiems Komplekte esantys priedai: Laidas Prek\u0117s \u017eenklas: MINISO Belaid\u017eio ry\u0161io savyb\u0117: bevielis \u012etampa: \u017di\u016br\u0117ti produkto apra\u0161ym\u0105 \u012ekrovimo jungtis: \u012ekrovimas per C tipo jungt\u012f Ar palaiko koordinuot\u0105 greit\u0105 \u012fkrovim\u0105?: Ne Ar \u012f komplekt\u0105 [&hellip;]<\/p>\n","protected":false},"featured_media":6128,"comment_status":"open","ping_status":"closed","template":"","meta":[],"product_brand":[],"product_cat":[23],"product_tag":[],"class_list":{"0":"post-6127","1":"product","2":"type-product","3":"status-publish","4":"has-post-thumbnail","6":"product_cat-ismanieji-prietaisai","8":"first","9":"instock","10":"sale","11":"shipping-taxable","12":"purchasable","13":"product-type-variable"},"_links":{"self":[{"href":"https:\/\/topsmart.store\/en\/wp-json\/wp\/v2\/product\/6127","targetHints":{"allow":["GET"]}}],"collection":[{"href":"https:\/\/topsmart.store\/en\/wp-json\/wp\/v2\/product"}],"about":[{"href":"https:\/\/topsmart.store\/en\/wp-json\/wp\/v2\/types\/product"}],"replies":[{"embeddable":true,"href":"https:\/\/topsmart.store\/en\/wp-json\/wp\/v2\/comments?post=6127"}],"wp:featuredmedia":[{"embeddable":true,"href":"https:\/\/topsmart.store\/en\/wp-json\/wp\/v2\/media\/6128"}],"wp:attachment":[{"href":"https:\/\/topsmart.store\/en\/wp-json\/wp\/v2\/media?parent=6127"}],"wp:term":[{"taxonomy":"product_brand","embeddable":true,"href":"https:\/\/topsmart.store\/en\/wp-json\/wp\/v2\/product_brand?post=6127"},{"taxonomy":"product_cat","embeddable":true,"href":"https:\/\/topsmart.store\/en\/wp-json\/wp\/v2\/product_cat?post=6127"},{"taxonomy":"product_tag","embeddable":true,"href":"https:\/\/topsmart.store\/en\/wp-json\/wp\/v2\/product_tag?post=6127"}],"curies":[{"name":"wp","href":"https:\/\/api.w.org\/{rel}","templated":true}]}}