{"id":6147,"date":"2026-04-23T19:12:23","date_gmt":"2026-04-23T17:12:23","guid":{"rendered":"https:\/\/topsmart.store\/product\/automatinis-sunu-kamuoliuko-paleidiklis-vidaus-lauko-interaktyvus-zaislas-atnesimui-ir-zaidimo-laikiu-3-nuotolio-rezimai-671-1006-1402-metro-ikraunamas-su-3-patvariais-etpu-rutuliais-ir-usb-ka\/"},"modified":"2026-04-23T19:17:41","modified_gmt":"2026-04-23T17:17:41","slug":"automatinis-sunu-kamuoliuko-paleidiklis-vidaus-lauko-interaktyvus-zaislas-atnesimui-ir-zaidimo-laikiu-3-nuotolio-rezimai-671-1006-1402-metro-ikraunamas-su-3-patvariais-etpu-rutuliais-ir-usb-ka","status":"publish","type":"product","link":"https:\/\/topsmart.store\/en\/product\/automatinis-sunu-kamuoliuko-paleidiklis-vidaus-lauko-interaktyvus-zaislas-atnesimui-ir-zaidimo-laikiu-3-nuotolio-rezimai-671-1006-1402-metro-ikraunamas-su-3-patvariais-etpu-rutuliais-ir-usb-ka\/","title":{"rendered":"Automatinis \u0161un\u0173 kamuoliuko paleidiklis, vidaus\/lauko interaktyvus \u017eaislas atne\u0161imui ir \u017eaidimo laikiu, 3 nuotolio re\u017eimai (6,71\/10,06\/14,02 metro), \u012fkraunamas su 3 patvariais ETPU rutuliais ir USB kabeliu, tinkantis mank\u0161tos, IQ treniruo\u010di\u0173 bei stimuliacijoms"},"content":{"rendered":"<p>Maitinimo re\u017eimas: \u012fkrovimas per USB<\/p>\n<p>Darbin\u0117 \u012ftampa: \u226436 V<\/p>\n<p>Baterijos savyb\u0117s: \u012ekraunama baterija<\/p>\n<p>\u012ekraunama baterija: Li\u010dio baterija-18650 serija<\/p>\n<p>Pagrindin\u0117 med\u017eiaga: ABS<\/p>\n<p>Prek\u0117s kodas: XY6298074<\/p>\n<p>Kilm\u0117: Guangdongas, Kinija<\/p>\n<p><img decoding=\"async\" src=\"https:\/\/img.kwcdn.com\/product\/fancy\/64f3d9ce-c132-4b7c-b52b-3e25337cde98.jpg\" alt=\"Automatinis \u0161un\u0173 kamuoliuko paleidiklis, vidaus\/lauko interaktyvus \u017eaislas atne\u0161imui ir \u017eaidimo laikiu, 3 nuotolio re\u017eimai (6,71\/10,06\/14,02 metro), \u012fkraunamas su 3 patvariais ETPU rutuliais ir USB kabeliu, tinkantis mank\u0161tos, IQ treniruo\u010di\u0173 bei stimuliacijoms\"><img decoding=\"async\" src=\"https:\/\/img.kwcdn.com\/product\/fancy\/e535f041-10fe-40e4-9445-039fc4eb4753.jpg\" alt=\"Automatinis \u0161un\u0173 kamuoliuko paleidiklis, vidaus\/lauko interaktyvus \u017eaislas atne\u0161imui ir \u017eaidimo laikiu, 3 nuotolio re\u017eimai (6,71\/10,06\/14,02 metro), \u012fkraunamas su 3 patvariais ETPU rutuliais ir USB kabeliu, tinkantis mank\u0161tos, IQ treniruo\u010di\u0173 bei stimuliacijoms\"><img decoding=\"async\" src=\"https:\/\/img.kwcdn.com\/product\/fancy\/c1c51460-4c29-495b-a6f6-7acfd88a9cd9.jpg\" alt=\"Automatinis \u0161un\u0173 kamuoliuko paleidiklis, vidaus\/lauko interaktyvus \u017eaislas atne\u0161imui ir \u017eaidimo laikiu, 3 nuotolio re\u017eimai (6,71\/10,06\/14,02 metro), \u012fkraunamas su 3 patvariais ETPU rutuliais ir USB kabeliu, tinkantis mank\u0161tos, IQ treniruo\u010di\u0173 bei stimuliacijoms\"><img decoding=\"async\" src=\"https:\/\/img.kwcdn.com\/product\/fancy\/38e1c179-72b1-4843-93fb-75450e2140f7.jpg\" alt=\"Automatinis \u0161un\u0173 kamuoliuko paleidiklis, vidaus\/lauko interaktyvus \u017eaislas atne\u0161imui ir \u017eaidimo laikiu, 3 nuotolio re\u017eimai (6,71\/10,06\/14,02 metro), \u012fkraunamas su 3 patvariais ETPU rutuliais ir USB kabeliu, tinkantis mank\u0161tos, IQ treniruo\u010di\u0173 bei stimuliacijoms\"><img decoding=\"async\" src=\"https:\/\/img.kwcdn.com\/product\/fancy\/b06a4953-160c-4ecd-8841-5b9eb96bf893.jpg\" alt=\"Automatinis \u0161un\u0173 kamuoliuko paleidiklis, vidaus\/lauko interaktyvus \u017eaislas atne\u0161imui ir \u017eaidimo laikiu, 3 nuotolio re\u017eimai (6,71\/10,06\/14,02 metro), \u012fkraunamas su 3 patvariais ETPU rutuliais ir USB kabeliu, tinkantis mank\u0161tos, IQ treniruo\u010di\u0173 bei stimuliacijoms\"><img decoding=\"async\" src=\"https:\/\/img.kwcdn.com\/product\/fancy\/41f6654f-431a-4991-a6ac-4697907e2dd4.jpg\" alt=\"Automatinis \u0161un\u0173 kamuoliuko paleidiklis, vidaus\/lauko interaktyvus \u017eaislas atne\u0161imui ir \u017eaidimo laikiu, 3 nuotolio re\u017eimai (6,71\/10,06\/14,02 metro), \u012fkraunamas su 3 patvariais ETPU rutuliais ir USB kabeliu, tinkantis mank\u0161tos, IQ treniruo\u010di\u0173 bei stimuliacijoms\"><img decoding=\"async\" src=\"https:\/\/img.kwcdn.com\/product\/fancy\/668c36aa-754b-4772-93bc-333690eacdbe.jpg\" alt=\"Automatinis \u0161un\u0173 kamuoliuko paleidiklis, vidaus\/lauko interaktyvus \u017eaislas atne\u0161imui ir \u017eaidimo laikiu, 3 nuotolio re\u017eimai (6,71\/10,06\/14,02 metro), \u012fkraunamas su 3 patvariais ETPU rutuliais ir USB kabeliu, tinkantis mank\u0161tos, IQ treniruo\u010di\u0173 bei stimuliacijoms\"><img decoding=\"async\" src=\"https:\/\/img.kwcdn.com\/product\/fancy\/04b87f69-666d-4930-a558-b7d10889da12.jpg\" alt=\"Automatinis \u0161un\u0173 kamuoliuko paleidiklis, vidaus\/lauko interaktyvus \u017eaislas atne\u0161imui ir \u017eaidimo laikiu, 3 nuotolio re\u017eimai (6,71\/10,06\/14,02 metro), \u012fkraunamas su 3 patvariais ETPU rutuliais ir USB kabeliu, tinkantis mank\u0161tos, IQ treniruo\u010di\u0173 bei stimuliacijoms\"><\/p>","protected":false},"excerpt":{"rendered":"<p>Maitinimo re\u017eimas: \u012fkrovimas per USB Darbin\u0117 \u012ftampa: \u226436 V Baterijos savyb\u0117s: \u012ekraunama baterija \u012ekraunama baterija: Li\u010dio baterija-18650 serija Pagrindin\u0117 med\u017eiaga: ABS Prek\u0117s kodas: XY6298074 Kilm\u0117: Guangdongas, Kinija<\/p>","protected":false},"featured_media":6148,"comment_status":"open","ping_status":"closed","template":"","meta":[],"product_brand":[],"product_cat":[24,23],"product_tag":[],"class_list":{"0":"post-6147","1":"product","2":"type-product","3":"status-publish","4":"has-post-thumbnail","6":"product_cat-namu-apyvoka","7":"product_cat-ismanieji-prietaisai","9":"first","10":"instock","11":"sale","12":"shipping-taxable","13":"purchasable","14":"product-type-variable"},"_links":{"self":[{"href":"https:\/\/topsmart.store\/en\/wp-json\/wp\/v2\/product\/6147","targetHints":{"allow":["GET"]}}],"collection":[{"href":"https:\/\/topsmart.store\/en\/wp-json\/wp\/v2\/product"}],"about":[{"href":"https:\/\/topsmart.store\/en\/wp-json\/wp\/v2\/types\/product"}],"replies":[{"embeddable":true,"href":"https:\/\/topsmart.store\/en\/wp-json\/wp\/v2\/comments?post=6147"}],"wp:featuredmedia":[{"embeddable":true,"href":"https:\/\/topsmart.store\/en\/wp-json\/wp\/v2\/media\/6148"}],"wp:attachment":[{"href":"https:\/\/topsmart.store\/en\/wp-json\/wp\/v2\/media?parent=6147"}],"wp:term":[{"taxonomy":"product_brand","embeddable":true,"href":"https:\/\/topsmart.store\/en\/wp-json\/wp\/v2\/product_brand?post=6147"},{"taxonomy":"product_cat","embeddable":true,"href":"https:\/\/topsmart.store\/en\/wp-json\/wp\/v2\/product_cat?post=6147"},{"taxonomy":"product_tag","embeddable":true,"href":"https:\/\/topsmart.store\/en\/wp-json\/wp\/v2\/product_tag?post=6147"}],"curies":[{"name":"wp","href":"https:\/\/api.w.org\/{rel}","templated":true}]}}