{"id":6157,"date":"2026-04-23T19:12:38","date_gmt":"2026-04-23T17:12:38","guid":{"rendered":"https:\/\/topsmart.store\/product\/interaktyvus-muzikinis-bokso-treniruoklis-su-pirstinemis-ikraunamas-per-usb-pe-medziaga-prie-sienos-montuojama-treniruociu-ir-refleksu-lavinimo-iranga-suaugusiems-juodas\/"},"modified":"2026-04-23T19:18:23","modified_gmt":"2026-04-23T17:18:23","slug":"interaktyvus-muzikinis-bokso-treniruoklis-su-pirstinemis-ikraunamas-per-usb-pe-medziaga-prie-sienos-montuojama-treniruociu-ir-refleksu-lavinimo-iranga-suaugusiems-juodas","status":"publish","type":"product","link":"https:\/\/topsmart.store\/en\/product\/interaktyvus-muzikinis-bokso-treniruoklis-su-pirstinemis-ikraunamas-per-usb-pe-medziaga-prie-sienos-montuojama-treniruociu-ir-refleksu-lavinimo-iranga-suaugusiems-juodas\/","title":{"rendered":"Interaktyvus muzikinis bokso treniruoklis su pir\u0161tin\u0117mis, \u012fkraunamas per USB, PE med\u017eiaga - prie sienos montuojama treniruo\u010di\u0173 ir refleks\u0173 lavinimo \u012franga suaugusiems, juodas"},"content":{"rendered":"<p>Prek\u0117s \u017eenklas: Senmeo<\/p>\n<p>Maitinimo re\u017eimas: \u012fkrovimas per USB<\/p>\n<p>Darbin\u0117 \u012ftampa: \u226436 V<\/p>\n<p>Korpuso med\u017eiaga: ABS<\/p>\n<p>\u0160vent\u0117s: Valentino diena, Pad\u0117kos diena, Kal\u0117dos, Naujieji metai, Darbo diena<\/p>\n<p>Belaid\u017eio ry\u0161io savyb\u0117: bevielis<\/p>\n<p>Tinkama am\u017eiaus grup\u0117: 14 met\u0173 ir vyresni<\/p>\n<p>Spalva: Juoda<\/p>\n<p>Produkt\u0173 skai\u010dius: 1<\/p>\n<p>Baterijos savyb\u0117s: \u012ekraunama baterija<\/p>\n<p>\u012ekraunama baterija: Li\u010dio baterija-18650 serija<\/p>\n<p>Prek\u0117s kodas: JN3507691<\/p>\n<p>Kilm\u0117: Zhejiang, Kinija<\/p>\n<p><img decoding=\"async\" src=\"https:\/\/img.kwcdn.com\/product\/fancy\/ed514a4e-7630-4585-9776-36556beabc06.jpg\" alt=\"Interaktyvus muzikinis bokso treniruoklis su pir\u0161tin\u0117mis, \u012fkraunamas per USB, PE med\u017eiaga - prie sienos montuojama treniruo\u010di\u0173 ir refleks\u0173 lavinimo \u012franga suaugusiems, juodas\"><img decoding=\"async\" src=\"https:\/\/img.kwcdn.com\/product\/fancy\/53be3edf-47de-40c5-a515-ff16daf3fe39.jpg\" alt=\"Interaktyvus muzikinis bokso treniruoklis su pir\u0161tin\u0117mis, \u012fkraunamas per USB, PE med\u017eiaga - prie sienos montuojama treniruo\u010di\u0173 ir refleks\u0173 lavinimo \u012franga suaugusiems, juodas\"><img decoding=\"async\" src=\"https:\/\/img.kwcdn.com\/product\/fancy\/c52ac1f0-8d40-4de5-825f-a929d9a88e89.jpg\" alt=\"Interaktyvus muzikinis bokso treniruoklis su pir\u0161tin\u0117mis, \u012fkraunamas per USB, PE med\u017eiaga - prie sienos montuojama treniruo\u010di\u0173 ir refleks\u0173 lavinimo \u012franga suaugusiems, juodas\"><img decoding=\"async\" src=\"https:\/\/img.kwcdn.com\/product\/fancy\/579b42a9-359e-4c45-b1bf-b55b7d049cc9.jpg\" alt=\"Interaktyvus muzikinis bokso treniruoklis su pir\u0161tin\u0117mis, \u012fkraunamas per USB, PE med\u017eiaga - prie sienos montuojama treniruo\u010di\u0173 ir refleks\u0173 lavinimo \u012franga suaugusiems, juodas\"><img decoding=\"async\" src=\"https:\/\/img.kwcdn.com\/product\/fancy\/b4de4670-fd91-4dc4-b1d4-bfb087f43af5.jpg\" alt=\"Interaktyvus muzikinis bokso treniruoklis su pir\u0161tin\u0117mis, \u012fkraunamas per USB, PE med\u017eiaga - prie sienos montuojama treniruo\u010di\u0173 ir refleks\u0173 lavinimo \u012franga suaugusiems, juodas\"><img decoding=\"async\" src=\"https:\/\/img.kwcdn.com\/product\/fancy\/91d55830-9a27-4c71-8fad-827cb083ea33.jpg\" alt=\"Interaktyvus muzikinis bokso treniruoklis su pir\u0161tin\u0117mis, \u012fkraunamas per USB, PE med\u017eiaga - prie sienos montuojama treniruo\u010di\u0173 ir refleks\u0173 lavinimo \u012franga suaugusiems, juodas\"><img decoding=\"async\" src=\"https:\/\/img.kwcdn.com\/product\/fancy\/ce581fe6-dc34-444c-babf-61c88bae0289.jpg\" alt=\"Interaktyvus muzikinis bokso treniruoklis su pir\u0161tin\u0117mis, \u012fkraunamas per USB, PE med\u017eiaga - prie sienos montuojama treniruo\u010di\u0173 ir refleks\u0173 lavinimo \u012franga suaugusiems, juodas\"><img decoding=\"async\" src=\"https:\/\/img.kwcdn.com\/product\/fancy\/6511c38c-7c33-468a-a364-386abef02897.jpg\" alt=\"Interaktyvus muzikinis bokso treniruoklis su pir\u0161tin\u0117mis, \u012fkraunamas per USB, PE med\u017eiaga - prie sienos montuojama treniruo\u010di\u0173 ir refleks\u0173 lavinimo \u012franga suaugusiems, juodas\"><img decoding=\"async\" src=\"https:\/\/img.kwcdn.com\/product\/fancy\/6751b997-164e-4f00-9872-26a38c2a2f7a.jpg\" alt=\"Interaktyvus muzikinis bokso treniruoklis su pir\u0161tin\u0117mis, \u012fkraunamas per USB, PE med\u017eiaga - prie sienos montuojama treniruo\u010di\u0173 ir refleks\u0173 lavinimo \u012franga suaugusiems, juodas\"><img decoding=\"async\" src=\"https:\/\/img.kwcdn.com\/product\/fancy\/ba4cb184-370b-44f1-8b81-822007b90fb7.jpg\" alt=\"Interaktyvus muzikinis bokso treniruoklis su pir\u0161tin\u0117mis, \u012fkraunamas per USB, PE med\u017eiaga - prie sienos montuojama treniruo\u010di\u0173 ir refleks\u0173 lavinimo \u012franga suaugusiems, juodas\"><\/p>","protected":false},"excerpt":{"rendered":"<p>Prek\u0117s \u017eenklas: Senmeo Maitinimo re\u017eimas: \u012fkrovimas per USB Darbin\u0117 \u012ftampa: \u226436 V Korpuso med\u017eiaga: ABS \u0160vent\u0117s: Valentino diena, Pad\u0117kos diena, Kal\u0117dos, Naujieji metai, Darbo diena Belaid\u017eio ry\u0161io savyb\u0117: bevielis Tinkama am\u017eiaus grup\u0117: 14 met\u0173 ir vyresni Spalva: Juoda Produkt\u0173 skai\u010dius: 1 Baterijos savyb\u0117s: \u012ekraunama baterija \u012ekraunama baterija: Li\u010dio baterija-18650 serija Prek\u0117s kodas: JN3507691 Kilm\u0117: Zhejiang, [&hellip;]<\/p>\n","protected":false},"featured_media":6158,"comment_status":"open","ping_status":"closed","template":"","meta":[],"product_brand":[],"product_cat":[26],"product_tag":[],"class_list":{"0":"post-6157","1":"product","2":"type-product","3":"status-publish","4":"has-post-thumbnail","6":"product_cat-pramogos-ir-sportas","8":"first","9":"instock","10":"sale","11":"shipping-taxable","12":"purchasable","13":"product-type-variable"},"_links":{"self":[{"href":"https:\/\/topsmart.store\/en\/wp-json\/wp\/v2\/product\/6157","targetHints":{"allow":["GET"]}}],"collection":[{"href":"https:\/\/topsmart.store\/en\/wp-json\/wp\/v2\/product"}],"about":[{"href":"https:\/\/topsmart.store\/en\/wp-json\/wp\/v2\/types\/product"}],"replies":[{"embeddable":true,"href":"https:\/\/topsmart.store\/en\/wp-json\/wp\/v2\/comments?post=6157"}],"wp:featuredmedia":[{"embeddable":true,"href":"https:\/\/topsmart.store\/en\/wp-json\/wp\/v2\/media\/6158"}],"wp:attachment":[{"href":"https:\/\/topsmart.store\/en\/wp-json\/wp\/v2\/media?parent=6157"}],"wp:term":[{"taxonomy":"product_brand","embeddable":true,"href":"https:\/\/topsmart.store\/en\/wp-json\/wp\/v2\/product_brand?post=6157"},{"taxonomy":"product_cat","embeddable":true,"href":"https:\/\/topsmart.store\/en\/wp-json\/wp\/v2\/product_cat?post=6157"},{"taxonomy":"product_tag","embeddable":true,"href":"https:\/\/topsmart.store\/en\/wp-json\/wp\/v2\/product_tag?post=6157"}],"curies":[{"name":"wp","href":"https:\/\/api.w.org\/{rel}","templated":true}]}}