{"id":6167,"date":"2026-04-23T19:13:50","date_gmt":"2026-04-23T17:13:50","guid":{"rendered":"https:\/\/topsmart.store\/product\/1-vnt-belaidis-vaizdo-duru-skambutis-belaidis-ismanusis-vaizdo-stebejimo-intelektualus-duru-skambutis-su-43-colio-1080p-dideles-raiskos-ekranu-dvipusio-balso-skambuciu-funkcija-naktinio-matymo-fu\/"},"modified":"2026-04-23T19:16:44","modified_gmt":"2026-04-23T17:16:44","slug":"1-vnt-belaidis-vaizdo-duru-skambutis-belaidis-ismanusis-vaizdo-stebejimo-intelektualus-duru-skambutis-su-43-colio-1080p-dideles-raiskos-ekranu-dvipusio-balso-skambuciu-funkcija-naktinio-matymo-fu","status":"publish","type":"product","link":"https:\/\/topsmart.store\/en\/product\/1-vnt-belaidis-vaizdo-duru-skambutis-belaidis-ismanusis-vaizdo-stebejimo-intelektualus-duru-skambutis-su-43-colio-1080p-dideles-raiskos-ekranu-dvipusio-balso-skambuciu-funkcija-naktinio-matymo-fu\/","title":{"rendered":"1 vnt. Belaidis vaizdo dur\u0173 skambutis, belaidis i\u0161manusis vaizdo steb\u0117jimo intelektualus dur\u0173 skambutis su 4,3 colio 1080P didel\u0117s rai\u0161kos ekranu, dvipusio balso skambu\u010di\u0173 funkcija, naktinio matymo funkcija, nereikalauja belaid\u017eio tinklo, palaiko SD kortel\u0117s saugojim\u0105"},"content":{"rendered":"<p>Ry\u0161io technologija: Bevielis<\/p>\n<p>Valdiklio tipas: Mygtukinis<\/p>\n<p>Naudojimas patalpose ir lauke: Lauke<\/p>\n<p>Tvirtinimo tipas: Kiti montavimo tipai<\/p>\n<p>Maitinimo b\u016bdas: Maitinamas baterijomis (be ki\u0161tuko)<\/p>\n<p>Belaid\u017eio ry\u0161io savyb\u0117: Su Wi-Fi funkcija<\/p>\n<p>Baterijos savyb\u0117s: \u012ekraunama baterija<\/p>\n<p>\u012ekraunama baterija: Li\u010dio baterija<\/p>\n<p>Prek\u0117s \u017eenklas: KEPEAK<\/p>\n<p>Baterijos talpa (mAh): 800 mAh<\/p>\n<p>Prek\u0117s kodas: WR10095022<\/p>\n<p>Kilm\u0117: Guangdongas, Kinija<\/p>\n<p><img decoding=\"async\" src=\"https:\/\/img.kwcdn.com\/product\/fancy\/e73e393c-9903-49fa-9ad7-c222adb5ae6b.jpg\" alt=\"1 vnt. Belaidis vaizdo dur\u0173 skambutis, belaidis i\u0161manusis vaizdo steb\u0117jimo intelektualus dur\u0173 skambutis su 4,3 colio 1080P didel\u0117s rai\u0161kos ekranu, dvipusio balso skambu\u010di\u0173 funkcija, naktinio matymo funkcija, nereikalauja belaid\u017eio tinklo, palaiko SD kortel\u0117s saugojim\u0105\" \/><img decoding=\"async\" src=\"https:\/\/img.kwcdn.com\/product\/fancy\/f2257c94-89bb-4614-be75-48e4dbf85660.jpg\" alt=\"1 vnt. Belaidis vaizdo dur\u0173 skambutis, belaidis i\u0161manusis vaizdo steb\u0117jimo intelektualus dur\u0173 skambutis su 4,3 colio 1080P didel\u0117s rai\u0161kos ekranu, dvipusio balso skambu\u010di\u0173 funkcija, naktinio matymo funkcija, nereikalauja belaid\u017eio tinklo, palaiko SD kortel\u0117s saugojim\u0105\" \/><img decoding=\"async\" src=\"https:\/\/img.kwcdn.com\/product\/fancy\/1ce3448a-1cf8-4364-a22c-7f74b78d86c3.jpg\" alt=\"1 vnt. Belaidis vaizdo dur\u0173 skambutis, belaidis i\u0161manusis vaizdo steb\u0117jimo intelektualus dur\u0173 skambutis su 4,3 colio 1080P didel\u0117s rai\u0161kos ekranu, dvipusio balso skambu\u010di\u0173 funkcija, naktinio matymo funkcija, nereikalauja belaid\u017eio tinklo, palaiko SD kortel\u0117s saugojim\u0105\" \/><img decoding=\"async\" src=\"https:\/\/img.kwcdn.com\/product\/fancy\/055df28b-16ba-41c5-a459-0fe5ae839c32.jpg\" alt=\"1 vnt. Belaidis vaizdo dur\u0173 skambutis, belaidis i\u0161manusis vaizdo steb\u0117jimo intelektualus dur\u0173 skambutis su 4,3 colio 1080P didel\u0117s rai\u0161kos ekranu, dvipusio balso skambu\u010di\u0173 funkcija, naktinio matymo funkcija, nereikalauja belaid\u017eio tinklo, palaiko SD kortel\u0117s saugojim\u0105\" \/><img decoding=\"async\" src=\"https:\/\/img.kwcdn.com\/product\/fancy\/c47492ea-0893-44e6-8487-dea6b4187404.jpg\" alt=\"1 vnt. Belaidis vaizdo dur\u0173 skambutis, belaidis i\u0161manusis vaizdo steb\u0117jimo intelektualus dur\u0173 skambutis su 4,3 colio 1080P didel\u0117s rai\u0161kos ekranu, dvipusio balso skambu\u010di\u0173 funkcija, naktinio matymo funkcija, nereikalauja belaid\u017eio tinklo, palaiko SD kortel\u0117s saugojim\u0105\" \/><img decoding=\"async\" src=\"https:\/\/img.kwcdn.com\/product\/fancy\/61a99dc1-ed6c-4e66-8bee-a70ac09563fa.jpg\" alt=\"1 vnt. Belaidis vaizdo dur\u0173 skambutis, belaidis i\u0161manusis vaizdo steb\u0117jimo intelektualus dur\u0173 skambutis su 4,3 colio 1080P didel\u0117s rai\u0161kos ekranu, dvipusio balso skambu\u010di\u0173 funkcija, naktinio matymo funkcija, nereikalauja belaid\u017eio tinklo, palaiko SD kortel\u0117s saugojim\u0105\" \/><\/p>","protected":false},"excerpt":{"rendered":"<p>Ry\u0161io technologija: Bevielis Valdiklio tipas: Mygtukinis Naudojimas patalpose ir lauke: Lauke Tvirtinimo tipas: Kiti montavimo tipai Maitinimo b\u016bdas: Maitinamas baterijomis (be ki\u0161tuko) Belaid\u017eio ry\u0161io savyb\u0117: Su Wi-Fi funkcija Baterijos savyb\u0117s: \u012ekraunama baterija \u012ekraunama baterija: Li\u010dio baterija Prek\u0117s \u017eenklas: KEPEAK Baterijos talpa (mAh): 800 mAh Prek\u0117s kodas: WR10095022 Kilm\u0117: Guangdongas, Kinija<\/p>","protected":false},"featured_media":6168,"comment_status":"open","ping_status":"closed","template":"","meta":[],"product_brand":[],"product_cat":[24,23],"product_tag":[],"class_list":{"0":"post-6167","1":"product","2":"type-product","3":"status-publish","4":"has-post-thumbnail","6":"product_cat-namu-apyvoka","7":"product_cat-ismanieji-prietaisai","9":"first","10":"instock","11":"sale","12":"shipping-taxable","13":"purchasable","14":"product-type-simple"},"_links":{"self":[{"href":"https:\/\/topsmart.store\/en\/wp-json\/wp\/v2\/product\/6167","targetHints":{"allow":["GET"]}}],"collection":[{"href":"https:\/\/topsmart.store\/en\/wp-json\/wp\/v2\/product"}],"about":[{"href":"https:\/\/topsmart.store\/en\/wp-json\/wp\/v2\/types\/product"}],"replies":[{"embeddable":true,"href":"https:\/\/topsmart.store\/en\/wp-json\/wp\/v2\/comments?post=6167"}],"wp:featuredmedia":[{"embeddable":true,"href":"https:\/\/topsmart.store\/en\/wp-json\/wp\/v2\/media\/6168"}],"wp:attachment":[{"href":"https:\/\/topsmart.store\/en\/wp-json\/wp\/v2\/media?parent=6167"}],"wp:term":[{"taxonomy":"product_brand","embeddable":true,"href":"https:\/\/topsmart.store\/en\/wp-json\/wp\/v2\/product_brand?post=6167"},{"taxonomy":"product_cat","embeddable":true,"href":"https:\/\/topsmart.store\/en\/wp-json\/wp\/v2\/product_cat?post=6167"},{"taxonomy":"product_tag","embeddable":true,"href":"https:\/\/topsmart.store\/en\/wp-json\/wp\/v2\/product_tag?post=6167"}],"curies":[{"name":"wp","href":"https:\/\/api.w.org\/{rel}","templated":true}]}}