{"id":6175,"date":"2026-04-23T19:14:23","date_gmt":"2026-04-23T17:14:23","guid":{"rendered":"https:\/\/topsmart.store\/product\/2026-naujas-vr-g15e-balta-vr-ausine-su-ausinemis-reguliuojama-vyzdzio-ir-fokusavimo-distancija-patogi-visu-amziu-zmonems-puiki-dovana-metaversumo-tyrinejimui-ir-namu-pramogoms\/"},"modified":"2026-04-23T19:17:26","modified_gmt":"2026-04-23T17:17:26","slug":"2026-naujas-vr-g15e-balta-vr-ausine-su-ausinemis-reguliuojama-vyzdzio-ir-fokusavimo-distancija-patogi-visu-amziu-zmonems-puiki-dovana-metaversumo-tyrinejimui-ir-namu-pramogoms","status":"publish","type":"product","link":"https:\/\/topsmart.store\/en\/product\/2026-naujas-vr-g15e-balta-vr-ausine-su-ausinemis-reguliuojama-vyzdzio-ir-fokusavimo-distancija-patogi-visu-amziu-zmonems-puiki-dovana-metaversumo-tyrinejimui-ir-namu-pramogoms\/","title":{"rendered":"2026 Naujas VR G15E-Balta VR ausin\u0117 su ausin\u0117mis, reguliuojama vyzd\u017eio ir fokusavimo distancija, patogi vis\u0173 am\u017ei\u0173 \u017emon\u0117ms, puiki dovana metaversumo tyrin\u0117jimui ir nam\u0173 pramogoms"},"content":{"rendered":"<p>Pagrindin\u0117 med\u017eiaga: Kita<\/p>\n<p>Baterijos savyb\u0117s: Be baterijos<\/p>\n<p>Prek\u0117s numeris: GE15-White<\/p>\n<p>Operacin\u0117s sistemos versija: iOS\/Android<\/p>\n<p>Sud\u0117tyje yra elektronini\u0173 komponent\u0173\/pagrindini\u0173 plok\u0161\u010di\u0173: Jame n\u0117ra elektronini\u0173 komponent\u0173 ar pagrindin\u0117s plok\u0161t\u0117s<\/p>\n<p>Maitinimo re\u017eimas: Neapmokestintas<\/p>\n<p>Vielos \u0161erdies med\u017eiaga: Kitas vario lydinys, auksin\u0117s spalvos<\/p>\n<p>Prek\u0117s ID: 7QM7Q532X8<\/p>\n<p>Kilm\u0117: Guangdong, Kinija<\/p>","protected":false},"excerpt":{"rendered":"<p>Pagrindin\u0117 med\u017eiaga: Kita Baterijos savyb\u0117s: Be baterijos Prek\u0117s numeris: GE15-White Operacin\u0117s sistemos versija: iOS\/Android Sud\u0117tyje yra elektronini\u0173 komponent\u0173\/pagrindini\u0173 plok\u0161\u010di\u0173: Jame n\u0117ra elektronini\u0173 komponent\u0173 ar pagrindin\u0117s plok\u0161t\u0117s Maitinimo re\u017eimas: Neapmokestintas Vielos \u0161erdies med\u017eiaga: Kitas vario lydinys, auksin\u0117s spalvos Prek\u0117s ID: 7QM7Q532X8 Kilm\u0117: Guangdong, Kinija<\/p>","protected":false},"featured_media":6176,"comment_status":"open","ping_status":"closed","template":"","meta":[],"product_brand":[],"product_cat":[23],"product_tag":[],"class_list":{"0":"post-6175","1":"product","2":"type-product","3":"status-publish","4":"has-post-thumbnail","6":"product_cat-ismanieji-prietaisai","8":"first","9":"instock","10":"sale","11":"shipping-taxable","12":"purchasable","13":"product-type-simple"},"_links":{"self":[{"href":"https:\/\/topsmart.store\/en\/wp-json\/wp\/v2\/product\/6175","targetHints":{"allow":["GET"]}}],"collection":[{"href":"https:\/\/topsmart.store\/en\/wp-json\/wp\/v2\/product"}],"about":[{"href":"https:\/\/topsmart.store\/en\/wp-json\/wp\/v2\/types\/product"}],"replies":[{"embeddable":true,"href":"https:\/\/topsmart.store\/en\/wp-json\/wp\/v2\/comments?post=6175"}],"wp:featuredmedia":[{"embeddable":true,"href":"https:\/\/topsmart.store\/en\/wp-json\/wp\/v2\/media\/6176"}],"wp:attachment":[{"href":"https:\/\/topsmart.store\/en\/wp-json\/wp\/v2\/media?parent=6175"}],"wp:term":[{"taxonomy":"product_brand","embeddable":true,"href":"https:\/\/topsmart.store\/en\/wp-json\/wp\/v2\/product_brand?post=6175"},{"taxonomy":"product_cat","embeddable":true,"href":"https:\/\/topsmart.store\/en\/wp-json\/wp\/v2\/product_cat?post=6175"},{"taxonomy":"product_tag","embeddable":true,"href":"https:\/\/topsmart.store\/en\/wp-json\/wp\/v2\/product_tag?post=6175"}],"curies":[{"name":"wp","href":"https:\/\/api.w.org\/{rel}","templated":true}]}}