{"id":6330,"date":"2026-04-24T19:03:31","date_gmt":"2026-04-24T17:03:31","guid":{"rendered":"https:\/\/topsmart.store\/product\/nesiojama-h5-vaizdo-zaidimu-konsole-su-4000-mah-baterija-aprupinta-dviem-vairasvirtemis-ir-5-coliu-ips-dideliu-ekranu\/"},"modified":"2026-04-24T19:18:57","modified_gmt":"2026-04-24T17:18:57","slug":"nesiojama-h5-vaizdo-zaidimu-konsole-su-4000-mah-baterija-aprupinta-dviem-vairasvirtemis-ir-5-coliu-ips-dideliu-ekranu","status":"publish","type":"product","link":"https:\/\/topsmart.store\/en\/product\/nesiojama-h5-vaizdo-zaidimu-konsole-su-4000-mah-baterija-aprupinta-dviem-vairasvirtemis-ir-5-coliu-ips-dideliu-ekranu\/","title":{"rendered":"Ne\u0161iojama H5 vaizdo \u017eaidim\u0173 konsol\u0117 su 4000 mAh baterija, apr\u016bpinta dviem vairasvirt\u0117mis ir 5 coli\u0173 IPS dideliu ekranu"},"content":{"rendered":"<p>Baterijos charakteristikos: \u012ekraunama baterija<\/p>\n<p>\u012ekraunama baterija: Li\u010dio-polimerin\u0117 baterija<\/p>\n<p>Maitinimo re\u017eimas: Maitinimas i\u0161 baterijos \/ USB dvigubo naudojimo<\/p>\n<p>Darbin\u0117 \u012ftampa: \u226436 V<\/p>\n<p>Tinkama am\u017eiaus grup\u0117: 18+ met\u0173<\/p>\n<p>Pagrindin\u0117 med\u017eiaga: ABS<\/p>\n<p>Spalva: Balta, Juoda<\/p>\n<p>Prek\u0117s kodas: FQ11845369<\/p>\n<p>Kilm\u0117: Guangdongas, Kinija<\/p>\n<p><img decoding=\"async\" src=\"https:\/\/img.kwcdn.com\/product\/fancy\/6262a5c8-313d-433c-a730-3a9fb329ca7f.jpg\" alt=\"Ne\u0161iojama H5 vaizdo \u017eaidim\u0173 konsol\u0117 su 4000 mAh baterija, apr\u016bpinta dviem vairasvirt\u0117mis ir 5 coli\u0173 IPS dideliu ekranu\" \/><img decoding=\"async\" src=\"https:\/\/img.kwcdn.com\/product\/fancy\/e0a4f9ef-8d7c-43e7-9bd1-b1d4575ca8db.jpg\" alt=\"Ne\u0161iojama H5 vaizdo \u017eaidim\u0173 konsol\u0117 su 4000 mAh baterija, apr\u016bpinta dviem vairasvirt\u0117mis ir 5 coli\u0173 IPS dideliu ekranu\" \/><img decoding=\"async\" src=\"https:\/\/img.kwcdn.com\/product\/algo_framework\/ImageCm2InAlgo\/816cd820-ccff-11f0-8ceb-0a580ab02cf5.jpg\" alt=\"Ne\u0161iojama H5 vaizdo \u017eaidim\u0173 konsol\u0117 su 4000 mAh baterija, apr\u016bpinta dviem vairasvirt\u0117mis ir 5 coli\u0173 IPS dideliu ekranu\" \/><img decoding=\"async\" src=\"https:\/\/img.kwcdn.com\/product\/fancy\/f609c22b-4c78-4a03-a3d8-7c33716b0077.jpg\" alt=\"Ne\u0161iojama H5 vaizdo \u017eaidim\u0173 konsol\u0117 su 4000 mAh baterija, apr\u016bpinta dviem vairasvirt\u0117mis ir 5 coli\u0173 IPS dideliu ekranu\" \/><img decoding=\"async\" src=\"https:\/\/img.kwcdn.com\/product\/algo_framework\/ImageCm2InAlgo\/816cd820-ccff-11f0-8ceb-0a580ab02cf5.jpg\" alt=\"Ne\u0161iojama H5 vaizdo \u017eaidim\u0173 konsol\u0117 su 4000 mAh baterija, apr\u016bpinta dviem vairasvirt\u0117mis ir 5 coli\u0173 IPS dideliu ekranu\" \/><img decoding=\"async\" src=\"https:\/\/img.kwcdn.com\/product\/algo_framework\/ImageCm2InAlgo\/f2e68776-ccff-11f0-9f09-0a580aa81956.jpg\" alt=\"Ne\u0161iojama H5 vaizdo \u017eaidim\u0173 konsol\u0117 su 4000 mAh baterija, apr\u016bpinta dviem vairasvirt\u0117mis ir 5 coli\u0173 IPS dideliu ekranu\" \/><img decoding=\"async\" src=\"https:\/\/img.kwcdn.com\/product\/fancy\/b9fd9f68-e902-40c5-b168-bcfacdfaf34f.jpg\" alt=\"Ne\u0161iojama H5 vaizdo \u017eaidim\u0173 konsol\u0117 su 4000 mAh baterija, apr\u016bpinta dviem vairasvirt\u0117mis ir 5 coli\u0173 IPS dideliu ekranu\" \/><img decoding=\"async\" src=\"https:\/\/img.kwcdn.com\/product\/fancy\/f609c22b-4c78-4a03-a3d8-7c33716b0077.jpg\" alt=\"Ne\u0161iojama H5 vaizdo \u017eaidim\u0173 konsol\u0117 su 4000 mAh baterija, apr\u016bpinta dviem vairasvirt\u0117mis ir 5 coli\u0173 IPS dideliu ekranu\" \/><img decoding=\"async\" src=\"https:\/\/img.kwcdn.com\/product\/fancy\/1bf4997c-c825-4c99-9d3c-0c5a974ed92c.jpg\" alt=\"Ne\u0161iojama H5 vaizdo \u017eaidim\u0173 konsol\u0117 su 4000 mAh baterija, apr\u016bpinta dviem vairasvirt\u0117mis ir 5 coli\u0173 IPS dideliu ekranu\" \/><img decoding=\"async\" src=\"https:\/\/img.kwcdn.com\/product\/fancy\/9b9f270c-3f82-4845-af10-ff77b4995bd6.jpg\" alt=\"Ne\u0161iojama H5 vaizdo \u017eaidim\u0173 konsol\u0117 su 4000 mAh baterija, apr\u016bpinta dviem vairasvirt\u0117mis ir 5 coli\u0173 IPS dideliu ekranu\" \/><img decoding=\"async\" src=\"https:\/\/img.kwcdn.com\/product\/fancy\/b9fd9f68-e902-40c5-b168-bcfacdfaf34f.jpg\" alt=\"Ne\u0161iojama H5 vaizdo \u017eaidim\u0173 konsol\u0117 su 4000 mAh baterija, apr\u016bpinta dviem vairasvirt\u0117mis ir 5 coli\u0173 IPS dideliu ekranu\" \/><\/p>","protected":false},"excerpt":{"rendered":"<p>Baterijos charakteristikos: \u012ekraunama baterija \u012ekraunama baterija: Li\u010dio-polimerin\u0117 baterija Maitinimo re\u017eimas: Maitinimas i\u0161 baterijos \/ USB dvigubo naudojimo Darbin\u0117 \u012ftampa: \u226436 V Tinkama am\u017eiaus grup\u0117: 18+ met\u0173 Pagrindin\u0117 med\u017eiaga: ABS Spalva: Balta, Juoda Prek\u0117s kodas: FQ11845369 Kilm\u0117: Guangdongas, Kinija<\/p>","protected":false},"featured_media":6331,"comment_status":"open","ping_status":"closed","template":"","meta":[],"product_brand":[],"product_cat":[23],"product_tag":[],"class_list":{"0":"post-6330","1":"product","2":"type-product","3":"status-publish","4":"has-post-thumbnail","6":"product_cat-ismanieji-prietaisai","8":"first","9":"instock","10":"sale","11":"shipping-taxable","12":"purchasable","13":"product-type-variable"},"_links":{"self":[{"href":"https:\/\/topsmart.store\/en\/wp-json\/wp\/v2\/product\/6330","targetHints":{"allow":["GET"]}}],"collection":[{"href":"https:\/\/topsmart.store\/en\/wp-json\/wp\/v2\/product"}],"about":[{"href":"https:\/\/topsmart.store\/en\/wp-json\/wp\/v2\/types\/product"}],"replies":[{"embeddable":true,"href":"https:\/\/topsmart.store\/en\/wp-json\/wp\/v2\/comments?post=6330"}],"wp:featuredmedia":[{"embeddable":true,"href":"https:\/\/topsmart.store\/en\/wp-json\/wp\/v2\/media\/6331"}],"wp:attachment":[{"href":"https:\/\/topsmart.store\/en\/wp-json\/wp\/v2\/media?parent=6330"}],"wp:term":[{"taxonomy":"product_brand","embeddable":true,"href":"https:\/\/topsmart.store\/en\/wp-json\/wp\/v2\/product_brand?post=6330"},{"taxonomy":"product_cat","embeddable":true,"href":"https:\/\/topsmart.store\/en\/wp-json\/wp\/v2\/product_cat?post=6330"},{"taxonomy":"product_tag","embeddable":true,"href":"https:\/\/topsmart.store\/en\/wp-json\/wp\/v2\/product_tag?post=6330"}],"curies":[{"name":"wp","href":"https:\/\/api.w.org\/{rel}","templated":true}]}}